{"id":17401,"date":"2016-04-01T10:39:14","date_gmt":"2016-04-01T10:39:14","guid":{"rendered":"https:\/\/globecore.com\/products\/oil-processing-equipment\/air-drying\/sukhovey-air-drying.html"},"modified":"2026-03-06T09:23:21","modified_gmt":"2026-03-06T09:23:21","slug":"sukhovey-air-drying","status":"publish","type":"page","link":"https:\/\/globecore.com\/pt-pt\/products\/transformer-maintenance\/sukhovey-air-drying\/","title":{"rendered":"Mojave Heat: Instala\u00e7\u00e3o para secagem de ar"},"content":{"rendered":"","protected":false},"excerpt":{"rendered":"<p>A unidade de secagem por ar quente Mojave Heat (Sukhovey) \u00e9 projetada para a secagem do ar e a remo\u00e7\u00e3o de part\u00edculas s\u00f3lidas do ar atmosf\u00e9rico, bem como para secagem por sorvente. O ar seco e purificado \u00e9 utilizado para purgar tanques de transformadores e equipamentos el\u00e9tricos durante a instala\u00e7\u00e3o, manuten\u00e7\u00e3o ou reparo, evitando o ac\u00famulo de umidade no isolamento diel\u00e9trico enquanto o n\u00facleo est\u00e1 exposto.<\/p>\n","protected":false},"author":7,"featured_media":25265,"parent":112858,"menu_order":0,"comment_status":"closed","ping_status":"closed","template":"templates\/single-product.php","meta":{"_acf_changed":false,"_bbp_topic_count":0,"_bbp_reply_count":0,"_bbp_total_topic_count":0,"_bbp_total_reply_count":0,"_bbp_voice_count":0,"_bbp_anonymous_reply_count":0,"_bbp_topic_count_hidden":0,"_bbp_reply_count_hidden":0,"_bbp_forum_subforum_count":0,"footnotes":""},"categories":[2479],"class_list":["post-17401","page","type-page","status-publish","has-post-thumbnail","hentry","category-manutencao-do-transformador","oil_type-transformadores-de-distribuicao","oil_type-transformadores-elevadores","oil_type-transformadores-para-fins-especiais","oil_type-transformadores-redutores","process_type-desidratacao"],"acf":{"add_tab":[{"tab_title":"Descri\u00e7\u00e3o","tab_content":"<p style=\"text-align: justify;\"><span style=\"font-weight: 400;\">A instala\u00e7\u00e3o do Sukhovey (Mojave Heat) - \u00e9 projetada para secar o \u00a0ar e remover s\u00f3lidos do ar ambiente, bem como para secar \u00a0sorventes .<\/span><\/p>\r\n<p style=\"text-align: justify;\"><span style=\"font-weight: 400;\">O ar purificado seco pode ser usado para purgar tanques de transformadores e equipamentos el\u00e9tricos durante a montagem, instala\u00e7\u00e3o, manuten\u00e7\u00e3o ou reparo, para proteger o isolamento contra o ac\u00famulo de umidade ao abrir o tanque.<\/span><\/p>\r\n<p style=\"text-align: justify;\"><span style=\"font-weight: 400;\">A instala\u00e7\u00e3o \u00e9 feita sob a forma de uma caixa met\u00e1lica, dividida em dois compartimentos. O equipamento funciona como dois adsorventes independentes preenchidos com um ze\u00f3lito sint\u00e9tico e um filtro de poeira para remover os s\u00f3lidos do ar.<\/span><\/p>"}],"add_def_tab":[{"tab_title":"Par\u00e2metros","tab_content":"<table>\r\n<tbody>\r\n<tr>\r\n<td rowspan=\"2\" width=\"443\">\r\n<p style=\"text-align: center;\"><b>Nombre del par\u00e1metro <\/b><\/p>\r\n<\/td>\r\n<td style=\"text-align: center;\" colspan=\"2\" width=\"227\"><b>Valor<\/b><\/td>\r\n<\/tr>\r\n<tr>\r\n<td style=\"text-align: center;\" width=\"113\"><strong>Mojave Heat 0.7<\/strong><\/td>\r\n<td style=\"text-align: center;\" width=\"113\"><strong>Mojave Heat 4<\/strong><\/td>\r\n<\/tr>\r\n<tr>\r\n<td width=\"443\"><span style=\"font-weight: 400;\">Volumen de aire seco, m3 \/ min, min \/ yarda c\u00fabica<\/span><\/td>\r\n<td style=\"text-align: center;\" width=\"113\">1.7\/2.223<\/td>\r\n<td style=\"text-align: center;\" width=\"113\">2.5\/3.27<\/td>\r\n<\/tr>\r\n<tr>\r\n<td width=\"443\"><span style=\"font-weight: 400;\">Punto de roc\u00edo del aire seco, \u00b0 \u0421 \/ \u00b0 F, m\u00e1x.<\/span><\/td>\r\n<td style=\"text-align: center;\" width=\"113\">-50\/-58<\/td>\r\n<td style=\"text-align: center;\" width=\"113\">-50\/-58<\/td>\r\n<\/tr>\r\n<tr>\r\n<td width=\"443\"><span style=\"font-weight: 400;\">Presi\u00f3n de aire seco, MPa \/ bar, m\u00e1x. <\/span><\/td>\r\n<td style=\"text-align: center;\" width=\"113\">0.018\/0.18<\/td>\r\n<td style=\"text-align: center;\" width=\"113\">0.025\/0.25<\/td>\r\n<\/tr>\r\n<tr>\r\n<td width=\"443\"><span style=\"font-weight: 400;\">Temperatura m\u00e1xima del aire seco, \u00b0 \u0421 \/ \u00b0 F <\/span><\/td>\r\n<td style=\"text-align: center;\" width=\"113\">90\u00b115\/194\u00b127<\/td>\r\n<td style=\"text-align: center;\" width=\"113\">90\u00b115\/194\u00b127<\/td>\r\n<\/tr>\r\n<tr>\r\n<td width=\"443\"><span style=\"font-weight: 400;\">Carga de adsorbente, kg \/ lbs, m\u00e1x.<\/span><\/td>\r\n<td style=\"text-align: center;\" width=\"113\">190\/419.9<\/td>\r\n<td style=\"text-align: center;\" width=\"113\">190\/419.9<\/td>\r\n<\/tr>\r\n<tr>\r\n<td width=\"443\"><span style=\"font-weight: 400;\">N\u00famero de adsorbedores<\/span><\/td>\r\n<td style=\"text-align: center;\" width=\"113\">1<\/td>\r\n<td style=\"text-align: center;\" width=\"113\">2<\/td>\r\n<\/tr>\r\n<tr>\r\n<td width=\"443\"><span style=\"font-weight: 400;\">Temperatura de regeneraci\u00f3n de zeolita, \u00b0 \u0421 \/ \u00b0 F, m\u00e1x.<\/span><\/td>\r\n<td style=\"text-align: center;\" width=\"113\">430\/806<\/td>\r\n<td style=\"text-align: center;\" width=\"113\">430\/806<\/td>\r\n<\/tr>\r\n<tr>\r\n<td width=\"443\"><span style=\"font-weight: 400;\">Potencia del calentador de aire, kW, Max<\/span><\/td>\r\n<td style=\"text-align: center;\" width=\"113\">24<\/td>\r\n<td style=\"text-align: center;\" width=\"113\">24<\/td>\r\n<\/tr>\r\n<tr>\r\n<td colspan=\"3\" width=\"670\"><span style=\"font-weight: 400;\">Consumo de energ\u00eda nominal, kW max<\/span><\/td>\r\n<\/tr>\r\n<tr>\r\n<td width=\"443\"><span style=\"font-weight: 400;\">Secado al aire (modo de funcionamiento normal)<\/span><\/td>\r\n<td style=\"text-align: center;\" width=\"113\">1<\/td>\r\n<td style=\"text-align: center;\" width=\"113\">5.05<\/td>\r\n<\/tr>\r\n<tr>\r\n<td width=\"443\"><span style=\"font-weight: 400;\">Regeneraci\u00f3n sorbente en un adsorbedor<\/span><\/td>\r\n<td style=\"text-align: center;\" width=\"113\">25<\/td>\r\n<td style=\"text-align: center;\" width=\"113\">30<\/td>\r\n<\/tr>\r\n<tr>\r\n<td width=\"443\"><span style=\"font-weight: 400;\">Regeneraci\u00f3n sorbente en dos adsorbedores<\/span><\/td>\r\n<td style=\"text-align: center;\" width=\"113\">\u2013<\/td>\r\n<td style=\"text-align: center;\" width=\"113\">55<\/td>\r\n<\/tr>\r\n<tr>\r\n<td width=\"443\"><span style=\"font-weight: 400;\">Tensi\u00f3n de alimentaci\u00f3n nominal a 50 Hz \/ 60 Hz, V (la energ\u00eda el\u00e9ctrica puede personalizarse completamente bajo pedido)<\/span><\/td>\r\n<td style=\"text-align: center;\" width=\"113\">380<\/td>\r\n<td style=\"text-align: center;\" width=\"113\">380<\/td>\r\n<\/tr>\r\n<tr>\r\n<td width=\"443\"><span style=\"font-weight: 400;\">Temperatura del aire de salida para la regeneraci\u00f3n de adsorbentes externos, \u00b0 \u0421 \/ \u00b0 F, m\u00e1x.<\/span><\/td>\r\n<td style=\"text-align: center;\" width=\"113\">430\/806<\/td>\r\n<td style=\"text-align: center;\" width=\"113\">430\/806<\/td>\r\n<\/tr>\r\n<tr>\r\n<td width=\"443\"><span style=\"font-weight: 400;\">Duraci\u00f3n de la regeneraci\u00f3n adsorbente, horas<\/span><\/td>\r\n<td style=\"text-align: center;\" width=\"113\">4<\/td>\r\n<td style=\"text-align: center;\" width=\"113\">2-4<\/td>\r\n<\/tr>\r\n<tr>\r\n<td width=\"443\"><span style=\"font-weight: 400;\">Finura de filtraci\u00f3n de aire seco, micras<\/span><\/td>\r\n<td style=\"text-align: center;\" width=\"113\">5<\/td>\r\n<td style=\"text-align: center;\" width=\"113\">5<\/td>\r\n<\/tr>\r\n<tr>\r\n<td colspan=\"3\" width=\"670\"><span style=\"font-weight: 400;\">Dimensiones exteriores,mm\/ft , maximo <\/span><\/td>\r\n<\/tr>\r\n<tr>\r\n<td width=\"443\">\r\n<ul>\r\n \t<li><span style=\"font-weight: 400;\">comprimento<\/span><\/li>\r\n<\/ul>\r\n<\/td>\r\n<td style=\"text-align: center;\" width=\"113\">1350 (53)<\/td>\r\n<td style=\"text-align: center;\" width=\"113\">1500 (59)<\/td>\r\n<\/tr>\r\n<tr>\r\n<td width=\"443\">\r\n<ul>\r\n \t<li><span style=\"font-weight: 400;\">largura<\/span><\/li>\r\n<\/ul>\r\n<\/td>\r\n<td style=\"text-align: center;\" width=\"113\">800 (32)<\/td>\r\n<td style=\"text-align: center;\" width=\"113\">1120 (44)<\/td>\r\n<\/tr>\r\n<tr>\r\n<td width=\"443\">\r\n<ul>\r\n \t<li><span style=\"font-weight: 400;\">altura<\/span><\/li>\r\n<\/ul>\r\n<\/td>\r\n<td style=\"text-align: center;\" width=\"113\">1700 (67)<\/td>\r\n<td style=\"text-align: center;\" width=\"113\">2120 (83)<\/td>\r\n<\/tr>\r\n<tr>\r\n<td width=\"443\"><span style=\"font-weight: 400;\">Peso , kg \/ ft , maximo<\/span><\/td>\r\n<td style=\"text-align: center;\" width=\"113\">550 (1210)<\/td>\r\n<td style=\"text-align: center;\" width=\"113\">1050 (2315)<\/td>\r\n<\/tr>\r\n<\/tbody>\r\n<\/table>"},{"tab_title":"Benef\u00edcios","tab_content":"<ul>\r\n \t<li style=\"text-align: justify;\">proteger o sistema de isolamento contra umidade;<\/li>\r\n \t<li style=\"text-align: justify;\">realizar despressuriza\u00e7\u00e3o em v\u00e1rias etapas, com uma montagem completa do transformador;<\/li>\r\n \t<li style=\"text-align: justify;\">impedir o aquecimento do transformador.<\/li>\r\n<\/ul>"},{"tab_title":"Aplica\u00e7\u00e3o","tab_content":"[product_oil_types]"},{"tab_title":"Webinar","tab_content":"<div class=\"responsive-embed widescreen\">\r\n<div class=\"responsive-embed widescreen\">\r\n<div class=\"responsive-embed widescreen\">\r\n<div class=\"responsive-embed widescreen\"><iframe title=\"Webinar - Equipamento auxiliar inovador para secagem na fabrica\u00e7\u00e3o de transformadores (14.07.22)\" src=\"https:\/\/www.youtube.com\/embed\/FjA_zfdjiM4?feature=oembed\" width=\"500\" height=\"281\" frameborder=\"0\" allowfullscreen=\"allowfullscreen\"><\/iframe><\/div>\r\n<\/div>\r\n<\/div>\r\n<\/div>"}],"add_video_tab":[{"video_tab_title":"Video","add_video_id":[{"video_id":"S9Nod-5bSHo"},{"video_id":"vbCvUnXLZzI"},{"video_id":"UqdMQ7gyimU"}]}],"add_gallery_tab":[{"gallery_tab_title":"Foto","add_img":[17422,17426,17430,17434]}],"add_price_tab":[{"price_tab_title":"Obter pre\u00e7o"}]},"language":"pt-pt","_links":{"self":[{"href":"https:\/\/globecore.com\/pt-pt\/wp-json\/wp\/v2\/pages\/17401","targetHints":{"allow":["GET"]}}],"collection":[{"href":"https:\/\/globecore.com\/pt-pt\/wp-json\/wp\/v2\/pages"}],"about":[{"href":"https:\/\/globecore.com\/pt-pt\/wp-json\/wp\/v2\/types\/page"}],"author":[{"embeddable":true,"href":"https:\/\/globecore.com\/pt-pt\/wp-json\/wp\/v2\/users\/7"}],"replies":[{"embeddable":true,"href":"https:\/\/globecore.com\/pt-pt\/wp-json\/wp\/v2\/comments?post=17401"}],"version-history":[{"count":2,"href":"https:\/\/globecore.com\/pt-pt\/wp-json\/wp\/v2\/pages\/17401\/revisions"}],"predecessor-version":[{"id":336117,"href":"https:\/\/globecore.com\/pt-pt\/wp-json\/wp\/v2\/pages\/17401\/revisions\/336117"}],"up":[{"embeddable":true,"href":"https:\/\/globecore.com\/pt-pt\/wp-json\/wp\/v2\/pages\/112858"}],"wp:featuredmedia":[{"embeddable":true,"href":"https:\/\/globecore.com\/pt-pt\/wp-json\/wp\/v2\/media\/25265"}],"wp:attachment":[{"href":"https:\/\/globecore.com\/pt-pt\/wp-json\/wp\/v2\/media?parent=17401"}],"wp:term":[{"taxonomy":"category","embeddable":true,"href":"https:\/\/globecore.com\/pt-pt\/wp-json\/wp\/v2\/categories?post=17401"}],"curies":[{"name":"wp","href":"https:\/\/api.w.org\/{rel}","templated":true}]}}