{"id":17593,"date":"2017-09-20T07:50:32","date_gmt":"2017-09-20T07:50:32","guid":{"rendered":"https:\/\/globecore.com\/products\/oil-processing-equipment\/oil-filtration-pumping.html"},"modified":"2025-09-08T15:33:20","modified_gmt":"2025-09-08T15:33:20","slug":"filtracao-de-oleos","status":"publish","type":"page","link":"https:\/\/globecore.com\/pt-pt\/products\/filtracao-de-oleos\/","title":{"rendered":"Purifica\u00e7\u00e3o e filtragem de \u00f3leo"},"content":{"rendered":"<p><img loading=\"lazy\" decoding=\"async\" class=\"wp-image-4555 size-full lazyload\" title=\"Oil Filtration Systems GlobeCore\" src=\"data:image\/gif;base64,R0lGODlhAQABAAAAACH5BAEKAAEALAAAAAABAAEAAAICTAEAOw==\" alt=\"Oil Filtration Systems GlobeCore\" width=\"900\" height=\"507\" sizes=\"auto, (max-width: 900px) 100vw, 900px\" data-src=\"https:\/\/globecore.com\/wp-content\/uploads\/2016\/04\/oil-filtrations.jpg\" data-srcset=\"https:\/\/globecore.com\/wp-content\/uploads\/2016\/04\/oil-filtrations.jpg 900w, https:\/\/globecore.com\/wp-content\/uploads\/2016\/04\/oil-filtrations-600x338.jpg 600w\"><\/p>\n<p style=\"text-align: justify;\">\u00d3leos hidr\u00e1ulicos s\u00e3o utilizados em diversos equipamentos industriais (manipuladores, m\u00e1quinas-ferramentas, rob\u00f4s, prensas, etc.). Seu principal objetivo \u00e9 transferir energia mec\u00e2nica do local de produ\u00e7\u00e3o para o local de uso direto.<\/p>\n<p style=\"text-align: justify;\">Quanto mais limpa \u00a0mais eficaz ser\u00e1 sua fun\u00e7\u00e3o como fluido hidr\u00e1ulico. Portanto a filtragem de \u00f3leo \u00e9 usada.<\/p>\n<p style=\"text-align: justify;\">Para manter a pureza do l\u00edquido no n\u00edvel apropriado um tratamento de m\u00faltiplos est\u00e1gios \u00e9 usado:<\/p>\n<ol style=\"text-align: justify;\">\n<li>filtrar antes de encher o sistema;<\/li>\n<li>filtragem estacion\u00e1ria durante a opera\u00e7\u00e3o;<\/li>\n<\/ol>\n<p style=\"text-align: justify;\">filtra\u00e7\u00e3o do \u00f3leo usado para reutiliza\u00e7\u00e3o.<\/p>\n<p style=\"text-align: justify;\">Cada um dos est\u00e1gios listados possui suas pr\u00f3prias caracter\u00edsticas. Neste artigo consideraremos em detalhes as regras b\u00e1sicas para a sele\u00e7\u00e3o de filtros estacion\u00e1rios do sistema hidr\u00e1ulico.<\/p>\n<p style=\"text-align: justify;\">A primeira regra recomenda a instala\u00e7\u00e3o de filtros nas linhas de suc\u00e7\u00e3o das bombas. Isso proteger\u00e1 todos os componentes do acionamento hidr\u00e1ulico, incluindo bombas centr\u00edfugas. Se isto n\u00e3o for poss\u00edvel devido a raz\u00f5es t\u00e9cnicas, a instala\u00e7\u00e3o deve ser realizada nas linhas de inje\u00e7\u00e3o e drenagem.<\/p>\n<p style=\"text-align: justify;\">Os componentes especialmente respons\u00e1veis pelo acionamento hidr\u00e1ulico (carret\u00e9is, estranguladores) exigem dispositivos de prote\u00e7\u00e3o adicionais, que s\u00e3o instalados na linha de inje\u00e7\u00e3o. A finura da filtragem do \u00f3leo deve ser selecionada dependendo das condi\u00e7\u00f5es de opera\u00e7\u00e3o.<\/p>\n<p style=\"text-align: justify;\">O trabalho de instala\u00e7\u00e3o nos filtros deve ser realizado sem remover o tubo, abrir o tanque de \u00f3leo ou desmontar os componentes individuais do sistema hidr\u00e1ulico. Na presen\u00e7a de linhas de fluxo autom\u00e1ticas, \u00e9 aconselh\u00e1vel instalar filtros nas linhas de suc\u00e7\u00e3o cujos elementos podem ser substitu\u00eddos sem interromper a opera\u00e7\u00e3o das bombas.<\/p>\n<p style=\"text-align: justify;\">O tamanho do filtro \u00e9 calculado levando em conta os seguintes par\u00e2metros: queda de press\u00e3o na linha, vazamento e viscosidade do fluido de trabalho. Em geral os recursos listados s\u00e3o indicados no passaporte.<\/p>\n<p style=\"text-align: justify;\">A filtra\u00e7\u00e3o de \u00f3leo \u00e9 um processo bastante respons\u00e1vel, portanto \u00e9 necess\u00e1rio testar os filtros antes de colocar em funcionamento.<\/p>\n<p style=\"text-align: justify;\">H\u00e1 aceita\u00e7\u00e3o e testes de laborat\u00f3rio. No primeiro caso \u00a0todas as a\u00e7\u00f5es necess\u00e1rias s\u00e3o realizadas na f\u00e1brica. Os testes de aceita\u00e7\u00e3o s\u00e3o realizados de acordo com um programa simplificado e incluem a determina\u00e7\u00e3o das caracter\u00edsticas hidr\u00e1ulicas e de resist\u00eancia do filtro e do elemento filtrante. Nos testes de laborat\u00f3rio al\u00e9m das caracter\u00edsticas acima, as dimens\u00f5es geom\u00e9tricas e precis\u00e3o de fabrica\u00e7\u00e3o tamb\u00e9m s\u00e3o determinadas.<\/p>\n<h3 style=\"text-align: center;\">Filtra\u00e7\u00e3o de \u00f3leos de Turbina<\/h3>\n<p style=\"text-align: justify;\">A moderna ind\u00fastria de energia \u00e9 muito dif\u00edcil de imaginar sem um dispositivo como uma turbina.<\/p>\n<p style=\"text-align: justify;\">\u00c9 usado ativamente em energia hidrel\u00e9trica, e\u00f3lica e nuclear.<\/p>\n<p style=\"text-align: justify;\">As pesadas condi\u00e7\u00f5es de opera\u00e7\u00e3o das turbinas exigem o uso de \u00f3leos especiais que proporcionam lubrifica\u00e7\u00e3o dos mancais e redutores, previnem e reduzem o atrito, reduzem o desgaste dos dentes.<\/p>\n<p style=\"text-align: justify;\">Quanto mais limpo o \u00f3leo, melhor \u00e9 o desempenho das fun\u00e7\u00f5es atribu\u00eddas a ele. Mas as condi\u00e7\u00f5es severas s\u00e3o t\u00edpicas n\u00e3o s\u00f3 para turbinas, mas tamb\u00e9m para \u00f3leos. O ac\u00famulo neles de v\u00e1rias impurezas prejudiciais e produtos velhos \u00e9 inevit\u00e1vel e pode levar a uma paralisa\u00e7\u00e3o de emerg\u00eancia da turbina, consertos n\u00e3o programados, custos mais altos de substitui\u00e7\u00e3o de \u00f3leo e produ\u00e7\u00e3o insuficiente de eletricidade.<\/p>\n<p style=\"text-align: justify;\">A filtra\u00e7\u00e3o de \u00f3leos de turbina pode corrigir a situa\u00e7\u00e3o.<\/p>\n<p style=\"text-align: justify;\">A GlobeCore \u00e9 um dos principais fabricantes e fornecedores de equipamentos de filtragem.<\/p>\n<p style=\"text-align: justify;\">Para \u00f3leos industriais. Para resolver a tarefa de limpeza do \u00f3leo da turbina, uma planta do tipo CMM-T foi especialmente projetada. O princ\u00edpio de sua opera\u00e7\u00e3o baseia-se no efeito complexo de alta temperatura e v\u00e1cuo profundo, bem como na passagem repetida do \u00f3leo processado atrav\u00e9s da unidade de filtragem. A finura da filtra\u00e7\u00e3o n\u00e3o \u00e9 superior a 5 \u03bcm e o teor de humidade em massa do \u00f3leo n\u00e3o \u00e9 superior a 10 g \/ t.<\/p>\n<p style=\"text-align: justify;\">Dependendo da natureza das tarefas atuais, a unidades do CMM-T pode ser usada de tr\u00eas maneiras:<\/p>\n<ul style=\"text-align: justify;\">\n<li>Filtra\u00e7\u00e3o e aquecimento de \u00f3leo;;<\/li>\n<li>Filtra\u00e7\u00e3o, desumidifica\u00e7\u00e3o e desgaseifica\u00e7\u00e3o de \u00f3leo;<\/li>\n<li>A rarefa\u00e7\u00e3o do equipamento.<\/li>\n<\/ul>\n<p style=\"text-align: justify;\">Voc\u00ea tamb\u00e9m pode escolher o desempenho desejado: fixo ou m\u00f3vel<\/p>\n<p style=\"text-align: justify;\">A filtragem oportuna de \u00f3leos de turbina evita v\u00e1rias conseq\u00fc\u00eancias desagrad\u00e1veis e fornece:<\/p>\n<ul style=\"text-align: justify;\">\n<li>diminui\u00e7\u00e3o das despesas para a opera\u00e7\u00e3o de turbinas el\u00e9tricas;<\/li>\n<li>redu\u00e7\u00e3o do consumo de \u00f3leo de turbina, prolongando sua vida \u00fatil;<\/li>\n<li>redu\u00e7\u00e3o de res\u00edduos, primeiro, \u00f3leo residual;<\/li>\n<li>elimina\u00e7\u00e3o de paradas n\u00e3o planejadas de unidades de energia ;<\/li>\n<li>diminui\u00e7\u00e3o das despesas para reparos de rolamentos, bombas e outros equipamentos.<\/li>\n<\/ul>\n<p style=\"text-align: justify;\">Para mais informa\u00e7\u00f5es visite nosso site GlobeCore para obter mais informa\u00e7\u00f5es sobre:<\/p>\n<ul style=\"text-align: justify;\">\n<li>sensores e medidores adicionais de v\u00e1rios par\u00e2metros (umidade, part\u00edculas mec\u00e2nicas, etc.);<\/li>\n<li>sistema que controla o funcionamento da instala\u00e7\u00e3o atrav\u00e9s de comunica\u00e7\u00e3o m\u00f3vel;<\/li>\n<li>reboque, \u00a0ou rodas pneum\u00e1ticas;<\/li>\n<li>meio de ajuste de desempenho.<\/li>\n<\/ul>\n<p style=\"text-align: justify;\">Tamb\u00e9m \u00e9 poss\u00edvel equipamento \u00e0 prova de explos\u00e3o e inoxid\u00e1vel.<\/p>\n<h3>Filtra\u00e7\u00e3o do \u00f3leo de transformador (oil filtration)<\/h3>\n<p style=\"text-align: justify;\">Sem transformadores de pot\u00eancia \u00e9 dif\u00edcil imaginar processos modernos de transmiss\u00e3o e distribui\u00e7\u00e3o de energia el\u00e9trica. Esses dispositivos devem ser bem resfriados e protegidos contra poss\u00edveis falhas de isolamento. Esta fun\u00e7\u00e3o \u00e9 atribu\u00edda a \u00f3leos minerais.<\/p>\n<p style=\"text-align: justify;\">A opera\u00e7\u00e3o a longo prazo do equipamento do transformador geralmente leva ao envelhecimento dos \u00f3leos . \u00c9 uma consequ\u00eancia dos efeitos complexos de v\u00e1rios fatores:<\/p>\n<ul style=\"text-align: justify;\">\n<li>entrada de \u00e1gua em formas livre e emulsionada;;<\/li>\n<li>aumento na quantidade de part\u00edculas mec\u00e2nicas e viscosidade;<\/li>\n<li>ac\u00famulo de produtos de degrada\u00e7\u00e3o de isolamento s\u00f3lido;<\/li>\n<li>acumula\u00e7\u00e3o de produtos de decomposi\u00e7\u00e3o de aditivos;<\/li>\n<li>acumula\u00e7\u00e3o de produtos de decomposi\u00e7\u00e3o de hidrocarbonetos..<\/li>\n<\/ul>\n<p style=\"text-align: justify;\">Para reduzir o envelhecimento e prolongar a vida \u00fatil do l\u00edquido isolante, \u00e9 utilizada a filtra\u00e7\u00e3o de \u00f3leo. Se o intervalo de processamento estiver incorreto, os seguintes fen\u00f4menos negativos s\u00e3o poss\u00edveis:<\/p>\n<ul style=\"text-align: justify;\">\n<li>efici\u00eancia de resfriamento \u00e9 reduzida;<\/li>\n<li>redu\u00e7\u00e3o da rigidez diel\u00e9trica;<\/li>\n<li>corros\u00e3o do n\u00facleo e do corpo da bobina do transformador;<\/li>\n<li>acumula\u00e7\u00e3o de sedimentos nas superf\u00edcies internas;<\/li>\n<li>aumento do risco de situa\u00e7\u00f5es de emerg\u00eancia.<\/li>\n<\/ul>\n<p style=\"text-align: justify;\">Filtragem de \u00f3leo de transformadores de for\u00e7a, permite eliminar as \u00a0impurezas mec\u00e2nicas a tempo. Eles n\u00e3o s\u00e3o o \u00fanico poluidor mas no entanto representam um grande perigo:<\/p>\n<ul style=\"text-align: justify;\">\n<li>sedimentos multicamadas no circuito magn\u00e9tico e enrolamento ;<\/li>\n<li>causam a forma\u00e7\u00e3o de \u00e1gua emulsionada;<\/li>\n<li>interromper o processo de remo\u00e7\u00e3o de calor e reduzir a efici\u00eancia de refrigera\u00e7\u00e3o;<\/li>\n<li>Uma camada \u00e9 criada sob a qual os processos de corros\u00e3o e destrui\u00e7\u00e3o do isolamento se processam mais intensamente.<\/li>\n<\/ul>\n<p style=\"text-align: justify;\">A GlobeCore desenvolveu plantas de filtragem m\u00f3vel para \u00f3leos de transformadores como CMM-4,0F. Este equipamento \u00e9 de f\u00e1cil manuten\u00e7\u00e3o e opera\u00e7\u00e3o, implementando o princ\u00edpio da filtra\u00e7\u00e3o complexa de \u00f3leo: filtros espessos e finos, bem como os efeitos da temperatura e do v\u00e1cuo permitindo a limpeza do \u00f3leo do transformador n\u00e3o s\u00f3 de impurezas mec\u00e2nicas, mas tamb\u00e9m da \u00e1gua.<\/p>\n<p style=\"text-align: justify;\">Ap\u00f3s a filtra\u00e7\u00e3o do \u00f3leo \u00e9 caracterizada pelos seguintes par\u00e2metros:<\/p>\n<ul style=\"text-align: justify;\">\n<li>grau de purifica\u00e7\u00e3o de \u00e1gua &#8211; at\u00e9 98%;<\/li>\n<li>grau de purifica\u00e7\u00e3o de impurezas mec\u00e2nicas, at\u00e9 97%.<\/li>\n<\/ul>\n<p style=\"text-align: justify;\">O uso oportuno do equipamento de filtra\u00e7\u00e3o GlobeCore permite que voc\u00ea aumente a confiabilidade do transformador de energia, elimine os reparos n\u00e3o programados e o tempo de inatividade \u00a0al\u00e9m de economizar dinheiro na compra de \u00f3leos frescos.<\/p>\n<p style=\"text-align: justify;\">A pedido do cliente, a GlobeCore pode produzir plantas de filtragem de \u00f3leo de acordo com pedidos individuais, realizar supervis\u00e3o de instala\u00e7\u00e3o e ajudar na inicializa\u00e7\u00e3o do equipamento. Al\u00e9m disso, \u00e9 poss\u00edvel adicionar novos recursos e fun\u00e7\u00f5es (por exemplo, um contador de part\u00edculas mec\u00e2nicas ou monitoramento de desempenho atrav\u00e9s da comunica\u00e7\u00e3o m\u00f3vel).<\/p>\n<p><img loading=\"lazy\" decoding=\"async\" class=\"wp-image-5534 size-full lazyload\" title=\"oil filtration plant\" src=\"data:image\/gif;base64,R0lGODlhAQABAAAAACH5BAEKAAEALAAAAAABAAEAAAICTAEAOw==\" alt=\"oil filtration plant\" width=\"900\" height=\"739\" sizes=\"auto, (max-width: 900px) 100vw, 900px\" data-src=\"https:\/\/globecore.com\/wp-content\/uploads\/2016\/06\/oil-filtration.jpg\" data-srcset=\"https:\/\/globecore.com\/wp-content\/uploads\/2016\/06\/oil-filtration.jpg 900w, https:\/\/globecore.com\/wp-content\/uploads\/2016\/06\/oil-filtration-600x493.jpg 600w\"><\/p>\n<p><img loading=\"lazy\" decoding=\"async\" class=\"alignnone wp-image-6301 size-full lazyload\" src=\"data:image\/gif;base64,R0lGODlhAQABAAAAACH5BAEKAAEALAAAAAABAAEAAAICTAEAOw==\" alt=\"transformer oil filtration\" width=\"1876\" height=\"1049\" sizes=\"auto, (max-width: 1876px) 100vw, 1876px\" data-src=\"https:\/\/globecore.com\/wp-content\/uploads\/2015\/05\/oil.jpg\" data-srcset=\"https:\/\/globecore.com\/wp-content\/uploads\/2015\/05\/oil.jpg 1876w, https:\/\/globecore.com\/wp-content\/uploads\/2015\/05\/oil-600x336.jpg 600w, https:\/\/globecore.com\/wp-content\/uploads\/2015\/05\/oil-1200x671.jpg 1200w\"><\/p>\n<blockquote><p>&nbsp;<\/p><\/blockquote>\n","protected":false},"excerpt":{"rendered":"<p>\u00d3leos hidr\u00e1ulicos s\u00e3o utilizados em diversos equipamentos industriais (manipuladores, m\u00e1quinas-ferramentas, rob\u00f4s, prensas, etc.). Seu principal objetivo \u00e9 transferir energia mec\u00e2nica do local de produ\u00e7\u00e3o para o local de uso direto. Quanto mais limpa \u00a0mais eficaz ser\u00e1 sua fun\u00e7\u00e3o como fluido hidr\u00e1ulico. Portanto a filtragem de \u00f3leo \u00e9 usada. Para manter a pureza do l\u00edquido no<a class=\"cg-read-more\" href=\"https:\/\/globecore.com\/pt-pt\/products\/filtracao-de-oleos\/\" target=\"_blank\">Leia mais <\/a><\/p>\n","protected":false},"author":7,"featured_media":38280,"parent":16979,"menu_order":0,"comment_status":"closed","ping_status":"closed","template":"templates\/products-sidebar.php","meta":{"_acf_changed":false,"_bbp_topic_count":0,"_bbp_reply_count":0,"_bbp_total_topic_count":0,"_bbp_total_reply_count":0,"_bbp_voice_count":0,"_bbp_anonymous_reply_count":0,"_bbp_topic_count_hidden":0,"_bbp_reply_count_hidden":0,"_bbp_forum_subforum_count":0,"footnotes":""},"categories":[],"class_list":["post-17593","page","type-page","status-publish","has-post-thumbnail","hentry"],"acf":[],"language":"pt-pt","_links":{"self":[{"href":"https:\/\/globecore.com\/pt-pt\/wp-json\/wp\/v2\/pages\/17593","targetHints":{"allow":["GET"]}}],"collection":[{"href":"https:\/\/globecore.com\/pt-pt\/wp-json\/wp\/v2\/pages"}],"about":[{"href":"https:\/\/globecore.com\/pt-pt\/wp-json\/wp\/v2\/types\/page"}],"author":[{"embeddable":true,"href":"https:\/\/globecore.com\/pt-pt\/wp-json\/wp\/v2\/users\/7"}],"replies":[{"embeddable":true,"href":"https:\/\/globecore.com\/pt-pt\/wp-json\/wp\/v2\/comments?post=17593"}],"version-history":[{"count":0,"href":"https:\/\/globecore.com\/pt-pt\/wp-json\/wp\/v2\/pages\/17593\/revisions"}],"up":[{"embeddable":true,"href":"https:\/\/globecore.com\/pt-pt\/wp-json\/wp\/v2\/pages\/16979"}],"wp:featuredmedia":[{"embeddable":true,"href":"https:\/\/globecore.com\/pt-pt\/wp-json\/wp\/v2\/media\/38280"}],"wp:attachment":[{"href":"https:\/\/globecore.com\/pt-pt\/wp-json\/wp\/v2\/media?parent=17593"}],"wp:term":[{"taxonomy":"category","embeddable":true,"href":"https:\/\/globecore.com\/pt-pt\/wp-json\/wp\/v2\/categories?post=17593"}],"curies":[{"name":"wp","href":"https:\/\/api.w.org\/{rel}","templated":true}]}}