{"id":17951,"date":"2016-03-31T12:25:05","date_gmt":"2016-03-31T12:25:05","guid":{"rendered":"https:\/\/globecore.com\/products\/oil-processing-equipment\/oil-regeneration\/cmm-r-oil-regeneration-systems.html"},"modified":"2026-03-05T14:25:48","modified_gmt":"2026-03-05T14:25:48","slug":"cmm-r-oil-regeneration-systems","status":"publish","type":"page","link":"https:\/\/globecore.com\/pt-pt\/products\/regeneracao-de-oleo\/cmm-r-oil-regeneration-systems\/","title":{"rendered":"CMM-12R Unidade de regenera\u00e7\u00e3o de \u00f3leo de transformador"},"content":{"rendered":"","protected":false},"excerpt":{"rendered":"<p>Os sistemas de regenera\u00e7\u00e3o de \u00f3leo GlobeCore CMM-12R restauram o \u00f3leo de transformador e \u00f3leos diel\u00e9tricos, removendo produtos de degrada\u00e7\u00e3o e \u00e1cidos. O processo melhora a rigidez diel\u00e9trica, a clareza e a resist\u00eancia \u00e0 oxida\u00e7\u00e3o, prolongando a vida \u00fatil do transformador e reduzindo os custos de substitui\u00e7\u00e3o de \u00f3leo. O sorvente de longa vida \u00fatil opera por at\u00e9 tr\u00eas anos sem necessidade de substitui\u00e7\u00e3o, eliminando consum\u00edveis e m\u00e3o de obra no local. Os sistemas podem operar como unidades independentes ou em conjunto com equipamentos existentes de desgaseifica\u00e7\u00e3o ou secagem. Cada unidade GlobeCore pode ser personalizada para fabricantes de transformadores e empresas de servi\u00e7os. Adequado para \u00f3leo de transformador, \u00f3leo de turbina, \u00f3leo hidr\u00e1ulico, FR3, Midel e outros fluidos industriais.<\/p>\n","protected":false},"author":7,"featured_media":17953,"parent":17224,"menu_order":0,"comment_status":"closed","ping_status":"closed","template":"templates\/single-product.php","meta":{"_acf_changed":false,"_bbp_topic_count":0,"_bbp_reply_count":0,"_bbp_total_topic_count":0,"_bbp_total_reply_count":0,"_bbp_voice_count":0,"_bbp_anonymous_reply_count":0,"_bbp_topic_count_hidden":0,"_bbp_reply_count_hidden":0,"_bbp_forum_subforum_count":0,"footnotes":""},"categories":[1341],"class_list":["post-17951","page","type-page","status-publish","has-post-thumbnail","hentry","category-oil-maintenance-pt-pt","oil_type-fluido-dieletrico-fr3","oil_type-fluido-dieletrico-midel-7131","oil_type-fluido-resistente-ao-fogo-fyrquel","oil_type-oleo-de-silicone","oil_type-oleo-de-transmissao","oil_type-oleo-hidraulico","oil_type-oleo-industrial","oil_type-oleo-para-cabos","oil_type-oleo-para-compressores","oil_type-oleo-para-transformadores","oil_type-oleo-para-turbinas","process_type-filtragem","process_type-regeneracao"],"acf":{"add_tab":[{"tab_title":"Descri\u00e7\u00e3o","tab_content":"<p style=\"text-align: justify;\"><span style=\"font-weight: 400;\">A tecnologia de recupera\u00e7\u00e3o de \u00f3leo da <\/span><b>GlobeCore <\/b><span style=\"font-weight: 400;\">permite que voc\u00ea restaure o \u00f3leo para um novo estado. Agora \u00e9 poss\u00edvel encher o transformador com \u00f3leo, que anteriormente exigia o\u00a0 descarte. O \u00f3leo do transformador pode ser usado sem reposi\u00e7\u00e3o durante a vida \u00fatil do equipamento.<\/span><\/p>\r\n<p style=\"text-align: justify;\"><span style=\"font-weight: 400;\">A unidade\u00a0 CMM-R da <\/span><b>GlobeCore <\/b><span style=\"font-weight: 400;\">prolonga a vida \u00fatil de um transformador restaurando a rigidez diel\u00e9trica e a composi\u00e7\u00e3o qu\u00edmica do \u00f3leo isolante.<\/span><\/p>\r\n<p style=\"text-align: justify;\"><span style=\"font-weight: 400;\">No processo de regenera\u00e7\u00e3o, produtos de decomposi\u00e7\u00e3o de \u00f3leo e \u00e1cido s\u00e3o removidos do \u00f3leo, o \u00f3leo torna-se leve e transparente, a estabilidade \u00e0 oxida\u00e7\u00e3o melhora e a solubilidade dos gases no \u00f3leo diminui.<\/span><\/p>\r\n<p style=\"text-align: justify;\">Com a regenera\u00e7\u00e3o da GlobeCore, \u00e9 poss\u00edvel despejar no transformador os \u00f3leos que exigiam o descarte. E tamb\u00e9m para usar \u00f3leo durante toda a vida \u00fatil do transformador sem substitui\u00e7\u00e3o.<\/p>\r\n<p style=\"text-align: justify;\">As unidades CMM-R s\u00e3o projetadas para prolongar a vida \u00fatil dos transformadores, restaurando a resist\u00eancia diel\u00e9trica e a composi\u00e7\u00e3o qu\u00edmica dos \u00f3leos isolantes.<\/p>\r\n<p style=\"text-align: justify;\">No processo de recupera\u00e7\u00e3o de \u00f3leo, produtos de decomposi\u00e7\u00e3o do \u00f3leo, componentes \u00e1cidos s\u00e3o removidos, a clarifica\u00e7\u00e3o do \u00f3leo ocorre, a sua resist\u00eancia \u00e0 oxida\u00e7\u00e3o aumenta e a tend\u00eancia \u00e0 dissolu\u00e7\u00e3o do g\u00e1s diminui.<\/p>\r\n<p style=\"text-align: justify;\">O design da instala\u00e7\u00e3o permite a sua mobilidade e a capacidade de trabalhar diretamente perto do transformador, enquanto a instala\u00e7\u00e3o pode passar de um transformador para outro com a ajuda de ve\u00edculos.<\/p>\r\n<p style=\"text-align: justify;\">Controle de equipamentos e controle de par\u00e2metros tecnol\u00f3gicos s\u00e3o realizados por um microcontrolador com painel de controle por toque. A instala\u00e7\u00e3o funciona de acordo com um determinado programa e n\u00e3o requer interven\u00e7\u00e3o do operador.<\/p>\r\n<p style=\"text-align: justify;\">Todo o complexo \u00e9 montado em um cont\u00eainer de metal, que \u00e9 montado em um semi-reboque ou navio-cont\u00eainer padr\u00e3o. A instala\u00e7\u00e3o fornece ventila\u00e7\u00e3o, ilumina\u00e7\u00e3o, a posi\u00e7\u00e3o do operador, um local para a localiza\u00e7\u00e3o das ferramentas necess\u00e1rias para o trabalho.<\/p>\r\n\r\n<h3 style=\"text-align: center;\"><b>Limpeza de sedimentos nos transformadores<\/b><\/h3>\r\n<p style=\"text-align: justify;\">A limpeza dos enrolamentos do transformador a partir de sedimentos \u00e9 realizada pela circula\u00e7\u00e3o de \u00f3leo atrav\u00e9s de um transformador aquecido acima da temperatura do ponto de anilina - temperatura, quando o lodo come\u00e7a a se dissolver no \u00f3leo. Normalmente, esta temperatura est\u00e1 dentro de 80 \u00b0 C. A remo\u00e7\u00e3o de lamas ocorre simultaneamente com a regenera\u00e7\u00e3o do \u00f3leo.<\/p>\r\n<p style=\"text-align: justify;\">Para remover sedimentos, deve ser usado um novo \u00f3leo ou regenerado.<\/p>\r\n<p style=\"text-align: justify;\">A limpeza dos enrolamentos \u00e9 poss\u00edvel tanto dentro quanto fora do transformador. A limpeza do transformador leva de 30 a 60 passagens pela instala\u00e7\u00e3o. Ao operar com o transformador desligado, a efici\u00eancia de dissolu\u00e7\u00e3o cai devido \u00e0 aus\u00eancia de oscila\u00e7\u00e3o do enrolamento, portanto a limpeza leva mais tempo.<\/p>\r\n\r\n<h2 style=\"text-align: center;\">Regenera\u00e7\u00e3o de \u00f3leo de reservat\u00f3rio \u00a0para reservat\u00f3rio<\/h2>\r\n<p style=\"text-align: justify;\">O processo de regenera\u00e7\u00e3o de \u00f3leo fora do transformador \u00e9 o mesmo que ocorre no interior do \u00a0transformador. A diferen\u00e7a \u00e9 que \u00e9 necess\u00e1rio reduzir o desempenho da instala\u00e7\u00e3o do nominal em 20-25%. Isso requer a interrup\u00e7\u00e3o da esta\u00e7\u00e3o na reativa\u00e7\u00e3o do solvente.<\/p>\r\n\r\n<table>\r\n<tbody>\r\n<tr>\r\n<td><\/td>\r\n<td>\r\n<p style=\"text-align: center;\"><strong>Modelos das instala\u00e7\u00f5es<\/strong><\/p>\r\n<p style=\"text-align: center;\"><strong>C\u041c\u041c-R<\/strong><\/p>\r\n<\/td>\r\n<td><\/td>\r\n<\/tr>\r\n<tr>\r\n<td style=\"text-align: center;\" rowspan=\"2\"><strong>Modelo<\/strong><\/td>\r\n<td style=\"text-align: center;\"><strong>Desgaseifica\u00e7\u00e3o<\/strong><\/td>\r\n<td style=\"text-align: center;\"><strong>Regenera\u00e7\u00e3o<\/strong><\/td>\r\n<\/tr>\r\n<tr>\r\n<td style=\"text-align: center;\"><strong>Produtividade \u00a0L\/hora<\/strong><\/td>\r\n<td style=\"text-align: center;\"><strong>Massa fuller's earth, Kg<\/strong><\/td>\r\n<\/tr>\r\n<tr>\r\n<td style=\"text-align: center;\">C\u041c\u041c-R2<\/td>\r\n<td style=\"text-align: center;\">\u2013<\/td>\r\n<td style=\"text-align: center;\">300<\/td>\r\n<\/tr>\r\n<tr>\r\n<td style=\"text-align: center;\">C\u041c\u041c-R2\/100<\/td>\r\n<td style=\"text-align: center;\">100<\/td>\r\n<td style=\"text-align: center;\">300<\/td>\r\n<\/tr>\r\n<tr>\r\n<td style=\"text-align: center;\">C\u041c\u041c-R4<\/td>\r\n<td style=\"text-align: center;\">\u2013<\/td>\r\n<td style=\"text-align: center;\">600<\/td>\r\n<\/tr>\r\n<tr>\r\n<td style=\"text-align: center;\">C\u041c\u041c-R4\/100<\/td>\r\n<td style=\"text-align: center;\">100<\/td>\r\n<td style=\"text-align: center;\">600<\/td>\r\n<\/tr>\r\n<tr>\r\n<td style=\"text-align: center;\">C\u041c\u041c-R6<\/td>\r\n<td style=\"text-align: center;\">\u2013<\/td>\r\n<td style=\"text-align: center;\">900<\/td>\r\n<\/tr>\r\n<tr>\r\n<td style=\"text-align: center;\">C\u041c\u041c-R6\/1000<\/td>\r\n<td style=\"text-align: center;\">1000<\/td>\r\n<td style=\"text-align: center;\">900<\/td>\r\n<\/tr>\r\n<tr>\r\n<td style=\"text-align: center;\">C\u041c\u041c-R12<\/td>\r\n<td style=\"text-align: center;\">\u2013<\/td>\r\n<td style=\"text-align: center;\">1800<\/td>\r\n<\/tr>\r\n<tr>\r\n<td style=\"text-align: center;\">C\u041c\u041c-R12\/4000<\/td>\r\n<td style=\"text-align: center;\">4000<\/td>\r\n<td style=\"text-align: center;\">1800<\/td>\r\n<\/tr>\r\n<tr>\r\n<td style=\"text-align: center;\">C\u041c\u041c-R24\/<\/td>\r\n<td style=\"text-align: center;\">\u2013<\/td>\r\n<td style=\"text-align: center;\">3600<\/td>\r\n<\/tr>\r\n<tr>\r\n<td style=\"text-align: center;\">C\u041c\u041c-R24\/6000<\/td>\r\n<td style=\"text-align: center;\">6000<\/td>\r\n<td style=\"text-align: center;\">3600<\/td>\r\n<\/tr>\r\n<tr>\r\n<td style=\"text-align: center;\">C\u041c\u041c-R32<\/td>\r\n<td style=\"text-align: center;\">\u2013<\/td>\r\n<td style=\"text-align: center;\">4800<\/td>\r\n<\/tr>\r\n<tr>\r\n<td style=\"text-align: center;\">C\u041c\u041c-R32\/10000<\/td>\r\n<td style=\"text-align: center;\">10000<\/td>\r\n<td style=\"text-align: center;\">4800<\/td>\r\n<\/tr>\r\n<\/tbody>\r\n<\/table>\r\n<p style=\"text-align: justify;\">Nas instala\u00e7\u00f5es CMM-R, a produtividade \u00e9 medida em duas quantidades, a saber, litros por hora e litros perdido \u200b\u200bpelo Fuller earth.<\/p>\r\n<p style=\"text-align: justify;\">Ao trabalhar no modo de aquecimento e desgaseifica\u00e7\u00e3o, o desempenho pode ser considerado em litros por hora;<\/p>\r\n<p style=\"text-align: justify;\">Durante a regenera\u00e7\u00e3o, \u00e9 aconselh\u00e1vel considerar o desempenho na quantidade de \u00f3leo regenerado por ciclo. Este par\u00e2metro \u00e9 diretamente dependente da quantidade de Fuller earth na instala\u00e7\u00e3o e da acidez do \u00f3leo. Aproximadamente o volume de \u00f3leo regenerado \u00e9 de 4 litros \/ 1 kg de Fuller earth .<\/p>\r\n<p style=\"text-align: justify;\">Quando o \u00edndice de acidez do \u00f3leo \u00e9 de 0,2 mg KOH \/ g. Quando o n\u00famero de \u00e1cidos diminui, a propor\u00e7\u00e3o do \u00f3leo processado para 1 quilograma de Fuller aumenta proporcionalmente. Na fabrica\u00e7\u00e3o de um complexo para a regenera\u00e7\u00e3o de \u00f3leos, a instala\u00e7\u00e3o pode ser adicionada com uma unidade inibidora.<\/p>\r\n<p style=\"text-align: justify;\">A tabela mostra a gama t\u00edpica de modelos. A GlobeCore produz modelos de qualquer configura\u00e7\u00e3o e est\u00e1 pronta para novas solu\u00e7\u00f5es de design.<\/p>"}],"add_def_tab":[{"tab_title":"Par\u00e2metros","tab_content":"<table>\r\n<tbody>\r\n<tr>\r\n<td><\/td>\r\n<td><\/td>\r\n<\/tr>\r\n<tr>\r\n<td colspan=\"2\">\r\n<p style=\"text-align: center;\"><strong>Caracter\u00edsticas t\u00e9cnicas da unidade de regenera\u00e7\u00e3o de \u00f3leo CMM-12R<\/strong><\/p>\r\n<\/td>\r\n<\/tr>\r\n<tr>\r\n<td>Parametro<\/td>\r\n<td>Valor<\/td>\r\n<\/tr>\r\n<tr>\r\n<td>Capacidade nominal, m3 \/ hora<\/td>\r\n<td style=\"text-align: center;\">1-2<\/td>\r\n<\/tr>\r\n<tr>\r\n<td>Tempo de regenera\u00e7\u00e3o do solvente \/horas<\/td>\r\n<td style=\"text-align: center;\">16<\/td>\r\n<\/tr>\r\n<tr>\r\n<td>Consumo m\u00e1ximo de energia, kW<\/td>\r\n<td style=\"text-align: center;\">24<\/td>\r\n<\/tr>\r\n<tr>\r\n<td>Volume de solvente, kg<\/td>\r\n<td style=\"text-align: center;\">1600<\/td>\r\n<\/tr>\r\n<tr>\r\n<td>O n\u00famero de colunas de solventes<\/td>\r\n<td style=\"text-align: center;\">12<\/td>\r\n<\/tr>\r\n<tr>\r\n<td>Perda de \u00f3leo, na reativa\u00e7\u00e3o do solvente, %<\/td>\r\n<td style=\"text-align: center;\">2-25<\/td>\r\n<\/tr>\r\n<tr>\r\n<td>A rela\u00e7\u00e3o te\u00f3rica da quantidade de \u00f3leo usado com a quantidade de solvente, kg \/ kg<\/td>\r\n<td style=\"text-align: center;\">4\/1<\/td>\r\n<\/tr>\r\n<tr>\r\n<td>Quantidade te\u00f3rica de reativa\u00e7\u00e3o do sorvente<\/td>\r\n<td style=\"text-align: center;\">300<\/td>\r\n<\/tr>\r\n<tr>\r\n<td>Dimens\u00f5es totais, mm, n\u00e3o acima de:<\/td>\r\n<td><\/td>\r\n<\/tr>\r\n<tr>\r\n<td>\u2013Comprimento<\/td>\r\n<td>5500<\/td>\r\n<\/tr>\r\n<tr>\r\n<td>\u2013Largura<\/td>\r\n<td>2320<\/td>\r\n<\/tr>\r\n<tr>\r\n<td>\u2013 Altura<\/td>\r\n<td>2450<\/td>\r\n<\/tr>\r\n<tr>\r\n<td>Peso, kg<\/td>\r\n<td>6000<\/td>\r\n<\/tr>\r\n<\/tbody>\r\n<\/table>\r\n<p style=\"text-align: center;\"><b>Regenera\u00e7\u00e3o de \u00f3leo no transformador restaura o \u00f3leo para um novo estado:<\/b><\/p>\r\n\r\n<table>\r\n<tbody>\r\n<tr>\r\n<td><b>Par\u00e2metro<\/b><\/td>\r\n<td><b>Antes de processar<\/b><\/td>\r\n<td><b>Ap\u00f3s o processamento<\/b><\/td>\r\n<\/tr>\r\n<tr>\r\n<td><span style=\"font-weight: 400;\">Teor de umidade<\/span>\r\n\r\n<span style=\"font-weight: 400;\">g \/ t (ppm) de acordo com<\/span>\r\n\r\n<span style=\"font-weight: 400;\">IEC 733; ASTM D-1533<\/span><\/td>\r\n<td><span style=\"font-weight: 400;\">43<\/span><\/td>\r\n<td><span style=\"font-weight: 400;\">5<\/span><\/td>\r\n<\/tr>\r\n<tr>\r\n<td><span style=\"font-weight: 400;\">Classe industrial de acordo com a ISO 4406<\/span><\/td>\r\n<td><span style=\"font-weight: 400;\">-\/18\/16<\/span><\/td>\r\n<td><span style=\"font-weight: 400;\">-\/14\/12<\/span><\/td>\r\n<\/tr>\r\n<tr>\r\n<td><span style=\"font-weight: 400;\">Teor de g\u00e1s,% de acordo com<\/span>\r\n\r\n<span style=\"font-weight: 400;\">IEC 60599; ASTM D-3612<\/span><\/td>\r\n<td><span style=\"font-weight: 400;\">\u2013<\/span><\/td>\r\n<td><span style=\"font-weight: 400;\">0.1<\/span><\/td>\r\n<\/tr>\r\n<tr>\r\n<td><span style=\"font-weight: 400;\">N\u00famero de \u00e1cido, mg KOH \/ g de acordo com a IEC 296; ASTM D-664<\/span><\/td>\r\n<td><span style=\"font-weight: 400;\">0.2<\/span><\/td>\r\n<td><span style=\"font-weight: 400;\">0.01<\/span><\/td>\r\n<\/tr>\r\n<tr>\r\n<td><span style=\"font-weight: 400;\">Enxofre corrosivo de acordo com<\/span>\r\n\r\n<span style=\"font-weight: 400;\">IEC 5662; ASTM D-1275<\/span><\/td>\r\n<td><span style=\"font-weight: 400;\">Presente<\/span><\/td>\r\n<td><span style=\"font-weight: 400;\">Ausente<\/span><\/td>\r\n<\/tr>\r\n<tr>\r\n<td><span style=\"font-weight: 400;\">Tens\u00e3o de ruptura, kV de acordo com IEC 156; ASTM D-18116<\/span><\/td>\r\n<td><span style=\"font-weight: 400;\">30<\/span><\/td>\r\n<td><span style=\"font-weight: 400;\">70<\/span><\/td>\r\n<\/tr>\r\n<tr>\r\n<td><span style=\"font-weight: 400;\">Tens\u00e3o superficial, N \/ m, a 25 \u00b0 C de acordo com a IEC 6295; ASTM D-664<\/span><\/td>\r\n<td><\/td>\r\n<td><span style=\"font-weight: 400;\">45<\/span><\/td>\r\n<\/tr>\r\n<tr>\r\n<td><span style=\"font-weight: 400;\">Delta tangente a 90\u00ba\u0421 de acordo com<\/span>\r\n\r\n<span style=\"font-weight: 400;\">IEC 247; ASTM D-924<\/span><\/td>\r\n<td><span style=\"font-weight: 400;\">0.095<\/span><\/td>\r\n<td><span style=\"font-weight: 400;\">0.001<\/span><\/td>\r\n<\/tr>\r\n<tr>\r\n<td><span style=\"font-weight: 400;\">Resist\u00eancia \u00e0 oxida\u00e7\u00e3o de acordo com IEC 74; 164 horas<\/span><\/td>\r\n<td><\/td>\r\n<td><span style=\"font-weight: 400;\">Restaurado<\/span><\/td>\r\n<\/tr>\r\n<\/tbody>\r\n<\/table>"},{"tab_title":"Benef\u00edcios","tab_content":"<ul>\r\n \t<li>Automa\u00e7\u00e3o completa<\/li>\r\n \t<li>Desgaseifica\u00e7\u00e3o e desidrata\u00e7\u00e3o<\/li>\r\n \t<li>Regenera\u00e7\u00e3o<\/li>\r\n \t<li>Recupera\u00e7\u00e3o dos transformadores<\/li>\r\n \t<li>Pre\u00e7o competitivo<\/li>\r\n<\/ul>"},{"tab_title":"Aplica\u00e7\u00e3o","tab_content":"[product_oil_types]"},{"tab_title":"Webinar","tab_content":"<div class=\"responsive-embed widescreen\">\r\n<div class=\"responsive-embed widescreen\">\r\n<div class=\"responsive-embed widescreen\">\r\n<div class=\"responsive-embed widescreen\"><iframe title=\"Webinar - Regenera\u00e7\u00e3o de \u00f3leo diel\u00e9trico: um olhar aprofundado (13.10.2021)\" src=\"https:\/\/www.youtube.com\/embed\/vYHxRcDmJqc?feature=oembed\" width=\"500\" height=\"281\" frameborder=\"0\" allowfullscreen=\"allowfullscreen\"><\/iframe><\/div>\r\n<\/div>\r\n<\/div>\r\n<\/div>"}],"add_video_tab":[{"video_tab_title":"Video","add_video_id":[{"video_id":"_Uuw7liiiVM"},{"video_id":"dh5P-uEbrWM"},{"video_id":"HcT9MjRqDCk"}]}],"add_gallery_tab":[{"gallery_tab_title":"Foto","add_img":[17963,17967,17971,17975,17988,17984,17979]}],"add_price_tab":[{"price_tab_title":"Obter pre\u00e7o"}]},"language":"pt-pt","_links":{"self":[{"href":"https:\/\/globecore.com\/pt-pt\/wp-json\/wp\/v2\/pages\/17951","targetHints":{"allow":["GET"]}}],"collection":[{"href":"https:\/\/globecore.com\/pt-pt\/wp-json\/wp\/v2\/pages"}],"about":[{"href":"https:\/\/globecore.com\/pt-pt\/wp-json\/wp\/v2\/types\/page"}],"author":[{"embeddable":true,"href":"https:\/\/globecore.com\/pt-pt\/wp-json\/wp\/v2\/users\/7"}],"replies":[{"embeddable":true,"href":"https:\/\/globecore.com\/pt-pt\/wp-json\/wp\/v2\/comments?post=17951"}],"version-history":[{"count":2,"href":"https:\/\/globecore.com\/pt-pt\/wp-json\/wp\/v2\/pages\/17951\/revisions"}],"predecessor-version":[{"id":335976,"href":"https:\/\/globecore.com\/pt-pt\/wp-json\/wp\/v2\/pages\/17951\/revisions\/335976"}],"up":[{"embeddable":true,"href":"https:\/\/globecore.com\/pt-pt\/wp-json\/wp\/v2\/pages\/17224"}],"wp:featuredmedia":[{"embeddable":true,"href":"https:\/\/globecore.com\/pt-pt\/wp-json\/wp\/v2\/media\/17953"}],"wp:attachment":[{"href":"https:\/\/globecore.com\/pt-pt\/wp-json\/wp\/v2\/media?parent=17951"}],"wp:term":[{"taxonomy":"category","embeddable":true,"href":"https:\/\/globecore.com\/pt-pt\/wp-json\/wp\/v2\/categories?post=17951"}],"curies":[{"name":"wp","href":"https:\/\/api.w.org\/{rel}","templated":true}]}}