{"id":18117,"date":"2018-11-26T07:03:15","date_gmt":"2018-11-26T07:03:15","guid":{"rendered":"https:\/\/globecore.com\/colloid-mill-clm-40.html"},"modified":"2026-03-09T08:35:42","modified_gmt":"2026-03-09T08:35:42","slug":"colloid-mill-clm-40","status":"publish","type":"page","link":"https:\/\/globecore.com\/pt-pt\/products\/moinho-coloidal\/colloid-mills-for-bitumen-modification\/colloid-mill-clm-40\/","title":{"rendered":"CLM-40.2 Moinho Coloidal"},"content":{"rendered":"","protected":false},"excerpt":{"rendered":"<p>O moinho coloidal CLM-40.2 \u00e9 projetado para moer gr\u00e2nulos de pol\u00edmero SBS para a produ\u00e7\u00e3o de betume modificado. A unidade pode ser fornecida como parte de uma planta completa ou separadamente para moderniza\u00e7\u00e3o de equipamentos existentes. Oferece uma capacidade de 30\u202fm\u00b3\/h, garante resist\u00eancia \u00e0 delamina\u00e7\u00e3o da mistura e permite ajuste da folga rotor-estator sem desmontagem.<\/p>\n","protected":false},"author":7,"featured_media":18081,"parent":68020,"menu_order":0,"comment_status":"closed","ping_status":"closed","template":"templates\/single-product.php","meta":{"_acf_changed":false,"_bbp_topic_count":0,"_bbp_reply_count":0,"_bbp_total_topic_count":0,"_bbp_total_reply_count":0,"_bbp_voice_count":0,"_bbp_anonymous_reply_count":0,"_bbp_topic_count_hidden":0,"_bbp_reply_count_hidden":0,"_bbp_forum_subforum_count":0,"footnotes":""},"categories":[1345],"class_list":["post-18117","page","type-page","status-publish","has-post-thumbnail","hentry","category-fresagem","oil_type-industria-petrolifera","oil_type-industria-quimica","process_type-fresagem","process_type-mistura"],"acf":{"add_tab":[{"tab_title":"Descri\u00e7\u00e3o","tab_content":"<p style=\"text-align: justify;\"><span style=\"font-weight: 400;\">O moinho coloidal CLM-40.2 \u00e9 projetado para moer gr\u00e2nulos ou part\u00edculas de pol\u00edmero SBS na produ\u00e7\u00e3o de betume modificado.<\/span><\/p>\r\n<p style=\"text-align: justify;\"><span style=\"font-weight: 400;\">O moinho coloidal pode ser fornecido como parte da unidade de modifica\u00e7\u00e3o de betume UVB-2 ou separadamente para instala\u00e7\u00e3o em equipamentos existentes.<\/span><\/p>\r\n<p style=\"text-align: justify;\"><span style=\"font-weight: 400;\">O CLM-40.2 pode funcionar tanto no interior como no exterior, sob uma cobertura. Faixa de temperatura de opera\u00e7\u00e3o - de <strong><em>+5<sup>0<\/sup><\/em><\/strong><strong><em>\u0421<\/em><\/strong> <strong><em>to +40<sup>0<\/sup><\/em><\/strong><strong><em>\u0421<\/em><\/strong>.<\/span><\/p>"}],"add_def_tab":[{"tab_title":"Par\u00e2metros","tab_content":"<table>\r\n<tbody>\r\n<tr>\r\n<td colspan=\"2\" width=\"516\">\r\n<p style=\"text-align: center;\"><b>Nome do par\u00e2metro<\/b><\/p>\r\n<\/td>\r\n<td width=\"96\">\r\n<p style=\"text-align: center;\"><b>Valor<\/b><\/p>\r\n<\/td>\r\n<\/tr>\r\n<tr>\r\n<td colspan=\"2\" width=\"516\"><span style=\"font-weight: 400;\">Produtividade, m3 \/ h<\/span><\/td>\r\n<td width=\"96\">\r\n<p style=\"text-align: center;\">30<\/p>\r\n<\/td>\r\n<\/tr>\r\n<tr>\r\n<td colspan=\"2\" width=\"516\"><span style=\"font-weight: 400;\">Press\u00e3o de opera\u00e7\u00e3o, MPa<\/span><\/td>\r\n<td width=\"96\">\r\n<p style=\"text-align: center;\">0,6<\/p>\r\n<\/td>\r\n<\/tr>\r\n<tr>\r\n<td colspan=\"2\" width=\"516\"><span style=\"font-weight: 400;\">Frequ\u00eancia de rota\u00e7\u00e3o, rpm<\/span><\/td>\r\n<td width=\"96\">\r\n<p style=\"text-align: center;\">3000*<\/p>\r\n<\/td>\r\n<\/tr>\r\n<tr>\r\n<td colspan=\"2\" width=\"516\"><span style=\"font-weight: 400;\">Pot\u00eancia do motor de tra\u00e7\u00e3o, kW<\/span><\/td>\r\n<td width=\"96\">\r\n<p style=\"text-align: center;\">110*<\/p>\r\n<\/td>\r\n<\/tr>\r\n<tr>\r\n<td colspan=\"2\" width=\"516\"><span style=\"font-weight: 400;\">Di\u00e2metro nominal na suc\u00e7\u00e3o \/ descarga, mm<\/span><\/td>\r\n<td width=\"96\">\r\n<p style=\"text-align: center;\">200\/80<\/p>\r\n<\/td>\r\n<\/tr>\r\n<tr>\r\n<td colspan=\"2\" width=\"516\"><span style=\"font-weight: 400;\">Temperatura m\u00e1xima do transportador de calor, \u00ba\u0421<\/span><\/td>\r\n<td width=\"96\">\r\n<p style=\"text-align: center;\">180<\/p>\r\n<\/td>\r\n<\/tr>\r\n<tr>\r\n<td colspan=\"3\" width=\"612\"><span style=\"font-weight: 400;\">Dimens\u00f5es, mm:<\/span><\/td>\r\n<\/tr>\r\n<tr>\r\n<td width=\"491\">\u2013\u00a0<span style=\"font-weight: 400;\">comprimento<\/span><\/td>\r\n<td colspan=\"2\" width=\"121\">\r\n<p style=\"text-align: center;\">1700*<\/p>\r\n<\/td>\r\n<\/tr>\r\n<tr>\r\n<td width=\"491\">\u2013 <span style=\"font-weight: 400;\">largura<\/span><\/td>\r\n<td colspan=\"2\" width=\"121\">\r\n<p style=\"text-align: center;\">900*<\/p>\r\n<\/td>\r\n<\/tr>\r\n<tr>\r\n<td width=\"491\">\u2013 <span style=\"font-weight: 400;\">altura<\/span><\/td>\r\n<td colspan=\"2\" width=\"121\">\r\n<p style=\"text-align: center;\">1500*<\/p>\r\n<\/td>\r\n<\/tr>\r\n<tr>\r\n<td width=\"491\"><span style=\"font-weight: 400;\">Peso, kg<\/span><\/td>\r\n<td colspan=\"2\" width=\"121\">\r\n<p style=\"text-align: center;\">1150*<\/p>\r\n<\/td>\r\n<\/tr>\r\n<tr>\r\n<td colspan=\"3\" width=\"612\"><span style=\"font-weight: 400;\">observa\u00e7\u00e3o.* \u2013 o moinho \u00e9 fornecido sem um motor el\u00e9trico<\/span><\/td>\r\n<\/tr>\r\n<\/tbody>\r\n<\/table>"},{"tab_title":"Benef\u00edcios","tab_content":"<ul>\r\n \t<li style=\"font-weight: 400; text-align: justify;\"><span style=\"font-weight: 400;\">obten\u00e7\u00e3o de resist\u00eancia a misturas de delamina\u00e7\u00e3o ;<\/span><\/li>\r\n \t<li style=\"font-weight: 400; text-align: justify;\"><span style=\"font-weight: 400;\">a capacidade de ajustar o grau de moagem.<\/span><\/li>\r\n<\/ul>"},{"tab_title":"Webinar","tab_content":"<div class=\"responsive-embed widescreen\"><iframe title=\"Produ\u00e7\u00e3o de betume modificado. Abordagem moderna\" src=\"https:\/\/www.youtube.com\/embed\/9qGOp1erhKs?feature=oembed\" width=\"500\" height=\"281\" frameborder=\"0\" allowfullscreen=\"allowfullscreen\"><\/iframe><\/div>"}],"add_video_tab":[{"video_tab_title":"Video","add_video_id":[{"video_id":"8T3417nstRQ"},{"video_id":"6WjhUjc4IRo"}]}],"add_gallery_tab":null,"add_price_tab":[{"price_tab_title":"Obter pre\u00e7o"}]},"language":"pt-pt","_links":{"self":[{"href":"https:\/\/globecore.com\/pt-pt\/wp-json\/wp\/v2\/pages\/18117","targetHints":{"allow":["GET"]}}],"collection":[{"href":"https:\/\/globecore.com\/pt-pt\/wp-json\/wp\/v2\/pages"}],"about":[{"href":"https:\/\/globecore.com\/pt-pt\/wp-json\/wp\/v2\/types\/page"}],"author":[{"embeddable":true,"href":"https:\/\/globecore.com\/pt-pt\/wp-json\/wp\/v2\/users\/7"}],"replies":[{"embeddable":true,"href":"https:\/\/globecore.com\/pt-pt\/wp-json\/wp\/v2\/comments?post=18117"}],"version-history":[{"count":1,"href":"https:\/\/globecore.com\/pt-pt\/wp-json\/wp\/v2\/pages\/18117\/revisions"}],"predecessor-version":[{"id":341789,"href":"https:\/\/globecore.com\/pt-pt\/wp-json\/wp\/v2\/pages\/18117\/revisions\/341789"}],"up":[{"embeddable":true,"href":"https:\/\/globecore.com\/pt-pt\/wp-json\/wp\/v2\/pages\/68020"}],"wp:featuredmedia":[{"embeddable":true,"href":"https:\/\/globecore.com\/pt-pt\/wp-json\/wp\/v2\/media\/18081"}],"wp:attachment":[{"href":"https:\/\/globecore.com\/pt-pt\/wp-json\/wp\/v2\/media?parent=18117"}],"wp:term":[{"taxonomy":"category","embeddable":true,"href":"https:\/\/globecore.com\/pt-pt\/wp-json\/wp\/v2\/categories?post=18117"}],"curies":[{"name":"wp","href":"https:\/\/api.w.org\/{rel}","templated":true}]}}