{"id":18363,"date":"2018-03-20T14:21:32","date_gmt":"2018-03-20T14:21:32","guid":{"rendered":"https:\/\/globecore.com\/products\/wind-turbine-service\/cmm-gl-wind-turbine-gearbox-oil-changer.html"},"modified":"2026-03-06T14:21:50","modified_gmt":"2026-03-06T14:21:50","slug":"cmm-gl-wind-turbine-gearbox-oil-changer","status":"publish","type":"page","link":"https:\/\/globecore.com\/pt-pt\/products\/manutencao-de-turbinas\/cmm-gl-wind-turbine-gearbox-oil-changer\/","title":{"rendered":"CMM-GL Unidades para a substitui\u00e7\u00e3o de \u00f3leo de engrenagem em turbinas e\u00f3licas"},"content":{"rendered":"","protected":false},"excerpt":{"rendered":"<p>A unidade CMM-GL \u00e9 projetada para drenar \u00f3leo usado, bombear \u00f3leo novo e enxaguar as caixas de engrenagens de turbinas e\u00f3licas, incluindo caixas principais, de azimute e de passo das p\u00e1s. A unidade \u00e9 montada em um reboque de eixo \u00fanico, com se\u00e7\u00f5es separadas de controle e processo. A se\u00e7\u00e3o de processo inclui enroladores de mangueira, enquanto a se\u00e7\u00e3o de controle possui portas trancadas com seguran\u00e7a para opera\u00e7\u00e3o segura.<\/p>\n","protected":false},"author":1,"featured_media":18364,"parent":17242,"menu_order":0,"comment_status":"closed","ping_status":"closed","template":"templates\/single-product.php","meta":{"_acf_changed":false,"_bbp_topic_count":0,"_bbp_reply_count":0,"_bbp_total_topic_count":0,"_bbp_total_reply_count":0,"_bbp_voice_count":0,"_bbp_anonymous_reply_count":0,"_bbp_topic_count_hidden":0,"_bbp_reply_count_hidden":0,"_bbp_forum_subforum_count":0,"footnotes":""},"categories":[2566],"class_list":["post-18363","page","type-page","status-publish","has-post-thumbnail","hentry","category-renovaveis-biocombustiveis","oil_type-oleo-de-transmissao","oil_type-oleo-para-transformadores","process_type-mudanca"],"acf":{"add_tab":[{"tab_title":"Descri\u00e7\u00e3o","tab_content":"Unidade do tipo \u0421\u041c\u041c-GL \u00e9 projetado para drenar o \u00f3leo usado, lavando com \u00f3leo e bombeando um novo \u00f3leo para a caixa de engrenagens de um gerador e\u00f3lico. O equipamento pode ser usado para realizar as opera\u00e7\u00f5es tecnol\u00f3gicas listadas nas caixas de transmiss\u00e3o principais e azimutais, bem como caixas de c\u00e2mbio do \u00e2ngulo de ataque das p\u00e1s.\r\nA unidade \u00e9 utilizada para substituir os \u00f3leos de transmiss\u00e3o mineral e sint\u00e9tica com as seguintes caracter\u00edsticas:\r\n\r\nviscosidade cinem\u00e1tica a 40 \u00b0 \u0421 - 8 ... 50 mm2 \/ s;\r\ndensidade a 20 \u00b0 \u0421 - 800 ... 950 kg \/ m3;\r\nclasse de pureza industrial de acordo com a ISO 4406, n\u00e3o pior - 14.\r\n\r\nUnidade \u0421\u041c\u041c-GL Tem um reboque de eixo \u00fanico no qual o bloco de trabalho e o bloco de controle est\u00e3o montados. A unidade de trabalho tamb\u00e9m inclui tambores para mangueiras. As portas da unidade de controle s\u00e3o equipadas com dispositivos de travamento confi\u00e1veis.\r\nPara que a instala\u00e7\u00e3o funcione, a fonte de alimenta\u00e7\u00e3o da rede \u00e9 necess\u00e1rio ser externa . O CMM-GL \u00e9 totalmente automatizado por meio de um controlador especial que controla e monitora a opera\u00e7\u00e3o de bombas, v\u00e1lvulas, sensores capacitivos, sensores de temperatura, fluxostatos, filtros, medidores de press\u00e3o e um medidor de vaz\u00e3o."}],"add_def_tab":[{"tab_title":"Par\u00e2metros","tab_content":"<h3><b>Caracter\u00edsticas t\u00e9cnicas<\/b><\/h3>\r\n<table>\r\n<tbody>\r\n<tr>\r\n<td colspan=\"2\"><b>Nome do par\u00e2metro<\/b><\/td>\r\n<td><b>valor<\/b><\/td>\r\n<\/tr>\r\n<tr>\r\n<td colspan=\"2\">1. Capacidade \u00a0de inje\u00e7\u00e3o , m3 \/ hora, n\u00e3o menos<\/td>\r\n<td>0,6<\/td>\r\n<\/tr>\r\n<tr>\r\n<td colspan=\"2\">2. Capacidade de descarga, m3 \/ hora, n\u00e3o menos<\/td>\r\n<td>0,13<\/td>\r\n<\/tr>\r\n<tr>\r\n<td colspan=\"2\">3.Press\u00e3o de sa\u00edda, MPa<\/td>\r\n<td>1,3<\/td>\r\n<\/tr>\r\n<tr>\r\n<td colspan=\"2\">4. Consumo m\u00e1ximo de energia, kW, n\u00e3o mais<\/td>\r\n<td>4,1<\/td>\r\n<\/tr>\r\n<tr>\r\n<td colspan=\"3\">5. 5. Par\u00e2metros da corrente el\u00e9trica<\/td>\r\n<\/tr>\r\n<tr>\r\n<td rowspan=\"2\"><\/td>\r\n<td>\u2013 \u2013 tens\u00e3o, V (a pedido do cliente)<\/td>\r\n<td>380 (240, 400, 480)<\/td>\r\n<\/tr>\r\n<tr>\r\n<td>\u2013 frequ\u00eancia vari\u00e1vel, Hz (conforme o pedido do cliente)<\/td>\r\n<td>50 (60)<\/td>\r\n<\/tr>\r\n<tr>\r\n<td colspan=\"3\">6.Dimens\u00f5es totais, mm, n\u00e3o mais que<\/td>\r\n<\/tr>\r\n<tr>\r\n<td rowspan=\"3\"><\/td>\r\n<td>\u2013 comprimento<\/td>\r\n<td>3509<\/td>\r\n<\/tr>\r\n<tr>\r\n<td>\u2013 largura<\/td>\r\n<td>1959<\/td>\r\n<\/tr>\r\n<tr>\r\n<td>\u2013 altura<\/td>\r\n<td>1306<\/td>\r\n<\/tr>\r\n<tr>\r\n<td colspan=\"2\">7. Peso vazio, kg, n\u00e3o mais<\/td>\r\n<td>900<\/td>\r\n<\/tr>\r\n<\/tbody>\r\n<\/table>"},{"tab_title":"Benef\u00edcios","tab_content":"<ul>\r\n \t<li>troca de \u00f3leo de alta qualidade em turbinas e\u00f3licas de engrenagens;<\/li>\r\n \t<li>redu\u00e7\u00e3o do tempo de parada de turbinas e\u00f3licas (o processo de substitui\u00e7\u00e3o de \u00f3leo n\u00e3o excede uma hora);<\/li>\r\n \t<li>mobilidade (movimento atrav\u00e9s de parques e\u00f3licos com a ajuda de transporte motorizado, o transporte em um cont\u00eainer padr\u00e3o \u00e9 poss\u00edvel);<\/li>\r\n \t<li>cole\u00e7\u00e3o de \u00f3leo derramado de emerg\u00eancia do quadro de g\u00f4ndola;<\/li>\r\n \t<li>trabalhe no modo de bombear \u00f3leo do tanque para o tanque;<\/li>\r\n \t<li>qualquer ponto de instala\u00e7\u00e3o est\u00e1 dispon\u00edvel para inspe\u00e7\u00e3o e manuten\u00e7\u00e3o.<\/li>\r\n<\/ul>"},{"tab_title":"Aplica\u00e7\u00e3o","tab_content":"[product_oil_types]"},{"tab_title":"Webinar","tab_content":"<div class=\"responsive-embed widescreen\">\r\n<div class=\"responsive-embed widescreen\">\r\n<div class=\"responsive-embed widescreen\">\r\n<div class=\"responsive-embed widescreen\"><iframe title=\"Manuten\u00e7\u00e3o da turbina e\u00f3lica\" src=\"https:\/\/www.youtube.com\/embed\/nRO_v2hG3EU?feature=oembed\" width=\"500\" height=\"281\" frameborder=\"0\" allowfullscreen=\"allowfullscreen\"><\/iframe><\/div>\r\n<\/div>\r\n<\/div>\r\n<\/div>"}],"add_video_tab":[{"video_tab_title":"Video","add_video_id":[{"video_id":"DstIYpMNbMY"},{"video_id":"myKPfVKF2yk"},{"video_id":"myKPfVKF2yk"}]}],"add_gallery_tab":[{"gallery_tab_title":"Foto","add_img":[17949,18069,18041,18046,18050,18044]}],"add_price_tab":[{"price_tab_title":"Obter pre\u00e7o"}]},"language":"pt-pt","_links":{"self":[{"href":"https:\/\/globecore.com\/pt-pt\/wp-json\/wp\/v2\/pages\/18363","targetHints":{"allow":["GET"]}}],"collection":[{"href":"https:\/\/globecore.com\/pt-pt\/wp-json\/wp\/v2\/pages"}],"about":[{"href":"https:\/\/globecore.com\/pt-pt\/wp-json\/wp\/v2\/types\/page"}],"author":[{"embeddable":true,"href":"https:\/\/globecore.com\/pt-pt\/wp-json\/wp\/v2\/users\/1"}],"replies":[{"embeddable":true,"href":"https:\/\/globecore.com\/pt-pt\/wp-json\/wp\/v2\/comments?post=18363"}],"version-history":[{"count":1,"href":"https:\/\/globecore.com\/pt-pt\/wp-json\/wp\/v2\/pages\/18363\/revisions"}],"predecessor-version":[{"id":336234,"href":"https:\/\/globecore.com\/pt-pt\/wp-json\/wp\/v2\/pages\/18363\/revisions\/336234"}],"up":[{"embeddable":true,"href":"https:\/\/globecore.com\/pt-pt\/wp-json\/wp\/v2\/pages\/17242"}],"wp:featuredmedia":[{"embeddable":true,"href":"https:\/\/globecore.com\/pt-pt\/wp-json\/wp\/v2\/media\/18364"}],"wp:attachment":[{"href":"https:\/\/globecore.com\/pt-pt\/wp-json\/wp\/v2\/media?parent=18363"}],"wp:term":[{"taxonomy":"category","embeddable":true,"href":"https:\/\/globecore.com\/pt-pt\/wp-json\/wp\/v2\/categories?post=18363"}],"curies":[{"name":"wp","href":"https:\/\/api.w.org\/{rel}","templated":true}]}}