{"id":19154,"date":"2018-03-07T09:25:24","date_gmt":"2018-03-07T09:25:24","guid":{"rendered":"https:\/\/globecore.com\/transformer-vacuum-furnace.html"},"modified":"2026-03-20T11:53:42","modified_gmt":"2026-03-20T11:53:42","slug":"transformer-vacuum-furnace","status":"publish","type":"page","link":"https:\/\/globecore.com\/pt-pt\/products\/vacuum-drying-oven\/transformer-vacuum-furnace\/","title":{"rendered":"US-6 Unidade de secagem a v\u00e1cuo para isolamento de transformadores"},"content":{"rendered":"","protected":false},"excerpt":{"rendered":"<p>O forno a v\u00e1cuo para transformadores US-6S \u00e9 projetado para a secagem do isolamento s\u00f3lido de transformadores de pot\u00eancia. A secagem a v\u00e1cuo proporciona uma evapora\u00e7\u00e3o de umidade mais intensa em compara\u00e7\u00e3o com a secagem por ar quente ou natural, garantindo maior efici\u00eancia e redu\u00e7\u00e3o do tempo de processamento. A GlobeCore oferece o US-6S em diversas modifica\u00e7\u00f5es adaptadas \u00e0s exig\u00eancias do cliente, com op\u00e7\u00f5es de projeto ajustadas \u00e0 produtividade, dimens\u00f5es, local de instala\u00e7\u00e3o, m\u00e9todo de carregamento e n\u00edvel de automa\u00e7\u00e3o.<\/p>\n","protected":false},"author":7,"featured_media":342129,"parent":122076,"menu_order":0,"comment_status":"closed","ping_status":"closed","template":"templates\/single-product.php","meta":{"_acf_changed":false,"_bbp_topic_count":0,"_bbp_reply_count":0,"_bbp_total_topic_count":0,"_bbp_total_reply_count":0,"_bbp_voice_count":0,"_bbp_anonymous_reply_count":0,"_bbp_topic_count_hidden":0,"_bbp_reply_count_hidden":0,"_bbp_forum_subforum_count":0,"footnotes":""},"categories":[2479],"class_list":["post-19154","page","type-page","status-publish","has-post-thumbnail","hentry","category-manutencao-do-transformador","oil_type-transformadores-de-distribuicao","oil_type-transformadores-elevadores","oil_type-transformadores-para-fins-especiais","oil_type-transformadores-redutores","process_type-desidratacao"],"acf":{"add_tab":[{"tab_title":"Descri\u00e7\u00e3o","tab_content":"Apresentamos a sua aten\u00e7\u00e3o uma unidade de v\u00e1cuo tipo US-6S, projetado para secar o isolamento de transformadores de pot\u00eancia.\r\n\r\nUma das etapas tecnol\u00f3gicas mais importantes no processo de produ\u00e7\u00e3o ou reparo de transformadores de pot\u00eancia \u00e9 a remo\u00e7\u00e3o efetiva da umidade do isolamento s\u00f3lido. A rigidez diel\u00e9trica do isolamento, que foi seco e impregnado com \u00f3leo, \u00e9 aproximadamente 20 vezes maior que a do isolamento, que n\u00e3o foi submetido a estas opera\u00e7\u00f5es.\r\n\r\nDependendo dos tipos de transformadores e condi\u00e7\u00f5es de trabalho, existem v\u00e1rias maneiras de remover a umidade da parte ativa. Um deles est\u00e1 secando em um gabinete de v\u00e1cuo (c\u00e2mara de v\u00e1cuo).\r\n\r\nTransformadores de pot\u00eancia de secagem usando um gabinete de v\u00e1cuo tem as seguintes vantagens:\r\n<ul>\r\n \t<li>evapora\u00e7\u00e3o mais intensa de umidade em compara\u00e7\u00e3o com a secagem natural e secagem com ar quente;<\/li>\r\n \t<li>alta efici\u00eancia e tempo de processo reduzido.<\/li>\r\n<\/ul>\r\n<b>GlobeCore company <\/b>\u00a0oferece aos seus clientes para comprar unidade de v\u00e1cuo de quaisquer modifica\u00e7\u00f5es, dependendo das necessidades espec\u00edficas do cliente. Ao projetar, par\u00e2metros como desempenho, dimens\u00f5es, localiza\u00e7\u00e3o e caracter\u00edsticas de coloca\u00e7\u00e3o, m\u00e9todo de carregamento, grau de automa\u00e7\u00e3o, etc. s\u00e3o levados em considera\u00e7\u00e3o.\r\n\r\n<img class=\"size-full wp-image-20624 aligncenter\" src=\"https:\/\/globecore.com\/wp-content\/uploads\/2019\/03\/UVS-6.jpg\" alt=\"\" width=\"1086\" height=\"768\" \/>\r\n\r\n<strong>Unidade de secagem a v\u00e1cuo: Principais componentes da unidade<\/strong>\r\n\r\n1 - Gabinete de controle\r\n\r\n2 - Unidade de v\u00e1cuo BV-1000\r\n\r\n3 - Compressor\r\n\r\n4 - Aquecedor de \u00f3leo PPM-18\r\n\r\n5 - Condensador evaporativo\r\n\r\n6 - Tanque de coleta de condensado\r\n\r\n7 - C\u00e2mera de Trabalho\r\n\r\n8 - Porta da c\u00e2mara de trabalho\r\n\r\n9 - guias de carruagem\r\n\r\nA secagem do isolamento do transformador usando o gabinete de v\u00e1cuo US-6S \u00e9 caracterizada pelo controle automatizado e registro de par\u00e2metros operacionais importantes: temperatura de aquecimento, grau de v\u00e1cuo na c\u00e2mara, mudan\u00e7as no teor de umidade do isolamento e a presen\u00e7a de condensado na c\u00e2mara. Tamb\u00e9m \u00e9 poss\u00edvel gravar automaticamente os par\u00e2metros listados em m\u00eddia eletr\u00f4nica na mem\u00f3ria do dispositivo de controle, gera\u00e7\u00e3o de arquivo, relat\u00f3rio e protocolo.\r\n<h3><b>Princ\u00edpio de funcionamento<\/b><\/h3>\r\nA parte ativa do transformador \u00e9 colocada no carro deslizante com a ajuda de um guindaste de ponte ou de um carregador. O controle do movimento do carro (acionamento mecanizado), fechamento e abertura das portas da c\u00e2mara de trabalho (acionamento pneum\u00e1tico) \u00e9 realizado pelo operador a partir do painel de controle.\r\n\r\nPara aquecer a c\u00e2mara de trabalho, utiliza-se \u00f3leo t\u00e9cnico que, por sua vez, \u00e9 levado \u00e0 temperatura desejada com um aquecedor de fluxo tipo PPM-18C.\r\n\r\nPara excluir a possibilidade de queimaduras para a equipe, bem como a influ\u00eancia da temperatura ambiente no processo de secagem do transformador, a c\u00e2mara de trabalho \u00e9 feita de a\u00e7o inoxid\u00e1vel e isolada. O sistema tamb\u00e9m cont\u00e9m um condensador projetado para coletar umidade, que \u00e9 o resultado da secagem. Para resfriar o condensador usado a \u00e1gua de entrada.\r\n\r\nO painel de controle est\u00e1 localizado separadamente e cont\u00e9m:\r\n<ul>\r\n \t<li>controles necess\u00e1rios;<\/li>\r\n \t<li>dispositivos de controle de processo;<\/li>\r\n \t<li>sistema de prote\u00e7\u00e3o autom\u00e1tica contra situa\u00e7\u00f5es de emerg\u00eancia;<\/li>\r\n \t<li>sistema para diagnosticar poss\u00edveis problemas.<\/li>\r\n<\/ul>\r\nGra\u00e7as ao sistema de controle existente, ele pode monitorar continuamente os par\u00e2metros de opera\u00e7\u00e3o do coluna de v\u00e1cuo e o estado do n\u00facleo.\r\n\r\nLembramos que o pre\u00e7o de um unidade \u00a0de secagem a v\u00e1cuo depende das dimens\u00f5es necess\u00e1rias, da produtividade e das caracter\u00edsticas tecnol\u00f3gicas do processo que ocorre na empresa do Cliente.\r\n\r\n<b>Recursos adicionais<\/b>\r\n\r\nAl\u00e9m disso, a Globe Core pode fabricar c\u00e2maras de secagem a v\u00e1cuo para diversas mat\u00e9rias-primas e materiais:\r\n<ul>\r\n \t<li>p\u00f3s e pastas;<\/li>\r\n \t<li>produtos alimentares;<\/li>\r\n \t<li>madeira, etc.<\/li>\r\n<\/ul>\r\n&nbsp;"}],"add_def_tab":[{"tab_title":"Especifica\u00e7\u00f5es","tab_content":"<table>\r\n<tbody>\r\n<tr>\r\n<td width=\"38\"><strong>No.<\/strong><\/td>\r\n<td width=\"435\">\r\n<p style=\"text-align: center;\"><strong>Par\u00e2metro<\/strong><\/p>\r\n<\/td>\r\n<td width=\"161\">\r\n<p style=\"text-align: center;\"><strong>Valor<\/strong><\/p>\r\n<\/td>\r\n<\/tr>\r\n<tr>\r\n<td width=\"38\"><strong>\u00a0<\/strong><\/td>\r\n<td colspan=\"2\" width=\"595\"><strong>C\u00e2mara de secagem<\/strong><\/td>\r\n<\/tr>\r\n<tr>\r\n<td rowspan=\"4\" width=\"38\">1<\/td>\r\n<td colspan=\"2\" width=\"595\">Dimens\u00f5es internas, mm, m\u00e1x*<\/td>\r\n<\/tr>\r\n<tr>\r\n<td width=\"435\">\u2013 profundidade<\/td>\r\n<td width=\"161\">\r\n<p style=\"text-align: center;\">2,000<\/p>\r\n<\/td>\r\n<\/tr>\r\n<tr>\r\n<td width=\"435\">\u2013 largura<\/td>\r\n<td width=\"161\">\r\n<p style=\"text-align: center;\">1,300<\/p>\r\n<\/td>\r\n<\/tr>\r\n<tr>\r\n<td width=\"435\">\u2013 altura<\/td>\r\n<td width=\"161\">\r\n<p style=\"text-align: center;\">1,600<\/p>\r\n<\/td>\r\n<\/tr>\r\n<tr>\r\n<td width=\"38\"><strong>\u00a0<\/strong><\/td>\r\n<td colspan=\"2\" width=\"595\"><strong>Sec\u00e7\u00e3o de aquecimento<\/strong><\/td>\r\n<\/tr>\r\n<tr>\r\n<td width=\"38\">2<\/td>\r\n<td width=\"435\">Pot\u00eancia do aquecedor, kW<\/td>\r\n<td width=\"161\">\r\n<p style=\"text-align: center;\">45<\/p>\r\n<\/td>\r\n<\/tr>\r\n<tr>\r\n<td width=\"38\">3<\/td>\r\n<td width=\"435\">Gama de ajuste da temperatura, \u00b0\u0421<\/td>\r\n<td width=\"161\">\r\n<p style=\"text-align: center;\">20\u2026120<\/p>\r\n<\/td>\r\n<\/tr>\r\n<tr>\r\n<td width=\"38\">4<\/td>\r\n<td width=\"435\">Quantidade de aquecedores t\u00e9rmicos el\u00e9ctricos, pcs<\/td>\r\n<td width=\"161\">\r\n<p style=\"text-align: center;\">15<\/p>\r\n<\/td>\r\n<\/tr>\r\n<tr>\r\n<td width=\"38\"><strong>\u00a0<\/strong><\/td>\r\n<td colspan=\"2\" width=\"595\"><strong>Sec\u00e7\u00e3o de v\u00e1cuo<\/strong><\/td>\r\n<\/tr>\r\n<tr>\r\n<td width=\"38\">5<\/td>\r\n<td width=\"435\">Capacidade, m<sup>3<\/sup>\/h<\/td>\r\n<td width=\"161\">\r\n<p style=\"text-align: center;\">1,000<\/p>\r\n<\/td>\r\n<\/tr>\r\n<tr>\r\n<td width=\"38\">6<\/td>\r\n<td width=\"435\">N\u00edvel de pot\u00eancia total dos motores, kW<\/td>\r\n<td width=\"161\">\r\n<p style=\"text-align: center;\">11<\/p>\r\n<\/td>\r\n<\/tr>\r\n<tr>\r\n<td width=\"38\">7<\/td>\r\n<td width=\"435\">N\u00edvel de v\u00e1cuo atingido, mbar<\/td>\r\n<td width=\"161\">\r\n<p style=\"text-align: center;\">1<\/p>\r\n<\/td>\r\n<\/tr>\r\n<tr>\r\n<td width=\"38\"><strong>\u00a0<\/strong><\/td>\r\n<td colspan=\"2\" width=\"595\"><strong>Sistema de circula\u00e7\u00e3o<\/strong><\/td>\r\n<\/tr>\r\n<tr>\r\n<td width=\"38\">8<\/td>\r\n<td width=\"435\">Capacidade, m<sup>3<\/sup>\/h<\/td>\r\n<td width=\"161\">\r\n<p style=\"text-align: center;\">2,000<\/p>\r\n<\/td>\r\n<\/tr>\r\n<tr>\r\n<td width=\"38\">9<\/td>\r\n<td width=\"435\">Pot\u00eancia do ventilador, kW<\/td>\r\n<td width=\"161\">\r\n<p style=\"text-align: center;\">2.2<\/p>\r\n<\/td>\r\n<\/tr>\r\n<tr>\r\n<td width=\"38\"><strong>\u00a0<\/strong><\/td>\r\n<td colspan=\"2\" width=\"595\"><strong>Sistema de escape<\/strong><\/td>\r\n<\/tr>\r\n<tr>\r\n<td width=\"38\">10<\/td>\r\n<td width=\"435\">Capacidade, m<sup>3<\/sup>\/h<\/td>\r\n<td width=\"161\">\r\n<p style=\"text-align: center;\">2,000<\/p>\r\n<\/td>\r\n<\/tr>\r\n<tr>\r\n<td width=\"38\">11<\/td>\r\n<td width=\"435\">Pot\u00eancia do ventilador, kW<\/td>\r\n<td width=\"161\">\r\n<p style=\"text-align: center;\">1.1<\/p>\r\n<\/td>\r\n<\/tr>\r\n<tr>\r\n<td width=\"38\"><strong>\u00a0<\/strong><\/td>\r\n<td colspan=\"2\" width=\"595\"><strong>Sistema de condensa\u00e7\u00e3o<\/strong><\/td>\r\n<\/tr>\r\n<tr>\r\n<td width=\"38\">12<\/td>\r\n<td width=\"435\">Pot\u00eancia do refrigerador, kW<\/td>\r\n<td width=\"161\">\r\n<p style=\"text-align: center;\">3.0<\/p>\r\n<\/td>\r\n<\/tr>\r\n<tr>\r\n<td width=\"38\">13<\/td>\r\n<td width=\"435\">Desempenho de arrefecimento do refrigerador, kcal\/h<\/td>\r\n<td width=\"161\">\r\n<p style=\"text-align: center;\">6,000<\/p>\r\n<\/td>\r\n<\/tr>\r\n<tr>\r\n<td width=\"38\">14<\/td>\r\n<td width=\"435\">\u00c1rea de condensa\u00e7\u00e3o, m<sup>2<\/sup><\/td>\r\n<td width=\"161\">\r\n<p style=\"text-align: center;\">7.5<\/p>\r\n<\/td>\r\n<\/tr>\r\n<tr>\r\n<td width=\"38\">15<\/td>\r\n<td width=\"435\">Tipo de permutador de calor (condensador)<\/td>\r\n<td width=\"161\">\r\n<p style=\"text-align: center;\">concha e tubo<\/p>\r\n<\/td>\r\n<\/tr>\r\n<tr>\r\n<td width=\"38\"><strong>\u00a0<\/strong><\/td>\r\n<td colspan=\"2\" width=\"595\"><strong>Sistema pneum\u00e1tico<\/strong><\/td>\r\n<\/tr>\r\n<tr>\r\n<td width=\"38\">16<\/td>\r\n<td width=\"435\">Pot\u00eancia do compressor, kW<\/td>\r\n<td width=\"161\">\r\n<p style=\"text-align: center;\">1.1<\/p>\r\n<\/td>\r\n<\/tr>\r\n<tr>\r\n<td width=\"38\">17<\/td>\r\n<td width=\"435\">Press\u00e3o, bar<\/td>\r\n<td width=\"161\">\r\n<p style=\"text-align: center;\">9<\/p>\r\n<\/td>\r\n<\/tr>\r\n<\/tbody>\r\n<\/table>\r\n*As dimens\u00f5es indicadas referem-se a uma das poss\u00edveis configura\u00e7\u00f5es da unidade. A GlobeCore fabrica c\u00e2maras de v\u00e1cuo de diferentes tamanhos de acordo com o pedido do cliente."},{"tab_title":"Benef\u00edcios","tab_content":"<ul>\r\n \t<li style=\"font-weight: 400; text-align: justify;\"><span style=\"font-weight: 400;\">secagem uniforme da parte ativa do transformador ao longo do volume;<\/span><\/li>\r\n \t<li style=\"font-weight: 400; text-align: justify;\"><span style=\"font-weight: 400;\">economia de energia;<\/span><\/li>\r\n \t<li style=\"font-weight: 400; text-align: justify;\"><span style=\"font-weight: 400;\">redu\u00e7\u00e3o de secagem no tempo;<\/span><\/li>\r\n \t<li style=\"font-weight: 400; text-align: justify;\"><span style=\"font-weight: 400;\">facilidade de gerenciamento.<\/span><\/li>\r\n<\/ul>"},{"tab_title":"Aplica\u00e7\u00e3o","tab_content":"[product_oil_types]"},{"tab_title":"Configurador","tab_content":"[ezfc id='124' \/]"},{"tab_title":"Webinar","tab_content":"<div class=\"responsive-embed widescreen\">\r\n<div class=\"responsive-embed widescreen\">\r\n<div class=\"responsive-embed widescreen\">\r\n<div class=\"responsive-embed widescreen\"><iframe title=\"Webinar - Fornos a v\u00e1cuo. Aquecimento de baixa frequ\u00eancia (25.11.2021)\" src=\"https:\/\/www.youtube.com\/embed\/_Gahojd8t8k?feature=oembed\" width=\"500\" height=\"281\" frameborder=\"0\" allowfullscreen=\"allowfullscreen\"><\/iframe><\/div>\r\n<\/div>\r\n<\/div>\r\n<\/div>"}],"add_video_tab":[{"video_tab_title":"Video","add_video_id":[{"video_id":"t961XTkis_A"}]}],"add_gallery_tab":[{"gallery_tab_title":"Foto","add_img":[29600,29591,29582,29573,29564]}],"add_price_tab":[{"price_tab_title":"Obter pre\u00e7o"}]},"language":"pt-pt","_links":{"self":[{"href":"https:\/\/globecore.com\/pt-pt\/wp-json\/wp\/v2\/pages\/19154","targetHints":{"allow":["GET"]}}],"collection":[{"href":"https:\/\/globecore.com\/pt-pt\/wp-json\/wp\/v2\/pages"}],"about":[{"href":"https:\/\/globecore.com\/pt-pt\/wp-json\/wp\/v2\/types\/page"}],"author":[{"embeddable":true,"href":"https:\/\/globecore.com\/pt-pt\/wp-json\/wp\/v2\/users\/7"}],"replies":[{"embeddable":true,"href":"https:\/\/globecore.com\/pt-pt\/wp-json\/wp\/v2\/comments?post=19154"}],"version-history":[{"count":3,"href":"https:\/\/globecore.com\/pt-pt\/wp-json\/wp\/v2\/pages\/19154\/revisions"}],"predecessor-version":[{"id":336161,"href":"https:\/\/globecore.com\/pt-pt\/wp-json\/wp\/v2\/pages\/19154\/revisions\/336161"}],"up":[{"embeddable":true,"href":"https:\/\/globecore.com\/pt-pt\/wp-json\/wp\/v2\/pages\/122076"}],"wp:featuredmedia":[{"embeddable":true,"href":"https:\/\/globecore.com\/pt-pt\/wp-json\/wp\/v2\/media\/342129"}],"wp:attachment":[{"href":"https:\/\/globecore.com\/pt-pt\/wp-json\/wp\/v2\/media?parent=19154"}],"wp:term":[{"taxonomy":"category","embeddable":true,"href":"https:\/\/globecore.com\/pt-pt\/wp-json\/wp\/v2\/categories?post=19154"}],"curies":[{"name":"wp","href":"https:\/\/api.w.org\/{rel}","templated":true}]}}