{"id":19255,"date":"2017-10-23T07:00:14","date_gmt":"2017-10-23T07:00:14","guid":{"rendered":"https:\/\/globecore.com\/products\/colloid-mill.html"},"modified":"2025-04-10T14:40:57","modified_gmt":"2025-04-10T14:40:57","slug":"moinho-coloidal","status":"publish","type":"page","link":"https:\/\/globecore.com\/pt-pt\/products\/moinho-coloidal\/","title":{"rendered":"Moinho Coloidal"},"content":{"rendered":"<p style=\"text-align: justify;\"><b>Moinho Industrial CLM<\/b><span style=\"font-weight: 400;\"> \u2013Al\u00e9m disso, o moinho, projetado especificamente para a produ\u00e7\u00e3o de solu\u00e7\u00f5es coloidais altamente est\u00e1veis, suspens\u00f5es extremamente finas, misturas, bem como emuls\u00f5es. O princ\u00edpio da moagem &#8220;\u00famida&#8221; \u00e9 usado devido \u00e0 diferen\u00e7a na largura da abertura na entrada e na sa\u00edda. Adicionalmente, micro-relevos geom\u00e9tricos complexos da superf\u00edcie do rotor criam maior turbul\u00eancia, que quebra as part\u00edculas do produto.<\/span><\/p>\n<p style=\"text-align: justify;\"><span style=\"font-weight: 400;\">Sob a ac\u00e7\u00e3o da for\u00e7a centr\u00edfuga e da velocidade relativa elevada entre o rotor rotativo e o estator fixo, os materiais fluidos e semi-fluidos tornam-se homog\u00e9neos, finos e homog\u00e9neos, misturas de quaisquer materiais tornam-se emulsivos, homog\u00e9neos, dispersivos.<\/span><\/p>\n<p style=\"text-align: justify;\"><span style=\"font-weight: 400;\">A <\/span><b>GlobeCore <\/b><span style=\"font-weight: 400;\">produz moedores industriais de v\u00e1rias capacidades.<\/span><\/p>\n","protected":false},"excerpt":{"rendered":"<p>Moinho Industrial CLM \u2013Al\u00e9m disso, o moinho, projetado especificamente para a produ\u00e7\u00e3o de solu\u00e7\u00f5es coloidais altamente est\u00e1veis, suspens\u00f5es extremamente finas, misturas, bem como emuls\u00f5es. O princ\u00edpio da moagem &#8220;\u00famida&#8221; \u00e9 usado devido \u00e0 diferen\u00e7a na largura da abertura na entrada e na sa\u00edda. Adicionalmente, micro-relevos geom\u00e9tricos complexos da superf\u00edcie do rotor criam maior turbul\u00eancia, que<a class=\"cg-read-more\" href=\"https:\/\/globecore.com\/pt-pt\/products\/moinho-coloidal\/\" target=\"_blank\">Leia mais <\/a><\/p>\n","protected":false},"author":7,"featured_media":37622,"parent":16979,"menu_order":0,"comment_status":"closed","ping_status":"closed","template":"templates\/products-sidebar.php","meta":{"_acf_changed":false,"_bbp_topic_count":0,"_bbp_reply_count":0,"_bbp_total_topic_count":0,"_bbp_total_reply_count":0,"_bbp_voice_count":0,"_bbp_anonymous_reply_count":0,"_bbp_topic_count_hidden":0,"_bbp_reply_count_hidden":0,"_bbp_forum_subforum_count":0,"footnotes":""},"categories":[],"class_list":["post-19255","page","type-page","status-publish","has-post-thumbnail","hentry"],"acf":[],"language":"pt-pt","_links":{"self":[{"href":"https:\/\/globecore.com\/pt-pt\/wp-json\/wp\/v2\/pages\/19255","targetHints":{"allow":["GET"]}}],"collection":[{"href":"https:\/\/globecore.com\/pt-pt\/wp-json\/wp\/v2\/pages"}],"about":[{"href":"https:\/\/globecore.com\/pt-pt\/wp-json\/wp\/v2\/types\/page"}],"author":[{"embeddable":true,"href":"https:\/\/globecore.com\/pt-pt\/wp-json\/wp\/v2\/users\/7"}],"replies":[{"embeddable":true,"href":"https:\/\/globecore.com\/pt-pt\/wp-json\/wp\/v2\/comments?post=19255"}],"version-history":[{"count":0,"href":"https:\/\/globecore.com\/pt-pt\/wp-json\/wp\/v2\/pages\/19255\/revisions"}],"up":[{"embeddable":true,"href":"https:\/\/globecore.com\/pt-pt\/wp-json\/wp\/v2\/pages\/16979"}],"wp:featuredmedia":[{"embeddable":true,"href":"https:\/\/globecore.com\/pt-pt\/wp-json\/wp\/v2\/media\/37622"}],"wp:attachment":[{"href":"https:\/\/globecore.com\/pt-pt\/wp-json\/wp\/v2\/media?parent=19255"}],"wp:term":[{"taxonomy":"category","embeddable":true,"href":"https:\/\/globecore.com\/pt-pt\/wp-json\/wp\/v2\/categories?post=19255"}],"curies":[{"name":"wp","href":"https:\/\/api.w.org\/{rel}","templated":true}]}}