{"id":19259,"date":"2017-11-09T08:41:32","date_gmt":"2017-11-09T08:41:32","guid":{"rendered":"https:\/\/globecore.com\/products\/wind-turbine-service\/cmm-g.html"},"modified":"2026-03-06T14:26:06","modified_gmt":"2026-03-06T14:26:06","slug":"cmm-g","status":"publish","type":"page","link":"https:\/\/globecore.com\/pt-pt\/products\/manutencao-de-turbinas\/cmm-g\/","title":{"rendered":"CMM-G Instala\u00e7\u00e3o para troca de \u00f3leo na caixa de engrenagens do gerador e\u00f3lico"},"content":{"rendered":"","protected":false},"excerpt":{"rendered":"<p>A unidade CMM-G \u00e9 projetada para um processo em tr\u00eas etapas de troca de \u00f3leo em caixas de engrenagens de turbinas e\u00f3licas: drenar o \u00f3leo usado, enxaguar a caixa de engrenagens e preench\u00ea-la com \u00f3leo novo. Permite um servi\u00e7o r\u00e1pido e eficiente dos sistemas de \u00f3leo de turbinas e\u00f3licas e \u00e9 compat\u00edvel com turbinas de v\u00e1rios fabricantes. A unidade tamb\u00e9m pode aquecer o \u00f3leo limpo antes do reabastecimento.<\/p>\n","protected":false},"author":7,"featured_media":19261,"parent":17242,"menu_order":0,"comment_status":"closed","ping_status":"closed","template":"templates\/single-product.php","meta":{"_acf_changed":false,"_bbp_topic_count":0,"_bbp_reply_count":0,"_bbp_total_topic_count":0,"_bbp_total_reply_count":0,"_bbp_voice_count":0,"_bbp_anonymous_reply_count":0,"_bbp_topic_count_hidden":0,"_bbp_reply_count_hidden":0,"_bbp_forum_subforum_count":0,"footnotes":""},"categories":[2566],"class_list":["post-19259","page","type-page","status-publish","has-post-thumbnail","hentry","category-renovaveis-biocombustiveis","oil_type-oleo-de-transmissao","oil_type-oleo-para-transformadores","process_type-mudanca"],"acf":{"add_tab":[{"tab_title":"Descri\u00e7\u00e3o","tab_content":"A instala\u00e7\u00e3o CMM-G foi projetada para troca de \u00f3leo em tr\u00eas est\u00e1gios nas caixas de engrenagens da turbina e\u00f3lica (drenando o \u00f3leo usado, lavando a caixa de engrenagens e enchendo o novo \u00f3leo). O equipamento fornece um servi\u00e7o r\u00e1pido e de alta qualidade ao sistema de \u00f3leo da turbina e\u00f3lica. A unidade de substitui\u00e7\u00e3o de \u00f3leo \u00e9 universal e funciona com caixas de engrenagens de turbinas e\u00f3licas de diferentes fabricantes. Al\u00e9m disso, o CMM-G pode ser usado para aquecer o \u00f3leo limpo.\r\n\r\nA unidade \u00e9 usada para substituir os \u00f3leos de transmiss\u00e3o mineral e sint\u00e9tica com as seguintes propriedades:\r\n\r\nviscosidade cinem\u00e1tica a 40 \u00b0 \u0421 - 8 ... 50 mm2 \/ s;\r\n\r\ndensidade a 20 \u00b0 \u0421, - 800 ... 950 kg \/ m3;\r\n\r\nclasse de pureza industrial de acordo com a ISO 4406, n\u00e3o pior - 14.\r\n<h3><b>Dispositivo para instala\u00e7\u00e3o de troca de \u00f3leo CMM-G<\/b><\/h3>\r\n<b>I<\/b>nstala\u00e7\u00e3o para substitui\u00e7\u00e3o de \u00f3leo CMM-G \u00e9 um reboque em que a caixa \u00e9 colocada:\r\n\r\n1-tanque de \u00f3leo limpo,\r\n\r\n2- tanque de \u00f3leo sujo\r\n\r\n3-tambores de mangueira.\r\n\r\nA aberturas das portas s\u00e3o fornecidos nas paredes laterais da caixa de f\u00e1cil acesso e manuten\u00e7\u00e3o.\r\n\r\nNa parte esquerda da caixa h\u00e1 um compartimento para armazenar o estoque. No compartimento com persianas, um gerador \u00e9 instalado para alimentar a instala\u00e7\u00e3o na aus\u00eancia de uma conex\u00e3o de rede. O controle de par\u00e2metros e o controle de v\u00e1lvulas autom\u00e1ticas s\u00e3o realizados pelo controlador. Um medidor de \u00f3leo \u00e9 instalado no final da mangueira de carga.\r\n\r\nAntes de cada mudan\u00e7a de tipo de \u00f3leo, devem ser executadas as seguintes etapas:\r\n\r\n1-lave a instala\u00e7\u00e3o para evitar a mistura de diferentes tipos de \u00f3leos (minerais e sint\u00e9ticos);\r\n\r\n2-substituir elementos filtrantes\r\n<h2><b>Instala\u00e7\u00e3o para substitui\u00e7\u00e3o do \u00f3leo CMM-G - modos de opera\u00e7\u00e3o<\/b><\/h2>\r\n<h3><b>Modo de bombeamento de \u00f3leo residual<\/b><\/h3>\r\nNeste modo, com a ajuda de uma bomba de v\u00e1cuo, o \u00f3leo do alojamento da caixa de engrenagens da turbina \u00e9 drenado para o tanque.\r\n<h3><b>Modo de limpeza da caixa de engrenagens com \u00f3leo<\/b><\/h3>\r\nNeste modo, com a ajuda de uma bomba, o \u00f3leo \u00e9 fornecido a uma altura predeterminada de at\u00e9 105 m e sob press\u00e3o de at\u00e9 5 atmosferas, ele flui para o alojamento da caixa de engrenagens, lavando o restante do \u00f3leo usado e as impurezas mec\u00e2nicas.\r\n<h3><b>Modo de aquecimento e filtra\u00e7\u00e3o<\/b><\/h3>\r\nEste modo \u00e9 necess\u00e1rio para o r\u00e1pido aquecimento e filtra\u00e7\u00e3o do \u00f3leo puro antes do vazamento. \u00a0Ap\u00f3s aquecimento a 70 \u00b0 C, o \u00f3leo \u00e9 alimentado ao redutor da turbina.\r\n\r\nAo usar o modo de aquecimento e filtragem, voc\u00ea pode simultaneamente alimentar o \u00f3leo na caixa de engrenagens e aquecer o pr\u00f3ximo lote para reabastecer outro gerador e\u00f3lico.\r\n<h2><b>O modo de fornecer \u00f3leo limpo para a caixa de engrenagens da turbina e\u00f3lica<\/b><\/h2>\r\nNeste modo, com a ajuda de uma bomba, o \u00f3leo \u00e9 fornecido a uma altura predeterminada de at\u00e9 105 M. Durante o processo de alimenta\u00e7\u00e3o, o \u00f3leo \u00e9 adicionalmente filtrado com filtros de 3 e 25 m\u00edcrons.\r\n\r\n&nbsp;"}],"add_def_tab":[{"tab_title":"Par\u00e2metros","tab_content":"<table>\r\n<tbody>\r\n<tr>\r\n<td><b>Parametros <\/b><\/td>\r\n<td><b>Capacidade<\/b><\/td>\r\n<\/tr>\r\n<tr>\r\n<td>1. A capacidade de bombagem, em m3 \/ h, min<\/td>\r\n<td>0.8<\/td>\r\n<\/tr>\r\n<tr>\r\n<td>2. Produtividade da descarga, m3 \/ hora, n\u00e3o menos<\/td>\r\n<td>0.5<\/td>\r\n<\/tr>\r\n<tr>\r\n<td>3. Temperatura m\u00e1xima de sa\u00edda de \u00f3leo no modo de aquecimento,<\/td>\r\n<td>70<\/td>\r\n<\/tr>\r\n<tr>\r\n<td>4. Press\u00e3o de sa\u00edda, MPa<\/td>\r\n<td>1,3<\/td>\r\n<\/tr>\r\n<tr>\r\n<td>5-Pot\u00eancia do aquecedor de \u00f3leo, kW, n\u00e3o mais<\/td>\r\n<td>4,8<\/td>\r\n<\/tr>\r\n<tr>\r\n<td>6. Consumo m\u00e1ximo de energia, kW, n\u00e3o mais<\/td>\r\n<td>8<\/td>\r\n<\/tr>\r\n<tr>\r\n<td>7. Par\u00e2metros da corrente el\u00e9trica\r\n\r\n\u2013 tens\u00e3o, V\r\n\r\n\u2014 frequ\u00eancia vari\u00e1vel, Hz<\/td>\r\n<td>38050<\/td>\r\n<\/tr>\r\n<tr>\r\n<td>8. Dimens\u00f5es totais, mm, n\u00e3o mais do que\r\n\r\n\u2013 comprimento\r\n\r\n\u2013 largura\r\n\r\n\u2013 altura<\/td>\r\n<td>57002400\r\n\r\n1650<\/td>\r\n<\/tr>\r\n<tr>\r\n<td>9. peso vazio, kg, n\u00e3o mais do que<\/td>\r\n<td>2500<\/td>\r\n<\/tr>\r\n<\/tbody>\r\n<\/table>\r\n&nbsp;"},{"tab_title":"Benef\u00edcios","tab_content":"<ul>\r\n \t<li>a capacidade de trabalhar em condi\u00e7\u00f5es clim\u00e1ticas dif\u00edceis;<\/li>\r\n \t<li>automa\u00e7\u00e3o completa de fluxos de trabalho;<\/li>\r\n \t<li>ajuste autom\u00e1tico do fluxo de \u00f3leo quando as condi\u00e7\u00f5es iniciais mudam (condi\u00e7\u00e3o dos filtros, altura do suprimento de \u00f3leo, etc.);<\/li>\r\n \t<li>drenagem de gasto e inje\u00e7\u00e3o de \u00f3leo novo ocorre em menos de 1 hora;<\/li>\r\n \t<li>mobilidade;<\/li>\r\n \t<li>capacidade de trabalhar em condi\u00e7\u00f5es clim\u00e1ticas dif\u00edceis;<\/li>\r\n<\/ul>\r\n&nbsp;\r\n<div id=\"s3gt_translate_tooltip_mini\" class=\"s3gt_translate_tooltip_mini_box\">\r\n<div id=\"s3gt_translate_tooltip_mini_copy\" class=\"s3gt_translate_tooltip_mini\" title=\"\u0421\u043a\u043e\u043f\u0438\u0440\u043e\u0432\u0430\u0442\u044c \u0442\u0435\u043a\u0441\u0442 \u0432 \u0431\u0443\u0444\u0435\u0440 \u043e\u0431\u043c\u0435\u043d\u0430\"><\/div>\r\n<\/div>"},{"tab_title":"Aplica\u00e7\u00e3o","tab_content":"[product_oil_types]"},{"tab_title":"Webinar","tab_content":"<div class=\"responsive-embed widescreen\">\r\n<div class=\"responsive-embed widescreen\">\r\n<div class=\"responsive-embed widescreen\">\r\n<div class=\"responsive-embed widescreen\"><iframe title=\"Manuten\u00e7\u00e3o da turbina e\u00f3lica\" src=\"https:\/\/www.youtube.com\/embed\/nRO_v2hG3EU?feature=oembed\" width=\"500\" height=\"281\" frameborder=\"0\" allowfullscreen=\"allowfullscreen\"><\/iframe><\/div>\r\n<\/div>\r\n<\/div>\r\n<\/div>"}],"add_video_tab":[{"video_tab_title":"Video","add_video_id":[{"video_id":"myKPfVKF2yk"},{"video_id":"BD6nv6qh8jE"},{"video_id":"DstIYpMNbMY"}]}],"add_gallery_tab":[{"gallery_tab_title":"Foto","add_img":[18041,18042,18043,18044,18046,18050]}],"add_price_tab":[{"price_tab_title":"Obter pre\u00e7o"}]},"language":"pt-pt","_links":{"self":[{"href":"https:\/\/globecore.com\/pt-pt\/wp-json\/wp\/v2\/pages\/19259","targetHints":{"allow":["GET"]}}],"collection":[{"href":"https:\/\/globecore.com\/pt-pt\/wp-json\/wp\/v2\/pages"}],"about":[{"href":"https:\/\/globecore.com\/pt-pt\/wp-json\/wp\/v2\/types\/page"}],"author":[{"embeddable":true,"href":"https:\/\/globecore.com\/pt-pt\/wp-json\/wp\/v2\/users\/7"}],"replies":[{"embeddable":true,"href":"https:\/\/globecore.com\/pt-pt\/wp-json\/wp\/v2\/comments?post=19259"}],"version-history":[{"count":1,"href":"https:\/\/globecore.com\/pt-pt\/wp-json\/wp\/v2\/pages\/19259\/revisions"}],"predecessor-version":[{"id":336238,"href":"https:\/\/globecore.com\/pt-pt\/wp-json\/wp\/v2\/pages\/19259\/revisions\/336238"}],"up":[{"embeddable":true,"href":"https:\/\/globecore.com\/pt-pt\/wp-json\/wp\/v2\/pages\/17242"}],"wp:featuredmedia":[{"embeddable":true,"href":"https:\/\/globecore.com\/pt-pt\/wp-json\/wp\/v2\/media\/19261"}],"wp:attachment":[{"href":"https:\/\/globecore.com\/pt-pt\/wp-json\/wp\/v2\/media?parent=19259"}],"wp:term":[{"taxonomy":"category","embeddable":true,"href":"https:\/\/globecore.com\/pt-pt\/wp-json\/wp\/v2\/categories?post=19259"}],"curies":[{"name":"wp","href":"https:\/\/api.w.org\/{rel}","templated":true}]}}