{"id":19299,"date":"2016-12-20T08:14:28","date_gmt":"2016-12-20T08:14:28","guid":{"rendered":"https:\/\/globecore.com\/chemical-mixing-machine-avs-150.html"},"modified":"2026-03-09T09:02:18","modified_gmt":"2026-03-09T09:02:18","slug":"chemical-mixing-machine-avs-150","status":"publish","type":"page","link":"https:\/\/globecore.com\/pt-pt\/products\/moinho-magnetico\/chemical-mixing-machine-avs-150\/","title":{"rendered":"AVS-150 Moinho magn\u00e9tico"},"content":{"rendered":"<div id=\"s3gt_translate_tooltip\" class=\"s3gt_translate_tooltip\">\n<div id=\"s3gt_translate_tooltip_mini_sound\" class=\"s3gt_translate_tooltip_mini\" title=\"\u041f\u0440\u043e\u0441\u043b\u0443\u0448\u0430\u0442\u044c\"><\/div>\n<div id=\"s3gt_translate_tooltip_mini_copy\" class=\"s3gt_translate_tooltip_mini\" title=\"\u0421\u043a\u043e\u043f\u0438\u0440\u043e\u0432\u0430\u0442\u044c \u0442\u0435\u043a\u0441\u0442 \u0432 \u0431\u0443\u0444\u0435\u0440 \u043e\u0431\u043c\u0435\u043d\u0430\"><\/div>\n<\/div>\n","protected":false},"excerpt":{"rendered":"<p>A GlobeCore \u00e9 a \u00fanica empresa de alta tecnologia no mundo que produz dispositivos industriais de camada de v\u00f3rtice com desempenho comprovado em aplica\u00e7\u00f5es reais. A M\u00e1quina de Mistura Qu\u00edmica opera transformando a energia de um campo eletromagn\u00e9tico em outras formas de energia. A unidade ABC-150, equipada com elementos de trabalho ferromagn\u00e9ticos, foi projetada para moagem fina e ultrafina de todos os tipos de materiais a granel. Durante o processamento, os materiais n\u00e3o apenas diminuem de tamanho, mas tamb\u00e9m passam por ativa\u00e7\u00e3o mec\u00e2nica, melhorando as propriedades dos componentes tratados.<\/p>\n","protected":false},"author":7,"featured_media":19302,"parent":20385,"menu_order":0,"comment_status":"closed","ping_status":"closed","template":"templates\/single-product.php","meta":{"_acf_changed":false,"_bbp_topic_count":0,"_bbp_reply_count":0,"_bbp_total_topic_count":0,"_bbp_total_reply_count":0,"_bbp_voice_count":0,"_bbp_anonymous_reply_count":0,"_bbp_topic_count_hidden":0,"_bbp_reply_count_hidden":0,"_bbp_forum_subforum_count":0,"footnotes":""},"categories":[1345],"class_list":["post-19299","page","type-page","status-publish","has-post-thumbnail","hentry","category-fresagem","oil_type-industria-alimentar","oil_type-industria-da-construcao","oil_type-industria-farmaceutica","oil_type-industria-petrolifera","oil_type-industria-quimica","process_type-ativacao","process_type-fresagem","process_type-mistura"],"acf":{"add_tab":[{"tab_title":"Descri\u00e7\u00e3o","tab_content":"<p style=\"text-align: justify;\">Dispositivos eletromagn\u00e9ticos com itens de trabalho ferromagn\u00e9ticos s\u00e3o projetados para intensificar v\u00e1rios processos f\u00edsicos e qu\u00edmicos.<\/p>\r\n<p style=\"text-align: justify;\">O design do dispositivo \u00e9 confi\u00e1vel em opera\u00e7\u00e3o. Os processos em tal aparelho podem ser realizados de forma c\u00edclica e cont\u00ednua.<\/p>\r\n<p style=\"text-align: justify;\">Os dispositivos s\u00e3o vedados, n\u00e3o possuem veda\u00e7\u00f5es din\u00e2micas e consistem em um dispositivo eletromagn\u00e9tico com um sistema de resfriamento, uma c\u00e2mara de trabalho e um painel de controle.<\/p>\r\n<p style=\"text-align: justify;\">Para informa\u00e7\u00f5es mais detalhadas sobre o uso do Vortex Layer Apparatus e sua implementa\u00e7\u00e3o em seu processo, entre em contato conosco.<\/p>\r\n<p style=\"text-align: justify;\">A linha Vortex Layer Apparatus inclui v\u00e1rias modifica\u00e7\u00f5es que diferem no desempenho e no design do dispositivo.<\/p>\r\n<p style=\"text-align: justify;\"><b>Esses dispositivos s\u00e3o universais em sua aplica\u00e7\u00e3o e s\u00e3o \u00fanicos em seu pr\u00f3prio caminho<\/b>. O ABC tamb\u00e9m \u00e9 usado na pr\u00e1tica de laborat\u00f3rio para o desenvolvimento de novos materiais, pois \u00e9 ideal para processos de mistura: a freq\u00fc\u00eancia vari\u00e1vel no tempo e a amplitude do fundo de vibra\u00e7\u00e3o; o movimento mais complexo do corpo de trabalho; a mesma intensidade do fundo de vibra\u00e7\u00e3o em todo o volume do meio tratado.<\/p>\r\n\r\n<h3 style=\"text-align: center;\"><b>O princ\u00edpio de funcionamento \u00a0do dispositivo AVS<\/b><\/h3>\r\n<p style=\"text-align: justify;\">A base do aparelho \u00e9 o princ\u00edpio de converter a energia do campo eletromagn\u00e9tico em outras formas de energia. O dispositivo \u00e9 uma c\u00e2mara de trabalho (oleoduto) com um di\u00e2metro de 90\u2013136 mm, localizado no indutor de um campo eletromagn\u00e9tico rotativo. Na \u00e1rea de trabalho da tubula\u00e7\u00e3o h\u00e1 elementos ferromagn\u00e9ticos cil\u00edndricos com um di\u00e2metro de 0,5 a 5 mm e um comprimento de 5 a 60 mm em uma quantidade de v\u00e1rias dezenas a v\u00e1rias centenas de pe\u00e7as (0,05-5 kg), dependendo do volume da \u00e1rea de trabalho do aparelho (Fig. 2).<\/p>\r\n<p style=\"text-align: center;\"><img class=\"alignnone size-full wp-image-20406\" src=\"https:\/\/globecore.com\/wp-content\/uploads\/2019\/03\/Figure-1.jpg\" alt=\"\" width=\"404\" height=\"350\" \/><\/p>\r\n<p style=\"text-align: justify;\"><strong>Diagrama do aparelho eletromagn\u00e9tico com uma camada de v\u00f3rtice:\u00a0<\/strong>1 - capa \u00a0protetora; 2 - indutor de campo eletromagn\u00e9tico rotativo; 3 - corpo de indutor; 4 - c\u00e2mara de trabalho com material n\u00e3o magn\u00e9tico; 5 - elementos ferromagn\u00e9ticos.<\/p>\r\n<p style=\"text-align: justify;\">No entanto, por design, eles podem ser divididos em duas classes principais: dispositivos para conduzir processos e dispositivos de fase l\u00edquida e heterog\u00eaneos para misturar e dispersar materiais a granel.<\/p>\r\n<p style=\"text-align: justify;\">O design do dispositivo \u00e9 confi\u00e1vel em opera\u00e7\u00e3o. Os processos em tal aparelho podem ser realizados de forma c\u00edclica e cont\u00ednua.<\/p>\r\n<p style=\"text-align: justify;\">Os dispositivos s\u00e3o vedados, n\u00e3o possuem veda\u00e7\u00f5es din\u00e2micas e consistem em um dispositivo eletromagn\u00e9tico com um sistema de resfriamento, uma c\u00e2mara de trabalho e um painel de controle.<\/p>\r\n<p style=\"text-align: justify;\"><b>M\u00e1quina de mistura qu\u00edmica AVS -150<\/b><\/p>\r\n\r\n<ul style=\"text-align: justify;\">\r\n \t<li>O di\u00e2metro interno do furo do indutor \u00e9 de 150 mm. O di\u00e2metro da c\u00e2mara de trabalho \u00e9 de 136 mm. 1 - caso de indutor; 2 - indutor de EMF; 3 - c\u00e2mara de trabalho; Unidade de controle 4.<\/li>\r\n \t<li>Com base no exposto, os principais componentes dos dispositivos eletromagn\u00e9ticos com uma camada de v\u00f3rtice s\u00e3o: um indutor de um campo eletromagn\u00e9tico rotativo com um sistema de refrigera\u00e7\u00e3o que se conecta a uma tens\u00e3o trif\u00e1sica industrial de 380\/220 V, 50 Hz e uma c\u00e2mara de trabalho com elementos ferromagn\u00e9ticos.<\/li>\r\n \t<li>Sob a a\u00e7\u00e3o de um campo eletromagn\u00e9tico rotativo, elementos ferromagn\u00e9ticos se movem na \u00e1rea de trabalho e criam a chamada \"camada de v\u00f3rtice\".<\/li>\r\n \t<li>Resumidamente, resumimos as principais ind\u00fastrias e processos nos quais o uso do Aparelho de Camada Vortex \u00e9 mais eficaz e ben\u00e9fico para obter um produto qualitativamente novo na sa\u00edda.<\/li>\r\n \t<li>intensifica\u00e7\u00e3o de processos qu\u00edmicos (tratamento de \u00e1guas residuais);<\/li>\r\n \t<li>na produ\u00e7\u00e3o de borracha;<\/li>\r\n \t<li>em metalurgia de p\u00f3;<\/li>\r\n \t<li>quando moer celulose;<\/li>\r\n \t<li>para a prepara\u00e7\u00e3o de composi\u00e7\u00f5es de metal-pol\u00edmero;<\/li>\r\n \t<li>em fundi\u00e7\u00e3o;<\/li>\r\n \t<li>para receber solu\u00e7\u00f5es de perfura\u00e7\u00e3o;<\/li>\r\n \t<li>para receber misturas combust\u00edveis para instala\u00e7\u00f5es de navios;<\/li>\r\n \t<li>para processamento de pe\u00e7as de metais e pl\u00e1sticos;<\/li>\r\n \t<li>quando a refrigera\u00e7\u00e3o rolou<\/li>\r\n \t<li>para regenera\u00e7\u00e3o de pol\u00edmeros estruturados;<\/li>\r\n \t<li>para a implementa\u00e7\u00e3o de rea\u00e7\u00f5es mecano qu\u00edmicas;<\/li>\r\n \t<li>s\u00edntese de produtos polim\u00e9ricos;<\/li>\r\n \t<li>ativa\u00e7\u00e3o de s\u00f3lidos, etc.<\/li>\r\n<\/ul>\r\n<p style=\"text-align: justify;\">Na produ\u00e7\u00e3o de dispositivos eletromagn\u00e9ticos para a produtividade apropriada, par\u00e2metros importantes s\u00e3o os par\u00e2metros do campo magn\u00e9tico na \u00e1rea de trabalho do dispositivo, bem como as dimens\u00f5es geom\u00e9tricas da c\u00e2mara de trabalho. O campo magn\u00e9tico do indutor \u00e9 caracterizado por uma tens\u00e3o que n\u00e3o depende das caracter\u00edsticas do meio, mas \u00e9 determinada apenas pelas dimens\u00f5es geom\u00e9tricas do circuito e pelo valor da corrente, sua dimens\u00e3o (A \/ m). A principal caracter\u00edstica da intera\u00e7\u00e3o de for\u00e7as de um campo magn\u00e9tico com uma corrente el\u00e9trica \u00e9 a indu\u00e7\u00e3o magn\u00e9tica, que \u00e9 medida no sistema SI em T (Teslah) no sistema CGS em G (Gauss).<\/p>\r\n\r\n<h3 style=\"text-align: justify;\"><b>\u00c2mbito de aplica\u00e7\u00e3o do dispositivo:<\/b><\/h3>\r\n<ul style=\"text-align: justify;\">\r\n \t<li>Ind\u00fastria da constru\u00e7\u00e3o civil;<\/li>\r\n \t<li>Ind\u00fastria de constru\u00e7\u00e3o de m\u00e1quinas;<\/li>\r\n \t<li>Ind\u00fastria qu\u00edmica;<\/li>\r\n \t<li>Esfera agr\u00edcola;<\/li>\r\n \t<li>Ind\u00fastria aliment\u00edcia;<\/li>\r\n \t<li>Ind\u00fastria de minera\u00e7\u00e3o;<\/li>\r\n \t<li>em medicina (farmacologia).<\/li>\r\n<\/ul>\r\n<h3 style=\"text-align: justify;\"><b>AVS \u00a0pode ser usado como \u00a0:<\/b><\/h3>\r\n<ul>\r\n \t<li style=\"text-align: justify;\">reatores;<\/li>\r\n \t<li style=\"text-align: justify;\">misturadores;<\/li>\r\n \t<li style=\"text-align: justify;\">trituradores (moinho electromagn\u00e9tico sem rotor);<\/li>\r\n \t<li style=\"text-align: justify;\">abrasivos abrasivos;<\/li>\r\n \t<li style=\"text-align: justify;\">moagem a seco;<\/li>\r\n \t<li style=\"text-align: justify;\">extratores;<\/li>\r\n \t<li style=\"text-align: justify;\">para processamento magn\u00e9tico;<\/li>\r\n \t<li style=\"text-align: justify;\">para metais coloidais livres (por exemplo, ferro coloidal ou prata coloidal)<\/li>\r\n \t<li style=\"text-align: justify;\">activa\u00e7\u00e3o de v\u00e1rias subst\u00e2ncias e outros fins.<\/li>\r\n<\/ul>\r\n<ul>\r\n \t<li style=\"text-align: justify;\">Obten\u00e7\u00e3o de suspens\u00f5es e emuls\u00f5es multicomponentes;<\/li>\r\n \t<li style=\"text-align: justify;\">acelerando os processos de obten\u00e7\u00e3o de misturas finas, a ativa\u00e7\u00e3o de subst\u00e2ncias no estado seco, e na forma de dispers\u00f5es aquosas (o que leva a melhores propriedades f\u00edsicas e mec\u00e2nicas da borracha e reduz o tempo de vulcaniza\u00e7\u00e3o);<\/li>\r\n \t<li style=\"text-align: justify;\">para o tratamento completo de efluentes industriais (fenol, formalde\u00eddo, metais pesados, ars\u00eanico, compostos de cianeto, acelera\u00e7\u00e3o de processos de tratamento t\u00e9rmico, produ\u00e7\u00e3o de subst\u00e2ncias prot\u00e9icas a partir de c\u00e9lulas de levedura);<\/li>\r\n \t<li style=\"text-align: justify;\">melhorar a estabilidade microbiol\u00f3gica dos alimentos e a ativa\u00e7\u00e3o da levedura na produ\u00e7\u00e3o de panifica\u00e7\u00e3o;<\/li>\r\n \t<li style=\"text-align: justify;\">melhorar a qualidade de produtos de carne e peixe semi-acabados e acabados;<\/li>\r\n \t<li style=\"text-align: justify;\">intensifica\u00e7\u00e3o de processos de extra\u00e7\u00e3o, incluindo a prepara\u00e7\u00e3o de caldos, a produ\u00e7\u00e3o de bebidas de baga (sucos), pectina, etc .;<\/li>\r\n \t<li style=\"text-align: justify;\">para obten\u00e7\u00e3o de suspens\u00f5es e emuls\u00f5es de maior seguran\u00e7a microbiol\u00f3gica na ind\u00fastria de alimentos sem o uso de estabilizadores, bem como para aumentar o rendimento de produtos acabados.<\/li>\r\n<\/ul>"}],"add_def_tab":[{"tab_title":"Par\u00e2metros","tab_content":"<table>\r\n<tbody>\r\n<tr>\r\n<td style=\"text-align: center;\"><b>Caracter\u00edstica do dispositivo<\/b><\/td>\r\n<td style=\"text-align: center;\"><b>M\u00e1quina de mistura qu\u00edmica AVS -150<\/b><\/td>\r\n<\/tr>\r\n<tr>\r\n<td>M\u00e1xima produtividade, m3 \/ hora\r\n\r\n\u2013 durante o tratamento de \u00e1guas residuais<\/td>\r\n<td style=\"text-align: center;\">30<\/td>\r\n<\/tr>\r\n<tr>\r\n<td>\u2013 ap\u00f3s o recebimento de uma suspens\u00e3o<\/td>\r\n<td style=\"text-align: center;\">15<\/td>\r\n<\/tr>\r\n<tr>\r\n<td>Press\u00e3o de trabalho, MPa (kgf \/ cm2) , n\u00e3o mais do que :<\/td>\r\n<td style=\"text-align: center;\">0,25 (2,5)<\/td>\r\n<\/tr>\r\n<tr>\r\n<td>Di\u00e2metro da \u00e1rea de trabalho, mm<\/td>\r\n<td style=\"text-align: center;\">136<\/td>\r\n<\/tr>\r\n<tr>\r\n<td>Indu\u00e7\u00e3o magn\u00e9tica na \u00e1rea de trabalho, T<\/td>\r\n<td style=\"text-align: center;\">0,15<\/td>\r\n<\/tr>\r\n<tr>\r\n<td>Fonte de alimenta\u00e7\u00e3o<\/td>\r\n<td style=\"text-align: center;\">Alimenta\u00e7\u00e3o AC<\/td>\r\n<\/tr>\r\n<tr>\r\n<td>Frequ\u00eancia, Hz<\/td>\r\n<td style=\"text-align: center;\">50<\/td>\r\n<\/tr>\r\n<tr>\r\n<td>Tens\u00e3o, v<\/td>\r\n<td style=\"text-align: center;\">380<\/td>\r\n<\/tr>\r\n<tr>\r\n<td>A velocidade de rota\u00e7\u00e3o do campo magn\u00e9tico na c\u00e2mara de trabalho, rpm<\/td>\r\n<td style=\"text-align: center;\">3 000<\/td>\r\n<\/tr>\r\n<tr>\r\n<td>Consumo de energia, kW<\/td>\r\n<td style=\"text-align: center;\">9,5<\/td>\r\n<\/tr>\r\n<tr>\r\n<td>Dimens\u00f5es totais, mm\r\n\r\n\u2013 m\u00e1quinas<\/td>\r\n<td style=\"text-align: center;\">1300\u00d71100\u00d71690<\/td>\r\n<\/tr>\r\n<tr>\r\n<td>\u2013 unidade de controle<\/td>\r\n<td style=\"text-align: center;\">1060\u00d71030\u00d71900<\/td>\r\n<\/tr>\r\n<tr>\r\n<td>peso,kg\r\n\r\n\u2013 m\u00e1quinas\r\n\r\n\u2013 \u00a0unidade de controle<\/td>\r\n<td>\r\n<p style=\"text-align: center;\">500<\/p>\r\n<p style=\"text-align: center;\">450<\/p>\r\n<\/td>\r\n<\/tr>\r\n<\/tbody>\r\n<\/table>"},{"tab_title":"Benef\u00edcios","tab_content":"<ul>\r\n \t<li style=\"font-weight: 400; text-align: justify;\"><span style=\"font-weight: 400;\">moagem simult\u00e2nea, mistura e ativa\u00e7\u00e3o das subst\u00e2ncias tratadas;<\/span><\/li>\r\n \t<li style=\"font-weight: 400; text-align: justify;\"><span style=\"font-weight: 400;\">alta finura de moagem;<\/span><\/li>\r\n \t<li style=\"font-weight: 400; text-align: justify;\"><span style=\"font-weight: 400;\">intensifica\u00e7\u00e3o de processos tecnol\u00f3gicos. Processamento leva segundos e fra\u00e7\u00f5es de segundos;<\/span><\/li>\r\n \t<li style=\"font-weight: 400; text-align: justify;\"><span style=\"font-weight: 400;\">redu\u00e7\u00e3o do consumo de eletricidade;<\/span><\/li>\r\n \t<li style=\"font-weight: 400; text-align: justify;\"><span style=\"font-weight: 400;\">economia de mat\u00e9rias-primas e materiais;<\/span><\/li>\r\n \t<li style=\"font-weight: 400; text-align: justify;\"><span style=\"font-weight: 400;\">facilidade de implementa\u00e7\u00e3o nas linhas de processamento existentes.<\/span><\/li>\r\n<\/ul>"},{"tab_title":"Aplica\u00e7\u00e3o","tab_content":"[product_oil_types]"}],"add_video_tab":[{"video_tab_title":"Video","add_video_id":[{"video_id":"Eayk1VrZkto"},{"video_id":"eng_5YkL9Eo"},{"video_id":"MDzppmD95d0"},{"video_id":"h5iQeI57zK0"}]}],"add_gallery_tab":[{"gallery_tab_title":"Foto","add_img":[20653,20657,20645,20637,20670,20674,20678]}],"add_price_tab":[{"price_tab_title":"Obter pre\u00e7o"}]},"language":"pt-pt","_links":{"self":[{"href":"https:\/\/globecore.com\/pt-pt\/wp-json\/wp\/v2\/pages\/19299","targetHints":{"allow":["GET"]}}],"collection":[{"href":"https:\/\/globecore.com\/pt-pt\/wp-json\/wp\/v2\/pages"}],"about":[{"href":"https:\/\/globecore.com\/pt-pt\/wp-json\/wp\/v2\/types\/page"}],"author":[{"embeddable":true,"href":"https:\/\/globecore.com\/pt-pt\/wp-json\/wp\/v2\/users\/7"}],"replies":[{"embeddable":true,"href":"https:\/\/globecore.com\/pt-pt\/wp-json\/wp\/v2\/comments?post=19299"}],"version-history":[{"count":2,"href":"https:\/\/globecore.com\/pt-pt\/wp-json\/wp\/v2\/pages\/19299\/revisions"}],"predecessor-version":[{"id":341808,"href":"https:\/\/globecore.com\/pt-pt\/wp-json\/wp\/v2\/pages\/19299\/revisions\/341808"}],"up":[{"embeddable":true,"href":"https:\/\/globecore.com\/pt-pt\/wp-json\/wp\/v2\/pages\/20385"}],"wp:featuredmedia":[{"embeddable":true,"href":"https:\/\/globecore.com\/pt-pt\/wp-json\/wp\/v2\/media\/19302"}],"wp:attachment":[{"href":"https:\/\/globecore.com\/pt-pt\/wp-json\/wp\/v2\/media?parent=19299"}],"wp:term":[{"taxonomy":"category","embeddable":true,"href":"https:\/\/globecore.com\/pt-pt\/wp-json\/wp\/v2\/categories?post=19299"}],"curies":[{"name":"wp","href":"https:\/\/api.w.org\/{rel}","templated":true}]}}