{"id":19307,"date":"2018-06-25T09:28:24","date_gmt":"2018-06-25T09:28:24","guid":{"rendered":"https:\/\/globecore.com\/products\/oil-processing-equipment\/oil-filtration-pumping\/%d1%81mm-1cf-unit-for-removal-of-water-from-oil.html"},"modified":"2026-03-06T07:46:04","modified_gmt":"2026-03-06T07:46:04","slug":"%d1%81mm-1cf","status":"publish","type":"page","link":"https:\/\/globecore.com\/pt-pt\/products\/filtracao-de-oleos\/%d1%81mm-1cf\/","title":{"rendered":"CMM-1,0CF Unidade de \u00f3leo m\u00f3vel para remo\u00e7\u00e3o de \u00e1gua de \u00f3leo"},"content":{"rendered":"","protected":false},"excerpt":{"rendered":"<p>A unidade CMM-1,0CF \u00e9 projetada para a purifica\u00e7\u00e3o de \u00f3leos industriais, hidr\u00e1ulicos, de turbina, de transformador e outros tipos de \u00f3leo, bem como diesel, querosene e petr\u00f3leo com teor de umidade excepcionalmente alto. Pode processar \u00f3leo com teor de \u00e1gua de at\u00e9 50\u202f% ou mais. A unidade tem uma taxa de processamento de 1\u202fm\u00b3\/h. A filtra\u00e7\u00e3o \u00e9 realizada em duas etapas, com finura de 25\u202f\u03bcm na etapa 1 e 5\u202f\u03bcm na etapa 2. A \u00e1gua \u00e9 removida por coagula\u00e7\u00e3o: ao passar pelo elemento filtrante especial, as mol\u00e9culas de \u00e1gua formam gotas que descem para um vaso de sedimenta\u00e7\u00e3o e podem ser drenadas por uma v\u00e1lvula. Um filtro de cartucho com finura selecion\u00e1vel de 1, 3, 5 ou 25\u202f\u03bcm remove part\u00edculas do \u00f3leo.<\/p>\n","protected":false},"author":7,"featured_media":19211,"parent":17593,"menu_order":0,"comment_status":"closed","ping_status":"closed","template":"templates\/single-product.php","meta":{"_acf_changed":false,"_bbp_topic_count":0,"_bbp_reply_count":0,"_bbp_total_topic_count":0,"_bbp_total_reply_count":0,"_bbp_voice_count":0,"_bbp_anonymous_reply_count":0,"_bbp_topic_count_hidden":0,"_bbp_reply_count_hidden":0,"_bbp_forum_subforum_count":0,"_wpml_language_code":"","footnotes":""},"categories":[1341],"class_list":["post-19307","page","type-page","status-publish","has-post-thumbnail","hentry","category-oil-maintenance-pt-pt","oil_type-fluido-dieletrico-fr3","oil_type-fluido-dieletrico-midel-7131","oil_type-fluido-resistente-ao-fogo-fyrquel","oil_type-oleo-de-silicone","oil_type-oleo-de-transmissao","oil_type-oleo-hidraulico","oil_type-oleo-industrial","oil_type-oleo-para-cabos","oil_type-oleo-para-compressores","oil_type-oleo-para-transformadores","oil_type-oleo-para-turbinas","process_type-desidratacao","process_type-filtragem"],"acf":{"add_tab":[{"tab_title":"Descri\u00e7\u00e3o","tab_content":"A unidade \u00e9 projetada para a limpeza de \u00f3leos industriais, hidr\u00e1ulicos, turbinados, transformadores e outros \u00f3leos industriais particularmente molhados, bem como diesel, querosene e gasolina.\r\n\r\nPara processamento na instala\u00e7\u00e3o, \u00e9 permitido um produto com um teor de \u00e1gua muito alto de 50\/50% ou mais.\r\n\r\nA instala\u00e7\u00e3o funciona com base no princ\u00edpio da remo\u00e7\u00e3o de \u00e1gua pelo m\u00e9todo de coagula\u00e7\u00e3o. Quando o \u00f3leo \u00e9 passado atrav\u00e9s de um elemento filtrante especial, as mol\u00e9culas de \u00e1gua s\u00e3o combinadas em got\u00edculas e fluem pela superf\u00edcie do filtro para o reservat\u00f3rio. Ap\u00f3s o que a \u00e1gua \u00e9 simplesmente drenada atrav\u00e9s da v\u00e1lvula de drenagem.\r\n\r\nPara limpar o produto de impurezas mec\u00e2nicas, \u00e9 fornecido um filtro de cartucho com a capacidade de instalar elementos com filtra\u00e7\u00e3o de 1, 3, 5, 25 m\u00edcrons.\r\n\r\nEntre as vantagens desta instala\u00e7\u00e3o, vale destacar o baixo consumo de energia (0,75 kW), dimens\u00f5es relativamente pequenas e mobilidade. Al\u00e9m disso, o produto durante o processamento n\u00e3o \u00e9 exposto ao calor, exposi\u00e7\u00e3o a reagentes qu\u00edmicos e outros fatores que possam afetar adversamente o desempenho."}],"add_def_tab":[{"tab_title":"Par\u00e2metros","tab_content":"<table>\r\n<tbody>\r\n<tr>\r\n<td><b>\u2116<\/b><\/td>\r\n<td><b>Nome do par\u00e2metro\u00a0<\/b><\/td>\r\n<td><b>Capacidade<\/b><\/td>\r\n<\/tr>\r\n<tr>\r\n<td>1<\/td>\r\n<td>Produtividade, m3 \/ h<\/td>\r\n<td>1<\/td>\r\n<\/tr>\r\n<tr>\r\n<td>2<\/td>\r\n<td>Precis\u00e3o de filtra\u00e7\u00e3o, micron *; est\u00e1gio 1 \/ est\u00e1gio 2<\/td>\r\n<td>25<\/td>\r\n<\/tr>\r\n<tr>\r\n<td>3<\/td>\r\n<td>\u00a0Remo\u00e7\u00e3o de \u00e1gua<\/td>\r\n<td>99%<\/td>\r\n<\/tr>\r\n<tr>\r\n<td>4<\/td>\r\n<td>Consumo de energia instalado, kW<\/td>\r\n<td>1,1<\/td>\r\n<\/tr>\r\n<tr>\r\n<td>5<\/td>\r\n<td>Queda de press\u00e3o m\u00e1xima, MPa<\/td>\r\n<td>0.5<\/td>\r\n<\/tr>\r\n<tr>\r\n<td>6<\/td>\r\n<td>Press\u00e3o do \u00f3leo de sa\u00edda, bar<\/td>\r\n<td>2\u20262.5<\/td>\r\n<\/tr>\r\n<tr>\r\n<td>7<\/td>\r\n<td>Tens\u00e3o de alimenta\u00e7\u00e3o CA trif\u00e1sica de 50 Hz, V<\/td>\r\n<td>380<\/td>\r\n<\/tr>\r\n<tr>\r\n<td>8<\/td>\r\n<td>\u00a0Dimens\u00f5es totais, mm, n\u00e3o mais\r\n\r\n\u2013 comprimento\r\n\r\n\u2013 largura\r\n\r\n\u2013 altura<\/td>\r\n<td>600\r\n\r\n600\r\n\r\n1100<\/td>\r\n<\/tr>\r\n<tr>\r\n<td>9<\/td>\r\n<td>\u00a0\u00a0\u00a0\u00a0Peso, kg, n\u00e3o mais<\/td>\r\n<td>120<\/td>\r\n<\/tr>\r\n<\/tbody>\r\n<\/table>\r\nCMM-1CF \u00e9 a unidade de desempenho m\u00ednimo na linha de equipamentos para a purifica\u00e7\u00e3o de \u00f3leos pelo m\u00e9todo de coagula\u00e7\u00e3o."},{"tab_title":"Benef\u00edcios","tab_content":"<ul>\r\n \t<li style=\"font-weight: 400; text-align: justify;\"><span style=\"font-weight: 400;\">baixo consumo de energia (1,1 kW);<\/span><\/li>\r\n \t<li style=\"font-weight: 400; text-align: justify;\"><span style=\"font-weight: 400;\">pequenas dimens\u00f5es;<\/span><\/li>\r\n \t<li style=\"font-weight: 400; text-align: justify;\"><span style=\"font-weight: 400;\">mobilidade;<\/span><\/li>\r\n \t<li style=\"font-weight: 400; text-align: justify;\"><span style=\"font-weight: 400;\">\u00f3leo durante o processamento n\u00e3o \u00e9 exposto ao calor, efeitos qu\u00edmicos e outros fatores que podem afetar adversamente o desempenho.<\/span><\/li>\r\n<\/ul>"},{"tab_title":"Aplica\u00e7\u00e3o","tab_content":"[product_oil_types]"},{"tab_title":"Webinar","tab_content":"<div class=\"responsive-embed widescreen\">\r\n<div class=\"responsive-embed widescreen\">\r\n<div class=\"responsive-embed widescreen\">\r\n<div class=\"responsive-embed widescreen\"><iframe title=\"Manuten\u00e7\u00e3o dos transformadores de pot\u00eancia\" src=\"https:\/\/www.youtube.com\/embed\/RblXgV_sUy0?feature=oembed\" width=\"500\" height=\"281\" frameborder=\"0\" allowfullscreen=\"allowfullscreen\"><\/iframe><\/div>\r\n<\/div>\r\n<\/div>\r\n<\/div>"}],"add_video_tab":[{"video_tab_title":"Video","add_video_id":[{"video_id":"77f0a17d0gg"},{"video_id":"vUw0tlBs7QE"},{"video_id":"HCRTHazf4Pg"}]}],"add_gallery_tab":null,"add_price_tab":[{"price_tab_title":"Obter pre\u00e7o"}]},"language":"pt-pt","_links":{"self":[{"href":"https:\/\/globecore.com\/pt-pt\/wp-json\/wp\/v2\/pages\/19307","targetHints":{"allow":["GET"]}}],"collection":[{"href":"https:\/\/globecore.com\/pt-pt\/wp-json\/wp\/v2\/pages"}],"about":[{"href":"https:\/\/globecore.com\/pt-pt\/wp-json\/wp\/v2\/types\/page"}],"author":[{"embeddable":true,"href":"https:\/\/globecore.com\/pt-pt\/wp-json\/wp\/v2\/users\/7"}],"replies":[{"embeddable":true,"href":"https:\/\/globecore.com\/pt-pt\/wp-json\/wp\/v2\/comments?post=19307"}],"version-history":[{"count":1,"href":"https:\/\/globecore.com\/pt-pt\/wp-json\/wp\/v2\/pages\/19307\/revisions"}],"predecessor-version":[{"id":336053,"href":"https:\/\/globecore.com\/pt-pt\/wp-json\/wp\/v2\/pages\/19307\/revisions\/336053"}],"up":[{"embeddable":true,"href":"https:\/\/globecore.com\/pt-pt\/wp-json\/wp\/v2\/pages\/17593"}],"wp:featuredmedia":[{"embeddable":true,"href":"https:\/\/globecore.com\/pt-pt\/wp-json\/wp\/v2\/media\/19211"}],"wp:attachment":[{"href":"https:\/\/globecore.com\/pt-pt\/wp-json\/wp\/v2\/media?parent=19307"}],"wp:term":[{"taxonomy":"category","embeddable":true,"href":"https:\/\/globecore.com\/pt-pt\/wp-json\/wp\/v2\/categories?post=19307"}],"curies":[{"name":"wp","href":"https:\/\/api.w.org\/{rel}","templated":true}]}}