{"id":20385,"date":"2016-12-20T07:55:36","date_gmt":"2016-12-20T07:55:36","guid":{"rendered":"https:\/\/globecore.com\/products\/magnetic-mill.html"},"modified":"2025-04-11T08:02:32","modified_gmt":"2025-04-11T08:02:32","slug":"moinho-magnetico","status":"publish","type":"page","link":"https:\/\/globecore.com\/pt-pt\/products\/moinho-magnetico\/","title":{"rendered":"Moinho magn\u00e9tico"},"content":{"rendered":"<div id=\"pl-3461\" class=\"panel-layout\">\n<div id=\"pg-3461-0\" class=\"panel-grid panel-no-style\" data-style=\"{&quot;background_display&quot;:&quot;tile&quot;,&quot;cell_alignment&quot;:&quot;flex-start&quot;}\">\n<div id=\"pgc-3461-0-0\" class=\"panel-grid-cell\" data-weight=\"1\">\n<div id=\"panel-3461-0-0-0\" class=\"so-panel widget widget_sow-editor panel-first-child\" data-index=\"0\" data-style=\"{&quot;background_display&quot;:&quot;tile&quot;}\">\n<div class=\"so-widget-sow-editor so-widget-sow-editor-base\">\n<div class=\"siteorigin-widget-tinymce textwidget\"><\/div>\n<\/div>\n<\/div>\n<div id=\"panel-3461-0-0-1\" class=\"so-panel widget widget_sow-editor\" data-index=\"1\" data-style=\"{&quot;background_display&quot;:&quot;tile&quot;}\">\n<div class=\"so-widget-sow-editor so-widget-sow-editor-base\">\n<div class=\"siteorigin-widget-tinymce textwidget\">\n<p style=\"text-align: justify;\"><b>Moinho magn\u00e9tico com elementos ferromagn\u00e9ticos para a intensifica\u00e7\u00e3o de v\u00e1rios processos f\u00edsicos e qu\u00edmicos.<\/b><\/p>\n<p style=\"text-align: justify;\"><span style=\"font-weight: 400;\">A rea\u00e7\u00e3o de recupera\u00e7\u00e3o no AVS ocorre em uma fra\u00e7\u00e3o de segundo, o que torna poss\u00edvel processar o fluxo em alta velocidade.<\/span><\/p>\n<p style=\"text-align: justify;\"><span style=\"font-weight: 400;\">A mistura intensiva de reagentes e os efeitos de um campo eletromagn\u00e9tico, bem como a dispers\u00e3o de componentes, permitem uma melhor dispers\u00e3o de hidr\u00f3xidos met\u00e1licos do que em agitadores mec\u00e2nicos.<\/span><\/p>\n<p style=\"text-align: justify;\"><span style=\"font-weight: 400;\">Curiosamente, um aumento na dispers\u00e3o de sedimentos n\u00e3o diminui a sedimenta\u00e7\u00e3o. Pelo contr\u00e1rio, a sedimenta\u00e7\u00e3o de part\u00edculas da fase s\u00f3lida no AVS ocorre 1,5 a 2 vezes mais r\u00e1pido do que em um misturador mec\u00e2nico .<\/span><\/p>\n<p style=\"text-align: justify;\"><span style=\"font-weight: 400;\">Unidades \u00a0s\u00e3o aplicadas com sucesso para \u00a0:<\/span><\/p>\n<ul>\n<li style=\"font-weight: 400; text-align: justify;\"><span style=\"font-weight: 400;\">Produ\u00e7\u00e3o de emuls\u00f5es e suspens\u00f5es multicomponentes,<\/span><\/li>\n<li style=\"font-weight: 400; text-align: justify;\"><span style=\"font-weight: 400;\">Acelerando a produ\u00e7\u00e3o de misturas finas,<\/span><\/li>\n<li style=\"font-weight: 400; text-align: justify;\"><span style=\"font-weight: 400;\">Ativa\u00e7\u00e3o de materiais em forma seca e \u00e1gua<\/span><\/li>\n<li style=\"font-weight: 400; text-align: justify;\"><span style=\"font-weight: 400;\">Melhorando as propriedades da borracha e reduzindo o tempo de vulcaniza\u00e7\u00e3o<\/span><\/li>\n<li style=\"font-weight: 400; text-align: justify;\"><span style=\"font-weight: 400;\">Purifica\u00e7\u00e3o completa de \u00e1guas residuais industriais a partir de fenol, formalde\u00eddo, metais pesados, ars\u00eanio, cianetos<\/span><\/li>\n<li style=\"font-weight: 400; text-align: justify;\"><span style=\"font-weight: 400;\">Acelera\u00e7\u00e3o do tratamento t\u00e9rmico<\/span><\/li>\n<li style=\"font-weight: 400; text-align: justify;\"><span style=\"font-weight: 400;\">Produ\u00e7\u00e3o de prote\u00ednas de c\u00e9lulas de levedura<\/span><\/li>\n<li style=\"font-weight: 400; text-align: justify;\"><span style=\"font-weight: 400;\">Melhorar a estabilidade microbiol\u00f3gica dos produtos alimentares e a ativa\u00e7\u00e3o do fermento \u00a0durante a cozedura do p\u00e3o<\/span><\/li>\n<li style=\"font-weight: 400; text-align: justify;\"><span style=\"font-weight: 400;\">Melhorar produtos semi-fabricados \u00a0e acabados de carne e peixe<\/span><\/li>\n<li style=\"font-weight: 400; text-align: justify;\"><span style=\"font-weight: 400;\">Intensifica\u00e7\u00e3o da extra\u00e7\u00e3o, incluindo a produ\u00e7\u00e3o de caldos, sucos, pectina, etc.<\/span><\/li>\n<li style=\"font-weight: 400; text-align: justify;\"><span style=\"font-weight: 400;\">Produ\u00e7\u00e3o de suspens\u00f5es e emuls\u00f5es de seguran\u00e7a microbiol\u00f3gica aprimorada na ind\u00fastria de alimentos, sem o uso de estabilizadores, bem como um aumento no rendimento do produto .<\/span><\/li>\n<\/ul>\n<\/div>\n<\/div>\n<\/div>\n<div id=\"panel-3461-0-0-2\" class=\"so-panel widget widget_sow-editor\" data-index=\"2\" data-style=\"{&quot;background_display&quot;:&quot;tile&quot;}\">\n<div class=\"so-widget-sow-editor so-widget-sow-editor-base\">\n<div class=\"siteorigin-widget-tinymce textwidget\">\n<div id=\"pgc-3461-2-0\" class=\"panel-grid-cell\">\n<div id=\"panel-3461-2-0-0\" class=\"so-panel widget widget_sow-editor panel-first-child panel-last-child\">\n<div class=\"so-widget-sow-editor so-widget-sow-editor-base\">\n<h3 class=\"widget-title\"><b>Moinho Magn\u00e9tico AVS -100<\/b><\/h3>\n<\/div>\n<\/div>\n<\/div>\n<div id=\"pgc-3461-2-1\" class=\"panel-grid-cell\">\n<div id=\"panel-3461-2-1-0\" class=\"so-panel widget widget_sow-editor panel-first-child panel-last-child\">\n<div class=\"so-widget-sow-editor so-widget-sow-editor-base\">\n<div class=\"siteorigin-widget-tinymce textwidget\">\n<p><strong><i class=\"fa fa-fw\">\uf00c<\/i> <b>Produtividade: 12 m3 \/ hora<\/b><\/strong><\/p>\n<p style=\"text-align: justify;\"><span style=\"font-weight: 400;\">A unidade funciona com base no princ\u00edpio da convers\u00e3o de energia do campo eletromagn\u00e9tico em outras formas de energia. A c\u00e2mara de instala\u00e7\u00e3o (tubo com um di\u00e2metro de 90-136 mm) est\u00e1 localizada dentro do indutor do campo eletromagn\u00e9tico.<\/span><\/p>\n<p style=\"text-align: justify;\"><span style=\"font-weight: 400;\">No seu interior encontram-se elementos ferromagn\u00e9ticos cil\u00edndricos com um di\u00e2metro de 0,5 a 5 mm e um comprimento de 5 a 60 mm, em uma quantidade de v\u00e1rias dezenas a v\u00e1rias centenas (0,05 a 5 kg), dependendo do volume da zona ativa.<\/span><\/p>\n<p style=\"text-align: justify;\"><span style=\"font-weight: 400;\">A c\u00e2mera pode ter configura\u00e7\u00f5es diferentes, dependendo dos requisitos do processo.<\/span><\/p>\n<\/div>\n<\/div>\n<\/div>\n<\/div>\n<\/div>\n<\/div>\n<\/div>\n<div id=\"panel-3461-0-0-3\" class=\"so-panel widget widget_sow-editor panel-last-child\" data-index=\"3\" data-style=\"{&quot;background_display&quot;:&quot;tile&quot;}\">\n<div class=\"so-widget-sow-editor so-widget-sow-editor-base\">\n<div class=\"siteorigin-widget-tinymce textwidget\">\n<div id=\"pgc-3461-3-0\" class=\"panel-grid-cell\">\n<div id=\"panel-3461-3-0-0\" class=\"so-panel widget widget_sow-editor panel-first-child panel-last-child\">\n<div class=\"so-widget-sow-editor so-widget-sow-editor-base\">\n<h3 class=\"widget-title\"><b>Moinho Magn\u00e9tico AVS -150<\/b><\/h3>\n<\/div>\n<\/div>\n<\/div>\n<div id=\"pgc-3461-3-1\" class=\"panel-grid-cell\">\n<div id=\"panel-3461-3-1-0\" class=\"so-panel widget widget_sow-editor panel-first-child panel-last-child\">\n<div class=\"so-widget-sow-editor so-widget-sow-editor-base\">\n<div class=\"siteorigin-widget-tinymce textwidget\">\n<p><strong><i class=\"fa fa-fw\">\uf00c<\/i> <b>Produtividade: 30 m3 \/ hora<\/b><\/strong><\/p>\n<p style=\"text-align: justify;\"><span style=\"font-weight: 400;\">O consumo de energia na c\u00e2mara \u00e9 determinado apenas pelo seu design, material de fabrica\u00e7\u00e3o e espessura das paredes, e n\u00e3o depende da intensidade do campo magn\u00e9tico. Para reduzir o consumo de energia, fazemos uma c\u00e2mera a partir de um material n\u00e3o magn\u00e9tico (a\u00e7o inoxid\u00e1vel).<\/span><\/p>\n<p style=\"text-align: justify;\"><span style=\"font-weight: 400;\">O campo eletromagn\u00e9tico rotativo conduz os elementos ferromagn\u00e9ticos na zona ativa em movimento e cria a chamada camada de v\u00f3rtice.<\/span><\/p>\n<p style=\"text-align: justify;\"><span style=\"font-weight: 400;\">Os principais componentes de um moinho eletromagn\u00e9tico com uma camada de v\u00f3rtice s\u00e3o: um indutor de um campo eletromagn\u00e9tico rotativo com um sistema de refrigera\u00e7\u00e3o, conectado a uma fonte de alimenta\u00e7\u00e3o trif\u00e1sica 380 \/ 220V, 50Hz e uma c\u00e2mara de trabalho com elementos ferromagn\u00e9ticos.<\/span><\/p>\n<\/div>\n<\/div>\n<\/div>\n<\/div>\n<\/div>\n<\/div>\n<\/div>\n<\/div>\n<\/div>\n<\/div>\n","protected":false},"excerpt":{"rendered":"<p>Moinho magn\u00e9tico com elementos ferromagn\u00e9ticos para a intensifica\u00e7\u00e3o de v\u00e1rios processos f\u00edsicos e qu\u00edmicos. A rea\u00e7\u00e3o de recupera\u00e7\u00e3o no AVS ocorre em uma fra\u00e7\u00e3o de segundo, o que torna poss\u00edvel processar o fluxo em alta velocidade. A mistura intensiva de reagentes e os efeitos de um campo eletromagn\u00e9tico, bem como a dispers\u00e3o de componentes, permitem<a class=\"cg-read-more\" href=\"https:\/\/globecore.com\/pt-pt\/products\/moinho-magnetico\/\" target=\"_blank\">Leia mais <\/a><\/p>\n","protected":false},"author":7,"featured_media":38240,"parent":16979,"menu_order":0,"comment_status":"closed","ping_status":"closed","template":"templates\/products-sidebar.php","meta":{"_acf_changed":false,"_bbp_topic_count":0,"_bbp_reply_count":0,"_bbp_total_topic_count":0,"_bbp_total_reply_count":0,"_bbp_voice_count":0,"_bbp_anonymous_reply_count":0,"_bbp_topic_count_hidden":0,"_bbp_reply_count_hidden":0,"_bbp_forum_subforum_count":0,"footnotes":""},"categories":[],"class_list":["post-20385","page","type-page","status-publish","has-post-thumbnail","hentry"],"acf":[],"language":"pt-pt","_links":{"self":[{"href":"https:\/\/globecore.com\/pt-pt\/wp-json\/wp\/v2\/pages\/20385","targetHints":{"allow":["GET"]}}],"collection":[{"href":"https:\/\/globecore.com\/pt-pt\/wp-json\/wp\/v2\/pages"}],"about":[{"href":"https:\/\/globecore.com\/pt-pt\/wp-json\/wp\/v2\/types\/page"}],"author":[{"embeddable":true,"href":"https:\/\/globecore.com\/pt-pt\/wp-json\/wp\/v2\/users\/7"}],"replies":[{"embeddable":true,"href":"https:\/\/globecore.com\/pt-pt\/wp-json\/wp\/v2\/comments?post=20385"}],"version-history":[{"count":0,"href":"https:\/\/globecore.com\/pt-pt\/wp-json\/wp\/v2\/pages\/20385\/revisions"}],"up":[{"embeddable":true,"href":"https:\/\/globecore.com\/pt-pt\/wp-json\/wp\/v2\/pages\/16979"}],"wp:featuredmedia":[{"embeddable":true,"href":"https:\/\/globecore.com\/pt-pt\/wp-json\/wp\/v2\/media\/38240"}],"wp:attachment":[{"href":"https:\/\/globecore.com\/pt-pt\/wp-json\/wp\/v2\/media?parent=20385"}],"wp:term":[{"taxonomy":"category","embeddable":true,"href":"https:\/\/globecore.com\/pt-pt\/wp-json\/wp\/v2\/categories?post=20385"}],"curies":[{"name":"wp","href":"https:\/\/api.w.org\/{rel}","templated":true}]}}