{"id":20390,"date":"2016-12-20T07:58:33","date_gmt":"2016-12-20T07:58:33","guid":{"rendered":"https:\/\/globecore.com\/products\/magnetic-mill\/mixing-machine-avs-100.html"},"modified":"2026-03-09T08:55:36","modified_gmt":"2026-03-09T08:55:36","slug":"mixing-machine-avs-100","status":"publish","type":"page","link":"https:\/\/globecore.com\/pt-pt\/products\/moinho-magnetico\/mixing-machine-avs-100\/","title":{"rendered":"AVS-100 Moinho magn\u00e9tico"},"content":{"rendered":"<div id=\"pgc-141-0-1\" class=\"panel-grid-cell\">\n<div id=\"panel-141-0-1-0\" class=\"so-panel widget widget_sow-editor panel-first-child panel-last-child\">\n<div class=\"so-widget-sow-editor so-widget-sow-editor-base\">\n<div class=\"siteorigin-widget-tinymce textwidget\">\n<div id=\"pg-141-1\" class=\"panel-grid\">\n<div id=\"pgc-141-1-0\" class=\"panel-grid-cell\">\n<div id=\"panel-141-1-0-0\" class=\"so-panel widget widget_sow-editor panel-first-child\">\n<div class=\"so-widget-sow-editor so-widget-sow-editor-base\">\n<div class=\"siteorigin-widget-tinymce textwidget\"><\/div>\n<\/div>\n<\/div>\n<\/div>\n<\/div>\n<\/div>\n<\/div>\n<\/div>\n<\/div>\n<p>&nbsp;<\/p>\n","protected":false},"excerpt":{"rendered":"<p>A GlobeCore \u00e9 a \u00fanica empresa de alta tecnologia no mundo que produz dispositivos industriais de camada de v\u00f3rtice com desempenho comprovado em aplica\u00e7\u00f5es reais. O dispositivo de camada de v\u00f3rtice ABC-100 foi projetado para intensificar v\u00e1rios processos f\u00edsicos e qu\u00edmicos, incluindo moagem fina, mistura, dispers\u00e3o e ativa\u00e7\u00e3o de materiais. Isso \u00e9 alcan\u00e7ado pelo uso de um campo eletromagn\u00e9tico e elementos ferromagn\u00e9ticos que geram uma mistura intensa.<\/p>\n","protected":false},"author":7,"featured_media":23260,"parent":20385,"menu_order":0,"comment_status":"closed","ping_status":"closed","template":"templates\/single-product.php","meta":{"_acf_changed":false,"_bbp_topic_count":0,"_bbp_reply_count":0,"_bbp_total_topic_count":0,"_bbp_total_reply_count":0,"_bbp_voice_count":0,"_bbp_anonymous_reply_count":0,"_bbp_topic_count_hidden":0,"_bbp_reply_count_hidden":0,"_bbp_forum_subforum_count":0,"footnotes":""},"categories":[1345],"class_list":["post-20390","page","type-page","status-publish","has-post-thumbnail","hentry","category-fresagem","oil_type-industria-alimentar","oil_type-industria-da-construcao","oil_type-industria-farmaceutica","oil_type-industria-petrolifera","oil_type-industria-quimica","process_type-ativacao","process_type-fresagem","process_type-mistura"],"acf":{"add_tab":[{"tab_title":"Descri\u00e7\u00e3o","tab_content":"<div id=\"pgc-141-0-1\" class=\"panel-grid-cell\">\r\n<div id=\"panel-141-0-1-0\" class=\"so-panel widget widget_sow-editor panel-first-child panel-last-child\">\r\n<div class=\"so-widget-sow-editor so-widget-sow-editor-base\">\r\n<div class=\"siteorigin-widget-tinymce textwidget\">\r\n<div id=\"pg-141-1\" class=\"panel-grid\">\r\n<div id=\"pgc-141-1-0\" class=\"panel-grid-cell\">\r\n<div id=\"panel-141-1-0-0\" class=\"so-panel widget widget_sow-editor panel-first-child\">\r\n<div class=\"so-widget-sow-editor so-widget-sow-editor-base\">\r\n<div class=\"siteorigin-widget-tinymce textwidget\" style=\"text-align: justify;\"><b>A unidade de mistura<\/b> funciona no princ\u00edpio da transforma\u00e7\u00e3o da energia do campo eletromagn\u00e9tico em outras formas de energia. <b>A unidade \u00e9 uma c\u00e2mara de trabalho (tubo) com um di\u00e2metro de 90-136 mm, localizada no interior do indutor de um campo electromagn\u00e9tico rotativo.<\/b><\/div>\r\n<\/div>\r\n<\/div>\r\n<div id=\"panel-141-1-0-1\" class=\"so-panel widget widget_sow-editor panel-last-child\">\r\n<div class=\"so-widget-sow-editor so-widget-sow-editor-base\">\r\n<div class=\"siteorigin-widget-tinymce textwidget\">\r\n<p style=\"text-align: justify;\"><span style=\"font-weight: 400;\">Na \u00e1rea de trabalho existem elementos ferromagn\u00e9ticos cil\u00edndricos com um di\u00e2metro de 0,5 - 5 mm e um comprimento de 5 - 60 mm, numa quantidade de v\u00e1rias dezenas a v\u00e1rias centenas, dependendo do volume da \u00e1rea de trabalho.<\/span><\/p>\r\n<p style=\"text-align: justify;\"><span style=\"font-weight: 400;\">A c\u00e2mera pode ter uma configura\u00e7\u00e3o diferente, dependendo dos requisitos para os processos que ocorrem dentro dela.<\/span><\/p>\r\n<p style=\"text-align: justify;\"><span style=\"font-weight: 400;\">Para o processamento de fluidos, os filtros s\u00e3o instalados em ambos os lados da c\u00e2mara (ou somente na sa\u00edda). Ao processar materiais fibrosos, s\u00e3o instalados filtros de labirinto, de modo que os elementos ferromagn\u00e9ticos s\u00e3o retidos na \u00e1rea de trabalho.<\/span><\/p>\r\n<p style=\"text-align: justify;\"><span style=\"font-weight: 400;\">Os principais componentes das instala\u00e7\u00f5es eletromagn\u00e9ticas com uma camada de v\u00f3rtice: um indutor de um campo eletromagn\u00e9tico rotativo com um sistema de refrigera\u00e7\u00e3o, conectado a uma fonte de corrente trif\u00e1sica de 380 \/ 220V, 50 Hz e uma c\u00e2mara de trabalho com elementos ferromagn\u00e9ticos.<\/span><\/p>\r\n<p style=\"text-align: justify;\"><span style=\"font-weight: 400;\">O consumo de energia na c\u00e2mara \u00e9 determinado apenas pelo seu design, materiais e espessura da parede, e n\u00e3o depende da for\u00e7a do campo. Para reduzir o consumo de energia, <\/span><b>produzimos uma c\u00e2mara de trabalho a partir de um material n\u00e3o magn\u00e9tico (a\u00e7o inoxid\u00e1vel).<\/b><\/p>\r\n<p style=\"text-align: justify;\"><span style=\"font-weight: 400;\">A granula\u00e7\u00e3o e a mistura podem ser realizadas n\u00e3o apenas por part\u00edculas ferromagn\u00e9ticas, mas tamb\u00e9m por facas (R 4), tubos (fig.5) ou rotor (fig.6). Nesse caso, os filtros de malha atuam como separadores.<\/span><\/p>\r\n\r\n<\/div>\r\n<\/div>\r\n<\/div>\r\n<\/div>\r\n<\/div>\r\n<\/div>\r\n<\/div>\r\n<\/div>\r\n<\/div>\r\n<table>\r\n<tbody>\r\n<tr>\r\n<td width=\"219\"><img class=\"alignnone wp-image-3469 size-full\" src=\"https:\/\/globecore.com\/wp-content\/uploads\/2016\/12\/Electromagnetic-vortex-system.jpg\" alt=\"Globecore rotating electromagnetic field machine. electromagnetic vortex system.\" width=\"250\" height=\"250\" \/><\/td>\r\n<td width=\"219\"><img class=\"aligncenter wp-image-3471 size-full\" src=\"https:\/\/globecore.com\/wp-content\/uploads\/2016\/12\/vortex-layer.jpg\" alt=\"The camera for rotating electromagnetic field. vortex-layer\" width=\"300\" height=\"296\" \/><\/td>\r\n<td width=\"219\"><img class=\"alignnone size-full wp-image-3472\" src=\"https:\/\/globecore.com\/wp-content\/uploads\/2016\/12\/AVS-for-liquid-phase-processes.jpg\" alt=\"avs-for-liquid-phase-processes\" width=\"300\" height=\"233\" \/><\/td>\r\n<\/tr>\r\n<tr>\r\n<td width=\"219\"><span style=\"font-weight: 400;\">Fig. 1.sistema eletromagn\u00e9tico da camada de v\u00f3rtice:\u00a0<\/span><span style=\"font-weight: 400;\">1 - manga protetora;\u00a0<\/span><span style=\"font-family: inherit; font-size: inherit;\">2 \u2013 indutor;\u00a0<\/span><span style=\"font-weight: 400;\">3 \u2013 caso de indutor; 4 \u2013 c\u00e2mara de trabalho de material n\u00e3o magn\u00e9tico;\u00a0<\/span><span style=\"font-weight: 400;\">5 \u2013 elementos ferromagn\u00e9ticos<\/span><\/td>\r\n<td width=\"219\"><span style=\"font-weight: 400;\">Fig. 2. foto da camada de v\u00f3rtice (1000 quadros por segundo)<\/span><\/td>\r\n<td width=\"219\"><span style=\"font-weight: 400;\">Fig. 3. c\u00e2mara AVS \u00a0para processamento de materiais l\u00edquidos:\u00a0<\/span><span style=\"font-weight: 400;\">1 \u2013 \u00a0c\u00e2mara ; 2 \u2013 bucha; 3 \u2013 \u00a0filtro<\/span><\/td>\r\n<\/tr>\r\n<tr>\r\n<td width=\"219\"><img class=\"aligncenter wp-image-3474 size-full\" src=\"https:\/\/globecore.com\/wp-content\/uploads\/2016\/12\/AVS-chamber-with-knives.jpg\" alt=\"rotor for rotating electromagnetic field. avs chamber with knives.\" width=\"300\" height=\"200\" \/><\/td>\r\n<td width=\"219\"><img class=\"alignnone wp-image-3475 size-full\" src=\"https:\/\/globecore.com\/wp-content\/uploads\/2016\/12\/AVS-chamber-with-tubes.jpg\" alt=\"avs chamber with tubes. rotating electromagnetic field\" width=\"300\" height=\"192\" \/><\/td>\r\n<td width=\"219\"><img class=\"aligncenter wp-image-3476 size-full\" src=\"https:\/\/globecore.com\/wp-content\/uploads\/2016\/12\/AVS-chamber-with-rotor.jpg\" alt=\"avs chamber with rotor. rotating electromagnetic field\" width=\"300\" height=\"203\" \/><\/td>\r\n<\/tr>\r\n<tr>\r\n<td width=\"219\"><span style=\"font-weight: 400;\">Fig. 4. c\u00e2mera AVS com facas:\u00a0<\/span><span style=\"font-weight: 400;\">1 \u2013 facas; 2 \u2013 c\u00e2mera ; 3 \u2013 filtro; 4 \u2013 bucha<\/span><\/td>\r\n<td width=\"219\"><span style=\"font-weight: 400;\">Fig. 5. c\u00e2mera AVS com tubos:\u00a0<\/span><span style=\"font-weight: 400;\">1 \u2013 c\u00e2mera ; 2 \u2013 filtro; 3 \u2013 Bucha; 4 \u2013 tubos; 5 \u2013 Tubo de filtro<\/span><\/td>\r\n<td width=\"219\"><span style=\"font-weight: 400;\">Fig. 6. c\u00e2mera AVS com rotor:\u00a0<\/span><span style=\"font-weight: 400;\">1 \u2013 c\u00e2mera; 2\u2013 buchas de bronze (lubrificadas e resfriadas com o l\u00edquido tratado);\u00a0<\/span><span style=\"font-weight: 400;\">3 \u2013 inv\u00f3lucro; 4 \u2013 Rotor<\/span><\/td>\r\n<\/tr>\r\n<\/tbody>\r\n<\/table>\r\n<p style=\"text-align: justify;\"><b>Unidade AVS -100 com elementos ferromagn\u00e9ticos destina-se \u00e0 intensifica\u00e7\u00e3o de processos f\u00edsicos e qu\u00edmicos..<\/b><\/p>\r\n<p style=\"text-align: justify;\"><span style=\"font-weight: 400;\">A unidade \u00e9 usada com sucesso para tais fins:<\/span><\/p>\r\n\r\n<ul style=\"text-align: justify;\">\r\n \t<li style=\"font-weight: 400;\"><span style=\"font-weight: 400;\">Produ\u00e7\u00e3o de emuls\u00f5es e suspens\u00f5es multicomponentes,<\/span><\/li>\r\n \t<li style=\"font-weight: 400;\"><span style=\"font-weight: 400;\">Acelerando a produ\u00e7\u00e3o de misturas finas,<\/span><\/li>\r\n \t<li style=\"font-weight: 400;\"><span style=\"font-weight: 400;\">Ativa\u00e7\u00e3o de materiais em forma seca e \u00e1gua<\/span><\/li>\r\n \t<li style=\"font-weight: 400;\"><span style=\"font-weight: 400;\">Melhorando as propriedades da borracha e reduzindo o tempo de vulcaniza\u00e7\u00e3o<\/span><\/li>\r\n \t<li style=\"font-weight: 400;\"><span style=\"font-weight: 400;\">Purifica\u00e7\u00e3o completa de \u00e1guas residuais industriais a partir de fenol, formalde\u00eddo, metais pesados, ars\u00eanio, cianetos<\/span><\/li>\r\n \t<li style=\"font-weight: 400;\"><span style=\"font-weight: 400;\">Acelera\u00e7\u00e3o do tratamento t\u00e9rmico<\/span><\/li>\r\n \t<li style=\"font-weight: 400;\"><span style=\"font-weight: 400;\">Produ\u00e7\u00e3o de prote\u00ednas a partir de c\u00e9lulas de levedura<\/span><\/li>\r\n \t<li style=\"font-weight: 400;\"><span style=\"font-weight: 400;\">Melhoria da estabilidade microbiol\u00f3gica de alimentos e ativa\u00e7\u00e3o de fermento ao cozer p\u00e3o<\/span><\/li>\r\n \t<li style=\"font-weight: 400;\"><span style=\"font-weight: 400;\">Melhorar produtos semi-fabricados \u00a0e acabados de carne e peixe<\/span><\/li>\r\n \t<li style=\"font-weight: 400;\"><span style=\"font-weight: 400;\">Intensifica\u00e7\u00e3o da extra\u00e7\u00e3o, incluindo a produ\u00e7\u00e3o de caldos, sucos, pectina, etc.<\/span><\/li>\r\n \t<li style=\"font-weight: 400;\"><span style=\"font-weight: 400;\">Produ\u00e7\u00e3o de suspens\u00f5es e emuls\u00f5es de seguran\u00e7a microbiol\u00f3gica aprimorada na ind\u00fastria de alimentos, sem o uso de estabilizadores, bem como um aumento no rendimento do produto.<\/span><\/li>\r\n<\/ul>\r\n<p style=\"text-align: justify;\"><b>O campo eletromagn\u00e9tico girat\u00f3rio aciona os elementos ferromagn\u00e9ticos na zona ativa e cria a chamada \u201ccamada de v\u00f3rtice\u201d.<\/b><\/p>\r\n\r\n<h3 style=\"text-align: justify;\"><b>A unidade AVS \u00a0\u00e9 usada como:<\/b><\/h3>\r\n<ul>\r\n \t<li style=\"font-weight: 400; text-align: justify;\"><span style=\"font-weight: 400;\">Reator,<\/span><\/li>\r\n \t<li style=\"font-weight: 400; text-align: justify;\"><span style=\"font-weight: 400;\">Misturador,<\/span><\/li>\r\n \t<li style=\"font-weight: 400; text-align: justify;\"><span style=\"font-weight: 400;\">Moinho,<\/span><\/li>\r\n \t<li style=\"font-weight: 400; text-align: justify;\"><span style=\"font-weight: 400;\">Extrator,<\/span><\/li>\r\n \t<li style=\"font-weight: 400; text-align: justify;\"><span style=\"font-weight: 400;\">Dispositivo de processamento magn\u00e9tico<\/span><\/li>\r\n \t<li style=\"font-weight: 400; text-align: justify;\"><span style=\"font-weight: 400;\">Materiais ativadores, etc.<\/span><\/li>\r\n<\/ul>\r\n<ul>\r\n \t<li style=\"text-align: justify;\">Obten\u00e7\u00e3o de suspens\u00f5es e emuls\u00f5es multicomponentes;<\/li>\r\n \t<li style=\"text-align: justify;\">acelerando os processos de obten\u00e7\u00e3o de misturas finas, a ativa\u00e7\u00e3o de subst\u00e2ncias no estado seco, e na forma de dispers\u00f5es aquosas (o que leva a melhores propriedades f\u00edsicas e mec\u00e2nicas da borracha e reduz o tempo de vulcaniza\u00e7\u00e3o);<\/li>\r\n \t<li style=\"text-align: justify;\">para o tratamento completo de efluentes industriais (fenol, formalde\u00eddo, metais pesados, ars\u00eanico, compostos de cianeto, acelera\u00e7\u00e3o de processos de tratamento t\u00e9rmico, produ\u00e7\u00e3o de subst\u00e2ncias prot\u00e9icas a partir de c\u00e9lulas de levedura);<\/li>\r\n \t<li style=\"text-align: justify;\">melhorar a estabilidade microbiol\u00f3gica dos alimentos e a ativa\u00e7\u00e3o da levedura na produ\u00e7\u00e3o de panifica\u00e7\u00e3o;<\/li>\r\n \t<li style=\"text-align: justify;\">melhorar a qualidade de produtos de carne e peixe semi-acabados e acabados;<\/li>\r\n \t<li style=\"text-align: justify;\">intensifica\u00e7\u00e3o de processos de extra\u00e7\u00e3o, incluindo a prepara\u00e7\u00e3o de caldos, a produ\u00e7\u00e3o de bebidas de baga (sucos), pectina, etc .;<\/li>\r\n \t<li style=\"text-align: justify;\">para obten\u00e7\u00e3o de suspens\u00f5es e emuls\u00f5es de maior seguran\u00e7a microbiol\u00f3gica na ind\u00fastria de alimentos sem o uso de estabilizadores, bem como para aumentar o rendimento de produtos acabados.<\/li>\r\n<\/ul>"}],"add_def_tab":[{"tab_title":"Par\u00e2metros","tab_content":"<h4 style=\"text-align: center;\"><b>Especifica\u00e7\u00f5es AVS-100<\/b><\/h4>\r\n<table>\r\n<tbody>\r\n<tr>\r\n<td rowspan=\"2\">\r\n<p style=\"text-align: center;\"><b>Par\u00e2metro<\/b><\/p>\r\n<\/td>\r\n<td>\r\n<p style=\"text-align: center;\"><b>Tipo<\/b><\/p>\r\n<\/td>\r\n<\/tr>\r\n<tr>\r\n<td>\r\n<p style=\"text-align: center;\"><b>AVS-100<\/b><\/p>\r\n<\/td>\r\n<\/tr>\r\n<tr>\r\n<td><span style=\"font-weight: 400;\">M\u00e1xima produtividade, m3 \/ hora<\/span>\r\n\r\n<span style=\"font-weight: 400;\">\u2013 tratamento de \u00e1guas residuais<\/span><\/td>\r\n<td>\r\n<p style=\"text-align: center;\"><span style=\"font-weight: 400;\">12<\/span><\/p>\r\n<\/td>\r\n<\/tr>\r\n<tr>\r\n<td><span style=\"font-weight: 400;\">\u2013 produ\u00e7\u00e3o de suspens\u00e3o<\/span><\/td>\r\n<td>\r\n<p style=\"text-align: center;\"><span style=\"font-weight: 400;\">5<\/span><\/p>\r\n<\/td>\r\n<\/tr>\r\n<tr>\r\n<td><span style=\"font-weight: 400;\">Press\u00e3o de trabalho, MPa (kg \/ cm2), n\u00e3o menos::<\/span><\/td>\r\n<td>\r\n<p style=\"text-align: center;\"><span style=\"font-weight: 400;\">0,25 (2,5)<\/span><\/p>\r\n<\/td>\r\n<\/tr>\r\n<tr>\r\n<td><span style=\"font-weight: 400;\">Di\u00e2metro da c\u00e2mara, mm<\/span><\/td>\r\n<td>\r\n<p style=\"text-align: center;\"><span style=\"font-weight: 400;\">90<\/span><\/p>\r\n<\/td>\r\n<\/tr>\r\n<tr>\r\n<td><span style=\"font-weight: 400;\"><span class=\"tlid-translation translation\"><span class=\"\" title=\"\">Indu\u00e7\u00e3o magn\u00e9tica na \u00e1rea de trabalho, T<\/span><\/span><\/span><\/td>\r\n<td>\r\n<p style=\"text-align: center;\"><span style=\"font-weight: 400;\">0,15<\/span><\/p>\r\n<\/td>\r\n<\/tr>\r\n<tr>\r\n<td><span style=\"font-weight: 400;\">Fonte de alimenta\u00e7\u00e3o<\/span><\/td>\r\n<td>\r\n<p style=\"text-align: center;\"><span style=\"font-weight: 400;\">Alimenta\u00e7\u00e3o AC<\/span><\/p>\r\n<\/td>\r\n<\/tr>\r\n<tr>\r\n<td><span style=\"font-weight: 400;\">Freq\u00fc\u00eancia, Hz<\/span><\/td>\r\n<td>\r\n<p style=\"text-align: center;\"><span style=\"font-weight: 400;\">50<\/span><\/p>\r\n<\/td>\r\n<\/tr>\r\n<tr>\r\n<td><span style=\"font-weight: 400;\">Tens\u00e3o, v<\/span><\/td>\r\n<td>\r\n<p style=\"text-align: center;\"><span style=\"font-weight: 400;\">380<\/span><\/p>\r\n<\/td>\r\n<\/tr>\r\n<tr>\r\n<td><span style=\"font-weight: 400;\">A freq\u00fc\u00eancia de rota\u00e7\u00e3o do campo eletromagn\u00e9tico na zona ativa, rev \/ min<\/span><\/td>\r\n<td>\r\n<p style=\"text-align: center;\"><span style=\"font-weight: 400;\">3 000<\/span><\/p>\r\n<\/td>\r\n<\/tr>\r\n<tr>\r\n<td><span style=\"font-weight: 400;\">Consumo de energia, kW<\/span><\/td>\r\n<td>\r\n<p style=\"text-align: center;\"><span style=\"font-weight: 400;\">4,5<\/span><\/p>\r\n<\/td>\r\n<\/tr>\r\n<tr>\r\n<td><span style=\"font-weight: 400;\">Dimens\u00f5es, mm<\/span><\/td>\r\n<td>\r\n<p style=\"text-align: center;\"><span style=\"font-weight: 400;\">1200\u00d7900\u00d71610<\/span><\/p>\r\n<\/td>\r\n<\/tr>\r\n<tr>\r\n<td><span style=\"font-weight: 400;\">Peso, kg<\/span><\/td>\r\n<td>\r\n<p style=\"text-align: center;\"><span style=\"font-weight: 400;\">520<\/span><\/p>\r\n<\/td>\r\n<\/tr>\r\n<\/tbody>\r\n<\/table>"},{"tab_title":"Benef\u00edcios","tab_content":"<ul>\r\n \t<li style=\"font-weight: 400; text-align: justify;\"><span style=\"font-weight: 400;\">moagem simult\u00e2nea, mistura e ativa\u00e7\u00e3o das subst\u00e2ncias tratadas;<\/span><\/li>\r\n \t<li style=\"font-weight: 400; text-align: justify;\"><span style=\"font-weight: 400;\">alta finura de moagem;<\/span><\/li>\r\n \t<li style=\"font-weight: 400; text-align: justify;\"><span style=\"font-weight: 400;\">intensifica\u00e7\u00e3o de processos tecnol\u00f3gicos. Processamento leva segundos e fra\u00e7\u00f5es de segundos;<\/span><\/li>\r\n \t<li style=\"font-weight: 400; text-align: justify;\"><span style=\"font-weight: 400;\">redu\u00e7\u00e3o do consumo de eletricidade;<\/span><\/li>\r\n \t<li style=\"font-weight: 400; text-align: justify;\"><span style=\"font-weight: 400;\">economia de mat\u00e9rias-primas e materiais;<\/span><\/li>\r\n \t<li style=\"font-weight: 400; text-align: justify;\"><span style=\"font-weight: 400;\">facilidade de implementa\u00e7\u00e3o nas linhas de processamento existentes.<\/span><\/li>\r\n<\/ul>"},{"tab_title":"Aplica\u00e7\u00e3o","tab_content":"[product_oil_types]"}],"add_video_tab":[{"video_tab_title":"Video","add_video_id":[{"video_id":"BqVg7VjpWHI"},{"video_id":"vThybyQcyb0"},{"video_id":"dHtVLNT588w"},{"video_id":"Ly3MdpmVf78"}]}],"add_gallery_tab":[{"gallery_tab_title":"Foto","add_img":[20661,20665]}],"add_price_tab":[{"price_tab_title":"Obter pre\u00e7o"}]},"language":"pt-pt","_links":{"self":[{"href":"https:\/\/globecore.com\/pt-pt\/wp-json\/wp\/v2\/pages\/20390","targetHints":{"allow":["GET"]}}],"collection":[{"href":"https:\/\/globecore.com\/pt-pt\/wp-json\/wp\/v2\/pages"}],"about":[{"href":"https:\/\/globecore.com\/pt-pt\/wp-json\/wp\/v2\/types\/page"}],"author":[{"embeddable":true,"href":"https:\/\/globecore.com\/pt-pt\/wp-json\/wp\/v2\/users\/7"}],"replies":[{"embeddable":true,"href":"https:\/\/globecore.com\/pt-pt\/wp-json\/wp\/v2\/comments?post=20390"}],"version-history":[{"count":2,"href":"https:\/\/globecore.com\/pt-pt\/wp-json\/wp\/v2\/pages\/20390\/revisions"}],"predecessor-version":[{"id":341803,"href":"https:\/\/globecore.com\/pt-pt\/wp-json\/wp\/v2\/pages\/20390\/revisions\/341803"}],"up":[{"embeddable":true,"href":"https:\/\/globecore.com\/pt-pt\/wp-json\/wp\/v2\/pages\/20385"}],"wp:featuredmedia":[{"embeddable":true,"href":"https:\/\/globecore.com\/pt-pt\/wp-json\/wp\/v2\/media\/23260"}],"wp:attachment":[{"href":"https:\/\/globecore.com\/pt-pt\/wp-json\/wp\/v2\/media?parent=20390"}],"wp:term":[{"taxonomy":"category","embeddable":true,"href":"https:\/\/globecore.com\/pt-pt\/wp-json\/wp\/v2\/categories?post=20390"}],"curies":[{"name":"wp","href":"https:\/\/api.w.org\/{rel}","templated":true}]}}