{"id":20430,"date":"2016-04-01T07:14:15","date_gmt":"2016-04-01T07:14:15","guid":{"rendered":"https:\/\/globecore.com\/products\/oil-processing-equipment\/oil-heating\/stream-oil-heating.html"},"modified":"2026-03-06T13:07:22","modified_gmt":"2026-03-06T13:07:22","slug":"stream-oil-heating","status":"publish","type":"page","link":"https:\/\/globecore.com\/pt-pt\/products\/aquecimento-de-oleo\/stream-oil-heating\/","title":{"rendered":"PPM Aquecedor de \u00f3leo"},"content":{"rendered":"","protected":false},"excerpt":{"rendered":"<p>A unidade de aquecimento de \u00f3leo PPM \u00e9 projetada para aquecer \u00f3leo de transformador durante adi\u00e7\u00e3o, substitui\u00e7\u00e3o ou secagem do transformador. Tamb\u00e9m pode aquecer \u00f3leos minerais, \u00f3leos industriais, \u00f3leos de turbina e outros l\u00edquidos n\u00e3o corrosivos. A unidade \u00e9 ideal para usinas, instala\u00e7\u00f5es de manuseio de \u00f3leo e locais de reparo e manuten\u00e7\u00e3o de transformadores, podendo operar em ambientes internos ou externos sob uma cobertura adequada. \u00c9 adequada para \u00f3leos e l\u00edquidos com viscosidade cinem\u00e1tica inferior a 70\u202fcSt a 50\u202f\u00b0C e tamb\u00e9m pode ser utilizada na ind\u00fastria de refino de petr\u00f3leo para aquecer produtos petrol\u00edferos ou l\u00edquidos contendo areia, lodo e outras impurezas.<\/p>\n","protected":false},"author":7,"featured_media":30866,"parent":20425,"menu_order":0,"comment_status":"closed","ping_status":"closed","template":"templates\/single-product.php","meta":{"_acf_changed":false,"_bbp_topic_count":0,"_bbp_reply_count":0,"_bbp_total_topic_count":0,"_bbp_total_reply_count":0,"_bbp_voice_count":0,"_bbp_anonymous_reply_count":0,"_bbp_topic_count_hidden":0,"_bbp_reply_count_hidden":0,"_bbp_forum_subforum_count":0,"footnotes":""},"categories":[1341],"class_list":["post-20430","page","type-page","status-publish","has-post-thumbnail","hentry","category-oil-maintenance-pt-pt","oil_type-combustivel-diesel","oil_type-oleo-hidraulico","oil_type-oleo-industrial","oil_type-oleo-para-compressores","oil_type-oleo-para-transformadores","oil_type-oleo-para-turbinas","process_type-calefacao"],"acf":{"add_tab":[{"tab_title":"Descri\u00e7\u00e3o","tab_content":"<p style=\"text-align: justify;\"><span style=\"font-weight: 400;\">O aquecedor de \u00f3leo PPM \u00e9 projetado para aquecer o \u00f3leo do transformador em (1) reabastecer o \u00f3leo no transformador; (2) substituir o \u00f3leo do transformador; e (3) ao secar transformadores. Al\u00e9m disso, a unidade pode aquecer \u00f3leos minerais, industriais, turbinados e outros, bem como quaisquer l\u00edquidos n\u00e3o corrosivos.<\/span><\/p>\r\n<p style=\"text-align: justify;\"><span style=\"font-weight: 400;\">O aquecedor \u00e9 projetado para uso em usinas de energia, em f\u00e1bricas de petr\u00f3leo e petroqu\u00edmica e em empresas para a repara\u00e7\u00e3o e manuten\u00e7\u00e3o de transformadores. A unidade pode funcionar em ambientes fechados e ao ar livre sob um dossel.<\/span><\/p>\r\n<p style=\"text-align: justify;\"><span style=\"font-weight: 400;\">\u00d3leos e fluidos devem ter uma viscosidade n\u00e3o superior a 70 cSt a 50 \u00b0 C. O PPM tamb\u00e9m \u00e9 usado para aquecer produtos petrol\u00edferos em refinarias e pode aquecer l\u00edquidos contendo areia, sedimentos, etc.<\/span><\/p>"}],"add_def_tab":[{"tab_title":"Par\u00e2metros","tab_content":"<table>\r\n<tbody>\r\n<tr>\r\n<td rowspan=\"2\">\r\n<p style=\"text-align: center;\"><b>Par\u00e2metro<\/b><\/p>\r\n<\/td>\r\n<td colspan=\"3\">\r\n<p style=\"text-align: center;\"><b>Aquecedor de \u00f3leo <\/b><\/p>\r\n<\/td>\r\n<\/tr>\r\n<tr>\r\n<td>\r\n<p style=\"text-align: center;\"><b>PPM-18<\/b><\/p>\r\n<\/td>\r\n<td>\r\n<p style=\"text-align: center;\"><b>PPM-50<\/b><\/p>\r\n<\/td>\r\n<td>\r\n<p style=\"text-align: center;\"><b>PPM-70<\/b><\/p>\r\n<\/td>\r\n<\/tr>\r\n<tr>\r\n<td><span style=\"font-weight: 400;\">Produtividade com press\u00e3o de entrada de 0,2 MPa, m3 \/ hora, n\u00e3o mais<\/span><\/td>\r\n<td>\r\n<p style=\"text-align: center;\"><span style=\"font-weight: 400;\">2.2<\/span><\/p>\r\n<\/td>\r\n<td><\/td>\r\n<td><\/td>\r\n<\/tr>\r\n<tr>\r\n<td><span style=\"font-weight: 400;\">Produtividade com press\u00e3o de entrada de 0,24 MPa, m3 \/ hora, n\u00e3o mais<\/span><\/td>\r\n<td>\r\n<p style=\"text-align: center;\"><span style=\"font-weight: 400;\">\u2013<\/span><\/p>\r\n<\/td>\r\n<td>\r\n<p style=\"text-align: center;\"><span style=\"font-weight: 400;\">1,2<\/span><\/p>\r\n<\/td>\r\n<td>\r\n<p style=\"text-align: center;\"><span style=\"font-weight: 400;\">4<\/span><\/p>\r\n<\/td>\r\n<\/tr>\r\n<tr>\r\n<td><span style=\"font-weight: 400;\">Press\u00e3o de fluido, MPa, n\u00e3o mais<\/span><\/td>\r\n<td>\r\n<p style=\"text-align: center;\"><span style=\"font-weight: 400;\">0.6<\/span><\/p>\r\n<\/td>\r\n<td>\r\n<p style=\"text-align: center;\"><span style=\"font-weight: 400;\">4<\/span><\/p>\r\n<\/td>\r\n<td>\r\n<p style=\"text-align: center;\"><span style=\"font-weight: 400;\">2.5<\/span><\/p>\r\n<\/td>\r\n<\/tr>\r\n<tr>\r\n<td><span style=\"font-weight: 400;\">Pot\u00eancia nominal kW<\/span><\/td>\r\n<td>\r\n<p style=\"text-align: center;\"><span style=\"font-weight: 400;\">19.5<\/span><\/p>\r\n<\/td>\r\n<td>\r\n<p style=\"text-align: center;\"><span style=\"font-weight: 400;\">56<\/span><\/p>\r\n<\/td>\r\n<td>\r\n<p style=\"text-align: center;\"><span style=\"font-weight: 400;\">74<\/span><\/p>\r\n<\/td>\r\n<\/tr>\r\n<tr>\r\n<td><span style=\"font-weight: 400;\">Tens\u00e3o de alimenta\u00e7\u00e3o ~ 50 Hz, V (60Hz a pedido)<\/span><\/td>\r\n<td>\r\n<p style=\"text-align: center;\"><span style=\"font-weight: 400;\">380\/220<\/span><\/p>\r\n<\/td>\r\n<td>\r\n<p style=\"text-align: center;\"><span style=\"font-weight: 400;\">380<\/span><\/p>\r\n<\/td>\r\n<td>\r\n<p style=\"text-align: center;\"><span style=\"font-weight: 400;\">380<\/span><\/p>\r\n<\/td>\r\n<\/tr>\r\n<tr>\r\n<td><span style=\"font-weight: 400;\">Temperatura m\u00e1xima de aquecimento, \u00b0 C \/ F<\/span><\/td>\r\n<td>\r\n<p style=\"text-align: center;\"><span style=\"font-weight: 400;\">120\/248<\/span><\/p>\r\n<\/td>\r\n<td>\r\n<p style=\"text-align: center;\"><span style=\"font-weight: 400;\">150\/302*<\/span><\/p>\r\n<\/td>\r\n<td><\/td>\r\n<\/tr>\r\n<tr>\r\n<td colspan=\"4\"><span style=\"font-weight: 400;\">Dimens\u00f5es, mm \/ p\u00e9s, n\u00e3o mais<\/span><\/td>\r\n<\/tr>\r\n<tr>\r\n<td><span style=\"font-weight: 400;\">\u2022Comprimento<\/span><\/td>\r\n<td>\r\n<p style=\"text-align: center;\"><span style=\"font-weight: 400;\">800\/2\u20198\u201d<\/span><\/p>\r\n<\/td>\r\n<td>\r\n<p style=\"text-align: center;\"><span style=\"font-weight: 400;\">1180\/3\u201911\u201d<\/span><\/p>\r\n<\/td>\r\n<td><span style=\"font-weight: 400;\">1220\/4\u2019<\/span><\/td>\r\n<\/tr>\r\n<tr>\r\n<td><span style=\"font-weight: 400;\">\u2022 Largura<\/span><\/td>\r\n<td>\r\n<p style=\"text-align: center;\"><span style=\"font-weight: 400;\">660\/\/2\u20192\u201d<\/span><\/p>\r\n<\/td>\r\n<td>\r\n<p style=\"text-align: center;\"><span style=\"font-weight: 400;\">800\/2\u20198\u201d<\/span><\/p>\r\n<\/td>\r\n<td>\r\n<p style=\"text-align: center;\"><span style=\"font-weight: 400;\">820\/2\u20198\u201d<\/span><\/p>\r\n<\/td>\r\n<\/tr>\r\n<tr>\r\n<td><span style=\"font-weight: 400;\">\u2022 Altura<\/span><\/td>\r\n<td>\r\n<p style=\"text-align: center;\"><span style=\"font-weight: 400;\">1830\/\/6\u2019<\/span><\/p>\r\n<\/td>\r\n<td>\r\n<p style=\"text-align: center;\"><span style=\"font-weight: 400;\">1870\/6\u20192\u201d<\/span><\/p>\r\n<\/td>\r\n<td>\r\n<p style=\"text-align: center;\"><span style=\"font-weight: 400;\">1900\/6\u20193\u201d<\/span><\/p>\r\n<\/td>\r\n<\/tr>\r\n<tr>\r\n<td><span style=\"font-weight: 400;\">Massa, kg \/ lb, n\u00e3o mais<\/span><\/td>\r\n<td>\r\n<p style=\"text-align: center;\"><span style=\"font-weight: 400;\">180\/397.8<\/span><\/p>\r\n<\/td>\r\n<td>\r\n<p style=\"text-align: center;\"><span style=\"font-weight: 400;\">400\/884<\/span><\/p>\r\n<\/td>\r\n<td>\r\n<p style=\"text-align: center;\"><span style=\"font-weight: 400;\">500\/1,105<\/span><\/p>\r\n<\/td>\r\n<\/tr>\r\n<\/tbody>\r\n<\/table>\r\n<p style=\"text-align: justify;\"><span style=\"font-weight: 400;\">* A pedido do cliente, a temperatura m\u00e1xima de aquecimento pode ser aumentada para \u00a0200\u00b0\u0421\/ 392\u00b0F<\/span><\/p>"},{"tab_title":"Benef\u00edcios","tab_content":"<ul>\r\n \t<li style=\"font-weight: 400; text-align: justify;\"><span style=\"font-weight: 400;\">tamanho pequeno;<\/span><\/li>\r\n \t<li style=\"font-weight: 400; text-align: justify;\"><span style=\"font-weight: 400;\">baixa capacidade de calor;<\/span><\/li>\r\n \t<li style=\"font-weight: 400; text-align: justify;\"><span style=\"font-weight: 400;\">falta de superaquecimento severo devido a falta de energia. Depois de desligar a unidade, a temperatura do \u00f3leo pode aumentar at\u00e9 um m\u00e1ximo de 15-20 graus. Neste caso, uma emerg\u00eancia n\u00e3o pode surgir em princ\u00edpio;<\/span><\/li>\r\n \t<li style=\"font-weight: 400; text-align: justify;\"><span style=\"font-weight: 400;\">facilidade de manuten\u00e7\u00e3o.<\/span><\/li>\r\n<\/ul>"},{"tab_title":"Aplica\u00e7\u00e3o","tab_content":"[product_oil_types]"},{"tab_title":"Webinar","tab_content":"<div class=\"responsive-embed widescreen\">\r\n<div class=\"responsive-embed widescreen\">\r\n<div class=\"responsive-embed widescreen\">\r\n<div class=\"responsive-embed widescreen\"><iframe title=\"Manuten\u00e7\u00e3o dos transformadores de pot\u00eancia\" src=\"https:\/\/www.youtube.com\/embed\/RblXgV_sUy0?feature=oembed\" width=\"500\" height=\"281\" frameborder=\"0\" allowfullscreen=\"allowfullscreen\"><\/iframe><\/div>\r\n<\/div>\r\n<\/div>\r\n<\/div>"}],"add_video_tab":[{"video_tab_title":"Video","add_video_id":[{"video_id":"iHWNp0jeOrY"},{"video_id":"NT_L6QeteI4"},{"video_id":"ijNrRV0JCHI"},{"video_id":"Spw_WeXPcis"}]}],"add_gallery_tab":[{"gallery_tab_title":"Photo","add_img":[31732]}],"add_price_tab":[{"price_tab_title":"Obter pre\u00e7o"}]},"language":"pt-pt","_links":{"self":[{"href":"https:\/\/globecore.com\/pt-pt\/wp-json\/wp\/v2\/pages\/20430","targetHints":{"allow":["GET"]}}],"collection":[{"href":"https:\/\/globecore.com\/pt-pt\/wp-json\/wp\/v2\/pages"}],"about":[{"href":"https:\/\/globecore.com\/pt-pt\/wp-json\/wp\/v2\/types\/page"}],"author":[{"embeddable":true,"href":"https:\/\/globecore.com\/pt-pt\/wp-json\/wp\/v2\/users\/7"}],"replies":[{"embeddable":true,"href":"https:\/\/globecore.com\/pt-pt\/wp-json\/wp\/v2\/comments?post=20430"}],"version-history":[{"count":2,"href":"https:\/\/globecore.com\/pt-pt\/wp-json\/wp\/v2\/pages\/20430\/revisions"}],"predecessor-version":[{"id":336183,"href":"https:\/\/globecore.com\/pt-pt\/wp-json\/wp\/v2\/pages\/20430\/revisions\/336183"}],"up":[{"embeddable":true,"href":"https:\/\/globecore.com\/pt-pt\/wp-json\/wp\/v2\/pages\/20425"}],"wp:featuredmedia":[{"embeddable":true,"href":"https:\/\/globecore.com\/pt-pt\/wp-json\/wp\/v2\/media\/30866"}],"wp:attachment":[{"href":"https:\/\/globecore.com\/pt-pt\/wp-json\/wp\/v2\/media?parent=20430"}],"wp:term":[{"taxonomy":"category","embeddable":true,"href":"https:\/\/globecore.com\/pt-pt\/wp-json\/wp\/v2\/categories?post=20430"}],"curies":[{"name":"wp","href":"https:\/\/api.w.org\/{rel}","templated":true}]}}