{"id":20445,"date":"2018-12-19T12:34:35","date_gmt":"2018-12-19T12:34:35","guid":{"rendered":"https:\/\/globecore.com\/products\/oil-processing-equipment\/zeolite-oil-drying-units\/zp-sorbent-cartridges.html"},"modified":"2026-03-06T08:27:21","modified_gmt":"2026-03-06T08:27:21","slug":"zp-sorbent-cartridges","status":"publish","type":"page","link":"https:\/\/globecore.com\/pt-pt\/products\/secar-oleos-com-zeolito\/zp-sorbent-cartridges\/","title":{"rendered":"ZP-260 Cartuchos adsorvente"},"content":{"rendered":"","protected":false},"excerpt":{"rendered":"<p>A esta\u00e7\u00e3o m\u00f3vel de \u00f3leo ZP-260 \u00e9 projetada para purifica\u00e7\u00e3o de \u00f3leos lubrificantes e isolantes el\u00e9tricos, remo\u00e7\u00e3o de impurezas mec\u00e2nicas e secagem de \u00f3leos com viscosidade de at\u00e9 70\u202fcSt a 40\u202f\u00b0C. A unidade utiliza cartuchos de sorvente especialmente projetados para secagem de \u00f3leos com ze\u00f3lita ou outros adsorventes e possui tampas para carregamento e descarregamento r\u00e1pidos. Sua vaz\u00e3o \u00e9 de 4\u202fm\u00b3\/h. Os cartuchos tamb\u00e9m podem ser preenchidos com adsorventes alternativos, como terra de Fuller ou gel de s\u00edlica, tornando a unidade adequada para regenera\u00e7\u00e3o de \u00f3leo e redu\u00e7\u00e3o de acidez. A ZP-260 \u00e9 utilizada durante a montagem, manuten\u00e7\u00e3o e opera\u00e7\u00e3o de equipamentos de alta tens\u00e3o preenchidos com \u00f3leo de at\u00e9 1.150\u202fkV, incluindo transformadores de pot\u00eancia, interruptores de alta tens\u00e3o e dispositivos similares.<\/p>\n","protected":false},"author":7,"featured_media":18494,"parent":20441,"menu_order":0,"comment_status":"closed","ping_status":"closed","template":"templates\/single-product.php","meta":{"_acf_changed":false,"_bbp_topic_count":0,"_bbp_reply_count":0,"_bbp_total_topic_count":0,"_bbp_total_reply_count":0,"_bbp_voice_count":0,"_bbp_anonymous_reply_count":0,"_bbp_topic_count_hidden":0,"_bbp_reply_count_hidden":0,"_bbp_forum_subforum_count":0,"footnotes":""},"categories":[1341],"class_list":["post-20445","page","type-page","status-publish","has-post-thumbnail","hentry","category-oil-maintenance-pt-pt","oil_type-fluido-dieletrico-fr3","oil_type-fluido-dieletrico-midel-7131","oil_type-fluido-resistente-ao-fogo-fyrquel","oil_type-oleo-de-silicone","oil_type-oleo-de-transmissao","oil_type-oleo-hidraulico","oil_type-oleo-industrial","oil_type-oleo-para-cabos","oil_type-oleo-para-compressores","oil_type-oleo-para-transformadores","oil_type-oleo-para-turbinas","process_type-desidratacao","process_type-filtragem"],"acf":{"add_tab":[{"tab_title":"Descri\u00e7\u00e3o","tab_content":"<p style=\"text-align: justify;\"><span style=\"font-weight: 400;\">Os cartuchos de absorvente ZP-260 s\u00e3o projetados para a secagem de \u00f3leos de lubrifica\u00e7\u00e3o e isolamento el\u00e9trico por ze\u00f3litos ou outros adsorventes. A unidade est\u00e1 equipada com escotilhas para carregamento e descarregamento r\u00e1pido de absorvente. Os cartuchos da unidade ZP-260 podem ser preenchidos n\u00e3o apenas com ze\u00f3lito, mas com outros adsorventes, como terra de Fuller ou s\u00edlica gel, tornando a unidade adequada para regenera\u00e7\u00e3o de \u00f3leo e redu\u00e7\u00e3o de acidez.<\/span><\/p>"}],"add_def_tab":[{"tab_title":"Par\u00e2metros","tab_content":"<table>\r\n<tbody>\r\n<tr>\r\n<td rowspan=\"2\">\r\n<p style=\"text-align: center;\"><b>Par\u00e2metros<\/b><\/p>\r\n<\/td>\r\n<td colspan=\"2\">\r\n<p style=\"text-align: center;\"><b>Valores<\/b><\/p>\r\n<\/td>\r\n<\/tr>\r\n<tr>\r\n<td>\r\n<p style=\"text-align: center;\"><b>ZP-130<\/b><\/p>\r\n<\/td>\r\n<td>\r\n<p style=\"text-align: center;\"><b>ZP-260<\/b><\/p>\r\n<\/td>\r\n<\/tr>\r\n<tr>\r\n<td><span style=\"font-weight: 400;\">Taxa de transfer\u00eancia, m3 \/ hora (gpm)<\/span><\/td>\r\n<td>\r\n<p style=\"text-align: center;\"><span style=\"font-weight: 400;\">2 (8.8)<\/span><\/p>\r\n<\/td>\r\n<td>\r\n<p style=\"text-align: center;\"><span style=\"font-weight: 400;\">4 (17.6)<\/span><\/p>\r\n<\/td>\r\n<\/tr>\r\n<tr>\r\n<td><span style=\"font-weight: 400;\">N\u00famero de reservat\u00f3rios <\/span><\/td>\r\n<td>\r\n<p style=\"text-align: center;\"><span style=\"font-weight: 400;\">1<\/span><\/p>\r\n<\/td>\r\n<td>\r\n<p style=\"text-align: center;\"><span style=\"font-weight: 400;\">2<\/span><\/p>\r\n<\/td>\r\n<\/tr>\r\n<tr>\r\n<td><span style=\"font-weight: 400;\"> Volume do reservat\u00f3rio geom\u00e9trica total de litros (gal\u00f5es)<\/span><\/td>\r\n<td>\r\n<p style=\"text-align: center;\"><span style=\"font-weight: 400;\">130 (34.34)<\/span><\/p>\r\n<\/td>\r\n<td>\r\n<p style=\"text-align: center;\"><span style=\"font-weight: 400;\">260 (68.68)<\/span><\/p>\r\n<\/td>\r\n<\/tr>\r\n<tr>\r\n<td><span style=\"font-weight: 400;\">Classe de pureza do \u00f3leo ISO 4406<\/span><\/td>\r\n<td>\r\n<p style=\"text-align: center;\"><span style=\"font-weight: 400;\">-\/14\/12<\/span><\/p>\r\n<\/td>\r\n<td>\r\n<p style=\"text-align: center;\"><span style=\"font-weight: 400;\">-\/14\/12<\/span><\/p>\r\n<\/td>\r\n<\/tr>\r\n<tr>\r\n<td><span style=\"font-weight: 400;\">Regime de trabalho<\/span><\/td>\r\n<td>\r\n<p style=\"text-align: center;\"><span style=\"font-weight: 400;\">Apenas consecutivo<\/span><\/p>\r\n<\/td>\r\n<td>\r\n<p style=\"text-align: center;\"><span style=\"font-weight: 400;\">Paralelo ou consecutivo<\/span><\/p>\r\n<\/td>\r\n<\/tr>\r\n<tr>\r\n<td><span style=\"font-weight: 400;\">Filtra\u00e7\u00e3o, \u03bcm<\/span><\/td>\r\n<td>\r\n<p style=\"text-align: center;\"><span style=\"font-weight: 400;\">5 (1opcionalmente)<\/span><\/p>\r\n<\/td>\r\n<td>\r\n<p style=\"text-align: center;\"><span style=\"font-weight: 400;\">5 (1 opcionalmente)<\/span><\/p>\r\n<\/td>\r\n<\/tr>\r\n<tr>\r\n<td><span style=\"font-weight: 400;\">Temperatura m\u00e1xima de entrada de \u00f3leo,\u00b0\u0421 (\u00b0F)<\/span><\/td>\r\n<td>\r\n<p style=\"text-align: center;\"><span style=\"font-weight: 400;\">40 (104)<\/span><\/p>\r\n<\/td>\r\n<td>\r\n<p style=\"text-align: center;\"><span style=\"font-weight: 400;\">40 (104)<\/span><\/p>\r\n<\/td>\r\n<\/tr>\r\n<tr>\r\n<td><span style=\"font-weight: 400;\">Dimens\u00f5es, mm (entrada)<\/span><\/td>\r\n<td><\/td>\r\n<td><\/td>\r\n<\/tr>\r\n<tr>\r\n<td><span style=\"font-weight: 400;\">Comprimento<\/span><\/td>\r\n<td>\r\n<p style=\"text-align: center;\"><span style=\"font-weight: 400;\">900 (35)<\/span><\/p>\r\n<\/td>\r\n<td>\r\n<p style=\"text-align: center;\"><span style=\"font-weight: 400;\">1100 (43)<\/span><\/p>\r\n<\/td>\r\n<\/tr>\r\n<tr>\r\n<td><span style=\"font-weight: 400;\">Largura<\/span><\/td>\r\n<td>\r\n<p style=\"text-align: center;\"><span style=\"font-weight: 400;\">760 (30)<\/span><\/p>\r\n<\/td>\r\n<td>\r\n<p style=\"text-align: center;\"><span style=\"font-weight: 400;\">1000 (39)<\/span><\/p>\r\n<\/td>\r\n<\/tr>\r\n<tr>\r\n<td><span style=\"font-weight: 400;\">Altura<\/span><\/td>\r\n<td>\r\n<p style=\"text-align: center;\"><span style=\"font-weight: 400;\">2100 (83)<\/span><\/p>\r\n<\/td>\r\n<td>\r\n<p style=\"text-align: center;\"><span style=\"font-weight: 400;\">2190 (79)<\/span><\/p>\r\n<\/td>\r\n<\/tr>\r\n<tr>\r\n<td><span style=\"font-weight: 400;\">Peso, kg (lbs)<\/span><\/td>\r\n<td>\r\n<p style=\"text-align: center;\"><span style=\"font-weight: 400;\">170 (375)<\/span><\/p>\r\n<\/td>\r\n<td>\r\n<p style=\"text-align: center;\"><span style=\"font-weight: 400;\">570 (1260)<\/span><\/p>\r\n<\/td>\r\n<\/tr>\r\n<\/tbody>\r\n<\/table>"},{"tab_title":"Benef\u00edcios","tab_content":"<ul>\r\n \t<li style=\"text-align: justify;\"><span style=\"font-weight: 400;\">opera\u00e7\u00e3o e manuten\u00e7\u00e3o simples;<\/span><\/li>\r\n \t<li style=\"text-align: justify;\"><span style=\"font-weight: 400;\">extens\u00e3o da vida \u00fatil do \u00f3leo;<\/span><\/li>\r\n \t<li style=\"text-align: justify;\"><span style=\"font-weight: 400;\">v\u00e1rias configura\u00e7\u00f5es (estacion\u00e1rias ou m\u00f3veis);<\/span><\/li>\r\n \t<li style=\"text-align: justify;\"><span style=\"font-weight: 400;\">regenera\u00e7\u00e3o do adsorvente com uma unidade BRZ-100 com reutiliza\u00e7\u00e3o subsequente do adsorvente para processamento de \u00f3leo.<\/span><\/li>\r\n<\/ul>"},{"tab_title":"Aplica\u00e7\u00e3o","tab_content":"[product_oil_types]"},{"tab_title":"Webinar","tab_content":"<div class=\"responsive-embed widescreen\">\r\n<div class=\"responsive-embed widescreen\">\r\n<div class=\"responsive-embed widescreen\">\r\n<div class=\"responsive-embed widescreen\"><iframe title=\"Manuten\u00e7\u00e3o dos transformadores de pot\u00eancia\" src=\"https:\/\/www.youtube.com\/embed\/RblXgV_sUy0?feature=oembed\" width=\"500\" height=\"281\" frameborder=\"0\" allowfullscreen=\"allowfullscreen\"><\/iframe><\/div>\r\n<\/div>\r\n<\/div>\r\n<\/div>"}],"add_video_tab":[{"video_tab_title":"Video","add_video_id":[{"video_id":"7nsl10iLtoA"},{"video_id":"Q0cKhvt2ARw"}]}],"add_gallery_tab":null,"add_price_tab":[{"price_tab_title":"Obter pre\u00e7o"}]},"language":"pt-pt","_links":{"self":[{"href":"https:\/\/globecore.com\/pt-pt\/wp-json\/wp\/v2\/pages\/20445","targetHints":{"allow":["GET"]}}],"collection":[{"href":"https:\/\/globecore.com\/pt-pt\/wp-json\/wp\/v2\/pages"}],"about":[{"href":"https:\/\/globecore.com\/pt-pt\/wp-json\/wp\/v2\/types\/page"}],"author":[{"embeddable":true,"href":"https:\/\/globecore.com\/pt-pt\/wp-json\/wp\/v2\/users\/7"}],"replies":[{"embeddable":true,"href":"https:\/\/globecore.com\/pt-pt\/wp-json\/wp\/v2\/comments?post=20445"}],"version-history":[{"count":2,"href":"https:\/\/globecore.com\/pt-pt\/wp-json\/wp\/v2\/pages\/20445\/revisions"}],"predecessor-version":[{"id":336076,"href":"https:\/\/globecore.com\/pt-pt\/wp-json\/wp\/v2\/pages\/20445\/revisions\/336076"}],"up":[{"embeddable":true,"href":"https:\/\/globecore.com\/pt-pt\/wp-json\/wp\/v2\/pages\/20441"}],"wp:featuredmedia":[{"embeddable":true,"href":"https:\/\/globecore.com\/pt-pt\/wp-json\/wp\/v2\/media\/18494"}],"wp:attachment":[{"href":"https:\/\/globecore.com\/pt-pt\/wp-json\/wp\/v2\/media?parent=20445"}],"wp:term":[{"taxonomy":"category","embeddable":true,"href":"https:\/\/globecore.com\/pt-pt\/wp-json\/wp\/v2\/categories?post=20445"}],"curies":[{"name":"wp","href":"https:\/\/api.w.org\/{rel}","templated":true}]}}