{"id":20462,"date":"2016-04-01T11:12:06","date_gmt":"2016-04-01T11:12:06","guid":{"rendered":"https:\/\/globecore.com\/products\/oil-processing-equipment\/oil-filtration-pumping\/cfu-oil-filtration-unit.html"},"modified":"2026-03-06T08:16:08","modified_gmt":"2026-03-06T08:16:08","slug":"cfu-oil-filtration-unit","status":"publish","type":"page","link":"https:\/\/globecore.com\/pt-pt\/products\/filtracao-de-oleos\/cfu-oil-filtration-unit\/","title":{"rendered":"CMM-4,0F Instala\u00e7\u00e3o de filtra\u00e7\u00e3o de \u00f3leo"},"content":{"rendered":"<div id=\"panel-1707-0-0-1\" class=\"so-panel widget widget_sow-editor panel-last-child\" data-index=\"1\" data-style=\"{&quot;background_display&quot;:&quot;tile&quot;}\">\n<div class=\"so-widget-sow-editor so-widget-sow-editor-base\">\n<div class=\"siteorigin-widget-tinymce textwidget\"><\/div>\n<\/div>\n<\/div>\n","protected":false},"excerpt":{"rendered":"<p>A unidade CMM-4,0F \u00e9 um sistema port\u00e1til de filtra\u00e7\u00e3o no local com filtros de cartucho, projetado para remover impurezas mec\u00e2nicas de \u00f3leos industriais e \u00f3leos isolantes diel\u00e9tricos com viscosidade de at\u00e9 70\u202fcSt a 50\u202f\u00b0C (122\u202f\u00b0F). Sua capacidade de processamento varia de 1 a 4\u202fm\u00b3\/h, com uma finura de filtra\u00e7\u00e3o de 5\u202f\u03bcm. A unidade \u00e9 utilizada durante a instala\u00e7\u00e3o, manuten\u00e7\u00e3o e opera\u00e7\u00e3o de equipamentos preenchidos com \u00f3leo.<\/p>\n","protected":false},"author":7,"featured_media":20464,"parent":17593,"menu_order":0,"comment_status":"closed","ping_status":"closed","template":"templates\/single-product.php","meta":{"_acf_changed":false,"_bbp_topic_count":0,"_bbp_reply_count":0,"_bbp_total_topic_count":0,"_bbp_total_reply_count":0,"_bbp_voice_count":0,"_bbp_anonymous_reply_count":0,"_bbp_topic_count_hidden":0,"_bbp_reply_count_hidden":0,"_bbp_forum_subforum_count":0,"footnotes":""},"categories":[1341],"class_list":["post-20462","page","type-page","status-publish","has-post-thumbnail","hentry","category-oil-maintenance-pt-pt","oil_type-fluido-dieletrico-fr3","oil_type-fluido-dieletrico-midel-7131","oil_type-fluido-resistente-ao-fogo-fyrquel","oil_type-oleo-de-silicone","oil_type-oleo-de-transmissao","oil_type-oleo-hidraulico","oil_type-oleo-industrial","oil_type-oleo-para-cabos","oil_type-oleo-para-compressores","oil_type-oleo-para-transformadores","oil_type-oleo-para-turbinas","process_type-filtragem"],"acf":{"add_tab":[{"tab_title":"Descri\u00e7\u00e3o","tab_content":"<p style=\"text-align: justify;\"><span style=\"font-weight: 400;\">A unidade CMM-4,0F \u00e9 uma unidade de filtragem port\u00e1til de oficina projetada para remover part\u00edculas s\u00f3lidas dos \u00f3leos lubrificantes e isolantes com uma viscosidade n\u00e3o superior a 70 cSt a 50 \u00b0 C \/ 122 \u00b0 F.<\/span><\/p>\r\n<p style=\"text-align: justify;\"><span style=\"font-weight: 400;\">A instala\u00e7\u00e3o pode funcionar nas seguintes \u00a0condi\u00e7\u00f5es :<\/span><\/p>\r\n\r\n<ul style=\"text-align: justify;\">\r\n \t<li style=\"text-align: justify;\"><span style=\"font-weight: 400;\"> temperatura ambiente: 10 a 35 \u00b0 C \/ 49,7 a 97,73 \u00b0 F;<\/span><\/li>\r\n \t<li style=\"text-align: justify;\"><span style=\"font-weight: 400;\"> press\u00e3o de 84 a 106,7 kPa (de 630 a 800 mm. Merc\u00fario);<\/span><\/li>\r\n \t<li style=\"text-align: justify;\"><span style=\"font-weight: 400;\"> eleva\u00e7\u00e3o acima do n\u00edvel do mar at\u00e9 2000 metros \/ 6561 p\u00e9s;<\/span><\/li>\r\n \t<li style=\"text-align: justify;\"><span style=\"font-weight: 400;\"> zona de explos\u00e3o \u00e0 prova de fogo.<\/span><\/li>\r\n<\/ul>\r\n<p style=\"text-align: justify;\"><span style=\"font-weight: 400;\">A unidade pode funcionar nas seguintes \u00a0condi\u00e7\u00f5es.:<\/span><\/p>\r\n\r\n<ul style=\"text-align: justify;\">\r\n \t<li><span style=\"font-weight: 400;\">temperatura ambiente: +10 a + 35 \u00b0 C \/ 49,7 a 97,73 \u00b0 F;<\/span><\/li>\r\n \t<li><span style=\"font-weight: 400;\"> press\u00e3o de 84 a 106,7 kPa (de 630 a 800 mm. Merc\u00fario);<\/span><\/li>\r\n \t<li><span style=\"font-weight: 400;\"> eleva\u00e7\u00e3o acima do n\u00edvel do mar at\u00e9 2000 metros \/ 6561 p\u00e9s;<\/span><\/li>\r\n \t<li><span style=\"font-weight: 400;\"> zona de explos\u00e3o \u00e0 prova de fogo.<\/span><\/li>\r\n<\/ul>\r\n<p style=\"text-align: justify;\"><span style=\"font-weight: 400;\">A GlobeCore fabrica e fornece equipamentos de limpeza de \u00f3leo para transformadores, industriais, turbinas e outros tipos de \u00f3leo. As unidades de tratamento de \u00f3leo da GlobeCore s\u00e3o confort\u00e1veis, pr\u00e1ticas e funcionais. Seu trabalho n\u00e3o \u00e9 acompanhado pela libera\u00e7\u00e3o de subst\u00e2ncias nocivas na atmosfera. Al\u00e9m disso, seu consumo de energia \u00e9 minimizado, o que economiza custos<\/span><\/p>"}],"add_def_tab":[{"tab_title":"Par\u00e2metros","tab_content":"<table>\r\n<tbody>\r\n<tr>\r\n<td rowspan=\"2\">\r\n<p style=\"text-align: center;\"><b>Par\u00e2metros<\/b><\/p>\r\n<\/td>\r\n<td colspan=\"3\">\r\n<p style=\"text-align: center;\"><b>Valor<\/b><\/p>\r\n<\/td>\r\n<\/tr>\r\n<tr>\r\n<td>\r\n<p style=\"text-align: center;\"><b>CMM-1.0F<\/b><\/p>\r\n<\/td>\r\n<td>\r\n<p style=\"text-align: center;\"><b>CMM-2.0F<\/b><\/p>\r\n<\/td>\r\n<td>\r\n<p style=\"text-align: center;\"><b>CMM-4.0F<\/b><\/p>\r\n<\/td>\r\n<\/tr>\r\n<tr>\r\n<td><span style=\"font-weight: 400;\">Capacidade, m3 \/ h \/ gal. \u00e0 uma hora<\/span><\/td>\r\n<td>\r\n<p style=\"text-align: center;\">1.0\/264<\/p>\r\n<\/td>\r\n<td>\r\n<p style=\"text-align: center;\"><span style=\"font-weight: 400;\">4\/1059<\/span><\/p>\r\n<\/td>\r\n<td>\r\n<p style=\"text-align: center;\"><span style=\"font-weight: 400;\">6\/1588<\/span><\/p>\r\n<\/td>\r\n<\/tr>\r\n<tr>\r\n<td><span style=\"font-weight: 400;\">Precis\u00e3o de filtra\u00e7\u00e3o, micron<\/span><\/td>\r\n<td>\r\n<p style=\"text-align: center;\"><span style=\"font-weight: 400;\">5<\/span><\/p>\r\n<\/td>\r\n<td>\r\n<p style=\"text-align: center;\"><span style=\"font-weight: 400;\">5<\/span><\/p>\r\n<\/td>\r\n<td>\r\n<p style=\"text-align: center;\"><span style=\"font-weight: 400;\">5<\/span><\/p>\r\n<\/td>\r\n<\/tr>\r\n<tr>\r\n<td><span style=\"font-weight: 400;\">Pot\u00eancia nominal kW<\/span><\/td>\r\n<td>\r\n<p style=\"text-align: center;\"><span style=\"font-weight: 400;\">0.75<\/span><\/p>\r\n<\/td>\r\n<td>\r\n<p style=\"text-align: center;\"><span style=\"font-weight: 400;\">1.1<\/span><\/p>\r\n<\/td>\r\n<td>\r\n<p style=\"text-align: center;\"><span style=\"font-weight: 400;\">1.5<\/span><\/p>\r\n<\/td>\r\n<\/tr>\r\n<tr>\r\n<td><span style=\"font-weight: 400;\">Press\u00e3o de \u00f3leo na sa\u00edda, bar<\/span><\/td>\r\n<td>\r\n<p style=\"text-align: center;\"><span style=\"font-weight: 400;\">5<\/span><\/p>\r\n<\/td>\r\n<td>\r\n<p style=\"text-align: center;\"><span style=\"font-weight: 400;\">5<\/span><\/p>\r\n<\/td>\r\n<td>\r\n<p style=\"text-align: center;\"><span style=\"font-weight: 400;\">5<\/span><\/p>\r\n<\/td>\r\n<\/tr>\r\n<tr>\r\n<td><span style=\"font-weight: 400;\">Fonte de alimenta\u00e7\u00e3o 50 Hz, V<\/span><\/td>\r\n<td>\r\n<p style=\"text-align: center;\"><span style=\"font-weight: 400;\">380<\/span><\/p>\r\n<\/td>\r\n<td>\r\n<p style=\"text-align: center;\"><span style=\"font-weight: 400;\">380<\/span><\/p>\r\n<\/td>\r\n<td>\r\n<p style=\"text-align: center;\"><span style=\"font-weight: 400;\">380<\/span><\/p>\r\n<\/td>\r\n<\/tr>\r\n<tr>\r\n<td><span style=\"font-weight: 400;\">Dimens\u00f5es mm \/ in comprimento \/ largura \/ altura<\/span><\/td>\r\n<td>\r\n<p style=\"text-align: center;\">580 (23)<\/p>\r\n<p style=\"text-align: center;\">560 (22)<\/p>\r\n<p style=\"text-align: center;\">1115 (44)<\/p>\r\n<\/td>\r\n<td>\r\n<p style=\"text-align: center;\">580 (23)<\/p>\r\n<p style=\"text-align: center;\">560 (22)<\/p>\r\n<p style=\"text-align: center;\">1115 (44)<\/p>\r\n<\/td>\r\n<td>\r\n<p style=\"text-align: center;\">580 (23)<\/p>\r\n<p style=\"text-align: center;\">560 (22)<\/p>\r\n<p style=\"text-align: center;\">1115 (44)<\/p>\r\n<\/td>\r\n<\/tr>\r\n<tr>\r\n<td><span style=\"font-weight: 400;\">Peso kg \/ lb<\/span><\/td>\r\n<td>\r\n<p style=\"text-align: center;\">115\/254<\/p>\r\n<\/td>\r\n<td style=\"text-align: center;\">125\/276<\/td>\r\n<td style=\"text-align: center;\">145\/320<\/td>\r\n<\/tr>\r\n<\/tbody>\r\n<\/table>"},{"tab_title":"Benef\u00edcios","tab_content":"<ul>\r\n \t<li style=\"font-weight: 400; text-align: justify;\"><span style=\"font-weight: 400;\">f\u00e1cil manuten\u00e7\u00e3o e opera\u00e7\u00e3o;<\/span><\/li>\r\n \t<li style=\"font-weight: 400; text-align: justify;\"><span style=\"font-weight: 400;\">tamanho compacto;<\/span><\/li>\r\n \t<li style=\"font-weight: 400; text-align: justify;\"><span style=\"font-weight: 400;\">mobilidade.<\/span><\/li>\r\n<\/ul>"},{"tab_title":"Aplica\u00e7\u00e3o","tab_content":"[product_oil_types]"},{"tab_title":"Webinar","tab_content":"<div class=\"responsive-embed widescreen\">\r\n<div class=\"responsive-embed widescreen\">\r\n<div class=\"responsive-embed widescreen\">\r\n<div class=\"responsive-embed widescreen\"><iframe title=\"Manuten\u00e7\u00e3o dos transformadores de pot\u00eancia\" src=\"https:\/\/www.youtube.com\/embed\/RblXgV_sUy0?feature=oembed\" width=\"500\" height=\"281\" frameborder=\"0\" allowfullscreen=\"allowfullscreen\"><\/iframe><\/div>\r\n<\/div>\r\n<\/div>\r\n<\/div>"}],"add_video_tab":[{"video_tab_title":"Video","add_video_id":[{"video_id":"QR-35aC2ExI"},{"video_id":"HCRTHazf4Pg"},{"video_id":"77f0a17d0gg"}]}],"add_gallery_tab":null,"add_price_tab":[{"price_tab_title":"Obter pre\u00e7o"}]},"language":"pt-pt","_links":{"self":[{"href":"https:\/\/globecore.com\/pt-pt\/wp-json\/wp\/v2\/pages\/20462","targetHints":{"allow":["GET"]}}],"collection":[{"href":"https:\/\/globecore.com\/pt-pt\/wp-json\/wp\/v2\/pages"}],"about":[{"href":"https:\/\/globecore.com\/pt-pt\/wp-json\/wp\/v2\/types\/page"}],"author":[{"embeddable":true,"href":"https:\/\/globecore.com\/pt-pt\/wp-json\/wp\/v2\/users\/7"}],"replies":[{"embeddable":true,"href":"https:\/\/globecore.com\/pt-pt\/wp-json\/wp\/v2\/comments?post=20462"}],"version-history":[{"count":1,"href":"https:\/\/globecore.com\/pt-pt\/wp-json\/wp\/v2\/pages\/20462\/revisions"}],"predecessor-version":[{"id":336066,"href":"https:\/\/globecore.com\/pt-pt\/wp-json\/wp\/v2\/pages\/20462\/revisions\/336066"}],"up":[{"embeddable":true,"href":"https:\/\/globecore.com\/pt-pt\/wp-json\/wp\/v2\/pages\/17593"}],"wp:featuredmedia":[{"embeddable":true,"href":"https:\/\/globecore.com\/pt-pt\/wp-json\/wp\/v2\/media\/20464"}],"wp:attachment":[{"href":"https:\/\/globecore.com\/pt-pt\/wp-json\/wp\/v2\/media?parent=20462"}],"wp:term":[{"taxonomy":"category","embeddable":true,"href":"https:\/\/globecore.com\/pt-pt\/wp-json\/wp\/v2\/categories?post=20462"}],"curies":[{"name":"wp","href":"https:\/\/api.w.org\/{rel}","templated":true}]}}