{"id":20500,"date":"2017-05-30T10:42:32","date_gmt":"2017-05-30T10:42:32","guid":{"rendered":"https:\/\/globecore.com\/products\/biodiesel-equipment.html"},"modified":"2026-03-09T12:19:01","modified_gmt":"2026-03-09T12:19:01","slug":"biodiesel-equipment","status":"publish","type":"page","link":"https:\/\/globecore.com\/pt-pt\/products\/biodiesel-equipment\/biodiesel-equipment\/","title":{"rendered":"USB-1 Planta para a produ\u00e7\u00e3o de biodiesel"},"content":{"rendered":"","protected":false},"excerpt":{"rendered":"<p>A unidade de produ\u00e7\u00e3o de biodiesel USB-1 possui capacidade de 4\u202fm\u00b3\/h e \u00e9 baseada em tecnologia de rea\u00e7\u00e3o cont\u00ednua, que acelera o processo e melhora a qualidade do produto, consumindo de 5 a 7 vezes menos energia em compara\u00e7\u00e3o com equipamentos convencionais. A unidade apresenta opera\u00e7\u00e3o simples e alta efici\u00eancia. O desenvolvimento e os testes cont\u00ednuos permitiram \u00e0 GlobeCore aprimorar o design, resultando em maior rendimento do produto e menor consumo de energia.<br \/>\nAs plantas de biodiesel da GlobeCore est\u00e3o dispon\u00edveis com capacidades de 1.000 a 16.000\u202flitros\/h, permitindo a produ\u00e7\u00e3o de biodiesel a partir de qualquer \u00f3leo vegetal ou gordura animal.<\/p>\n","protected":false},"author":7,"featured_media":20502,"parent":122095,"menu_order":0,"comment_status":"closed","ping_status":"closed","template":"templates\/single-product.php","meta":{"_acf_changed":false,"_bbp_topic_count":0,"_bbp_reply_count":0,"_bbp_total_topic_count":0,"_bbp_total_reply_count":0,"_bbp_voice_count":0,"_bbp_anonymous_reply_count":0,"_bbp_topic_count_hidden":0,"_bbp_reply_count_hidden":0,"_bbp_forum_subforum_count":0,"footnotes":""},"categories":[2566],"class_list":["post-20500","page","type-page","status-publish","has-post-thumbnail","hentry","category-renovaveis-biocombustiveis","oil_type-industria-quimica","process_type-blending-pt-pt"],"acf":{"add_tab":[{"tab_title":"Descri\u00e7\u00e3o","tab_content":"<p style=\"text-align: justify;\"><span style=\"font-weight: 400;\">A linha de produ\u00e7\u00e3o de biodiesel \u00e9 composta pelos seguintes componentes principais:<\/span><\/p>\r\n\r\n<ul style=\"text-align: justify;\">\r\n \t<li style=\"font-weight: 400;\"><span style=\"font-weight: 400;\">Aquecedor a \u00f3leo de fluxo cont\u00ednuo;<\/span><\/li>\r\n \t<li style=\"font-weight: 400;\"><span style=\"font-weight: 400;\">Reator de biodiesel;<\/span><\/li>\r\n \t<li style=\"font-weight: 400;\"><span style=\"font-weight: 400;\">Bloco de lodo de biodiesel;<\/span><\/li>\r\n \t<li style=\"font-weight: 400;\"><span style=\"font-weight: 400;\">Unidade de extra\u00e7\u00e3o de metanol;<\/span><\/li>\r\n \t<li style=\"font-weight: 400;\"><span style=\"font-weight: 400;\">Unidade de limpeza e filtragem.<\/span><\/li>\r\n<\/ul>\r\n<p style=\"text-align: justify;\"><span style=\"font-weight: 400;\">O \u00f3leo preparado (purificado) \u00e9 alimentado ao aquecedor, onde \u00e9 aquecido \u00e0 temperatura do processo. Do aquecedor, o \u00f3leo entra no reator de biodiesel. Ao mesmo tempo, uma solu\u00e7\u00e3o de \u00e1lcali e metanol \u00e9 alimentada ao reator. Os componentes s\u00e3o misturados no misturador hidrodin\u00e2mico do reitor; o produto da rea\u00e7\u00e3o \u00e9 o biodiesel bruto (\u00e9ster met\u00edlico de \u00e1cido graxo e glicerina). O produto \u00e9 bombeado para o tanque , onde a \u00e1gua e a glicerina s\u00e3o separadas e bombeadas.<\/span><\/p>\r\n<p style=\"text-align: justify;\"><span style=\"font-weight: 400;\">O restante do produto \u00e9 bombeado para a unidade de extra\u00e7\u00e3o de metanol, onde o metanol \u00e9 separado da mistura por destila\u00e7\u00e3o. O est\u00e1gio final \u00e9 uma unidade de purifica\u00e7\u00e3o e filtra\u00e7\u00e3o, na qual o produto passa por uma resina de troca i\u00f4nica para remover tra\u00e7os de metanol. Os filtros ret\u00eam os s\u00f3lidos restantes.<\/span><\/p>"}],"add_def_tab":[{"tab_title":"Par\u00e2metros","tab_content":"<table>\r\n<tbody>\r\n<tr>\r\n<td width=\"269\"><span style=\"font-weight: 400;\">Produ\u00e7\u00e3o<\/span><\/td>\r\n<td width=\"52\"><span style=\"font-weight: 400;\">m3 \/ hora<\/span><\/td>\r\n<td style=\"text-align: center;\" width=\"105\">4<\/td>\r\n<\/tr>\r\n<tr>\r\n<td width=\"269\"><span style=\"font-weight: 400;\">Pot\u00eancia instalada (n\u00e3o mais)<\/span><\/td>\r\n<td width=\"52\">\u2013<\/td>\r\n<td style=\"text-align: center;\" width=\"105\">II2GEExdIIBT3<\/td>\r\n<\/tr>\r\n<tr>\r\n<td width=\"269\"><span style=\"font-weight: 400;\">Pot\u00eancia instalada (n\u00e3o mais)<\/span><\/td>\r\n<td width=\"52\"><span style=\"font-weight: 400;\">kw<\/span><\/td>\r\n<td style=\"text-align: center;\" width=\"105\">175<\/td>\r\n<\/tr>\r\n<tr>\r\n<td width=\"269\"><span style=\"font-weight: 400;\">Tens\u00e3o de alimenta\u00e7\u00e3o ~ 50Hz<\/span><\/td>\r\n<td width=\"52\"><span style=\"font-weight: 400;\">W<\/span><\/td>\r\n<td style=\"text-align: center;\" width=\"105\">380<\/td>\r\n<\/tr>\r\n<tr>\r\n<td width=\"269\"><span style=\"font-weight: 400;\">Press\u00e3o de ar de controle<\/span><\/td>\r\n<td width=\"52\"><span style=\"font-weight: 400;\">MPa<\/span><\/td>\r\n<td style=\"text-align: center;\" width=\"105\">0,6 \u2013 0,8<\/td>\r\n<\/tr>\r\n<tr>\r\n<td width=\"269\"><span style=\"font-weight: 400;\">Volume do dep\u00f3sito<\/span><\/td>\r\n<td width=\"52\"><span style=\"font-weight: 400;\">m3<\/span><\/td>\r\n<td style=\"text-align: center;\" width=\"105\">20,8<\/td>\r\n<\/tr>\r\n<tr>\r\n<td width=\"269\"><span style=\"font-weight: 400;\">Grau de filtragem<\/span><\/td>\r\n<td width=\"52\">m\u00edcron<\/td>\r\n<td style=\"text-align: center;\" width=\"105\">5<\/td>\r\n<\/tr>\r\n<\/tbody>\r\n<\/table>"},{"tab_title":"Benef\u00edcios","tab_content":"<h2 style=\"text-align: center;\"><b>Equipamento para mistura diesel \u00a0GlobeCore: versatilidade e vantagens<\/b><\/h2>\r\n<p style=\"text-align: justify;\"><span style=\"font-weight: 400;\">As plantas de produ\u00e7\u00e3o de biodiesel da GlobeCore t\u00eam v\u00e1rias vantagens.:<\/span><\/p>\r\n\r\n<ul style=\"text-align: justify;\">\r\n \t<li style=\"font-weight: 400;\"><span style=\"font-weight: 400;\">Baixo consumo de energia.<\/span><\/li>\r\n \t<li style=\"font-weight: 400;\"><span style=\"font-weight: 400;\">Rea\u00e7\u00e3o de transesterifica\u00e7\u00e3o instant\u00e2nea.<\/span><\/li>\r\n \t<li style=\"font-weight: 400;\"><span style=\"font-weight: 400;\">Com o uso de tecnologias inovadoras de economia de energia, o consumo de energia no processo \u00e9 reduzido.<\/span><\/li>\r\n \t<li style=\"font-weight: 400;\"><span style=\"font-weight: 400;\">Arquitetura modular (mobilidade durante o transporte e flexibilidade na instala\u00e7\u00e3o de equipamentos de biodiesel).<\/span><\/li>\r\n \t<li style=\"font-weight: 400;\"><span style=\"font-weight: 400;\">Processo de fabrica\u00e7\u00e3o eficiente reduz a pegada do equipamento.<\/span><\/li>\r\n \t<li style=\"font-weight: 400;\"><span style=\"font-weight: 400;\">A qualidade do biodiesel atende aos padr\u00f5es internacionais.<\/span><\/li>\r\n \t<li style=\"font-weight: 400;\"><span style=\"font-weight: 400;\">Falta de res\u00edduos: a glicerina pode ser utilizada para v\u00e1rios fins (por exemplo, produ\u00e7\u00e3o de energia, como fertilizante, etc.)<\/span><\/li>\r\n \t<li style=\"font-weight: 400;\"><span style=\"font-weight: 400;\">N\u00e3o h\u00e1 necessidade de lavar e secar o biodiesel;<\/span><\/li>\r\n \t<li style=\"font-weight: 400;\"><span style=\"font-weight: 400;\">O equipamento \u00e9 baseado em tecnologia cont\u00ednua, que aumenta a velocidade e a qualidade da rea\u00e7\u00e3o, e tamb\u00e9m requer 5-7 vezes menos energia em compara\u00e7\u00e3o com a tecnologia e o equipamento tradicionais.<\/span><\/li>\r\n \t<li style=\"font-weight: 400;\"><span style=\"font-weight: 400;\">O equipamento \u00e9 simples em opera\u00e7\u00e3o e alta efici\u00eancia, al\u00e9m disso, no processo de desenvolvimento e testes cont\u00ednuos, melhoramos seu design,<\/span><\/li>\r\n<\/ul>\r\n<ol style=\"text-align: justify;\">\r\n \t<li style=\"font-weight: 400;\"><span style=\"font-weight: 400;\">Aumentando \u00a0a qualidade e o rendimento do produto,<\/span><\/li>\r\n \t<li style=\"font-weight: 400;\"><span style=\"font-weight: 400;\">Reduzindo \u00a0o consumo de energia<\/span><\/li>\r\n \t<li style=\"font-weight: 400;\"><span style=\"font-weight: 400;\">Reduzindo o consumo de metal do equipamento<\/span><\/li>\r\n<\/ol>\r\n<p style=\"text-align: justify;\"><span style=\"font-weight: 400;\">As plantas de biodiesel da <\/span><b>GlobeCore <\/b><span style=\"font-weight: 400;\">(reatores) t\u00eam capacidade de 1.000 a 16.000 litros por hora e podem produzir biodiesel a partir de qualquer tipo de \u00f3leo vegetal ou gordura animal.<\/span><\/p>\r\n<p style=\"text-align: justify;\"><span style=\"font-weight: 400;\">\u00c9 poss\u00edvel produzir biodiesel a partir de \u00f3leo de refria ou \u00f3leo de microalga.<\/span><\/p>\r\n<p style=\"text-align: justify;\"><span style=\"font-weight: 400;\">O biodiesel est\u00e1 em conformidade com a norma europeia EN 14214 e a norma americana ASTM.<\/span><\/p>\r\n<p style=\"text-align: justify;\"><span style=\"font-weight: 400;\">Para saber mais sobre nossa eficiente e econ\u00f4mica tecnologia de produ\u00e7\u00e3o de biodiesel, <\/span><b>entre em contato conosco<\/b><b>, <\/b><span style=\"font-weight: 400;\">e um de nossos gerentes ligar\u00e1 de volta.<\/span><\/p>"},{"tab_title":"Aplica\u00e7\u00e3o","tab_content":"[product_oil_types]"}],"add_video_tab":[{"video_tab_title":"Video","add_video_id":[{"video_id":"FJAMj0fuX04"}]}],"add_gallery_tab":[{"gallery_tab_title":"Foto","add_img":[20683,20687,20691,20695,20699,20703]}],"add_price_tab":[{"price_tab_title":"Obter pre\u00e7o"}]},"language":"pt-pt","_links":{"self":[{"href":"https:\/\/globecore.com\/pt-pt\/wp-json\/wp\/v2\/pages\/20500","targetHints":{"allow":["GET"]}}],"collection":[{"href":"https:\/\/globecore.com\/pt-pt\/wp-json\/wp\/v2\/pages"}],"about":[{"href":"https:\/\/globecore.com\/pt-pt\/wp-json\/wp\/v2\/types\/page"}],"author":[{"embeddable":true,"href":"https:\/\/globecore.com\/pt-pt\/wp-json\/wp\/v2\/users\/7"}],"replies":[{"embeddable":true,"href":"https:\/\/globecore.com\/pt-pt\/wp-json\/wp\/v2\/comments?post=20500"}],"version-history":[{"count":1,"href":"https:\/\/globecore.com\/pt-pt\/wp-json\/wp\/v2\/pages\/20500\/revisions"}],"predecessor-version":[{"id":341867,"href":"https:\/\/globecore.com\/pt-pt\/wp-json\/wp\/v2\/pages\/20500\/revisions\/341867"}],"up":[{"embeddable":true,"href":"https:\/\/globecore.com\/pt-pt\/wp-json\/wp\/v2\/pages\/122095"}],"wp:featuredmedia":[{"embeddable":true,"href":"https:\/\/globecore.com\/pt-pt\/wp-json\/wp\/v2\/media\/20502"}],"wp:attachment":[{"href":"https:\/\/globecore.com\/pt-pt\/wp-json\/wp\/v2\/media?parent=20500"}],"wp:term":[{"taxonomy":"category","embeddable":true,"href":"https:\/\/globecore.com\/pt-pt\/wp-json\/wp\/v2\/categories?post=20500"}],"curies":[{"name":"wp","href":"https:\/\/api.w.org\/{rel}","templated":true}]}}