{"id":20548,"date":"2016-04-06T05:49:16","date_gmt":"2016-04-06T05:49:16","guid":{"rendered":"https:\/\/globecore.com\/products\/oil-processing-equipment\/degassing-thermal-vacuum-drying-oil\/uvm-1015-mobile-oil-plant.html"},"modified":"2026-03-06T07:37:34","modified_gmt":"2026-03-06T07:37:34","slug":"uvm-1015-mobile-oil-plant","status":"publish","type":"page","link":"https:\/\/globecore.com\/pt-pt\/products\/desgaseificacao-e-purificacao-de-oleo\/uvm-1015-mobile-oil-plant\/","title":{"rendered":"CMM-10 Instala\u00e7\u00e3o m\u00f3vel para limpeza de \u00f3leo"},"content":{"rendered":"","protected":false},"excerpt":{"rendered":"<p>A unidade de processamento de \u00f3leo de transformador CMM-10 \u00e9 projetada para v\u00e1cuo de transformadores, remo\u00e7\u00e3o de impurezas mec\u00e2nicas e elimina\u00e7\u00e3o de \u00e1gua e gases de \u00f3leos isolantes el\u00e9tricos. Sua capacidade \u00e9 de 10\u202fm\u00b3\/h (2.642 gal\/h) no modo de desgasifica\u00e7\u00e3o, secagem e filtra\u00e7\u00e3o, e de 15\u202fm\u00b3\/h (3.970 gal\/h) no modo de aquecimento e filtra\u00e7\u00e3o. A unidade \u00e9 utilizada durante a instala\u00e7\u00e3o, manuten\u00e7\u00e3o e opera\u00e7\u00e3o de equipamentos de alta tens\u00e3o preenchidos com \u00f3leo, incluindo transformadores de pot\u00eancia e interruptores de alta tens\u00e3o. Possui constru\u00e7\u00e3o em estrutura com cont\u00eainer met\u00e1lico e portas bloque\u00e1veis.<\/p>\n","protected":false},"author":7,"featured_media":31156,"parent":17032,"menu_order":0,"comment_status":"closed","ping_status":"closed","template":"templates\/single-product.php","meta":{"_acf_changed":false,"_bbp_topic_count":0,"_bbp_reply_count":0,"_bbp_total_topic_count":0,"_bbp_total_reply_count":0,"_bbp_voice_count":0,"_bbp_anonymous_reply_count":0,"_bbp_topic_count_hidden":0,"_bbp_reply_count_hidden":0,"_bbp_forum_subforum_count":0,"footnotes":""},"categories":[1341],"class_list":["post-20548","page","type-page","status-publish","has-post-thumbnail","hentry","category-oil-maintenance-pt-pt","oil_type-fluido-dieletrico-fr3","oil_type-fluido-dieletrico-midel-7131","oil_type-fluido-resistente-ao-fogo-fyrquel","oil_type-oleo-de-silicone","oil_type-oleo-para-transformadores","oil_type-oleo-shell-diala","process_type-desgaseificacao","process_type-desidratacao","process_type-filtragem"],"acf":{"add_tab":[{"tab_title":"Descri\u00e7\u00e3o","tab_content":"<p style=\"text-align: justify;\"><span style=\"font-weight: 400;\">Esta unidade \u00a0\u00e9 feita como um cont\u00eainer separado, e seus componentes \u00a0s\u00e3o protegidos por pain\u00e9is met\u00e1licos e portas de f\u00e1cil abertura nas molas a g\u00e1s nas laterais e na parte traseira da unidade. A unidade \u00a0do cont\u00eainer \u00e9 colocada em um reboque de dois eixos, adequado para a condu\u00e7\u00e3o em estradas e pronto para ser rebocado para qualquer objeto remoto.<\/span><\/p>\r\n<p style=\"text-align: justify;\"><span style=\"font-weight: 400;\">A unidade inclui uma c\u00e2mara de v\u00e1cuo, bombas de bombeamento e inje\u00e7\u00e3o de \u00f3leo, filtros grossos e finos, uma armadilha, um aquecedor de \u00f3leo, tubula\u00e7\u00f5es com v\u00e1lvulas, uma unidade de bomba de v\u00e1cuo e um gabinete de controle.<\/span><\/p>"}],"add_def_tab":[{"tab_title":"Par\u00e2metros","tab_content":"<table>\r\n<tbody>\r\n<tr>\r\n<td><b>Par\u00e2metro<\/b><\/td>\r\n<td><b>valor<\/b><\/td>\r\n<\/tr>\r\n<tr>\r\n<td><span style=\"font-weight: 400;\">Produtividade, m3 \/ hora \/ gal\u00f5es por hora:<\/span><\/td>\r\n<td><\/td>\r\n<\/tr>\r\n<tr>\r\n<td>\r\n<ul>\r\n \t<li style=\"font-weight: 400;\"><span style=\"font-weight: 400;\">Modo de desgaseifica\u00e7\u00e3o, secagem e filtra\u00e7\u00e3o<\/span><\/li>\r\n<\/ul>\r\n<\/td>\r\n<td><span style=\"font-weight: 400;\">10\/2642<\/span><\/td>\r\n<\/tr>\r\n<tr>\r\n<td>\r\n<ul>\r\n \t<li style=\"font-weight: 400;\"><span style=\"font-weight: 400;\">Modo de aquecimento e filtra\u00e7\u00e3o<\/span><\/li>\r\n<\/ul>\r\n<\/td>\r\n<td><span style=\"font-weight: 400;\">15\/3970<\/span><\/td>\r\n<\/tr>\r\n<tr>\r\n<td><span style=\"font-weight: 400;\">Par\u00e2metros do \u00f3leo processado *:<\/span><\/td>\r\n<td><\/td>\r\n<\/tr>\r\n<tr>\r\n<td>\r\n<ul>\r\n \t<li style=\"font-weight: 400;\"><span style=\"font-weight: 400;\">Volume de conte\u00fado de g\u00e1s,%, n\u00e3o mais<\/span><\/li>\r\n<\/ul>\r\n<\/td>\r\n<td><span style=\"font-weight: 400;\">0.1<\/span><\/td>\r\n<\/tr>\r\n<tr>\r\n<td>\r\n<ul>\r\n \t<li style=\"font-weight: 400;\"><span style=\"font-weight: 400;\">Teor de umidade , ppm, n\u00e3o mais<\/span><\/li>\r\n<\/ul>\r\n<\/td>\r\n<td>10<\/td>\r\n<\/tr>\r\n<tr>\r\n<td>\r\n<ul>\r\n \t<li style=\"font-weight: 400;\"><span style=\"font-weight: 400;\">Precis\u00e3o de filtra\u00e7\u00e3o, micron<\/span><\/li>\r\n<\/ul>\r\n<\/td>\r\n<td><span style=\"font-weight: 400;\">1<\/span><\/td>\r\n<\/tr>\r\n<tr>\r\n<td><span style=\"font-weight: 400;\">Temperatura de sa\u00edda de \u00f3leo no modo de aquecimento, \u00ba\u0421 \/ \u00baF<\/span><\/td>\r\n<td><span style=\"font-weight: 400;\">90\/194<\/span><\/td>\r\n<\/tr>\r\n<tr>\r\n<td><span style=\"font-weight: 400;\">Press\u00e3o de sa\u00edda, MPa<\/span><\/td>\r\n<td><span style=\"font-weight: 400;\">0.4<\/span><\/td>\r\n<\/tr>\r\n<tr>\r\n<td><span style=\"font-weight: 400;\">Consumo m\u00e1ximo de energia, kW<\/span><\/td>\r\n<td><span style=\"font-weight: 400;\">200<\/span><\/td>\r\n<\/tr>\r\n<tr>\r\n<td><span style=\"font-weight: 400;\">Press\u00e3o residual na c\u00e2mara de v\u00e1cuo durante o processo de desgaseifica\u00e7\u00e3o, Pa, n\u00e3o mais<\/span><\/td>\r\n<td><span style=\"font-weight: 400;\">267<\/span><\/td>\r\n<\/tr>\r\n<tr>\r\n<td><span style=\"font-weight: 400;\">Press\u00e3o residual na c\u00e2mara de v\u00e1cuo durante os testes de estanqueidade, Pa, n\u00e3o mais<\/span><\/td>\r\n<td><span style=\"font-weight: 400;\">26.7<\/span><\/td>\r\n<\/tr>\r\n<tr>\r\n<td><span style=\"font-weight: 400;\">Fluindo na c\u00e2mara de v\u00e1cuo em 1 hora, Pa, n\u00e3o mais que:<\/span><\/td>\r\n<td><span style=\"font-weight: 400;\">267<\/span><\/td>\r\n<\/tr>\r\n<tr>\r\n<td><span style=\"font-weight: 400;\">Configura\u00e7\u00f5es de energia<\/span><\/td>\r\n<td><\/td>\r\n<\/tr>\r\n<tr>\r\n<td>\r\n<ul>\r\n \t<li style=\"font-weight: 400;\"><span style=\"font-weight: 400;\">tens\u00e3o, V<\/span><\/li>\r\n<\/ul>\r\n<\/td>\r\n<td><span style=\"font-weight: 400;\">415<\/span><\/td>\r\n<\/tr>\r\n<tr>\r\n<td>\r\n<ul>\r\n \t<li style=\"font-weight: 400;\"><span style=\"font-weight: 400;\">Freq\u00fc\u00eancia, Hz **<\/span><\/li>\r\n<\/ul>\r\n<\/td>\r\n<td><span style=\"font-weight: 400;\">50\/60<\/span><\/td>\r\n<\/tr>\r\n<tr>\r\n<td><span style=\"font-weight: 400;\">Dimens\u00f5es, mm, n\u00e3o mais (sem reboque\/com reboque)\r\n<\/span><\/td>\r\n<td><\/td>\r\n<\/tr>\r\n<tr>\r\n<td>\r\n<ul>\r\n \t<li style=\"font-weight: 400;\"><span style=\"font-weight: 400;\">comprimento<\/span><\/li>\r\n<\/ul>\r\n<\/td>\r\n<td style=\"text-align: center;\"><span style=\"font-weight: 400;\">2240\/4365<\/span><\/td>\r\n<\/tr>\r\n<tr>\r\n<td>\r\n<ul>\r\n \t<li style=\"font-weight: 400;\"><span style=\"font-weight: 400;\">altura<\/span><\/li>\r\n<\/ul>\r\n<\/td>\r\n<td style=\"text-align: center;\">1600\/2270<\/td>\r\n<\/tr>\r\n<tr>\r\n<td>\r\n<ul>\r\n \t<li style=\"font-weight: 400;\"><span style=\"font-weight: 400;\">largura<\/span><\/li>\r\n<\/ul>\r\n<\/td>\r\n<td style=\"text-align: center;\">1750\/2300<\/td>\r\n<\/tr>\r\n<tr>\r\n<td><span style=\"font-weight: 400;\">peso, kg, n\u00e3o mais (sem reboque\/com reboque)\r\n<\/span><\/td>\r\n<td style=\"text-align: center;\">2350\/3100<\/td>\r\n<\/tr>\r\n<\/tbody>\r\n<\/table>\r\n<p style=\"text-align: justify;\"><i><span style=\"font-weight: 400;\">Note <\/span><\/i><span style=\"font-weight: 400;\">: * Par\u00e2metros iniciais do \u00f3leo:<\/span><\/p>\r\n<p style=\"text-align: justify;\"><span style=\"font-weight: 400;\">Teor de g\u00e1s volum\u00e9trico \u2013 n\u00e3o mais de 5%;<\/span><\/p>\r\n<p style=\"text-align: justify;\"><span style=\"font-weight: 400;\">Teor de umidade \u2013 n\u00e3o mais do que 0,1% (100 g \/ t);<\/span><\/p>\r\n<p style=\"text-align: justify;\"><span style=\"font-weight: 400;\">Temperatura \u2013 n\u00e3o inferior a 0 \u00ba \/ 32 \u00baF.<\/span><\/p>\r\n<p style=\"text-align: justify;\"><span style=\"font-weight: 400;\">** Todos os equipamentos \u00e0 venda nos EUA usam 60 Hz de corrente alternada.<\/span><\/p>\r\n<p style=\"text-align: justify;\"><span style=\"font-weight: 400;\">Planta de \u00f3leo m\u00f3vel \u2013 <\/span><b>GlobeCore<\/b><\/p>"},{"tab_title":"Benef\u00edcios","tab_content":"<ul>\r\n \t<li style=\"font-weight: 400; text-align: justify;\"><span style=\"font-weight: 400;\">N\u00e3o h\u00e1 necessidade de usar adsorventes para desidratar o \u00f3leo do transformador;<\/span><\/li>\r\n \t<li style=\"font-weight: 400; text-align: justify;\"><span style=\"font-weight: 400;\">a opera\u00e7\u00e3o do equipamento n\u00e3o causa polui\u00e7\u00e3o do ar ou res\u00edduos que exigem armazenamento e descarte;<\/span><\/li>\r\n \t<li style=\"font-weight: 400; text-align: justify;\"><span style=\"font-weight: 400;\">f\u00e1cil opera\u00e7\u00e3o e manuten\u00e7\u00e3o;<\/span><\/li>\r\n \t<li style=\"font-weight: 400; text-align: justify;\"><span style=\"font-weight: 400;\">desempenho m\u00e1ximo do \u00f3leo mesmo ap\u00f3s um ciclo de tratamento;<\/span><\/li>\r\n \t<li style=\"font-weight: 400; text-align: justify;\"><span style=\"font-weight: 400;\">baixo consumo de energia;<\/span><\/li>\r\n \t<li style=\"font-weight: 400; text-align: justify;\"><span style=\"font-weight: 400;\">baixo n\u00edvel de ru\u00eddo;<\/span><\/li>\r\n \t<li style=\"font-weight: 400; text-align: justify;\"><span style=\"font-weight: 400;\">a unidade pode ser facilmente movida e usada no local de opera\u00e7\u00e3o do transformador.<\/span><\/li>\r\n<\/ul>"},{"tab_title":"Aplica\u00e7\u00e3o","tab_content":"[product_oil_types]"},{"tab_title":"Webinar","tab_content":"<div class=\"responsive-embed widescreen\">\r\n<div class=\"responsive-embed widescreen\">\r\n<div class=\"responsive-embed widescreen\">\r\n<div class=\"responsive-embed widescreen\"><iframe title=\"Manuten\u00e7\u00e3o dos transformadores de pot\u00eancia\" src=\"https:\/\/www.youtube.com\/embed\/RblXgV_sUy0?feature=oembed\" width=\"500\" height=\"281\" frameborder=\"0\" allowfullscreen=\"allowfullscreen\"><\/iframe><\/div>\r\n<\/div>\r\n<\/div>\r\n<\/div>"},{"tab_title":"Webinar","tab_content":"<div class=\"responsive-embed widescreen\">\r\n<div class=\"responsive-embed widescreen\">\r\n<div class=\"responsive-embed widescreen\"><iframe title=\"Manuten\u00e7\u00e3o dos transformadores de pot\u00eancia\" src=\"https:\/\/www.youtube.com\/embed\/RblXgV_sUy0?feature=oembed\" width=\"500\" height=\"281\" frameborder=\"0\" allowfullscreen=\"allowfullscreen\"><\/iframe><\/div>\r\n<\/div>\r\n<\/div>"}],"add_video_tab":[{"video_tab_title":"Video","add_video_id":[{"video_id":"w6-4NdpUr9c"},{"video_id":"J-gNjDEq1Hc"},{"video_id":"S0v7oeakhQs"}]}],"add_gallery_tab":[{"gallery_tab_title":"Foto","add_img":[20600,20596,20592,20588,20583,17649]}],"add_price_tab":[{"price_tab_title":"Obter pre\u00e7o"}]},"language":"pt-pt","_links":{"self":[{"href":"https:\/\/globecore.com\/pt-pt\/wp-json\/wp\/v2\/pages\/20548","targetHints":{"allow":["GET"]}}],"collection":[{"href":"https:\/\/globecore.com\/pt-pt\/wp-json\/wp\/v2\/pages"}],"about":[{"href":"https:\/\/globecore.com\/pt-pt\/wp-json\/wp\/v2\/types\/page"}],"author":[{"embeddable":true,"href":"https:\/\/globecore.com\/pt-pt\/wp-json\/wp\/v2\/users\/7"}],"replies":[{"embeddable":true,"href":"https:\/\/globecore.com\/pt-pt\/wp-json\/wp\/v2\/comments?post=20548"}],"version-history":[{"count":1,"href":"https:\/\/globecore.com\/pt-pt\/wp-json\/wp\/v2\/pages\/20548\/revisions"}],"predecessor-version":[{"id":336043,"href":"https:\/\/globecore.com\/pt-pt\/wp-json\/wp\/v2\/pages\/20548\/revisions\/336043"}],"up":[{"embeddable":true,"href":"https:\/\/globecore.com\/pt-pt\/wp-json\/wp\/v2\/pages\/17032"}],"wp:featuredmedia":[{"embeddable":true,"href":"https:\/\/globecore.com\/pt-pt\/wp-json\/wp\/v2\/media\/31156"}],"wp:attachment":[{"href":"https:\/\/globecore.com\/pt-pt\/wp-json\/wp\/v2\/media?parent=20548"}],"wp:term":[{"taxonomy":"category","embeddable":true,"href":"https:\/\/globecore.com\/pt-pt\/wp-json\/wp\/v2\/categories?post=20548"}],"curies":[{"name":"wp","href":"https:\/\/api.w.org\/{rel}","templated":true}]}}