{"id":20555,"date":"2016-04-06T05:26:37","date_gmt":"2016-04-06T05:26:37","guid":{"rendered":"https:\/\/globecore.com\/products\/oil-processing-equipment\/degassing-thermal-vacuum-drying-oil\/uvm-47-mobile-oil-plant.html"},"modified":"2026-03-06T06:38:21","modified_gmt":"2026-03-06T06:38:21","slug":"uvm-47-mobile-oil-plant","status":"publish","type":"page","link":"https:\/\/globecore.com\/pt-pt\/products\/desgaseificacao-e-purificacao-de-oleo\/uvm-47-mobile-oil-plant\/","title":{"rendered":"CMM-4\/7 Instala\u00e7\u00e3o m\u00f3vel para limpeza de \u00f3leo"},"content":{"rendered":"","protected":false},"excerpt":{"rendered":"<p>A unidade m\u00f3vel de processamento de \u00f3leo CMM-4\/7 \u00e9 projetada para desgasifica\u00e7\u00e3o, remo\u00e7\u00e3o de s\u00f3lidos e aquecimento de \u00f3leo em transformadores de pot\u00eancia com tens\u00f5es de at\u00e9 1.150 kV. Sua capacidade \u00e9 de 4 m\u00b3\/h (59 gal\/h) no modo de desgasifica\u00e7\u00e3o, secagem e filtra\u00e7\u00e3o, e de 7 m\u00b3\/h (185 gal\/h) no modo de aquecimento e filtra\u00e7\u00e3o. A unidade pode ser usada para aquecer sistemas el\u00e9tricos contendo \u00f3leo isolante com \u00f3leo quente, realizar a secagem a v\u00e1cuo de transformadores e efetuar a evacua\u00e7\u00e3o a v\u00e1cuo. \u00c9 ideal para instala\u00e7\u00f5es que instalam, reparam e fazem manuten\u00e7\u00e3o de transformadores de pot\u00eancia preenchidos com \u00f3leo e outros equipamentos el\u00e9tricos cheios de \u00f3leo.<\/p>\n","protected":false},"author":7,"featured_media":21373,"parent":17032,"menu_order":0,"comment_status":"closed","ping_status":"closed","template":"templates\/single-product.php","meta":{"_acf_changed":false,"_bbp_topic_count":0,"_bbp_reply_count":0,"_bbp_total_topic_count":0,"_bbp_total_reply_count":0,"_bbp_voice_count":0,"_bbp_anonymous_reply_count":0,"_bbp_topic_count_hidden":0,"_bbp_reply_count_hidden":0,"_bbp_forum_subforum_count":0,"footnotes":""},"categories":[1341],"class_list":["post-20555","page","type-page","status-publish","has-post-thumbnail","hentry","category-oil-maintenance-pt-pt","oil_type-fluido-dieletrico-fr3","oil_type-fluido-dieletrico-midel-7131","oil_type-fluido-resistente-ao-fogo-fyrquel","oil_type-oleo-de-silicone","oil_type-oleo-para-transformadores","oil_type-oleo-shell-diala","process_type-desgaseificacao","process_type-desidratacao","process_type-filtragem"],"acf":{"add_tab":[{"tab_title":"Descri\u00e7\u00e3o","tab_content":"<p style=\"text-align: justify;\"><span style=\"font-weight: 400;\">Esta unidade m\u00f3vel de tratamento de \u00f3leo da <\/span><b>GlobeCore <\/b><span style=\"font-weight: 400;\">destina-se \u00e0 desgaseifica\u00e7\u00e3o de \u00f3leo, remo\u00e7\u00e3o de part\u00edculas s\u00f3lidas e aquecimento de \u00f3leo para transformadores sob tens\u00e3o de at\u00e9 1150 kV.<\/span><\/p>\r\n<p style=\"text-align: justify;\"><span style=\"font-weight: 400;\">A unidade \u00a0pode ser usada para as seguintes finalidades: (1) aquecer equipamentos el\u00e9tricos preenchidos de \u00a0\u00f3leo com \u00f3leo quente; (2) secagem a v\u00e1cuo de transformadores (3) aspira\u00e7\u00e3o dos transformadores. A unidade \u00a0\u00e9 mais adequada para organiza\u00e7\u00f5es envolvidas na instala\u00e7\u00e3o, reparo e manuten\u00e7\u00e3o de transformadores com \u00f3leo e outros equipamentos el\u00e9tricos com \u00f3leo.<\/span><\/p>\r\n<p style=\"text-align: justify;\"><span style=\"font-weight: 400;\">A unidade n\u00e3o se destina a uso em atmosfera explosiva, na presen\u00e7a de gases t\u00f3xicos e subst\u00e2ncias corrosivas.<\/span><\/p>\r\n<p style=\"text-align: justify;\"><span style=\"font-weight: 400;\">Ao trabalhar em ambientes fechados, o exaustor deve ser retirado da sala atrav\u00e9s de mangueiras ou tubula\u00e7\u00f5es.<\/span><\/p>"}],"add_def_tab":[{"tab_title":"Par\u00e2metros","tab_content":"<table>\r\n<tbody>\r\n<tr>\r\n<td style=\"text-align: center;\"><b>Par\u00e2metros<\/b><\/td>\r\n<td style=\"text-align: center;\"><b>valor<\/b><\/td>\r\n<\/tr>\r\n<tr>\r\n<td><span style=\"font-weight: 400;\">Produtividade, m3 \/ hora \/ gal por hora:<\/span><\/td>\r\n<td><\/td>\r\n<\/tr>\r\n<tr>\r\n<td>\r\n<ul>\r\n \t<li style=\"font-weight: 400;\"><span style=\"font-weight: 400;\">desgaseifica\u00e7\u00e3o, nitreta\u00e7\u00e3o, secagem e filtra\u00e7\u00e3o<\/span><\/li>\r\n<\/ul>\r\n<\/td>\r\n<td style=\"text-align: center;\"><span style=\"font-weight: 400;\">4\/1059.0<\/span><\/td>\r\n<\/tr>\r\n<tr>\r\n<td>\r\n<ul>\r\n \t<li style=\"font-weight: 400;\"><span style=\"font-weight: 400;\">aquecimento e filtra\u00e7\u00e3o<\/span><\/li>\r\n<\/ul>\r\n<\/td>\r\n<td style=\"text-align: center;\"><span style=\"font-weight: 400;\">7\/1853.0<\/span><\/td>\r\n<\/tr>\r\n<tr>\r\n<td><span style=\"font-weight: 400;\">Faixa de ajuste de capacidade, m3 \/ hora \/ gal\u00e3o por hora:<\/span><\/td>\r\n<td style=\"text-align: center;\"><span style=\"font-weight: 400;\">0.5-4.0\/132-1059.0<\/span><\/td>\r\n<\/tr>\r\n<tr>\r\n<td><span style=\"font-weight: 400;\">Par\u00e2metros do \u00f3leo processado *:<\/span><\/td>\r\n<td><\/td>\r\n<\/tr>\r\n<tr>\r\n<td>\r\n<ul>\r\n \t<li style=\"font-weight: 400;\"><span style=\"font-weight: 400;\">Conte\u00fado de g\u00e1s em volume,%, n\u00e3o mais<\/span><\/li>\r\n<\/ul>\r\n<\/td>\r\n<td style=\"text-align: center;\"><span style=\"font-weight: 400;\">0.1<\/span><\/td>\r\n<\/tr>\r\n<tr>\r\n<td>\r\n<ul>\r\n \t<li style=\"font-weight: 400;\"><span style=\"font-weight: 400;\">teor de umidade, g \/ t, n\u00e3o mais<\/span><\/li>\r\n<\/ul>\r\n<\/td>\r\n<td style=\"text-align: center;\"><span style=\"font-weight: 400;\">10<\/span><\/td>\r\n<\/tr>\r\n<tr>\r\n<td>\r\n<ul>\r\n \t<li style=\"font-weight: 400;\"><span style=\"font-weight: 400;\">Classifica\u00e7\u00e3o ISO 4406 <\/span><\/li>\r\n<\/ul>\r\n<\/td>\r\n<td style=\"text-align: center;\"><span style=\"font-weight: 400;\">16\/14\/12<\/span><\/td>\r\n<\/tr>\r\n<tr>\r\n<td>\r\n<ul>\r\n \t<li>Precis\u00e3o de filtra\u00e7\u00e3o, micron<\/li>\r\n<\/ul>\r\n<\/td>\r\n<td style=\"text-align: center;\"><span style=\"font-weight: 400;\">5<\/span><\/td>\r\n<\/tr>\r\n<tr>\r\n<td>\r\n<ul>\r\n \t<li style=\"font-weight: 400;\"><span style=\"font-weight: 400;\">Tens\u00e3o de ruptura, kV, n\u00e3o menos<\/span><\/li>\r\n<\/ul>\r\n<\/td>\r\n<td style=\"text-align: center;\"><span style=\"font-weight: 400;\">70<\/span><\/td>\r\n<\/tr>\r\n<tr>\r\n<td><span style=\"font-weight: 400;\">Temperatura do \u00f3leo no modo de aquecimento, \u00ba \u00a1\/ \u00baF<\/span><\/td>\r\n<td style=\"text-align: center;\"><span style=\"font-weight: 400;\">90\/194<\/span><\/td>\r\n<\/tr>\r\n<tr>\r\n<td><span style=\"font-weight: 400;\">Coeficiente de filtra\u00e7\u00e3o<\/span><\/td>\r\n<td style=\"text-align: center;\"><span style=\"font-weight: 400;\">\u226550<\/span><\/td>\r\n<\/tr>\r\n<tr>\r\n<td><span style=\"font-weight: 400;\">Press\u00e3o de sa\u00edda, MPa<\/span><\/td>\r\n<td style=\"text-align: center;\"><span style=\"font-weight: 400;\">0.2<\/span><\/td>\r\n<\/tr>\r\n<tr>\r\n<td><span style=\"font-weight: 400;\">A altura do \u00f3leo, metros \/ jardas<\/span><\/td>\r\n<td style=\"text-align: center;\"><span style=\"font-weight: 400;\">20\/22<\/span><\/td>\r\n<\/tr>\r\n<tr>\r\n<td><span style=\"font-weight: 400;\">Pot\u00eancia do aquecedor, kW<\/span><\/td>\r\n<td style=\"text-align: center;\"><span style=\"font-weight: 400;\">50\u00b110%<\/span><\/td>\r\n<\/tr>\r\n<tr>\r\n<td><span style=\"font-weight: 400;\">Pot\u00eancia de superf\u00edcie espec\u00edfica do aquecedor, W \/ cm2, n\u00e3o mais<\/span><\/td>\r\n<td style=\"text-align: center;\"><span style=\"font-weight: 400;\">1.15<\/span><\/td>\r\n<\/tr>\r\n<tr>\r\n<td><span style=\"font-weight: 400;\">Consumo m\u00e1ximo de energia, kW<\/span><\/td>\r\n<td style=\"text-align: center;\"><span style=\"font-weight: 400;\">65<\/span><\/td>\r\n<\/tr>\r\n<tr>\r\n<td><span style=\"font-weight: 400;\">Configura\u00e7\u00f5es de energia<\/span><\/td>\r\n<td><\/td>\r\n<\/tr>\r\n<tr>\r\n<td>\r\n<ul>\r\n \t<li style=\"font-weight: 400;\"><span style=\"font-weight: 400;\">tens\u00e3o, V<\/span><\/li>\r\n<\/ul>\r\n<\/td>\r\n<td style=\"text-align: center;\"><span style=\"font-weight: 400;\">400<\/span><\/td>\r\n<\/tr>\r\n<tr>\r\n<td>\r\n<ul>\r\n \t<li style=\"font-weight: 400;\"><span style=\"font-weight: 400;\">Freq\u00fc\u00eancia, Hz **<\/span><\/li>\r\n<\/ul>\r\n<\/td>\r\n<td style=\"text-align: center;\"><span style=\"font-weight: 400;\">50\/60<\/span><\/td>\r\n<\/tr>\r\n<tr>\r\n<td><span style=\"font-weight: 400;\">Dimens\u00f5es, mm (sem reboque\/com reboque)\r\n<\/span><\/td>\r\n<td><\/td>\r\n<\/tr>\r\n<tr>\r\n<td>\r\n<ul>\r\n \t<li style=\"font-weight: 400;\"><span style=\"font-weight: 400;\">comprimento<\/span><\/li>\r\n<\/ul>\r\n<\/td>\r\n<td style=\"text-align: center;\"><span style=\"font-weight: 400;\">2600\/3750<\/span><\/td>\r\n<\/tr>\r\n<tr>\r\n<td>\r\n<ul>\r\n \t<li style=\"font-weight: 400;\"><span style=\"font-weight: 400;\">altura<\/span><\/li>\r\n<\/ul>\r\n<\/td>\r\n<td style=\"text-align: center;\"><span style=\"font-weight: 400;\">1250\/1840<\/span><\/td>\r\n<\/tr>\r\n<tr>\r\n<td>\r\n<ul>\r\n \t<li style=\"font-weight: 400;\"><span style=\"font-weight: 400;\">largura<\/span><\/li>\r\n<\/ul>\r\n<\/td>\r\n<td style=\"text-align: center;\"><span style=\"font-weight: 400;\">1500\/1940<\/span><\/td>\r\n<\/tr>\r\n<tr>\r\n<td><span style=\"font-weight: 400;\">Peso kg (sem reboque\/com reboque)\r\n<\/span><\/td>\r\n<td style=\"text-align: center;\"><span style=\"font-weight: 400;\">1000\/1400<\/span><\/td>\r\n<\/tr>\r\n<\/tbody>\r\n<\/table>\r\n<p style=\"text-align: justify;\"><b><i>Note<\/i><\/b><b>:<\/b><span style=\"font-weight: 400;\"> * Par\u00e2metros iniciais do \u00f3leo:<\/span><\/p>\r\n<p style=\"text-align: justify;\"><span style=\"font-weight: 400;\">Teor de g\u00e1s em volume \u2013 n\u00e3o mais de 10.5%;<\/span><\/p>\r\n<p style=\"text-align: justify;\"><span style=\"font-weight: 400;\">Teor de humidade em massa \u2013 n\u00e3o \u00a0mais de 0,05% (50 g \/ t);<\/span><\/p>\r\n<p style=\"text-align: justify;\"><span style=\"font-weight: 400;\">Temperatura \u2013 n\u00e3o inferior a 0 \u00ba \/ 32 \u00baF.<\/span><\/p>\r\n<p style=\"text-align: justify;\"><span style=\"font-weight: 400;\">** Todo o equipamento fornecido nos EUA usa 60 Hz de corrente alternada.<\/span><\/p>\r\n<p style=\"text-align: justify;\"><span style=\"font-weight: 400;\">Planta de \u00f3leo m\u00f3vel \u2013 GlobeCore<\/span><\/p>"},{"tab_title":"Benef\u00edcios","tab_content":"<ul>\r\n \t<li style=\"font-weight: 400; text-align: justify;\"><span style=\"font-weight: 400;\">N\u00e3o h\u00e1 necessidade de usar adsorventes para desidratar o \u00f3leo do transformador;<\/span><\/li>\r\n \t<li style=\"font-weight: 400; text-align: justify;\"><span style=\"font-weight: 400;\">a opera\u00e7\u00e3o do equipamento n\u00e3o causa polui\u00e7\u00e3o do ar ou res\u00edduos que exigem armazenamento e descarte;<\/span><\/li>\r\n \t<li style=\"font-weight: 400; text-align: justify;\"><span style=\"font-weight: 400;\">f\u00e1cil opera\u00e7\u00e3o e manuten\u00e7\u00e3o;<\/span><\/li>\r\n \t<li style=\"font-weight: 400; text-align: justify;\"><span style=\"font-weight: 400;\">desempenho m\u00e1ximo do \u00f3leo mesmo ap\u00f3s um ciclo de tratamento;<\/span><\/li>\r\n \t<li style=\"font-weight: 400; text-align: justify;\"><span style=\"font-weight: 400;\">baixo consumo de energia;<\/span><\/li>\r\n \t<li style=\"font-weight: 400; text-align: justify;\"><span style=\"font-weight: 400;\">baixo n\u00edvel de ru\u00eddo;<\/span><\/li>\r\n \t<li style=\"font-weight: 400; text-align: justify;\"><span style=\"font-weight: 400;\">a unidade pode ser facilmente movida e usada no local de opera\u00e7\u00e3o do transformador.<\/span><\/li>\r\n<\/ul>"},{"tab_title":"Aplica\u00e7\u00e3o","tab_content":"[product_oil_types]"},{"tab_title":"Webinar","tab_content":"<div class=\"responsive-embed widescreen\">\r\n<div class=\"responsive-embed widescreen\">\r\n<div class=\"responsive-embed widescreen\">\r\n<div class=\"responsive-embed widescreen\"><iframe title=\"Manuten\u00e7\u00e3o dos transformadores de pot\u00eancia\" src=\"https:\/\/www.youtube.com\/embed\/RblXgV_sUy0?feature=oembed\" width=\"500\" height=\"281\" frameborder=\"0\" allowfullscreen=\"allowfullscreen\"><\/iframe><\/div>\r\n<\/div>\r\n<\/div>\r\n<\/div>"}],"add_video_tab":[{"video_tab_title":"Video","add_video_id":[{"video_id":"J-gNjDEq1Hc"},{"video_id":"9NUcIoMKuJQ"},{"video_id":"S0v7oeakhQs"}]}],"add_gallery_tab":[{"gallery_tab_title":"Foto","add_img":[17788,17188,17294,20583,20588,20592,20596,20600]}],"add_price_tab":[{"price_tab_title":"Obter pre\u00e7o"}]},"language":"pt-pt","_links":{"self":[{"href":"https:\/\/globecore.com\/pt-pt\/wp-json\/wp\/v2\/pages\/20555","targetHints":{"allow":["GET"]}}],"collection":[{"href":"https:\/\/globecore.com\/pt-pt\/wp-json\/wp\/v2\/pages"}],"about":[{"href":"https:\/\/globecore.com\/pt-pt\/wp-json\/wp\/v2\/types\/page"}],"author":[{"embeddable":true,"href":"https:\/\/globecore.com\/pt-pt\/wp-json\/wp\/v2\/users\/7"}],"replies":[{"embeddable":true,"href":"https:\/\/globecore.com\/pt-pt\/wp-json\/wp\/v2\/comments?post=20555"}],"version-history":[{"count":1,"href":"https:\/\/globecore.com\/pt-pt\/wp-json\/wp\/v2\/pages\/20555\/revisions"}],"predecessor-version":[{"id":336025,"href":"https:\/\/globecore.com\/pt-pt\/wp-json\/wp\/v2\/pages\/20555\/revisions\/336025"}],"up":[{"embeddable":true,"href":"https:\/\/globecore.com\/pt-pt\/wp-json\/wp\/v2\/pages\/17032"}],"wp:featuredmedia":[{"embeddable":true,"href":"https:\/\/globecore.com\/pt-pt\/wp-json\/wp\/v2\/media\/21373"}],"wp:attachment":[{"href":"https:\/\/globecore.com\/pt-pt\/wp-json\/wp\/v2\/media?parent=20555"}],"wp:term":[{"taxonomy":"category","embeddable":true,"href":"https:\/\/globecore.com\/pt-pt\/wp-json\/wp\/v2\/categories?post=20555"}],"curies":[{"name":"wp","href":"https:\/\/api.w.org\/{rel}","templated":true}]}}