{"id":20561,"date":"2016-07-21T09:30:18","date_gmt":"2016-07-21T09:30:18","guid":{"rendered":"https:\/\/globecore.com\/products\/oil-processing-equipment\/degassing-thermal-vacuum-drying-oil\/cmm-0-6-oil-filtration-oil-degassing-cart.html"},"modified":"2026-04-16T12:44:10","modified_gmt":"2026-04-16T12:44:10","slug":"cmm-0-6-oil-filtration-oil-degassing-cart","status":"publish","type":"page","link":"https:\/\/globecore.com\/pt-pt\/products\/desgaseificacao-e-purificacao-de-oleo\/cmm-0-6-oil-filtration-oil-degassing-cart\/","title":{"rendered":"CMM-0.6 Unidade de desgaseifica\u00e7\u00e3o m\u00f3vel"},"content":{"rendered":"","protected":false},"excerpt":{"rendered":"<p>A CMM-0.6L \u00e9 uma unidade compacta para aquecimento, bombeamento e purifica\u00e7\u00e3o de \u00f3leo eletroisolante e de resfriamento utilizado em transformadores, comutadores sob carga, buchas e disjuntores de alta tens\u00e3o. Durante o processo de tratamento, impurezas mec\u00e2nicas, gases dissolvidos e \u00e1gua s\u00e3o removidos do \u00f3leo. A capacidade da unidade \u00e9 de at\u00e9 600 l\/h, correspondendo \u00e0 categoria b\u00e1sica CMM.<br \/>\nA purifica\u00e7\u00e3o ocorre a v\u00e1cuo: o \u00f3leo aquecido entra em uma c\u00e2mara de v\u00e1cuo onde, devido \u00e0 maior \u00e1rea de contato, a umidade e os gases s\u00e3o removidos de forma eficiente; em seguida, o \u00f3leo passa pelos filtros e \u00e9 direcionado para a sa\u00edda.<br \/>\nA opera\u00e7\u00e3o da CMM-0.6L \u00e9 altamente automatizada e requer m\u00ednima interven\u00e7\u00e3o do operador. A unidade \u00e9 equipada com sistemas de prote\u00e7\u00e3o contra superaquecimento, vazamentos de \u00f3leo, falta de \u00f3leo no sistema, forma\u00e7\u00e3o de espuma e sobrecargas el\u00e9tricas, garantindo uma opera\u00e7\u00e3o segura e confi\u00e1vel.<\/p>\n","protected":false},"author":1,"featured_media":21197,"parent":17032,"menu_order":0,"comment_status":"closed","ping_status":"closed","template":"templates\/single-product.php","meta":{"_acf_changed":false,"_bbp_topic_count":0,"_bbp_reply_count":0,"_bbp_total_topic_count":0,"_bbp_total_reply_count":0,"_bbp_voice_count":0,"_bbp_anonymous_reply_count":0,"_bbp_topic_count_hidden":0,"_bbp_reply_count_hidden":0,"_bbp_forum_subforum_count":0,"footnotes":""},"categories":[1341],"class_list":["post-20561","page","type-page","status-publish","has-post-thumbnail","hentry","category-oil-maintenance-pt-pt","oil_type-fluido-dieletrico-fr3","oil_type-fluido-dieletrico-midel-7131","oil_type-fluido-resistente-ao-fogo-fyrquel","oil_type-oleo-de-silicone","oil_type-oleo-hidraulico","oil_type-oleo-industrial","oil_type-oleo-para-transformadores","oil_type-oleo-para-turbinas","oil_type-oleo-shell-diala","process_type-desgaseificacao","process_type-desidratacao","process_type-filtragem"],"acf":{"add_tab":[{"tab_title":"Descri\u00e7\u00e3o","tab_content":"<p style=\"text-align: justify;\"><span style=\"font-weight: 400;\">A unidade de desgaseifica\u00e7\u00e3o m\u00f3vel CMM-0,6 \u00e9 usada para <\/span><b>filtrar<\/b><span style=\"font-weight: 400;\">, <\/span><b>bombear, aquecer e desgasificar o \u00f3leo isolante<\/b><span style=\"font-weight: 400;\">, bem como para remover part\u00edculas s\u00f3lidas e umidade. Capacidade de produ\u00e7\u00e3o- 0,6 m3 \/ hora.<\/span><\/p>\r\n<p style=\"text-align: justify;\"><span style=\"font-weight: 400;\">A unidade consiste de uma coluna de v\u00e1cuo, um aquecedor de \u00f3leo de cer\u00e2mica, uma bomba, uma bomba de v\u00e1cuo e um sistema de filtragem com cartuchos substitu\u00edveis.<\/span><\/p>\r\n<p style=\"text-align: justify;\"><span style=\"font-weight: 400;\">A instala\u00e7\u00e3o \u00e9 equipada com sensores que permitem ao operador controlar a queda de press\u00e3o nos filtros e o valor do v\u00e1cuo de trabalho. A temperatura de aquecimento tamb\u00e9m pode ser controlada por um regulador especial.<\/span><\/p>\r\n<p style=\"text-align: justify;\"><span style=\"font-weight: 400;\">Ao fazer a manuten\u00e7\u00e3o de um transformador com alto teor de umidade no \u00f3leo, h\u00e1 sempre a possibilidade de<\/span><b> forma\u00e7\u00e3o de espuma<\/b><span style=\"font-weight: 400;\">; portanto, a unidade fornece prote\u00e7\u00e3o contra esse problema. Se por algum motivo o \u00f3leo vazar da instala\u00e7\u00e3o, o vazamento ser\u00e1 imediatamente detectado pelo sensor e a instala\u00e7\u00e3o ser\u00e1 interrompida com um sinal de alarme para o operador.<\/span><\/p>"}],"add_def_tab":[{"tab_title":"Par\u00e2metros","tab_content":"<h3 style=\"text-align: center;\"><b>Caracter\u00edsticas da unidade CMM-0.6<\/b><\/h3>\r\n<table>\r\n<tbody>\r\n<tr>\r\n<td><b>No.<\/b><\/td>\r\n<td><b>Par\u00e2metros<\/b><\/td>\r\n<td><b>valor<\/b><\/td>\r\n<\/tr>\r\n<tr>\r\n<td><span style=\"font-weight: 400;\">1<\/span><\/td>\r\n<td><span style=\"font-weight: 400;\">Produtividade, m3 \/ hora<\/span><\/td>\r\n<td><span style=\"font-weight: 400;\">0.6<\/span><\/td>\r\n<\/tr>\r\n<tr>\r\n<td><span style=\"font-weight: 400;\">2<\/span><\/td>\r\n<td><span style=\"font-weight: 400;\">Fonte de alimenta\u00e7\u00e3o (~ 50Hz), V<\/span><\/td>\r\n<td><span style=\"font-weight: 400;\">380*<\/span><\/td>\r\n<\/tr>\r\n<tr>\r\n<td><span style=\"font-weight: 400;\">3<\/span><\/td>\r\n<td><span style=\"font-weight: 400;\">Pot\u00eancia nominal kW<\/span><\/td>\r\n<td><span style=\"font-weight: 400;\">14<\/span><\/td>\r\n<\/tr>\r\n<tr>\r\n<td><span style=\"font-weight: 400;\">4<\/span><\/td>\r\n<td><span style=\"font-weight: 400;\">Filtro preliminar, m\u00edcron<\/span><\/td>\r\n<td><span style=\"font-weight: 400;\">200<\/span><\/td>\r\n<\/tr>\r\n<tr>\r\n<td><span style=\"font-weight: 400;\">5<\/span><\/td>\r\n<td><span style=\"font-weight: 400;\">Precis\u00e3o de filtra\u00e7\u00e3o, micron<\/span><\/td>\r\n<td><span style=\"font-weight: 400;\">5<\/span><\/td>\r\n<\/tr>\r\n<tr>\r\n<td><span style=\"font-weight: 400;\">6<\/span><\/td>\r\n<td><span style=\"font-weight: 400;\">Classe de limpeza ap\u00f3s o tratamento (ISO 4406)<\/span><\/td>\r\n<td><span style=\"font-weight: 400;\">-\/14\/12<\/span><\/td>\r\n<\/tr>\r\n<tr>\r\n<td><span style=\"font-weight: 400;\">7<\/span><\/td>\r\n<td><span style=\"font-weight: 400;\">Tens\u00e3o de ruptura, kV<\/span><\/td>\r\n<td><span style=\"font-weight: 400;\">60**<\/span><\/td>\r\n<\/tr>\r\n<tr>\r\n<td><span style=\"font-weight: 400;\">8<\/span><\/td>\r\n<td><span style=\"font-weight: 400;\">Dimens\u00f5es (sem mangas) n\u00e3o mais, mm<\/span><\/td>\r\n<td><\/td>\r\n<\/tr>\r\n<tr>\r\n<td><\/td>\r\n<td><span style=\"font-weight: 400;\">\u2014 \u00a0comprimento<\/span><\/td>\r\n<td><span style=\"font-weight: 400;\">750<\/span><\/td>\r\n<\/tr>\r\n<tr>\r\n<td><\/td>\r\n<td><span style=\"font-weight: 400;\">\u2014 largura<\/span><\/td>\r\n<td><span style=\"font-weight: 400;\">525<\/span><\/td>\r\n<\/tr>\r\n<tr>\r\n<td><\/td>\r\n<td><span style=\"font-weight: 400;\">\u2014 altura<\/span><\/td>\r\n<td><span style=\"font-weight: 400;\">1450<\/span><\/td>\r\n<\/tr>\r\n<tr>\r\n<td><span style=\"font-weight: 400;\">9<\/span><\/td>\r\n<td><span style=\"font-weight: 400;\">Peso, kg, n\u00e3o mais<\/span><\/td>\r\n<td><span style=\"font-weight: 400;\">230<\/span><\/td>\r\n<\/tr>\r\n<\/tbody>\r\n<\/table>\r\n<p style=\"text-align: justify;\"><span style=\"font-weight: 400;\">* \u2013 a pedido do cliente<\/span><\/p>\r\n<p style=\"text-align: justify;\"><span style=\"font-weight: 400;\"> ** \u2013 novo \u00f3leo.<\/span><\/p>\r\n<p style=\"text-align: justify;\"><span style=\"font-weight: 400;\">Para alterar as op\u00e7\u00f5es b\u00e1sicas dos seus requisitos, voc\u00ea deve preencher um question\u00e1rio, que lista todos os requisitos t\u00e9cnicos.<\/span><\/p>"},{"tab_title":"Benef\u00edcios","tab_content":"<ul>\r\n \t<li style=\"font-weight: 400; text-align: justify;\"><span style=\"font-weight: 400;\">tamanho compacto;<\/span><\/li>\r\n \t<li style=\"font-weight: 400; text-align: justify;\"><span style=\"font-weight: 400;\">f\u00e1cil manuten\u00e7\u00e3o e opera\u00e7\u00e3o;<\/span><\/li>\r\n \t<li style=\"font-weight: 400; text-align: justify;\"><span style=\"font-weight: 400;\">prote\u00e7\u00e3o contra derramamento e forma\u00e7\u00e3o de espuma;<\/span><\/li>\r\n \t<li style=\"font-weight: 400; text-align: justify;\"><span style=\"font-weight: 400;\">opera\u00e7\u00e3o sem ru\u00eddo;<\/span><\/li>\r\n \t<li style=\"font-weight: 400; text-align: justify;\"><span style=\"font-weight: 400;\">a capacidade de se conectar \u00e0 rede el\u00e9trica por meio de uma tomada comum;<\/span><\/li>\r\n \t<li style=\"font-weight: 400; text-align: justify;\"><span style=\"font-weight: 400;\">aumenta a confiabilidade de trabalho dos equipamentos preenchidos com \u00f3leo.<\/span><\/li>\r\n<\/ul>"},{"tab_title":"Aplica\u00e7\u00e3o","tab_content":"[product_oil_types]"},{"tab_title":"Webinar","tab_content":"<div class=\"responsive-embed widescreen\">\r\n<div class=\"responsive-embed widescreen\">\r\n<div class=\"responsive-embed widescreen\">\r\n<div class=\"responsive-embed widescreen\"><iframe title=\"Manuten\u00e7\u00e3o dos transformadores de pot\u00eancia\" src=\"https:\/\/www.youtube.com\/embed\/RblXgV_sUy0?feature=oembed\" width=\"500\" height=\"281\" frameborder=\"0\" allowfullscreen=\"allowfullscreen\"><\/iframe><\/div>\r\n<\/div>\r\n<\/div>\r\n<\/div>"}],"add_video_tab":[{"video_tab_title":"Video","add_video_id":[{"video_id":"xp4IOhJArDQ"},{"video_id":"89QBPj_0w0A"},{"video_id":"_zkWZZznzsU"}]}],"add_gallery_tab":[{"gallery_tab_title":"Foto","add_img":[17920,17924,17923,19672,19671,17822]}],"add_price_tab":[{"price_tab_title":"Obter pre\u00e7o"}]},"language":"pt-pt","_links":{"self":[{"href":"https:\/\/globecore.com\/pt-pt\/wp-json\/wp\/v2\/pages\/20561","targetHints":{"allow":["GET"]}}],"collection":[{"href":"https:\/\/globecore.com\/pt-pt\/wp-json\/wp\/v2\/pages"}],"about":[{"href":"https:\/\/globecore.com\/pt-pt\/wp-json\/wp\/v2\/types\/page"}],"author":[{"embeddable":true,"href":"https:\/\/globecore.com\/pt-pt\/wp-json\/wp\/v2\/users\/1"}],"replies":[{"embeddable":true,"href":"https:\/\/globecore.com\/pt-pt\/wp-json\/wp\/v2\/comments?post=20561"}],"version-history":[{"count":4,"href":"https:\/\/globecore.com\/pt-pt\/wp-json\/wp\/v2\/pages\/20561\/revisions"}],"predecessor-version":[{"id":342823,"href":"https:\/\/globecore.com\/pt-pt\/wp-json\/wp\/v2\/pages\/20561\/revisions\/342823"}],"up":[{"embeddable":true,"href":"https:\/\/globecore.com\/pt-pt\/wp-json\/wp\/v2\/pages\/17032"}],"wp:featuredmedia":[{"embeddable":true,"href":"https:\/\/globecore.com\/pt-pt\/wp-json\/wp\/v2\/media\/21197"}],"wp:attachment":[{"href":"https:\/\/globecore.com\/pt-pt\/wp-json\/wp\/v2\/media?parent=20561"}],"wp:term":[{"taxonomy":"category","embeddable":true,"href":"https:\/\/globecore.com\/pt-pt\/wp-json\/wp\/v2\/categories?post=20561"}],"curies":[{"name":"wp","href":"https:\/\/api.w.org\/{rel}","templated":true}]}}