{"id":20714,"date":"2014-04-14T09:44:35","date_gmt":"2014-04-14T09:44:35","guid":{"rendered":"https:\/\/globecore.com\/about-globecore.html"},"modified":"2024-02-02T11:57:08","modified_gmt":"2024-02-02T11:57:08","slug":"about-globecore","status":"publish","type":"page","link":"https:\/\/globecore.com\/pt-pt\/about-globecore\/","title":{"rendered":"Sobre n\u00f3s"},"content":{"rendered":"<p style=\"text-align: justify;\">Nossa hist\u00f3ria come\u00e7ou em 1969 com a SPMK.<\/p>\n<p style=\"text-align: justify;\">Com o in\u00edcio do novo s\u00e9culo, a <em><strong>GlobeCore<\/strong><\/em> expande suas atividades e lan\u00e7a as primeiras f\u00e1bricas para a produ\u00e7\u00e3o de emuls\u00f5es betuminosas e betume modificado.<\/p>\n<p style=\"text-align: justify;\">Ao mesmo tempo, est\u00e1 sendo realizada uma an\u00e1lise da ind\u00fastria energ\u00e9tica, gra\u00e7as \u00e0 qual est\u00e3o sendo desenvolvidas instala\u00e7\u00f5es de cavita\u00e7\u00e3o hidrodin\u00e2mica para aumentar o rendimento de derivados de petr\u00f3leo leve e obter combust\u00edveis multicomponentes.<\/p>\n<p style=\"text-align: justify;\">A subsequente expans\u00e3o da gama de equipamentos foi uma resposta \u00e0 mudan\u00e7a da situa\u00e7\u00e3o ambiental. V\u00e1rios pa\u00edses est\u00e3o aprovando leis sobre o gerenciamento adequado de res\u00edduos, e a <em><strong>GlobeCore<\/strong><\/em> est\u00e1 desenvolvendo a primeira planta para limpeza e recupera\u00e7\u00e3o de \u00f3leos usados. Com o tempo, a empresa tornou-se l\u00edder mundial no processamento de \u00f3leos energ\u00e9ticos.<\/p>\n<p style=\"text-align: justify;\">Em 2005, a <em><strong>GlobeCore<\/strong><\/em> decide entrar no mercado dos Estados Unidos. At\u00e9 o momento, o escrit\u00f3rio de representa\u00e7\u00e3o e o centro de servi\u00e7os da empresa est\u00e3o localizados em Houston.<\/p>\n<p style=\"text-align: justify;\">No futuro, a dire\u00e7\u00e3o das &#8220;tecnologias verdes&#8221; est\u00e1 sendo desenvolvida por meio do desenvolvimento de novos equipamentos para a produ\u00e7\u00e3o de biodiesel.<\/p>\n<p style=\"text-align: justify;\">O departamento de design da empresa conclui com sucesso os testes dos primeiros prot\u00f3tipos industriais de dispositivos de camada de v\u00f3rtice projetados para tratamento de \u00e1guas residuais e elimina\u00e7\u00e3o de res\u00edduos de v\u00e1rias origens. Os campos de aplica\u00e7\u00e3o do dispositivo est\u00e3o em constante expans\u00e3o e ainda est\u00e3o sendo estudados.<\/p>\n<p style=\"text-align: justify;\">O n\u00famero de modelos de equipamentos industriais produzidos sob a marca <em><strong>GlobeCore<\/strong><\/em> chega a 100 tipos.<\/p>\n<p style=\"text-align: justify;\">Em 2013, \u00e9 inaugurado um escrit\u00f3rio de representa\u00e7\u00e3o nos Emirados \u00c1rabes Unidos e, em 2014, um centro de servi\u00e7os na Rep\u00fablica da \u00c1frica do Sul.<\/p>\n<p style=\"text-align: justify;\">Um evento importante no desenvolvimento da empresa foi o surgimento do International Training Center, que oferece treinamento para operadores trabalharem com nossos equipamentos. A par do seu trabalho, a <em><strong>GlobeCore<\/strong> <\/em>continua a realizar semin\u00e1rios de forma\u00e7\u00e3o por todo o mundo e a participar em grandes exposi\u00e7\u00f5es e confer\u00eancias tem\u00e1ticas.<\/p>\n<p style=\"text-align: justify;\">Em 2017, um centro de servi\u00e7os na Am\u00e9rica Latina (San Jos\u00e9, Costa Rica) come\u00e7a a funcionar.<\/p>\n<p style=\"text-align: justify;\">O mais novo equipamento <em><strong>GlobeCore<\/strong><\/em> surgiu como resultado de uma estreita coopera\u00e7\u00e3o com representantes de energia alternativa. S\u00e3o instala\u00e7\u00f5es para aumentar a efici\u00eancia da troca de \u00f3leo nas caixas de engrenagens das turbinas e\u00f3licas.<\/p>\n<p style=\"text-align: justify;\">E embora no momento os equipamentos da empresa operem em todo o mundo, n\u00e3o vamos parar por a\u00ed. Para todos os futuros clientes, nossa hist\u00f3ria continua! N\u00f3s somos a <em><strong>GlobeCore<\/strong><\/em>!<\/p>\n","protected":false},"excerpt":{"rendered":"<p>Nossa hist\u00f3ria come\u00e7ou em 1969 com a SPMK. Com o in\u00edcio do novo s\u00e9culo, a GlobeCore expande suas atividades e lan\u00e7a as primeiras f\u00e1bricas para a produ\u00e7\u00e3o de emuls\u00f5es betuminosas e betume modificado. Ao mesmo tempo, est\u00e1 sendo realizada uma an\u00e1lise da ind\u00fastria energ\u00e9tica, gra\u00e7as \u00e0 qual est\u00e3o sendo desenvolvidas instala\u00e7\u00f5es de cavita\u00e7\u00e3o hidrodin\u00e2mica para<a class=\"cg-read-more\" href=\"https:\/\/globecore.com\/pt-pt\/about-globecore\/\" target=\"_blank\">Leia mais <\/a><\/p>\n","protected":false},"author":1,"featured_media":0,"parent":0,"menu_order":50,"comment_status":"closed","ping_status":"closed","template":"templates\/about-page.php","meta":{"_acf_changed":false,"_bbp_topic_count":0,"_bbp_reply_count":0,"_bbp_total_topic_count":0,"_bbp_total_reply_count":0,"_bbp_voice_count":0,"_bbp_anonymous_reply_count":0,"_bbp_topic_count_hidden":0,"_bbp_reply_count_hidden":0,"_bbp_forum_subforum_count":0,"footnotes":""},"categories":[],"class_list":["post-20714","page","type-page","status-publish","hentry"],"acf":[],"language":"pt-pt","_links":{"self":[{"href":"https:\/\/globecore.com\/pt-pt\/wp-json\/wp\/v2\/pages\/20714","targetHints":{"allow":["GET"]}}],"collection":[{"href":"https:\/\/globecore.com\/pt-pt\/wp-json\/wp\/v2\/pages"}],"about":[{"href":"https:\/\/globecore.com\/pt-pt\/wp-json\/wp\/v2\/types\/page"}],"author":[{"embeddable":true,"href":"https:\/\/globecore.com\/pt-pt\/wp-json\/wp\/v2\/users\/1"}],"replies":[{"embeddable":true,"href":"https:\/\/globecore.com\/pt-pt\/wp-json\/wp\/v2\/comments?post=20714"}],"version-history":[{"count":0,"href":"https:\/\/globecore.com\/pt-pt\/wp-json\/wp\/v2\/pages\/20714\/revisions"}],"wp:attachment":[{"href":"https:\/\/globecore.com\/pt-pt\/wp-json\/wp\/v2\/media?parent=20714"}],"wp:term":[{"taxonomy":"category","embeddable":true,"href":"https:\/\/globecore.com\/pt-pt\/wp-json\/wp\/v2\/categories?post=20714"}],"curies":[{"name":"wp","href":"https:\/\/api.w.org\/{rel}","templated":true}]}}