{"id":20785,"date":"2018-07-13T05:21:57","date_gmt":"2018-07-13T05:21:57","guid":{"rendered":"https:\/\/globecore.com\/products\/oil-processing-equipment\/degassing-thermal-vacuum-drying-oil\/cmm-1-1-mobile-oil-plant.html"},"modified":"2026-03-05T14:57:58","modified_gmt":"2026-03-05T14:57:58","slug":"cmm-1-1-mobile-oil-plant","status":"publish","type":"page","link":"https:\/\/globecore.com\/pt-pt\/products\/desgaseificacao-e-purificacao-de-oleo\/cmm-1-1-mobile-oil-plant\/","title":{"rendered":"\u0421\u041c\u041cur-1L Unidade de purifica\u00e7\u00e3o de \u00f3leo"},"content":{"rendered":"","protected":false},"excerpt":{"rendered":"<p>A CMMur-1L \u00e9 uma unidade compacta e econ\u00f4mica projetada para a purifica\u00e7\u00e3o de \u00f3leo eletroisolante com viscosidade de at\u00e9 70 cSt a 50 \u00b0C. Ela remove eficazmente \u00e1gua e impurezas mec\u00e2nicas, garantindo a limpeza do \u00f3leo de uma classe inicial \u2013\/18\/16 para \u2013\/14\/12 ap\u00f3s m\u00faltiplas passagens pelos filtros, com teor de contaminantes inferior a 0,004 % em massa.<br \/>\nA unidade tamb\u00e9m \u00e9 destinada ao aquecimento de equipamentos el\u00e9tricos preenchidos com \u00f3leo por meio de \u00f3leo de transformador aquecido e \u00e0 evacua\u00e7\u00e3o de ar de sistemas a v\u00e1cuo. A CMMur-1L \u00e9 utilizada durante a comissionamento, reparo e manuten\u00e7\u00e3o de transformadores de pot\u00eancia, disjuntores de alta tens\u00e3o e outros equipamentos de alta tens\u00e3o.<\/p>\n","protected":false},"author":7,"featured_media":108981,"parent":17032,"menu_order":0,"comment_status":"closed","ping_status":"closed","template":"templates\/single-product.php","meta":{"_acf_changed":false,"_bbp_topic_count":0,"_bbp_reply_count":0,"_bbp_total_topic_count":0,"_bbp_total_reply_count":0,"_bbp_voice_count":0,"_bbp_anonymous_reply_count":0,"_bbp_topic_count_hidden":0,"_bbp_reply_count_hidden":0,"_bbp_forum_subforum_count":0,"footnotes":""},"categories":[1341],"class_list":["post-20785","page","type-page","status-publish","has-post-thumbnail","hentry","category-oil-maintenance-pt-pt","oil_type-fluido-dieletrico-fr3","oil_type-fluido-dieletrico-midel-7131","oil_type-fluido-resistente-ao-fogo-fyrquel","oil_type-oleo-de-silicone","oil_type-oleo-para-transformadores","oil_type-oleo-shell-diala","process_type-desgaseificacao","process_type-desidratacao","process_type-filtragem"],"acf":{"add_tab":[{"tab_title":"Descri\u00e7\u00e3o","tab_content":"<p style=\"text-align: justify;\"><span style=\"font-weight: 400;\">Unidade \u0421\u041c\u041cur-1L manteve a funcionalidade do equipamento nesta s\u00e9rie, mas \u00e9 mais compacto e econ\u00f4mico.<\/span><\/p>\r\n<p style=\"text-align: justify;\"><span style=\"font-weight: 400;\">O \u0421\u041c\u041cur-1L \u00e9 projetado para limpeza de impurezas mec\u00e2nicas,remo\u00e7\u00e3o de \u00e1gua de \u00f3leos isolantes \u00a0, cuja viscosidade cinem\u00e1tica cont\u00e9m uma temperatura de 50 \u00b0 C n\u00e3o exceda 70 cSt.<\/span><\/p>\r\n<p style=\"text-align: justify;\"><span style=\"font-weight: 400;\">A unidade pode ser usada para aquecer aparelhos el\u00e9tricos (transformadores) \u00a0com \u00f3leo quente , bem como para v\u00e1cuo dos transformadores.<\/span><\/p>\r\n<p style=\"text-align: justify;\"><span style=\"font-weight: 400;\">A esta\u00e7\u00e3o fornece limpeza de \u00f3leo at\u00e9 - \/ 14\/12 classe na classe de pureza inicial - \/ 18\/16 (fra\u00e7\u00e3o de massa do poluente n\u00e3o \u00e9 mais do que 0,004%) com passagem repetida do produto sendo limpo atrav\u00e9s da unidade de filtro.<\/span><\/p>\r\n<p style=\"text-align: justify;\"><span style=\"font-weight: 400;\">O \u0421\u041c\u041cur-1L \u00e9 usado para instala\u00e7\u00e3o, reparo e opera\u00e7\u00e3o de equipamentos de alta tens\u00e3o preenchidos com \u00f3leo (transformadores de pot\u00eancia, chaves de alta tens\u00e3o, etc.)<\/span><\/p>"}],"add_def_tab":[{"tab_title":"Par\u00e2metros","tab_content":"<table>\r\n<tbody>\r\n<tr>\r\n<td><b>\u2116<\/b><\/td>\r\n<td style=\"text-align: center;\"><b>Nome do par\u00e2metro<\/b><\/td>\r\n<td style=\"text-align: center;\"><b>Valor<\/b><\/td>\r\n<\/tr>\r\n<tr>\r\n<td><span style=\"font-weight: 400;\">1<\/span><\/td>\r\n<td><span style=\"font-weight: 400;\">Produtividade, m<sup>3<\/sup> \/ h:<\/span><\/td>\r\n<td>\r\n<p style=\"text-align: center;\">1,0<\/p>\r\n<\/td>\r\n<\/tr>\r\n<tr>\r\n<td><span style=\"font-weight: 400;\">2<\/span><\/td>\r\n<td><span style=\"font-weight: 400;\">Temperatura m\u00e1xima do \u00f3leo na sa\u00edda no modo de aquecimento, \u00b0 \u0421<\/span><\/td>\r\n<td>\r\n<p style=\"text-align: center;\">60<\/p>\r\n<\/td>\r\n<\/tr>\r\n<tr>\r\n<td><span style=\"font-weight: 400;\"> \u00a03*<\/span><\/td>\r\n<td><span style=\"font-weight: 400;\">Os par\u00e2metros do \u00f3leo tratado (com o teor de umidade inicial n\u00e3o superior a 100 g \/ t):<\/span>\r\n\r\n<span style=\"font-weight: 400;\">\u2013 precis\u00e3o de filtra\u00e7\u00e3o, m\u00edcron<\/span>\r\n\r\n<span style=\"font-weight: 400;\">\u2013 tens\u00e3o de ruptura, kV, n\u00e3o menos<\/span>\r\n\r\n<span style=\"font-weight: 400;\">\u2013 classe de pureza industrial de acordo com a ISO 4406<\/span><\/td>\r\n<td>\r\n<p style=\"text-align: center;\">5<\/p>\r\n<p style=\"text-align: center;\">75<\/p>\r\n<p style=\"text-align: center;\"><span style=\"font-weight: 400;\">-\/14\/12<\/span><\/p>\r\n<\/td>\r\n<\/tr>\r\n<tr>\r\n<td><span style=\"font-weight: 400;\">4<\/span><\/td>\r\n<td><span style=\"font-weight: 400;\">A altura do \u00f3leo em rela\u00e7\u00e3o ao bocal de sa\u00edda, m<\/span><\/td>\r\n<td>\r\n<p style=\"text-align: center;\">20<\/p>\r\n<\/td>\r\n<\/tr>\r\n<tr>\r\n<td><span style=\"font-weight: 400;\">5<\/span><\/td>\r\n<td><span style=\"font-weight: 400;\">Press\u00e3o de entrada, MPa, n\u00e3o mais<\/span><\/td>\r\n<td>\r\n<p style=\"text-align: center;\">0,1<\/p>\r\n<\/td>\r\n<\/tr>\r\n<tr>\r\n<td><span style=\"font-weight: 400;\">6<\/span><\/td>\r\n<td><span style=\"font-weight: 400;\">Press\u00e3o de sa\u00edda, MPa, n\u00e3o mai<\/span><\/td>\r\n<td>\r\n<p style=\"text-align: center;\">0,25<\/p>\r\n<\/td>\r\n<\/tr>\r\n<tr>\r\n<td><span style=\"font-weight: 400;\">7<\/span><\/td>\r\n<td><span style=\"font-weight: 400;\">Pot\u00eancia do aquecedor de \u00f3leo, kW<\/span><\/td>\r\n<td>\r\n<p style=\"text-align: center;\">20,4<\/p>\r\n<\/td>\r\n<\/tr>\r\n<tr>\r\n<td><span style=\"font-weight: 400;\">8<\/span><\/td>\r\n<td><span style=\"font-weight: 400;\">Densidade de pot\u00eancia superficial<\/span>\r\n\r\n<span style=\"font-weight: 400;\">aquecedor, W \/ cm2, n\u00e3o mais<\/span><\/td>\r\n<td>\r\n<p style=\"text-align: center;\">1,1<\/p>\r\n<\/td>\r\n<\/tr>\r\n<tr>\r\n<td><span style=\"font-weight: 400;\">9<\/span><\/td>\r\n<td><span style=\"font-weight: 400;\">Consumo de energia instalado, kW<\/span><\/td>\r\n<td>\r\n<p style=\"text-align: center;\">25<\/p>\r\n<\/td>\r\n<\/tr>\r\n<tr>\r\n<td><span style=\"font-weight: 400;\">10<\/span><\/td>\r\n<td><span style=\"font-weight: 400;\">Par\u00e2metros de uma rede CA trif\u00e1sica (tens\u00e3o de alimenta\u00e7\u00e3o, V \/ frequ\u00eancia, Hz)<\/span><\/td>\r\n<td>\r\n<p style=\"text-align: center;\">Quaisquer par\u00e2metros exigidos pelo cliente<\/p>\r\n<\/td>\r\n<\/tr>\r\n<tr>\r\n<td><span style=\"font-weight: 400;\">11<\/span><\/td>\r\n<td><span style=\"font-weight: 400;\">Dimens\u00f5es totais, mm, n\u00e3o mais<\/span>\r\n\r\n<span style=\"font-weight: 400;\">\u2013 comprimento<\/span>\r\n\r\n<span style=\"font-weight: 400;\">\u2013 largura<\/span>\r\n\r\n<span style=\"font-weight: 400;\">\u2013 altura<\/span><\/td>\r\n<td>\r\n<p style=\"text-align: center;\">1500<\/p>\r\n<p style=\"text-align: center;\">1000<\/p>\r\n<p style=\"text-align: center;\">1550<\/p>\r\n<\/td>\r\n<\/tr>\r\n<tr>\r\n<td><span style=\"font-weight: 400;\">12<\/span><\/td>\r\n<td><span style=\"font-weight: 400;\">Peso, kg, n\u00e3o mais<\/span><\/td>\r\n<td>\r\n<p style=\"text-align: center;\">650<\/p>\r\n<\/td>\r\n<\/tr>\r\n<\/tbody>\r\n<\/table>\r\n<b><i>Note:<\/i><\/b><i><span style=\"font-weight: 400;\"> * <\/span><\/i><span style=\"font-weight: 400;\">Em par\u00e2metros iniciais de \u00f3leo: <\/span>\r\n<ul>\r\n \t<li><span style=\"font-weight: 400;\">teor de umidade em massa \u2013 n\u00e3o superior a 0,005% (50 g \/ t);<\/span><\/li>\r\n \t<li><span style=\"font-weight: 400;\">aquecendo o \u00f3leo na instala\u00e7\u00e3o a + 60 \u00b1 5\u00ba\u0421 dentro de 30 minutos;<\/span><\/li>\r\n \t<li><span style=\"font-weight: 400;\">o conte\u00fado de gases n\u00e3o \u00e9 superior a 10%.<\/span><\/li>\r\n<\/ul>"},{"tab_title":"Benef\u00edcios","tab_content":"<ul>\r\n \t<li style=\"text-align: justify;\"><span style=\"font-weight: 400;\">compacidade. A instala\u00e7\u00e3o pode ser transportada por v\u00e1rios modos de transporte (terra, \u00e1gua, ar);<\/span><\/li>\r\n \t<li style=\"text-align: justify;\"><span style=\"font-weight: 400;\">facilidade de manuten\u00e7\u00e3o e opera\u00e7\u00e3o;<\/span><\/li>\r\n \t<li style=\"text-align: justify;\"><span style=\"font-weight: 400;\">elevar a tens\u00e3o de ruptura do \u00f3leo de 15 para 75 kV em v\u00e1rias passagens pela instala\u00e7\u00e3o;<\/span><\/li>\r\n \t<li style=\"text-align: justify;\"><span style=\"font-weight: 400;\">devido \u00e0 otimiza\u00e7\u00e3o do projeto do aquecedor sem desperd\u00edcio de energia, a taxa de aquecimento do \u00f3leo \u00e9 aumentada;<\/span><\/li>\r\n \t<li style=\"text-align: justify;\"><span style=\"font-weight: 400;\">O tamanho da janela de visualiza\u00e7\u00e3o permite monitorar visualmente o processo de processamento do \u00f3leo.<\/span><\/li>\r\n<\/ul>"},{"tab_title":"Aplica\u00e7\u00e3o","tab_content":"[product_oil_types]"},{"tab_title":"Webinar","tab_content":"<div class=\"responsive-embed widescreen\">\r\n<div class=\"responsive-embed widescreen\">\r\n<div class=\"responsive-embed widescreen\">\r\n<div class=\"responsive-embed widescreen\"><iframe title=\"Manuten\u00e7\u00e3o dos transformadores de pot\u00eancia\" src=\"https:\/\/www.youtube.com\/embed\/RblXgV_sUy0?feature=oembed\" width=\"500\" height=\"281\" frameborder=\"0\" allowfullscreen=\"allowfullscreen\"><\/iframe><\/div>\r\n<\/div>\r\n<\/div>\r\n<\/div>"}],"add_video_tab":[{"video_tab_title":"Video","add_video_id":[{"video_id":"8oVW32zLTtA"},{"video_id":"WYTfxKLYiSE"}]}],"add_gallery_tab":[{"gallery_tab_title":"Foto","add_img":[33253,33335,33353,33344,33326,33317,33299,33290,33281]}],"add_price_tab":[{"price_tab_title":"Obter pre\u00e7o"}]},"language":"pt-pt","_links":{"self":[{"href":"https:\/\/globecore.com\/pt-pt\/wp-json\/wp\/v2\/pages\/20785","targetHints":{"allow":["GET"]}}],"collection":[{"href":"https:\/\/globecore.com\/pt-pt\/wp-json\/wp\/v2\/pages"}],"about":[{"href":"https:\/\/globecore.com\/pt-pt\/wp-json\/wp\/v2\/types\/page"}],"author":[{"embeddable":true,"href":"https:\/\/globecore.com\/pt-pt\/wp-json\/wp\/v2\/users\/7"}],"replies":[{"embeddable":true,"href":"https:\/\/globecore.com\/pt-pt\/wp-json\/wp\/v2\/comments?post=20785"}],"version-history":[{"count":2,"href":"https:\/\/globecore.com\/pt-pt\/wp-json\/wp\/v2\/pages\/20785\/revisions"}],"predecessor-version":[{"id":335996,"href":"https:\/\/globecore.com\/pt-pt\/wp-json\/wp\/v2\/pages\/20785\/revisions\/335996"}],"up":[{"embeddable":true,"href":"https:\/\/globecore.com\/pt-pt\/wp-json\/wp\/v2\/pages\/17032"}],"wp:featuredmedia":[{"embeddable":true,"href":"https:\/\/globecore.com\/pt-pt\/wp-json\/wp\/v2\/media\/108981"}],"wp:attachment":[{"href":"https:\/\/globecore.com\/pt-pt\/wp-json\/wp\/v2\/media?parent=20785"}],"wp:term":[{"taxonomy":"category","embeddable":true,"href":"https:\/\/globecore.com\/pt-pt\/wp-json\/wp\/v2\/categories?post=20785"}],"curies":[{"name":"wp","href":"https:\/\/api.w.org\/{rel}","templated":true}]}}