{"id":20790,"date":"2018-07-30T07:12:07","date_gmt":"2018-07-30T07:12:07","guid":{"rendered":"https:\/\/globecore.com\/products\/oil-processing-equipment\/degassing-thermal-vacuum-drying-oil\/cmm-6-7-mobile-degassing-unit.html"},"modified":"2026-03-06T06:48:04","modified_gmt":"2026-03-06T06:48:04","slug":"cmm-6-7-mobile-degassing-unit","status":"publish","type":"page","link":"https:\/\/globecore.com\/pt-pt\/products\/desgaseificacao-e-purificacao-de-oleo\/cmm-6-7-mobile-degassing-unit\/","title":{"rendered":"CMM-6\/7 Unidade de desgaseifica\u00e7\u00e3o m\u00f3vel"},"content":{"rendered":"","protected":false},"excerpt":{"rendered":"<p>A m\u00e1quina CMM-6\/7 \u00e9 projetada para aquecer, bombear e tratar \u00f3leo usado como isolante ou refrigerante em equipamentos el\u00e9tricos como transformadores, OLTC, buchas de transformador e interruptores de alta tens\u00e3o. O processo de tratamento do \u00f3leo remove part\u00edculas, gases e \u00e1gua. A unidade tamb\u00e9m pode remover ar e g\u00e1s dos tanques de transformadores durante reparos ou manuten\u00e7\u00e3o. Sua capacidade de processamento varia de 3.000 a 7.000 litros por hora, dependendo do modo de opera\u00e7\u00e3o selecionado. A CMM-6\/7 possui v\u00e1rios modos de opera\u00e7\u00e3o: bombeamento b\u00e1sico de \u00f3leo com bombas e filtros, aquecimento e filtra\u00e7\u00e3o onde o \u00f3leo \u00e9 aquecido e filtrado, desgasifica\u00e7\u00e3o onde calor e v\u00e1cuo removem \u00e1gua e gases, e evacua\u00e7\u00e3o para remover ar de equipamentos externos.<\/p>\n","protected":false},"author":7,"featured_media":59050,"parent":17032,"menu_order":0,"comment_status":"closed","ping_status":"closed","template":"templates\/single-product.php","meta":{"_acf_changed":false,"_bbp_topic_count":0,"_bbp_reply_count":0,"_bbp_total_topic_count":0,"_bbp_total_reply_count":0,"_bbp_voice_count":0,"_bbp_anonymous_reply_count":0,"_bbp_topic_count_hidden":0,"_bbp_reply_count_hidden":0,"_bbp_forum_subforum_count":0,"footnotes":""},"categories":[1341],"class_list":["post-20790","page","type-page","status-publish","has-post-thumbnail","hentry","category-oil-maintenance-pt-pt","oil_type-fluido-dieletrico-fr3","oil_type-fluido-dieletrico-midel-7131","oil_type-fluido-resistente-ao-fogo-fyrquel","oil_type-oleo-de-silicone","oil_type-oleo-para-transformadores","oil_type-oleo-shell-diala","process_type-desgaseificacao","process_type-desidratacao","process_type-filtragem"],"acf":{"add_tab":[{"tab_title":"Descri\u00e7\u00e3o","tab_content":"A unidade \u0421\u041c\u041c-6\/7 foi projetada para a purifica\u00e7\u00e3o de \u00f3leos isolantes el\u00e9tricos, removendo \u00e1gua, gases e part\u00edculas s\u00f3lidas, bem como para a evacua\u00e7\u00e3o de transformadores.\r\n\r\nEsta unidade \u00e9 normalmente utilizada durante a instala\u00e7\u00e3o, opera\u00e7\u00e3o e manuten\u00e7\u00e3o de equipamentos de alta tens\u00e3o com isolamento em \u00f3leo (transformadores, disjuntores de alta tens\u00e3o, etc.).\r\n\r\nA unidade pode operar nos seguintes modos:\r\n<ul>\r\n \t<li><strong>aquecimento do transformador:<\/strong> neste modo, o \u00f3leo \u00e9 filtrado e aquecido;<\/li>\r\n \t<li><strong>desgaseifica\u00e7\u00e3o do \u00f3leo:<\/strong> este modo realiza a filtra\u00e7\u00e3o, secagem e desgaseifica\u00e7\u00e3o do \u00f3leo;<\/li>\r\n \t<li><strong>evacua\u00e7\u00e3o do transformador.<\/strong><\/li>\r\n<\/ul>"}],"add_def_tab":[{"tab_title":"Par\u00e2metros","tab_content":"<table>\r\n<tbody>\r\n<tr>\r\n<td style=\"text-align: center;\" colspan=\"2\"><strong>Par\u00e2metro<\/strong><\/td>\r\n<td style=\"text-align: center;\"><strong>Valor<\/strong><\/td>\r\n<\/tr>\r\n<tr>\r\n<td style=\"text-align: left;\" colspan=\"3\">Capacidade, m<sup>3<\/sup>\/hora, n\u00e3o inferior a<\/td>\r\n<\/tr>\r\n<tr>\r\n<td rowspan=\"2\"><strong>\u00a0<\/strong><\/td>\r\n<td style=\"text-align: left;\">\u2013 modo de desgaseifica\u00e7\u00e3o, secagem e filtra\u00e7\u00e3o<\/td>\r\n<td style=\"text-align: center;\">2\u20136<\/td>\r\n<\/tr>\r\n<tr>\r\n<td style=\"text-align: left;\">\u2013 modo de aquecimento e filtra\u00e7\u00e3o<\/td>\r\n<td style=\"text-align: center;\">2\u20137<\/td>\r\n<\/tr>\r\n<tr>\r\n<td style=\"text-align: left;\" colspan=\"3\"><em>*<\/em> Par\u00e2metros do \u00f3leo processado:<\/td>\r\n<\/tr>\r\n<tr>\r\n<td rowspan=\"3\"><strong>\u00a0<\/strong><\/td>\r\n<td style=\"text-align: left;\">\u2013 teor de g\u00e1s, % vol, m\u00e1x.<\/td>\r\n<td style=\"text-align: center;\">0,1<\/td>\r\n<\/tr>\r\n<tr>\r\n<td style=\"text-align: left;\">\u2013 teor de \u00e1gua, ppm, m\u00e1x.<\/td>\r\n<td style=\"text-align: center;\">10<\/td>\r\n<\/tr>\r\n<tr>\r\n<td style=\"text-align: left;\">\u2013 classe de pureza ISO 4406<\/td>\r\n<td style=\"text-align: center;\">16\/14\/12<\/td>\r\n<\/tr>\r\n<tr>\r\n<td style=\"text-align: left;\" colspan=\"2\">Temperatura m\u00e1xima de sa\u00edda do \u00f3leo no modo de aquecimento, \u00baC<\/td>\r\n<td style=\"text-align: center;\">90<\/td>\r\n<\/tr>\r\n<tr>\r\n<td style=\"text-align: left;\" colspan=\"2\">Press\u00e3o de sa\u00edda, MPa<\/td>\r\n<td style=\"text-align: center;\">0,2<\/td>\r\n<\/tr>\r\n<tr>\r\n<td style=\"text-align: left;\" colspan=\"2\">Pot\u00eancia m\u00e1xima do aquecedor, kW<\/td>\r\n<td style=\"text-align: center;\">100<\/td>\r\n<\/tr>\r\n<tr>\r\n<td style=\"text-align: left;\" colspan=\"2\">Consumo m\u00e1ximo de energia, kW<\/td>\r\n<td style=\"text-align: center;\">115<\/td>\r\n<\/tr>\r\n<tr>\r\n<td style=\"text-align: left;\" colspan=\"2\">Press\u00e3o residual da c\u00e2mara de v\u00e1cuo para desgaseifica\u00e7\u00e3o, Pa, m\u00e1x.<\/td>\r\n<td style=\"text-align: center;\">267<\/td>\r\n<\/tr>\r\n<tr>\r\n<td style=\"text-align: left;\" colspan=\"2\">Press\u00e3o residual da c\u00e2mara de v\u00e1cuo para teste de veda\u00e7\u00e3o, Pa, m\u00e1x.<\/td>\r\n<td style=\"text-align: center;\">26,7<\/td>\r\n<\/tr>\r\n<tr>\r\n<td style=\"text-align: left;\" colspan=\"2\">Vazamento m\u00e1ximo de ar em 1 hora de teste de veda\u00e7\u00e3o, Pa<\/td>\r\n<td style=\"text-align: center;\">267<\/td>\r\n<\/tr>\r\n<tr>\r\n<td style=\"text-align: left;\" colspan=\"3\">Alimenta\u00e7\u00e3o el\u00e9trica<\/td>\r\n<\/tr>\r\n<tr>\r\n<td rowspan=\"2\"><strong>\u00a0<\/strong><\/td>\r\n<td style=\"text-align: left;\">\u2013 tens\u00e3o, V<\/td>\r\n<td style=\"text-align: center;\">400<\/td>\r\n<\/tr>\r\n<tr>\r\n<td style=\"text-align: left;\">\u2013 frequ\u00eancia, Hz**<\/td>\r\n<td style=\"text-align: center;\">50\/60<\/td>\r\n<\/tr>\r\n<tr>\r\n<td style=\"text-align: left;\" colspan=\"3\">Dimens\u00f5es, mm (sem reboque \/ com reboque)<\/td>\r\n<\/tr>\r\n<tr>\r\n<td rowspan=\"3\"><strong>\u00a0<\/strong><\/td>\r\n<td style=\"text-align: left;\">\u2013 comprimento<\/td>\r\n<td style=\"text-align: center;\">2600 \/ 3750<\/td>\r\n<\/tr>\r\n<tr>\r\n<td style=\"text-align: left;\">\u2013 altura<\/td>\r\n<td style=\"text-align: center;\">1250 \/ 1840<\/td>\r\n<\/tr>\r\n<tr>\r\n<td style=\"text-align: left;\">\u2013 largura<\/td>\r\n<td style=\"text-align: center;\">1500 \/ 1940<\/td>\r\n<\/tr>\r\n<tr>\r\n<td style=\"text-align: left;\" colspan=\"2\">Peso, kg (sem reboque \/ com reboque)<\/td>\r\n<td style=\"text-align: center;\">1100 \/ 1500<\/td>\r\n<\/tr>\r\n<\/tbody>\r\n<\/table>\r\n<em>* Par\u00e2metros iniciais da qualidade do \u00f3leo:<\/em>\r\n<ul>\r\n \t<li>teor de g\u00e1s: abaixo de 10,5% vol<\/li>\r\n \t<li>teor de \u00e1gua: abaixo de 0,005% (50 g\/t)<\/li>\r\n \t<li>temperatura: acima de 0 \u00baC<\/li>\r\n<\/ul>\r\n<strong>** Todo o equipamento fornecido nos EUA usa corrente alternada de 60 Hz.<\/strong>"},{"tab_title":"Benef\u00edcios","tab_content":"<ul>\r\n \t<li>versatilidade<\/li>\r\n \t<li>n\u00e3o h\u00e1 necessidade de usar adsorventes para a secagem do \u00f3leo de transformador<\/li>\r\n \t<li>sem polui\u00e7\u00e3o do ar e sem fluxos de res\u00edduos para descartar ou armazenar<\/li>\r\n \t<li>opera\u00e7\u00e3o e manuten\u00e7\u00e3o simples<\/li>\r\n \t<li>melhor qualidade do \u00f3leo mesmo ap\u00f3s um \u00fanico ciclo de processamento<\/li>\r\n \t<li>baixo consumo de energia<\/li>\r\n \t<li>n\u00edveis de ru\u00eddo reduzidos<\/li>\r\n<\/ul>"},{"tab_title":"Aplica\u00e7\u00e3o","tab_content":"[product_oil_types]"},{"tab_title":"Webinar","tab_content":"<div class=\"responsive-embed widescreen\">\r\n<div class=\"responsive-embed widescreen\">\r\n<div class=\"responsive-embed widescreen\">\r\n<div class=\"responsive-embed widescreen\"><iframe title=\"Manuten\u00e7\u00e3o dos transformadores de pot\u00eancia\" src=\"https:\/\/www.youtube.com\/embed\/RblXgV_sUy0?feature=oembed\" width=\"500\" height=\"281\" frameborder=\"0\" allowfullscreen=\"allowfullscreen\"><\/iframe><\/div>\r\n<\/div>\r\n<\/div>\r\n<\/div>"}],"add_video_tab":[{"video_tab_title":"Video","add_video_id":[{"video_id":"0CcBI74K1ds"},{"video_id":"J-gNjDEq1Hc"},{"video_id":"S0v7oeakhQs"}]}],"add_gallery_tab":[{"gallery_tab_title":"Foto","add_img":[20600,20596,20592,20588,20583,17787,317076]}],"add_price_tab":[{"price_tab_title":"Obter pre\u00e7o"}]},"language":"pt-pt","_links":{"self":[{"href":"https:\/\/globecore.com\/pt-pt\/wp-json\/wp\/v2\/pages\/20790","targetHints":{"allow":["GET"]}}],"collection":[{"href":"https:\/\/globecore.com\/pt-pt\/wp-json\/wp\/v2\/pages"}],"about":[{"href":"https:\/\/globecore.com\/pt-pt\/wp-json\/wp\/v2\/types\/page"}],"author":[{"embeddable":true,"href":"https:\/\/globecore.com\/pt-pt\/wp-json\/wp\/v2\/users\/7"}],"replies":[{"embeddable":true,"href":"https:\/\/globecore.com\/pt-pt\/wp-json\/wp\/v2\/comments?post=20790"}],"version-history":[{"count":1,"href":"https:\/\/globecore.com\/pt-pt\/wp-json\/wp\/v2\/pages\/20790\/revisions"}],"predecessor-version":[{"id":336034,"href":"https:\/\/globecore.com\/pt-pt\/wp-json\/wp\/v2\/pages\/20790\/revisions\/336034"}],"up":[{"embeddable":true,"href":"https:\/\/globecore.com\/pt-pt\/wp-json\/wp\/v2\/pages\/17032"}],"wp:featuredmedia":[{"embeddable":true,"href":"https:\/\/globecore.com\/pt-pt\/wp-json\/wp\/v2\/media\/59050"}],"wp:attachment":[{"href":"https:\/\/globecore.com\/pt-pt\/wp-json\/wp\/v2\/media?parent=20790"}],"wp:term":[{"taxonomy":"category","embeddable":true,"href":"https:\/\/globecore.com\/pt-pt\/wp-json\/wp\/v2\/categories?post=20790"}],"curies":[{"name":"wp","href":"https:\/\/api.w.org\/{rel}","templated":true}]}}