{"id":249838,"date":"2023-10-16T06:13:19","date_gmt":"2023-10-16T06:13:19","guid":{"rendered":"https:\/\/globecore.com\/products\/regeneracao-de-oleo\/cmm-10rl-transformer-oil-regeneration-plant\/"},"modified":"2026-03-05T14:18:04","modified_gmt":"2026-03-05T14:18:04","slug":"cmm-10rl-transformer-oil-regeneration-plant","status":"publish","type":"page","link":"https:\/\/globecore.com\/pt-pt\/products\/regeneracao-de-oleo\/cmm-10rl-transformer-oil-regeneration-plant\/","title":{"rendered":"CMM-10RL Planta de Regenera\u00e7\u00e3o de \u00d3leo de Transformador"},"content":{"rendered":"","protected":false},"excerpt":{"rendered":"<p>A GlobeCore CMM-10RL \u00e9 uma planta de regenera\u00e7\u00e3o de \u00f3leo de transformador que restaura o \u00f3leo isolante degradado a um estado quase novo. O \u00f3leo passa por dez colunas preenchidas com sorvente de terra de Fuller, que remove \u00e1cidos, lodo, umidade e produtos de oxida\u00e7\u00e3o, melhorando a rigidez diel\u00e9trica e a clareza. A unidade possui reativa\u00e7\u00e3o do sorvente dentro da coluna, permitindo de 300 a 500 ciclos de reutiliza\u00e7\u00e3o sem descarte. A CMM-10RL tamb\u00e9m regenera \u00f3leos de turbina, hidr\u00e1ulicos, de silicone, FR3, Midel 7131, de engrenagens, de compressores e de cabos, al\u00e9m de polir diesel, combust\u00edveis mar\u00edtimos e condensado de g\u00e1s. Ela oferece uma capacidade de 0,75 m\u00b3\/h e reduz os custos de substitui\u00e7\u00e3o de \u00f3leo.<\/p>\n","protected":false},"author":7,"featured_media":105540,"parent":17224,"menu_order":0,"comment_status":"closed","ping_status":"closed","template":"templates\/single-product.php","meta":{"_acf_changed":false,"_bbp_topic_count":0,"_bbp_reply_count":0,"_bbp_total_topic_count":0,"_bbp_total_reply_count":0,"_bbp_voice_count":0,"_bbp_anonymous_reply_count":0,"_bbp_topic_count_hidden":0,"_bbp_reply_count_hidden":0,"_bbp_forum_subforum_count":0,"footnotes":""},"categories":[1341],"class_list":["post-249838","page","type-page","status-publish","has-post-thumbnail","hentry","category-oil-maintenance-pt-pt","oil_type-fluido-dieletrico-fr3","oil_type-fluido-dieletrico-midel-7131","oil_type-fluido-resistente-ao-fogo-fyrquel","oil_type-oleo-de-silicone","oil_type-oleo-de-transmissao","oil_type-oleo-hidraulico","oil_type-oleo-industrial","oil_type-oleo-para-cabos","oil_type-oleo-para-compressores","oil_type-oleo-para-transformadores","oil_type-oleo-para-turbinas","process_type-filtragem","process_type-regeneracao"],"acf":{"add_tab":[{"tab_title":"Descri\u00e7\u00e3o","tab_content":"<p style=\"text-align: justify;\">A unidade de regenera\u00e7\u00e3o de \u00f3leo de transformador CMM-10RL foi projetada para regenerar \u00f3leos de transformador.<\/p>\r\n<p style=\"text-align: justify;\">O processo de recupera\u00e7\u00e3o do \u00f3leo envolve a passagem do \u00f3leo por dez colunas, cada uma contendo 75 kg de sorvente de terra Fuller, um material com uma estrutura microporosa. Durante o processo de filtra\u00e7\u00e3o, todas as impurezas indesejadas e produtos de oxida\u00e7\u00e3o s\u00e3o capturados nos gr\u00e2nulos do sorvente. Assim, o \u00f3leo escuro e turvo torna-se claro e l\u00edmpido. Ao mesmo tempo, a resist\u00eancia diel\u00e9trica aumenta, o \u00edndice de acidez diminui e outros par\u00e2metros s\u00e3o melhorados.<\/p>\r\n<p style=\"text-align: justify;\">Gra\u00e7as a essa recupera\u00e7\u00e3o, o \u00f3leo usado adquire propriedades de \u00f3leo novo e pode ser reutilizado em transformadores e outros equipamentos de alta tens\u00e3o.<\/p>\r\n<p style=\"text-align: justify;\">A caracter\u00edstica distintiva da unidade CMM-10RL \u00e9 a possibilidade de reutilizar o sorvente sem descarte, por meio da reativa\u00e7\u00e3o diretamente na pr\u00f3pria unidade, sem a necessidade de remover o sorvente das colunas de regenera\u00e7\u00e3o.<\/p>"}],"add_def_tab":[{"tab_title":"Especifica\u00e7\u00f5es","tab_content":"<table width=\"600\">\r\n<tbody>\r\n<tr>\r\n<td width=\"47\"><strong>No.<\/strong><\/td>\r\n<td width=\"353\">\r\n<p style=\"text-align: center;\"><strong>Par\u00e2metro<\/strong><\/p>\r\n<\/td>\r\n<td width=\"200\">\r\n<p style=\"text-align: center;\"><strong>Valor<\/strong><\/p>\r\n<\/td>\r\n<\/tr>\r\n<tr>\r\n<td width=\"47\">1<\/td>\r\n<td width=\"353\">Capacidade, m<sup>3<\/sup>\/h<\/td>\r\n<td width=\"200\">\r\n<p style=\"text-align: center;\">0,75*<\/p>\r\n<\/td>\r\n<\/tr>\r\n<tr>\r\n<td width=\"47\">2<\/td>\r\n<td width=\"353\">Tempo de reativa\u00e7\u00e3o do sorvente, horas, m\u00e1x.<\/td>\r\n<td width=\"200\">\r\n<p style=\"text-align: center;\">19<\/p>\r\n<\/td>\r\n<\/tr>\r\n<tr>\r\n<td width=\"47\">3<\/td>\r\n<td width=\"353\">Consumo de energia necess\u00e1rio, kW<\/td>\r\n<td width=\"200\">\r\n<p style=\"text-align: center;\">25<\/p>\r\n<\/td>\r\n<\/tr>\r\n<tr>\r\n<td width=\"47\">4<\/td>\r\n<td width=\"353\">Tens\u00e3o de alimenta\u00e7\u00e3o CA trif\u00e1sica de 50 (60) Hz, V<\/td>\r\n<td width=\"200\">\r\n<p style=\"text-align: center;\">380<\/p>\r\n<\/td>\r\n<\/tr>\r\n<tr>\r\n<td width=\"47\">5<\/td>\r\n<td width=\"353\">Dimens\u00f5es, mm, m\u00e1x.<\/td>\r\n<td width=\"200\"><\/td>\r\n<\/tr>\r\n<tr>\r\n<td width=\"47\"><\/td>\r\n<td width=\"353\">\u2013 comprimento<\/td>\r\n<td width=\"200\">\r\n<p style=\"text-align: center;\">3.320<\/p>\r\n<\/td>\r\n<\/tr>\r\n<tr>\r\n<td width=\"47\"><\/td>\r\n<td width=\"353\">\u2013 largura<\/td>\r\n<td width=\"200\">\r\n<p style=\"text-align: center;\">1.570<\/p>\r\n<\/td>\r\n<\/tr>\r\n<tr>\r\n<td width=\"47\"><\/td>\r\n<td width=\"353\">\u2013 altura<\/td>\r\n<td width=\"200\">\r\n<p style=\"text-align: center;\">1.520<\/p>\r\n<\/td>\r\n<\/tr>\r\n<tr>\r\n<td width=\"47\">6<\/td>\r\n<td width=\"353\">Peso, kg, m\u00e1x.<\/td>\r\n<td width=\"200\">\r\n<p style=\"text-align: center;\">2.500<\/p>\r\n<\/td>\r\n<\/tr>\r\n<\/tbody>\r\n<\/table>\r\n<strong>* A capacidade da planta depende do desempenho da qualidade do \u00f3leo processado.<\/strong>"},{"tab_title":"Vantagens","tab_content":"<ul>\r\n \t<li>Recupera\u00e7\u00e3o completa de \u00f3leos de transformador usados para uma condi\u00e7\u00e3o pr\u00f3xima \u00e0 de novos;<\/li>\r\n \t<li>Possibilidade de uso com unidades de desgaseifica\u00e7\u00e3o;<\/li>\r\n \t<li>Possibilidade de reativar o sorvente de 300 a 500 vezes;<\/li>\r\n \t<li>Economia de dinheiro devido \u00e0 recupera\u00e7\u00e3o e reutiliza\u00e7\u00e3o do \u00f3leo em transformadores.<\/li>\r\n<\/ul>"},{"tab_title":"Aplica\u00e7\u00e3o","tab_content":"[product_oil_types]"},{"tab_title":"Webinar","tab_content":"<div class=\"responsive-embed widescreen\">\r\n<div class=\"responsive-embed widescreen\">\r\n<div class=\"responsive-embed widescreen\">\r\n<div class=\"responsive-embed widescreen\">\r\n<div class=\"responsive-embed widescreen\">\r\n<div class=\"responsive-embed widescreen\">\r\n<div class=\"responsive-embed widescreen\">\r\n<div class=\"responsive-embed widescreen\">\r\n<div class=\"responsive-embed widescreen\"><iframe title=\"Webinar - Regenera\u00e7\u00e3o de \u00f3leo diel\u00e9trico: um olhar aprofundado (13.10.2021)\" src=\"https:\/\/www.youtube.com\/embed\/vYHxRcDmJqc?feature=oembed\" width=\"500\" height=\"281\" frameborder=\"0\" allowfullscreen=\"allowfullscreen\"><\/iframe><\/div>\r\n<\/div>\r\n<\/div>\r\n<\/div>\r\n<\/div>\r\n<\/div>\r\n<\/div>\r\n<\/div>\r\n<\/div>"}],"add_video_tab":[{"video_tab_title":"V\u00eddeo","add_video_id":[{"video_id":"BXifcYliD3w"}]}],"add_gallery_tab":[{"gallery_tab_title":"Foto","add_img":[318274,318275,318276,318277]}],"add_price_tab":null},"language":"pt-pt","_links":{"self":[{"href":"https:\/\/globecore.com\/pt-pt\/wp-json\/wp\/v2\/pages\/249838","targetHints":{"allow":["GET"]}}],"collection":[{"href":"https:\/\/globecore.com\/pt-pt\/wp-json\/wp\/v2\/pages"}],"about":[{"href":"https:\/\/globecore.com\/pt-pt\/wp-json\/wp\/v2\/types\/page"}],"author":[{"embeddable":true,"href":"https:\/\/globecore.com\/pt-pt\/wp-json\/wp\/v2\/users\/7"}],"replies":[{"embeddable":true,"href":"https:\/\/globecore.com\/pt-pt\/wp-json\/wp\/v2\/comments?post=249838"}],"version-history":[{"count":1,"href":"https:\/\/globecore.com\/pt-pt\/wp-json\/wp\/v2\/pages\/249838\/revisions"}],"predecessor-version":[{"id":335970,"href":"https:\/\/globecore.com\/pt-pt\/wp-json\/wp\/v2\/pages\/249838\/revisions\/335970"}],"up":[{"embeddable":true,"href":"https:\/\/globecore.com\/pt-pt\/wp-json\/wp\/v2\/pages\/17224"}],"wp:featuredmedia":[{"embeddable":true,"href":"https:\/\/globecore.com\/pt-pt\/wp-json\/wp\/v2\/media\/105540"}],"wp:attachment":[{"href":"https:\/\/globecore.com\/pt-pt\/wp-json\/wp\/v2\/media?parent=249838"}],"wp:term":[{"taxonomy":"category","embeddable":true,"href":"https:\/\/globecore.com\/pt-pt\/wp-json\/wp\/v2\/categories?post=249838"}],"curies":[{"name":"wp","href":"https:\/\/api.w.org\/{rel}","templated":true}]}}