{"id":249936,"date":"2024-05-22T06:45:08","date_gmt":"2024-05-22T06:45:08","guid":{"rendered":"https:\/\/globecore.com\/products\/regeneracao-de-oleo\/oxidation-inhibitor-injection-unit\/"},"modified":"2026-03-05T14:41:05","modified_gmt":"2026-03-05T14:41:05","slug":"oxidation-inhibitor-injection-unit","status":"publish","type":"page","link":"https:\/\/globecore.com\/pt-pt\/products\/regeneracao-de-oleo\/oxidation-inhibitor-injection-unit\/","title":{"rendered":"USB-6 Unidade de inje\u00e7\u00e3o de inibidor de oxida\u00e7\u00e3o"},"content":{"rendered":"","protected":false},"excerpt":{"rendered":"<p>A GlobeCore USB-6 \u00e9 uma unidade m\u00f3vel de inje\u00e7\u00e3o de inibidores projetada para preparar e dosar aditivos antioxidantes em \u00f3leo de transformador. A unidade bombeia automaticamente o \u00f3leo, mistura-o com o inibidor e o devolve ao sistema, garantindo uma distribui\u00e7\u00e3o r\u00e1pida e uniforme. Tamb\u00e9m pode operar em modo manual para verifica\u00e7\u00e3o dos componentes. Os sistemas de seguran\u00e7a integrados interrompem a opera\u00e7\u00e3o em caso de condi\u00e7\u00f5es anormais, com diagn\u00f3sticos exibidos na tela do controlador. A USB-6 \u00e9 adequada para a inje\u00e7\u00e3o de aditivos antioxidantes, antiespumantes e anticorrosivos em \u00f3leos de transformador, de turbina e lubrificantes, bem como para a dosagem de aditivos em combust\u00edveis.<\/p>\n","protected":false},"author":7,"featured_media":113067,"parent":17224,"menu_order":0,"comment_status":"closed","ping_status":"closed","template":"templates\/single-product.php","meta":{"_acf_changed":false,"_bbp_topic_count":0,"_bbp_reply_count":0,"_bbp_total_topic_count":0,"_bbp_total_reply_count":0,"_bbp_voice_count":0,"_bbp_anonymous_reply_count":0,"_bbp_topic_count_hidden":0,"_bbp_reply_count_hidden":0,"_bbp_forum_subforum_count":0,"footnotes":""},"categories":[1341],"class_list":["post-249936","page","type-page","status-publish","has-post-thumbnail","hentry","category-oil-maintenance-pt-pt","oil_type-fluido-dieletrico-fr3","oil_type-fluido-dieletrico-midel-7131","oil_type-fluido-resistente-ao-fogo-fyrquel","oil_type-oleo-hidraulico","oil_type-oleo-industrial","oil_type-oleo-para-transformadores","oil_type-oleo-para-turbinas","process_type-mistura"],"acf":{"add_tab":[{"tab_title":"Descri\u00e7\u00e3o","tab_content":"<p style=\"text-align: justify;\"><span style=\"font-weight: 400;\">\u00d3leos de transformador s\u00e3o usados para resfriar e isolar os componentes internos de um transformador. No entanto, com o tempo, a oxida\u00e7\u00e3o pode degradar a qualidade e a efici\u00eancia do \u00f3leo. Para retardar esse processo e estender a vida \u00fatil do \u00f3leo, s\u00e3o adicionados inibidores (aditivos antioxidantes).<\/span><\/p>\r\n<p style=\"text-align: justify;\"><span style=\"font-weight: 400;\">A Unidade de Inje\u00e7\u00e3o de Inibidor \u00e9 uma unidade m\u00f3vel especialmente projetada para a prepara\u00e7\u00e3o e inje\u00e7\u00e3o de inibidor nos \u00f3leos de transformador. O princ\u00edpio de opera\u00e7\u00e3o da unidade \u00e9 que as opera\u00e7\u00f5es de bombeamento do \u00f3leo, mistura com o inibidor e reenvio s\u00e3o realizadas sequencialmente em modo autom\u00e1tico. Essa automa\u00e7\u00e3o garante uma mistura r\u00e1pida e eficiente dos componentes, o que contribui para a distribui\u00e7\u00e3o uniforme do inibidor no \u00f3leo. A unidade tamb\u00e9m pode ser operada no modo manual para verificar a funcionalidade de componentes individuais.<\/span><\/p>\r\n<p style=\"text-align: justify;\"><span style=\"font-weight: 400;\">Aten\u00e7\u00e3o especial \u00e9 dada \u00e0 seguran\u00e7a. Se uma situa\u00e7\u00e3o perigosa for detectada, a opera\u00e7\u00e3o da unidade \u00e9 imediatamente suspensa. O motivo da parada \u00e9 exibido na tela do controlador, permitindo que o operador identifique rapidamente e elimine a causa do problema.<\/span><\/p>"}],"add_def_tab":[{"tab_title":"Especifica\u00e7\u00f5es","tab_content":"<table>\r\n<tbody>\r\n<tr>\r\n<td>\r\n<p style=\"text-align: center;\"><strong>\u2116<\/strong><\/p>\r\n<\/td>\r\n<td style=\"text-align: center;\"><strong>Par\u00e2metro<\/strong><\/td>\r\n<td colspan=\"2\">\r\n<p style=\"text-align: center;\"><strong>Valor<\/strong><\/p>\r\n<\/td>\r\n<\/tr>\r\n<tr>\r\n<td><span style=\"font-weight: 400;\">1<\/span><\/td>\r\n<td><span style=\"font-weight: 400;\">Capacidade do tanque, l<\/span><\/td>\r\n<td>\r\n<p style=\"text-align: center;\"><span style=\"font-weight: 400;\">55<\/span><\/p>\r\n<\/td>\r\n<\/tr>\r\n<tr>\r\n<td><span style=\"font-weight: 400;\">2<\/span><\/td>\r\n<td><span style=\"font-weight: 400;\">Capacidade da cesta de inibidor, l<\/span><\/td>\r\n<td>\r\n<p style=\"text-align: center;\"><span style=\"font-weight: 400;\">25<\/span><\/p>\r\n<\/td>\r\n<\/tr>\r\n<tr>\r\n<td><span style=\"font-weight: 400;\">3<\/span><\/td>\r\n<td><span style=\"font-weight: 400;\">Consumo total de energia, kW<\/span><\/td>\r\n<td>\r\n<p style=\"text-align: center;\"><span style=\"font-weight: 400;\">0,7<\/span><\/p>\r\n<\/td>\r\n<\/tr>\r\n<tr>\r\n<td><span style=\"font-weight: 400;\">4<\/span><\/td>\r\n<td><span style=\"font-weight: 400;\">Tens\u00e3o de alimenta\u00e7\u00e3o para rede trif\u00e1sica de 50 Hz, V<\/span><\/td>\r\n<td>\r\n<p style=\"text-align: center;\"><span style=\"font-weight: 400;\">380<\/span><\/p>\r\n<\/td>\r\n<\/tr>\r\n<tr>\r\n<td><span style=\"font-weight: 400;\">5<\/span><\/td>\r\n<td><span style=\"font-weight: 400;\">Dimens\u00f5es totais, mm, m\u00e1x.<\/span>\r\n<span style=\"font-weight: 400;\">comprimento<\/span><span style=\"font-weight: 400;\">largura<\/span><span style=\"font-weight: 400;\">altura<\/span><\/td>\r\n<td><span style=\"font-weight: 400;\">\u00a0<\/span>\r\n<p style=\"text-align: center;\"><span style=\"font-weight: 400;\">1000<\/span><\/p>\r\n<p style=\"text-align: center;\"><span style=\"font-weight: 400;\">560<\/span><\/p>\r\n<p style=\"text-align: center;\"><span style=\"font-weight: 400;\">1500<\/span><\/p>\r\n<\/td>\r\n<\/tr>\r\n<tr>\r\n<td><span style=\"font-weight: 400;\">6<\/span><\/td>\r\n<td><span style=\"font-weight: 400;\">Peso, kg, m\u00e1x.<\/span><\/td>\r\n<td>\r\n<p style=\"text-align: center;\"><span style=\"font-weight: 400;\">500<\/span><\/p>\r\n<\/td>\r\n<\/tr>\r\n<\/tbody>\r\n<\/table>"},{"tab_title":"Vantagens","tab_content":"<ul>\r\n \t<li style=\"font-weight: 400;\" aria-level=\"1\"><span style=\"font-weight: 400;\">processos automatizados aumentam a precis\u00e3o e a efici\u00eancia da inje\u00e7\u00e3o do inibidor.<\/span><\/li>\r\n \t<li style=\"font-weight: 400;\" aria-level=\"1\"><span style=\"font-weight: 400;\">mobilidade;<\/span><\/li>\r\n \t<li style=\"font-weight: 400;\" aria-level=\"1\"><span style=\"font-weight: 400;\">recursos de seguran\u00e7a integrados garantem a prote\u00e7\u00e3o do equipamento e do operador;<\/span><\/li>\r\n \t<li style=\"font-weight: 400;\" aria-level=\"1\"><span style=\"font-weight: 400;\">monitoramento e diagn\u00f3stico convenientes devido \u00e0 tela do controlador.<\/span><\/li>\r\n<\/ul>"},{"tab_title":"Aplica\u00e7\u00e3o","tab_content":"[product_oil_types]"},{"tab_title":"Webinar","tab_content":"<div class=\"responsive-embed widescreen\">\r\n<div class=\"responsive-embed widescreen\">\r\n<div class=\"responsive-embed widescreen\">\r\n<div class=\"responsive-embed widescreen\">\r\n<div class=\"responsive-embed widescreen\">\r\n<div class=\"responsive-embed widescreen\">\r\n<div class=\"responsive-embed widescreen\">\r\n<div class=\"responsive-embed widescreen\">\r\n<div class=\"responsive-embed widescreen\"><iframe title=\"Webinar - Regenera\u00e7\u00e3o de \u00f3leo diel\u00e9trico: um olhar aprofundado (13.10.2021)\" src=\"https:\/\/www.youtube.com\/embed\/vYHxRcDmJqc?feature=oembed\" width=\"500\" height=\"281\" frameborder=\"0\" allowfullscreen=\"allowfullscreen\"><\/iframe><\/div>\r\n<\/div>\r\n<\/div>\r\n<\/div>\r\n<\/div>\r\n<\/div>\r\n<\/div>\r\n<\/div>\r\n<\/div>"}],"add_video_tab":[{"video_tab_title":"V\u00eddeo","add_video_id":[{"video_id":"HcT9MjRqDCk"},{"video_id":"OSNpAC_uLMw"},{"video_id":"tGaNIhL_BAY"}]}],"add_gallery_tab":null,"add_price_tab":null},"language":"pt-pt","_links":{"self":[{"href":"https:\/\/globecore.com\/pt-pt\/wp-json\/wp\/v2\/pages\/249936","targetHints":{"allow":["GET"]}}],"collection":[{"href":"https:\/\/globecore.com\/pt-pt\/wp-json\/wp\/v2\/pages"}],"about":[{"href":"https:\/\/globecore.com\/pt-pt\/wp-json\/wp\/v2\/types\/page"}],"author":[{"embeddable":true,"href":"https:\/\/globecore.com\/pt-pt\/wp-json\/wp\/v2\/users\/7"}],"replies":[{"embeddable":true,"href":"https:\/\/globecore.com\/pt-pt\/wp-json\/wp\/v2\/comments?post=249936"}],"version-history":[{"count":1,"href":"https:\/\/globecore.com\/pt-pt\/wp-json\/wp\/v2\/pages\/249936\/revisions"}],"predecessor-version":[{"id":335981,"href":"https:\/\/globecore.com\/pt-pt\/wp-json\/wp\/v2\/pages\/249936\/revisions\/335981"}],"up":[{"embeddable":true,"href":"https:\/\/globecore.com\/pt-pt\/wp-json\/wp\/v2\/pages\/17224"}],"wp:featuredmedia":[{"embeddable":true,"href":"https:\/\/globecore.com\/pt-pt\/wp-json\/wp\/v2\/media\/113067"}],"wp:attachment":[{"href":"https:\/\/globecore.com\/pt-pt\/wp-json\/wp\/v2\/media?parent=249936"}],"wp:term":[{"taxonomy":"category","embeddable":true,"href":"https:\/\/globecore.com\/pt-pt\/wp-json\/wp\/v2\/categories?post=249936"}],"curies":[{"name":"wp","href":"https:\/\/api.w.org\/{rel}","templated":true}]}}