{"id":249942,"date":"2021-04-23T05:31:44","date_gmt":"2021-04-23T05:31:44","guid":{"rendered":"https:\/\/globecore.com\/products\/desgaseificacao-e-purificacao-de-oleo\/cmm-2-2lt-industrial-oil-purification-unit\/"},"modified":"2026-03-06T06:18:27","modified_gmt":"2026-03-06T06:18:27","slug":"cmm-2-2lt-industrial-oil-purification-unit","status":"publish","type":"page","link":"https:\/\/globecore.com\/pt-pt\/products\/desgaseificacao-e-purificacao-de-oleo\/cmm-2-2lt-industrial-oil-purification-unit\/","title":{"rendered":"CMM-2.2LT Unidade de Purifica\u00e7\u00e3o de \u00d3leo Industrial"},"content":{"rendered":"","protected":false},"excerpt":{"rendered":"<p>A unidade CMM-2,2LT \u00e9 projetada para secagem termov\u00e1cuo e filtra\u00e7\u00e3o de \u00f3leos industriais utilizados em sistemas de lubrifica\u00e7\u00e3o, veda\u00e7\u00e3o e controle hidr\u00e1ulico de turbinas a g\u00e1s, unidades de pist\u00e3o a g\u00e1s, compressores de motores a g\u00e1s e transformadores. A unidade remove eficazmente impurezas mec\u00e2nicas e \u00e1gua do \u00f3leo. A capacidade em modo de secagem e filtra\u00e7\u00e3o termov\u00e1cuo \u00e9 de pelo menos 2,2 m\u00b3\/h. Al\u00e9m disso, a CMM-2,2LT pode ser utilizada para aquecer e secar equipamentos el\u00e9tricos preenchidos com \u00f3leo utilizando \u00f3leo de transformador aquecido.<\/p>\n","protected":false},"author":7,"featured_media":36062,"parent":17032,"menu_order":0,"comment_status":"closed","ping_status":"closed","template":"templates\/single-product.php","meta":{"_acf_changed":false,"_bbp_topic_count":0,"_bbp_reply_count":0,"_bbp_total_topic_count":0,"_bbp_total_reply_count":0,"_bbp_voice_count":0,"_bbp_anonymous_reply_count":0,"_bbp_topic_count_hidden":0,"_bbp_reply_count_hidden":0,"_bbp_forum_subforum_count":0,"footnotes":""},"categories":[1341],"class_list":["post-249942","page","type-page","status-publish","has-post-thumbnail","hentry","category-oil-maintenance-pt-pt","oil_type-fluido-dieletrico-fr3","oil_type-fluido-dieletrico-midel-7131","oil_type-fluido-resistente-ao-fogo-fyrquel","oil_type-oleo-de-silicone","oil_type-oleo-de-transmissao","oil_type-oleo-hidraulico","oil_type-oleo-industrial","oil_type-oleo-para-cabos","oil_type-oleo-para-compressores","oil_type-oleo-para-transformadores","oil_type-oleo-para-turbinas","oil_type-oleo-shell-diala","process_type-desgaseificacao","process_type-desidratacao","process_type-filtragem"],"acf":{"add_tab":[{"tab_title":"Descri\u00e7\u00e3o","tab_content":"<p style=\"text-align: justify;\">A unidade CMM-2,2LT foi projetada para secagem t\u00e9rmica a v\u00e1cuo e filtra\u00e7\u00e3o de \u00f3leos industriais usados em lubrifica\u00e7\u00e3o, sistemas de veda\u00e7\u00e3o, controle hidr\u00e1ulico de unidades de turbinas a g\u00e1s e compressores de motores a g\u00e1s, transformadores, bem como para remo\u00e7\u00e3o de impurezas mec\u00e2nicas e \u00e1gua desses \u00f3leos.<\/p>\r\n<p style=\"text-align: justify;\">Al\u00e9m disso, a unidade pode ser utilizada para aquecer e secar dispositivos el\u00e9tricos preenchidos com \u00f3leo de transformador quente.<\/p>\r\n\r\n<h2 style=\"text-align: center;\">Princ\u00edpio de opera\u00e7\u00e3o<\/h2>\r\n<p style=\"text-align: justify;\">O \u00f3leo, movido por v\u00e1cuo, passa por um filtro grosso com finura de filtra\u00e7\u00e3o de 200 microns, ap\u00f3s o qual entra em um tanque a v\u00e1cuo onde est\u00e1 localizado o aquecedor. Subindo de baixo para cima, o \u00f3leo \u00e9 aquecido e chega \u00e0 outra parte da c\u00e2mara atrav\u00e9s de uma tampa especial com canais, indo diretamente para enchimentos especiais. Em seguida, o \u00f3leo flui para baixo pelos enchimentos, enquanto o vapor de umidade e os gases s\u00e3o removidos do \u00f3leo por v\u00e1cuo. Depois, o \u00f3leo \u00e9 bombeado para fora atrav\u00e9s de dois filtros finos, a partir do fundo do tanque at\u00e9 a sa\u00edda da unidade. A finura de filtra\u00e7\u00e3o dos filtros pode ser selecionada em 5, 3, 1 ou 0,3 microns.<\/p>\r\n\r\n<h2 style=\"text-align: center;\">Caracter\u00edsticas de design<\/h2>\r\n<p style=\"text-align: justify;\">O aquecedor est\u00e1 localizado dentro do tanque a v\u00e1cuo, o que possibilitou a redu\u00e7\u00e3o do tamanho da unidade e diminui\u00e7\u00e3o das perdas t\u00e9rmicas durante o aquecimento do \u00f3leo.<\/p>\r\n<p style=\"text-align: justify;\">O \u00f3leo \u00e9 sugado para a c\u00e2mara a v\u00e1cuo devido \u00e0 press\u00e3o negativa gerada pelo sistema de v\u00e1cuo. Um novo layout foi aplicado aos demais componentes da unidade. Todas essas inova\u00e7\u00f5es trouxeram bons resultados em termos de dimens\u00f5es reduzidas do equipamento.<\/p>"}],"add_def_tab":[{"tab_title":"Especifica\u00e7\u00e3o","tab_content":"<table width=\"605\">\r\n<tbody>\r\n<tr>\r\n<td colspan=\"2\" width=\"483\">\r\n<p style=\"text-align: center;\"><strong>Par\u00e2metro<\/strong><\/p>\r\n<\/td>\r\n<td width=\"116\">\r\n<p style=\"text-align: center;\"><strong>Valor<\/strong><\/p>\r\n<\/td>\r\n<\/tr>\r\n<tr>\r\n<td colspan=\"3\" width=\"601\">\r\n<p style=\"text-align: left;\">1. Capacidade, m3\/h (gpm), n\u00e3o inferior a<\/p>\r\n<\/td>\r\n<\/tr>\r\n<tr>\r\n<td width=\"46\"><\/td>\r\n<td width=\"435\">\r\n<p style=\"text-align: left;\">\u2013 em modo de secagem t\u00e9rmica a v\u00e1cuo e filtra\u00e7\u00e3o<\/p>\r\n<\/td>\r\n<td width=\"116\">\r\n<p style=\"text-align: center;\">2,2<\/p>\r\n<\/td>\r\n<\/tr>\r\n<tr>\r\n<td colspan=\"3\" width=\"601\">\r\n<p style=\"text-align: left;\">2.* Par\u00e2metros do \u00f3leo processado (em v\u00e1rias passagens):<\/p>\r\n<\/td>\r\n<\/tr>\r\n<tr>\r\n<td rowspan=\"3\" width=\"46\"><\/td>\r\n<td width=\"435\">\r\n<p style=\"text-align: left;\">\u2013 conte\u00fado total de g\u00e1s, %, n\u00e3o mais que<\/p>\r\n<\/td>\r\n<td width=\"116\">\r\n<p style=\"text-align: center;\">1,5<\/p>\r\n<\/td>\r\n<\/tr>\r\n<tr>\r\n<td width=\"435\">\r\n<p style=\"text-align: left;\">\u2013 conte\u00fado de umidade no \u00f3leo, ppm, n\u00e3o mais que<\/p>\r\n<\/td>\r\n<td width=\"116\">\r\n<p style=\"text-align: center;\">10 ppm ou 5 ppm ou 5 ppm+ (opcional)<\/p>\r\n<\/td>\r\n<\/tr>\r\n<tr>\r\n<td width=\"435\">\r\n<p style=\"text-align: left;\">\u2013 classe de pureza industrial ISO 4406<\/p>\r\n<\/td>\r\n<td width=\"116\">\r\n<p style=\"text-align: center;\">-\/14\/12<\/p>\r\n<\/td>\r\n<\/tr>\r\n<tr>\r\n<td colspan=\"2\" width=\"483\">\r\n<p style=\"text-align: left;\">3. Temperatura m\u00e1xima do \u00f3leo de sa\u00edda, \u00baC (\u00baF)<\/p>\r\n<\/td>\r\n<td width=\"116\">\r\n<p style=\"text-align: center;\">55<\/p>\r\n<\/td>\r\n<\/tr>\r\n<tr>\r\n<td colspan=\"2\" width=\"483\">\r\n<p style=\"text-align: left;\">4. Press\u00e3o de sa\u00edda, bar (psi)<\/p>\r\n<\/td>\r\n<td width=\"116\">\r\n<p style=\"text-align: center;\">3<\/p>\r\n<\/td>\r\n<\/tr>\r\n<tr>\r\n<td colspan=\"2\" width=\"483\">\r\n<p style=\"text-align: left;\">5. Pot\u00eancia do aquecedor de \u00f3leo, kW, n\u00e3o mais que<\/p>\r\n<\/td>\r\n<td width=\"116\">\r\n<p style=\"text-align: center;\">36<\/p>\r\n<\/td>\r\n<\/tr>\r\n<tr>\r\n<td colspan=\"2\" width=\"483\">\r\n<p style=\"text-align: left;\">6. Requisito m\u00e1ximo de pot\u00eancia, kW, n\u00e3o mais que<\/p>\r\n<\/td>\r\n<td width=\"116\">\r\n<p style=\"text-align: center;\">42<\/p>\r\n<\/td>\r\n<\/tr>\r\n<tr>\r\n<td colspan=\"3\" width=\"601\">\r\n<p style=\"text-align: left;\">7. Par\u00e2metros da corrente el\u00e9trica<\/p>\r\n<\/td>\r\n<\/tr>\r\n<tr>\r\n<td rowspan=\"2\" width=\"46\"><\/td>\r\n<td width=\"435\">\r\n<p style=\"text-align: left;\">\u2013 voltagem, V<\/p>\r\n<\/td>\r\n<td width=\"116\">\r\n<p style=\"text-align: center;\">380<\/p>\r\n<\/td>\r\n<\/tr>\r\n<tr>\r\n<td width=\"435\">\r\n<p style=\"text-align: left;\">\u2013 AC com frequ\u00eancia, Hz<\/p>\r\n<\/td>\r\n<td width=\"116\">\r\n<p style=\"text-align: center;\">50<\/p>\r\n<\/td>\r\n<\/tr>\r\n<tr>\r\n<td width=\"46\"><\/td>\r\n<td width=\"435\">\r\n<p style=\"text-align: left;\">\u2013 n\u00famero de fases<\/p>\r\n<\/td>\r\n<td width=\"116\">\r\n<p style=\"text-align: center;\">3<\/p>\r\n<\/td>\r\n<\/tr>\r\n<tr>\r\n<td colspan=\"3\" width=\"601\">\r\n<p style=\"text-align: left;\">8. Dimens\u00f5es, mm, n\u00e3o mais que (sem reboque\/com reboque)<\/p>\r\n<\/td>\r\n<\/tr>\r\n<tr>\r\n<td rowspan=\"3\" width=\"46\"><\/td>\r\n<td width=\"435\">\r\n<p style=\"text-align: left;\">\u2013 comprimento<\/p>\r\n<\/td>\r\n<td width=\"116\">\r\n<p style=\"text-align: center;\">1.050\/2.450<\/p>\r\n<\/td>\r\n<\/tr>\r\n<tr>\r\n<td width=\"435\">\r\n<p style=\"text-align: left;\">\u2013 largura<\/p>\r\n<\/td>\r\n<td width=\"116\">\r\n<p style=\"text-align: center;\">760\/1.420<\/p>\r\n<\/td>\r\n<\/tr>\r\n<tr>\r\n<td width=\"435\">\r\n<p style=\"text-align: left;\">\u2013 altura<\/p>\r\n<\/td>\r\n<td width=\"116\">\r\n<p style=\"text-align: center;\">1.470\/1.910<\/p>\r\n<\/td>\r\n<\/tr>\r\n<tr>\r\n<td colspan=\"2\" width=\"483\">\r\n<p style=\"text-align: left;\">9. Peso, kg, n\u00e3o mais que (sem reboque\/com reboque)<\/p>\r\n<\/td>\r\n<td width=\"116\">\r\n<p style=\"text-align: center;\">420\/870<\/p>\r\n<\/td>\r\n<\/tr>\r\n<\/tbody>\r\n<\/table>\r\n<strong>Nota:<\/strong> *Nos par\u00e2metros iniciais do \u00f3leo:\r\n<ul>\r\n \t<li>conte\u00fado volum\u00e9trico de g\u00e1s \u2014 n\u00e3o mais que 10,5%;<\/li>\r\n \t<li>conte\u00fado de umidade \u2014 n\u00e3o mais que 0,005% (50 g\/t);<\/li>\r\n \t<li>temperatura \u2014 n\u00e3o inferior a 0\u00baC<\/li>\r\n \t<li>quando o \u00f3leo passa pela unidade v\u00e1rias vezes.<\/li>\r\n<\/ul>"},{"tab_title":"Vantagens","tab_content":"<ul>\r\n \t<li style=\"text-align: justify;\">compacidade;<\/li>\r\n \t<li style=\"text-align: justify;\">mobilidade;<\/li>\r\n \t<li style=\"text-align: justify;\">facilidade de controle;<\/li>\r\n \t<li style=\"text-align: justify;\">o objetivo de uso \u00e9 purificar v\u00e1rios \u00f3leos industriais, como \u00f3leos de turbinas, hidr\u00e1ulicos, de compressores e outros tipos<\/li>\r\n<\/ul>"},{"tab_title":"Aplica\u00e7\u00e3o","tab_content":"[product_oil_types]"},{"tab_title":"Webinar","tab_content":"<div class=\"responsive-embed widescreen\">\r\n<div class=\"responsive-embed widescreen\">\r\n<div class=\"responsive-embed widescreen\">\r\n<div class=\"responsive-embed widescreen\">\r\n<div class=\"responsive-embed widescreen\">\r\n<div class=\"responsive-embed widescreen\">\r\n<div class=\"responsive-embed widescreen\">\r\n<div class=\"responsive-embed widescreen\">\r\n<div class=\"responsive-embed widescreen\"><iframe title=\"Manuten\u00e7\u00e3o dos transformadores de pot\u00eancia\" src=\"https:\/\/www.youtube.com\/embed\/RblXgV_sUy0?feature=oembed\" width=\"500\" height=\"281\" frameborder=\"0\" allowfullscreen=\"allowfullscreen\"><\/iframe><\/div>\r\n<\/div>\r\n<\/div>\r\n<\/div>\r\n<\/div>\r\n<\/div>\r\n<\/div>\r\n<\/div>\r\n<\/div>"}],"add_video_tab":[{"video_tab_title":"Video","add_video_id":[{"video_id":"HCRTHazf4Pg"},{"video_id":"77f0a17d0gg"},{"video_id":"vUw0tlBs7QE"}]}],"add_gallery_tab":[{"gallery_tab_title":"Foto","add_img":[60232,39518,39526,39534]}],"add_price_tab":[{"price_tab_title":"Get a quote"}]},"language":"pt-pt","_links":{"self":[{"href":"https:\/\/globecore.com\/pt-pt\/wp-json\/wp\/v2\/pages\/249942","targetHints":{"allow":["GET"]}}],"collection":[{"href":"https:\/\/globecore.com\/pt-pt\/wp-json\/wp\/v2\/pages"}],"about":[{"href":"https:\/\/globecore.com\/pt-pt\/wp-json\/wp\/v2\/types\/page"}],"author":[{"embeddable":true,"href":"https:\/\/globecore.com\/pt-pt\/wp-json\/wp\/v2\/users\/7"}],"replies":[{"embeddable":true,"href":"https:\/\/globecore.com\/pt-pt\/wp-json\/wp\/v2\/comments?post=249942"}],"version-history":[{"count":1,"href":"https:\/\/globecore.com\/pt-pt\/wp-json\/wp\/v2\/pages\/249942\/revisions"}],"predecessor-version":[{"id":336010,"href":"https:\/\/globecore.com\/pt-pt\/wp-json\/wp\/v2\/pages\/249942\/revisions\/336010"}],"up":[{"embeddable":true,"href":"https:\/\/globecore.com\/pt-pt\/wp-json\/wp\/v2\/pages\/17032"}],"wp:featuredmedia":[{"embeddable":true,"href":"https:\/\/globecore.com\/pt-pt\/wp-json\/wp\/v2\/media\/36062"}],"wp:attachment":[{"href":"https:\/\/globecore.com\/pt-pt\/wp-json\/wp\/v2\/media?parent=249942"}],"wp:term":[{"taxonomy":"category","embeddable":true,"href":"https:\/\/globecore.com\/pt-pt\/wp-json\/wp\/v2\/categories?post=249942"}],"curies":[{"name":"wp","href":"https:\/\/api.w.org\/{rel}","templated":true}]}}