{"id":249950,"date":"2024-05-24T07:04:52","date_gmt":"2024-05-24T07:04:52","guid":{"rendered":"https:\/\/globecore.com\/products\/desgaseificacao-e-purificacao-de-oleo\/industrial-oil-purification-unit-cmm-6lt\/"},"modified":"2026-03-06T06:43:26","modified_gmt":"2026-03-06T06:43:26","slug":"industrial-oil-purification-unit-cmm-6lt","status":"publish","type":"page","link":"https:\/\/globecore.com\/pt-pt\/products\/desgaseificacao-e-purificacao-de-oleo\/industrial-oil-purification-unit-cmm-6lt\/","title":{"rendered":"CMM-6LT Unidade de Purifica\u00e7\u00e3o de \u00d3leo Industrial"},"content":{"rendered":"","protected":false},"excerpt":{"rendered":"<p>A esta\u00e7\u00e3o m\u00f3vel de \u00f3leo CMM-6LT \u00e9 projetada para secagem termov\u00e1cuo, filtra\u00e7\u00e3o e purifica\u00e7\u00e3o de \u00f3leos de impurezas mec\u00e2nicas e \u00e1gua. \u00c9 adequada para \u00f3leos usados em sistemas de lubrifica\u00e7\u00e3o, sistemas de veda\u00e7\u00e3o, sistemas de controle hidr\u00e1ulico de unidades de turbinas a g\u00e1s e compressores de g\u00e1s, compressores de motores a g\u00e1s e transformadores durante opera\u00e7\u00e3o e manuten\u00e7\u00e3o. A unidade tem uma produtividade de pelo menos 6,0 m\u00b3\/h no modo de filtra\u00e7\u00e3o e de 4,0\u20136,0 m\u00b3\/h no modo de secagem termov\u00e1cuo. A CMM-6LT pode limpar \u00f3leos contaminados de \u00e1gua, gases livres e dissolvidos, al\u00e9m de aquecer e secar aparelhos el\u00e9tricos preenchidos com \u00f3leo utilizando o m\u00e9todo de secagem termov\u00e1cuo. Tamb\u00e9m remove impurezas mec\u00e2nicas atrav\u00e9s de elementos filtrantes de alta efici\u00eancia. A unidade destina-se a organiza\u00e7\u00f5es de montagem, reparo e opera\u00e7\u00e3o envolvidas no processamento e purifica\u00e7\u00e3o de \u00f3leos.<\/p>\n","protected":false},"author":7,"featured_media":113090,"parent":17032,"menu_order":0,"comment_status":"closed","ping_status":"closed","template":"templates\/single-product.php","meta":{"_acf_changed":false,"_bbp_topic_count":0,"_bbp_reply_count":0,"_bbp_total_topic_count":0,"_bbp_total_reply_count":0,"_bbp_voice_count":0,"_bbp_anonymous_reply_count":0,"_bbp_topic_count_hidden":0,"_bbp_reply_count_hidden":0,"_bbp_forum_subforum_count":0,"footnotes":""},"categories":[1341],"class_list":["post-249950","page","type-page","status-publish","has-post-thumbnail","hentry","category-oil-maintenance-pt-pt","oil_type-fluido-dieletrico-fr3","oil_type-fluido-dieletrico-midel-7131","oil_type-fluido-resistente-ao-fogo-fyrquel","oil_type-oleo-de-silicone","oil_type-oleo-hidraulico","oil_type-oleo-para-transformadores","oil_type-oleo-shell-diala","process_type-desgaseificacao","process_type-desidratacao","process_type-filtragem"],"acf":{"add_tab":[{"tab_title":"Descri\u00e7\u00e3o","tab_content":"<p style=\"text-align: justify;\"><span style=\"font-weight: 400;\">A esta\u00e7\u00e3o m\u00f3vel de \u00f3leo CMM-6LT \u00e9 projetada para secagem t\u00e9rmica a v\u00e1cuo, filtra\u00e7\u00e3o e purifica\u00e7\u00e3o de \u00f3leos usados em sistemas de lubrifica\u00e7\u00e3o, sistemas de veda\u00e7\u00e3o, sistemas de controle hidr\u00e1ulico de unidades de turbina a g\u00e1s, compressores a g\u00e1s, compressores de motores a g\u00e1s, bem como transformadores, durante a opera\u00e7\u00e3o e manuten\u00e7\u00e3o.<\/span><\/p>\r\n<p style=\"text-align: justify;\"><span style=\"font-weight: 400;\">A unidade pode ser utilizada para limpar \u00f3leos contaminados, removendo \u00e1gua, gases livres e dissolvidos, aquecer e secar aparelhos el\u00e9tricos preenchidos com \u00f3leo de transformador quente, utilizando o m\u00e9todo de secagem t\u00e9rmica a v\u00e1cuo. Al\u00e9m disso, pode remover impurezas mec\u00e2nicas atrav\u00e9s de elementos de filtro de alta efici\u00eancia. A unidade \u00e9 aplicada em organiza\u00e7\u00f5es de montagem, reparo e opera\u00e7\u00e3o envolvidas no processamento e purifica\u00e7\u00e3o de \u00f3leos.<\/span><\/p>\r\n<p style=\"text-align: justify;\"><span style=\"font-weight: 400;\">\r\n<\/span><span style=\"font-weight: 400;\">A unidade pode processar \u00f3leos minerais de transformadores com as seguintes propriedades:<\/span><\/p>\r\n\r\n<ul>\r\n \t<li style=\"font-weight: 400; text-align: justify;\" aria-level=\"1\"><span style=\"font-weight: 400;\">Viscosidade cinem\u00e1tica a 50 \u00b0C - 2\u202612 mm<\/span><span style=\"font-weight: 400;\">2<\/span><span style=\"font-weight: 400;\">\/s;<\/span><\/li>\r\n \t<li style=\"font-weight: 400; text-align: justify;\" aria-level=\"1\"><span style=\"font-weight: 400;\">Teor de umidade do \u00f3leo - n\u00e3o mais que 100 ppm;<\/span><\/li>\r\n \t<li style=\"font-weight: 400; text-align: justify;\" aria-level=\"1\"><span style=\"font-weight: 400;\">Densidade a 20\u00b0C - 800\u2026950 kg\/m<\/span><span style=\"font-weight: 400;\">3<\/span><span style=\"font-weight: 400;\">;<\/span><\/li>\r\n \t<li style=\"font-weight: 400; text-align: justify;\" aria-level=\"1\"><span style=\"font-weight: 400;\">Classe de pureza industrial segundo ISO 4406 - n\u00e3o pior que -\/19\/16.<\/span><\/li>\r\n<\/ul>"}],"add_def_tab":[{"tab_title":"Especifica\u00e7\u00e3o","tab_content":"<table>\r\n<tbody>\r\n<tr>\r\n<td>\r\n<p style=\"text-align: center;\"><strong>\u2116<\/strong><\/p>\r\n<\/td>\r\n<td style=\"text-align: center;\"><strong>Especifica\u00e7\u00e3o<\/strong><\/td>\r\n<td>\r\n<p style=\"text-align: center;\"><strong>Valor<\/strong><\/p>\r\n<\/td>\r\n<\/tr>\r\n<tr>\r\n<td><span style=\"font-weight: 400;\">1<\/span><\/td>\r\n<td><span style=\"font-weight: 400;\">Produtividade, m<\/span><span style=\"font-weight: 400;\"><sup>3<\/sup><\/span><span style=\"font-weight: 400;\">\/hora, n\u00e3o menos que<\/span>\r\n<ul>\r\n \t<li style=\"font-weight: 400;\" aria-level=\"1\"><span style=\"font-weight: 400;\">modo de filtra\u00e7\u00e3o<\/span><\/li>\r\n<\/ul>\r\n<ul>\r\n \t<li style=\"font-weight: 400;\" aria-level=\"1\"><span style=\"font-weight: 400;\">modo de secagem a v\u00e1cuo t\u00e9rmico<\/span><\/li>\r\n<\/ul>\r\n<\/td>\r\n<td>\r\n<p style=\"text-align: center;\"><span style=\"font-weight: 400;\">6,0<\/span><\/p>\r\n<p style=\"text-align: center;\"><span style=\"font-weight: 400;\">4,0-6,0<\/span><\/p>\r\n<\/td>\r\n<\/tr>\r\n<tr>\r\n<td><span style=\"font-weight: 400;\">2*<\/span><\/td>\r\n<td><span style=\"font-weight: 400;\">Par\u00e2metros do \u00f3leo processado (ap\u00f3s v\u00e1rias passagens):<\/span>\r\n\r\n<span style=\"font-weight: 400;\">\u00a0\u00a0\u00a0\u00a0\u00a0\u00a0\u2013\u00a0 total de g\u00e1s, % n\u00e3o mais que<\/span><span style=\"font-weight: 400;\">\r\n<\/span><span style=\"font-weight: 400;\">\u00a0 \u00a0 \u00a0 \u2013\u00a0 teor de umidade do \u00f3leo, ppm, n\u00e3o mais que<\/span><span style=\"font-weight: 400;\">\r\n<\/span><span style=\"font-weight: 400;\">\u00a0 \u00a0 \u00a0 \u2013\u00a0 classe de limpeza industrial conforme ISO 4406<\/span><\/td>\r\n<td>\r\n<p style=\"text-align: center;\"><span style=\"font-weight: 400;\">1,5<\/span><\/p>\r\n<p style=\"text-align: center;\"><span style=\"font-weight: 400;\">10 ppm ou 5 ppm ou 5 ppm+ (opcional)<\/span><\/p>\r\n<p style=\"text-align: center;\"><span style=\"font-weight: 400;\">-\/14\/12<\/span><\/p>\r\n<\/td>\r\n<\/tr>\r\n<tr>\r\n<td><span style=\"font-weight: 400;\">3<\/span><\/td>\r\n<td><span style=\"font-weight: 400;\">Temperatura m\u00e1xima do \u00f3leo na sa\u00edda, \u00baC<\/span><\/td>\r\n<td>\r\n<p style=\"text-align: center;\"><span style=\"font-weight: 400;\">55-60<\/span><\/p>\r\n<\/td>\r\n<\/tr>\r\n<tr>\r\n<td><span style=\"font-weight: 400;\">4<\/span><\/td>\r\n<td><span style=\"font-weight: 400;\">Press\u00e3o de sa\u00edda, bar<\/span><\/td>\r\n<td>\r\n<p style=\"text-align: center;\"><span style=\"font-weight: 400;\">3<\/span><\/p>\r\n<\/td>\r\n<\/tr>\r\n<tr>\r\n<td><span style=\"font-weight: 400;\">5<\/span><\/td>\r\n<td><span style=\"font-weight: 400;\">Pot\u00eancia do aquecedor de \u00f3leo, kW, n\u00e3o mais que<\/span><\/td>\r\n<td>\r\n<p style=\"text-align: center;\"><span style=\"font-weight: 400;\">42<\/span><\/p>\r\n<\/td>\r\n<\/tr>\r\n<tr>\r\n<td><span style=\"font-weight: 400;\">6<\/span><\/td>\r\n<td><span style=\"font-weight: 400;\">Consumo m\u00e1ximo de energia, kW, n\u00e3o mais que<\/span><\/td>\r\n<td>\r\n<p style=\"text-align: center;\"><span style=\"font-weight: 400;\">50<\/span><\/p>\r\n<\/td>\r\n<\/tr>\r\n<tr>\r\n<td><span style=\"font-weight: 400;\">7<\/span><\/td>\r\n<td><span style=\"font-weight: 400;\">Par\u00e2metros de corrente el\u00e9trica<\/span>\r\n\r\n<span style=\"font-weight: 400;\">Tens\u00e3o, V\u00a0<\/span>\r\n\r\n<span style=\"font-weight: 400;\">Frequ\u00eancia, Hz\u00a0<\/span>\r\n\r\n<span style=\"font-weight: 400;\">N\u00famero de fases\u00a0<\/span><\/td>\r\n<td>\r\n<p style=\"text-align: center;\"><span style=\"font-weight: 400;\">380<\/span><\/p>\r\n<p style=\"text-align: center;\"><span style=\"font-weight: 400;\">50<\/span><\/p>\r\n<p style=\"text-align: center;\"><span style=\"font-weight: 400;\">3<\/span><\/p>\r\n<\/td>\r\n<\/tr>\r\n<tr>\r\n<td><span style=\"font-weight: 400;\">8<\/span><\/td>\r\n<td><span style=\"font-weight: 400;\">Dimens\u00f5es gerais, mm, n\u00e3o mais que<\/span>\r\n\r\n<span style=\"font-weight: 400;\">\u2013 comprimento<\/span><span style=\"font-weight: 400;\">\r\n<\/span><span style=\"font-weight: 400;\">\u2013 largura<\/span><span style=\"font-weight: 400;\">\r\n<\/span><span style=\"font-weight: 400;\">\u2013 altura<\/span><\/td>\r\n<td>\r\n<p style=\"text-align: center;\"><span style=\"font-weight: 400;\">1100<\/span><span style=\"font-weight: 400;\">\r\n<\/span><span style=\"font-weight: 400;\">780<\/span><span style=\"font-weight: 400;\">\r\n<\/span><span style=\"font-weight: 400;\">1470<\/span><\/p>\r\n<\/td>\r\n<\/tr>\r\n<tr>\r\n<td><span style=\"font-weight: 400;\">9<\/span><\/td>\r\n<td><span style=\"font-weight: 400;\">Peso, kg, n\u00e3o mais que<\/span><\/td>\r\n<td>\r\n<p style=\"text-align: center;\"><span style=\"font-weight: 400;\">475<\/span><\/p>\r\n<\/td>\r\n<\/tr>\r\n<\/tbody>\r\n<\/table>\r\n<p style=\"text-align: justify;\"><span style=\"font-weight: 400;\"><strong>Nota:<\/strong> * par\u00e2metros iniciais do \u00f3leo:<\/span><\/p>\r\n\r\n<ul>\r\n \t<li style=\"text-align: justify;\"><span style=\"font-weight: 400;\">Conte\u00fado volum\u00e9trico de g\u00e1s \u2013 abaixo de 10,5%;<\/span><\/li>\r\n \t<li style=\"text-align: justify;\"><span style=\"font-weight: 400;\">Teor de umidade da massa \u2013 abaixo de 0,01% (100 g\/t);<\/span><\/li>\r\n \t<li style=\"text-align: justify;\"><span style=\"font-weight: 400;\">Temperatura \u2013 acima de 0 \u00baC.<\/span><\/li>\r\n<\/ul>\r\n<p style=\"text-align: justify;\"><span style=\"font-weight: 400;\">Ap\u00f3s v\u00e1rias passagens do \u00f3leo pela instala\u00e7\u00e3o.<\/span><\/p>\r\n<p style=\"text-align: justify;\"><\/p>"},{"tab_title":"Vantagens","tab_content":"<ul>\r\n \t<li style=\"font-weight: 400; text-align: justify;\" aria-level=\"1\"><span style=\"font-weight: 400;\">compacidade;<\/span><\/li>\r\n \t<li style=\"font-weight: 400; text-align: justify;\" aria-level=\"1\"><span style=\"font-weight: 400;\">capacidade de aquecimento de \u00f3leo;<\/span><\/li>\r\n \t<li style=\"font-weight: 400; text-align: justify;\" aria-level=\"1\"><span style=\"font-weight: 400;\">alto grau de filtra\u00e7\u00e3o;<\/span><\/li>\r\n \t<li style=\"font-weight: 400; text-align: justify;\" aria-level=\"1\"><span style=\"font-weight: 400;\">alta manobrabilidade;<\/span><\/li>\r\n \t<li style=\"font-weight: 400; text-align: justify;\" aria-level=\"1\"><span style=\"font-weight: 400;\">prote\u00e7\u00e3o contra superaquecimento do \u00f3leo;<\/span><\/li>\r\n \t<li style=\"font-weight: 400; text-align: justify;\" aria-level=\"1\"><span style=\"font-weight: 400;\">secagem de \u00f3leo.<\/span><\/li>\r\n<\/ul>"},{"tab_title":"Aplica\u00e7\u00e3o","tab_content":"[product_oil_types]"},{"tab_title":"Webinar","tab_content":"<div class=\"responsive-embed widescreen\">\r\n<div class=\"responsive-embed widescreen\">\r\n<div class=\"responsive-embed widescreen\">\r\n<div class=\"responsive-embed widescreen\">\r\n<div class=\"responsive-embed widescreen\">\r\n<div class=\"responsive-embed widescreen\">\r\n<div class=\"responsive-embed widescreen\">\r\n<div class=\"responsive-embed widescreen\">\r\n<div class=\"responsive-embed widescreen\"><iframe title=\"Manuten\u00e7\u00e3o dos transformadores de pot\u00eancia\" src=\"https:\/\/www.youtube.com\/embed\/RblXgV_sUy0?feature=oembed\" width=\"500\" height=\"281\" frameborder=\"0\" allowfullscreen=\"allowfullscreen\"><\/iframe><\/div>\r\n<\/div>\r\n<\/div>\r\n<\/div>\r\n<\/div>\r\n<\/div>\r\n<\/div>\r\n<\/div>\r\n<\/div>"}],"add_video_tab":[{"video_tab_title":"Video","add_video_id":[{"video_id":"jVgo_OXr9q8"},{"video_id":"mC3viGgVuE8"},{"video_id":"qC1eSgFNItg"}]}],"add_gallery_tab":null,"add_price_tab":null},"language":"pt-pt","_links":{"self":[{"href":"https:\/\/globecore.com\/pt-pt\/wp-json\/wp\/v2\/pages\/249950","targetHints":{"allow":["GET"]}}],"collection":[{"href":"https:\/\/globecore.com\/pt-pt\/wp-json\/wp\/v2\/pages"}],"about":[{"href":"https:\/\/globecore.com\/pt-pt\/wp-json\/wp\/v2\/types\/page"}],"author":[{"embeddable":true,"href":"https:\/\/globecore.com\/pt-pt\/wp-json\/wp\/v2\/users\/7"}],"replies":[{"embeddable":true,"href":"https:\/\/globecore.com\/pt-pt\/wp-json\/wp\/v2\/comments?post=249950"}],"version-history":[{"count":2,"href":"https:\/\/globecore.com\/pt-pt\/wp-json\/wp\/v2\/pages\/249950\/revisions"}],"predecessor-version":[{"id":336030,"href":"https:\/\/globecore.com\/pt-pt\/wp-json\/wp\/v2\/pages\/249950\/revisions\/336030"}],"up":[{"embeddable":true,"href":"https:\/\/globecore.com\/pt-pt\/wp-json\/wp\/v2\/pages\/17032"}],"wp:featuredmedia":[{"embeddable":true,"href":"https:\/\/globecore.com\/pt-pt\/wp-json\/wp\/v2\/media\/113090"}],"wp:attachment":[{"href":"https:\/\/globecore.com\/pt-pt\/wp-json\/wp\/v2\/media?parent=249950"}],"wp:term":[{"taxonomy":"category","embeddable":true,"href":"https:\/\/globecore.com\/pt-pt\/wp-json\/wp\/v2\/categories?post=249950"}],"curies":[{"name":"wp","href":"https:\/\/api.w.org\/{rel}","templated":true}]}}