{"id":249955,"date":"2024-02-14T13:56:54","date_gmt":"2024-02-14T13:56:54","guid":{"rendered":"https:\/\/globecore.com\/products\/desgaseificacao-e-purificacao-de-oleo\/oil-processing-unit-cmm-8lt\/"},"modified":"2026-03-06T06:53:07","modified_gmt":"2026-03-06T06:53:07","slug":"oil-processing-unit-cmm-8lt","status":"publish","type":"page","link":"https:\/\/globecore.com\/pt-pt\/products\/desgaseificacao-e-purificacao-de-oleo\/oil-processing-unit-cmm-8lt\/","title":{"rendered":"CMM-8LT Unidade de Processamento de \u00d3leo"},"content":{"rendered":"","protected":false},"excerpt":{"rendered":"<p>A unidade CMM-8LT \u00e9 projetada para purifica\u00e7\u00e3o de \u00f3leos de isolamento el\u00e9trico de impurezas mec\u00e2nicas e \u00e1gua, com viscosidade cinem\u00e1tica de at\u00e9 70 cSt a 50\u202f\u00b0C. A unidade tamb\u00e9m pode aquecer aparelhos el\u00e9tricos preenchidos com \u00f3leo usando \u00f3leo de transformador quente e realizar v\u00e1cuo. Sua capacidade \u00e9 de 8\u202fm\u00b3\/h. A esta\u00e7\u00e3o garante a purifica\u00e7\u00e3o do \u00f3leo at\u00e9 a classe -\/12\/9 a partir de uma classe inicial de -\/16\/13, com uma fra\u00e7\u00e3o de massa de contaminantes n\u00e3o superior a 0,004%, atrav\u00e9s de m\u00faltiplas passagens do \u00f3leo pelo bloco de filtros. \u00c9 utilizada na montagem, reparo e opera\u00e7\u00e3o de equipamentos de alta tens\u00e3o preenchidos com \u00f3leo, como transformadores de pot\u00eancia e interruptores de alta tens\u00e3o.<\/p>\n","protected":false},"author":7,"featured_media":110215,"parent":17032,"menu_order":0,"comment_status":"closed","ping_status":"closed","template":"templates\/single-product.php","meta":{"_acf_changed":false,"_bbp_topic_count":0,"_bbp_reply_count":0,"_bbp_total_topic_count":0,"_bbp_total_reply_count":0,"_bbp_voice_count":0,"_bbp_anonymous_reply_count":0,"_bbp_topic_count_hidden":0,"_bbp_reply_count_hidden":0,"_bbp_forum_subforum_count":0,"footnotes":""},"categories":[1341],"class_list":["post-249955","page","type-page","status-publish","has-post-thumbnail","hentry","category-oil-maintenance-pt-pt","oil_type-fluido-dieletrico-fr3","oil_type-fluido-dieletrico-midel-7131","oil_type-fluido-resistente-ao-fogo-fyrquel","oil_type-oleo-de-silicone","oil_type-oleo-hidraulico","oil_type-oleo-para-transformadores","oil_type-oleo-shell-diala","process_type-desgaseificacao","process_type-desidratacao","process_type-filtragem"],"acf":{"add_tab":[{"tab_title":"Descri\u00e7\u00e3o","tab_content":"<p style=\"text-align: justify;\">A unidade de \u00f3leo a v\u00e1cuo CMM-8LT \u00e9 projetada para purifica\u00e7\u00e3o de \u00f3leos isolantes el\u00e9tricos, removendo impurezas mec\u00e2nicas e \u00e1gua, com viscosidade cinem\u00e1tica que n\u00e3o excede 70 cSt a uma temperatura de 50\u00b0C.<\/p>\r\n<p style=\"text-align: justify;\">A unidade pode ser usada para aquecer aparelhos el\u00e9tricos preenchidos com \u00f3leo transformador quente e para realizar a despressuriza\u00e7\u00e3o a v\u00e1cuo.<\/p>\r\n<p style=\"text-align: justify;\">A esta\u00e7\u00e3o garante a purifica\u00e7\u00e3o do \u00f3leo at\u00e9 a classe -\/12\/9, com uma classe de pureza inicial de -\/16\/13 (fra\u00e7\u00e3o em massa de contaminantes n\u00e3o excedendo 0,004%) ap\u00f3s m\u00faltiplas passagens do produto purificado pelo bloco de filtros.<\/p>\r\n<p style=\"text-align: justify;\">A esta\u00e7\u00e3o \u00e9 utilizada na montagem, reparo e opera\u00e7\u00e3o de equipamentos el\u00e9tricos a \u00f3leo de alta tens\u00e3o (transformadores de pot\u00eancia, disjuntores de alta tens\u00e3o, etc.).<\/p>"}],"add_def_tab":[{"tab_title":"Especifica\u00e7\u00e3o","tab_content":"<table>\r\n<tbody>\r\n<tr>\r\n<td><strong>\u2116<\/strong><\/td>\r\n<td>\r\n<p style=\"text-align: center;\"><strong>Especifica\u00e7\u00e3o<\/strong><\/p>\r\n<\/td>\r\n<td>\r\n<p style=\"text-align: center;\"><strong>Valor<\/strong><\/p>\r\n<\/td>\r\n<\/tr>\r\n<tr>\r\n<td>1<\/td>\r\n<td>Capacidade, m<sup>3<\/sup>\/h<\/td>\r\n<td>\r\n<p style=\"text-align: center;\">8<\/p>\r\n<\/td>\r\n<\/tr>\r\n<tr>\r\n<td>2<\/td>\r\n<td>Temperatura m\u00e1xima do \u00f3leo na sa\u00edda durante o aquecimento, \u00b0C<\/td>\r\n<td>\r\n<p style=\"text-align: center;\">90<\/p>\r\n<\/td>\r\n<\/tr>\r\n<tr>\r\n<td>3*<\/td>\r\n<td>Par\u00e2metros do \u00f3leo processado:\r\n<ul>\r\n \t<li aria-level=\"1\">teor de umidade em massa, ppm, n\u00e3o superior a<\/li>\r\n \t<li aria-level=\"1\">fineness de filtra\u00e7\u00e3o, \u03bcm<\/li>\r\n \t<li aria-level=\"1\">tens\u00e3o de ruptura, kV, n\u00e3o inferior a<\/li>\r\n<\/ul>\r\n<\/td>\r\n<td>&nbsp;\r\n<p style=\"text-align: center;\">5 ppm ou 5 ppm+ (opcional)<\/p>\r\n<p style=\"text-align: center;\">5<\/p>\r\n<p style=\"text-align: center;\">70<\/p>\r\n<\/td>\r\n<\/tr>\r\n<tr>\r\n<td>4<\/td>\r\n<td>Pot\u00eancia do aquecedor de \u00f3leo, kW, n\u00e3o superior a<\/td>\r\n<td>\r\n<p style=\"text-align: center;\">100<\/p>\r\n<\/td>\r\n<\/tr>\r\n<tr>\r\n<td>7<\/td>\r\n<td>Consumo de energia instalado, kW, n\u00e3o superior a<\/td>\r\n<td>\r\n<p style=\"text-align: center;\">115<\/p>\r\n<\/td>\r\n<\/tr>\r\n<tr>\r\n<td>8<\/td>\r\n<td>Tens\u00e3o de alimenta\u00e7\u00e3o da rede trif\u00e1sica de corrente alternada com frequ\u00eancia de 50 Hz, V<\/td>\r\n<td>\r\n<p style=\"text-align: center;\">Personaliz\u00e1vel<\/p>\r\n<\/td>\r\n<\/tr>\r\n<tr>\r\n<td>9<\/td>\r\n<td>Dimens\u00f5es totais, mm, n\u00e3o superior a:\r\n<ul>\r\n \t<li aria-level=\"1\">comprimento<\/li>\r\n \t<li aria-level=\"1\">altura<\/li>\r\n \t<li aria-level=\"1\">largura<\/li>\r\n<\/ul>\r\n<\/td>\r\n<td>&nbsp;\r\n<p style=\"text-align: center;\">1665<\/p>\r\n<p style=\"text-align: center;\">1650<\/p>\r\n<p style=\"text-align: center;\">1020<\/p>\r\n<\/td>\r\n<\/tr>\r\n<tr>\r\n<td>10<\/td>\r\n<td>Peso m\u00e1ximo, kg<\/td>\r\n<td>\r\n<p style=\"text-align: center;\">1200<\/p>\r\n<\/td>\r\n<\/tr>\r\n<\/tbody>\r\n<\/table>"},{"tab_title":"Vantagens","tab_content":"<ul>\r\n \t<li style=\"text-align: justify;\" aria-level=\"1\">compacta\u00e7\u00e3o;<\/li>\r\n \t<li style=\"text-align: justify;\" aria-level=\"1\">capacidade de aquecimento de \u00f3leo;<\/li>\r\n \t<li style=\"text-align: justify;\" aria-level=\"1\">alto grau de filtra\u00e7\u00e3o;<\/li>\r\n \t<li style=\"text-align: justify;\" aria-level=\"1\">alta manobrabilidade;<\/li>\r\n \t<li style=\"text-align: justify;\" aria-level=\"1\">degaseifica\u00e7\u00e3o e secagem do \u00f3leo;<\/li>\r\n \t<li style=\"text-align: justify;\" aria-level=\"1\">prote\u00e7\u00e3o contra o superaquecimento do \u00f3leo.<\/li>\r\n<\/ul>"},{"tab_title":"Aplica\u00e7\u00e3o","tab_content":"[product_oil_types]"},{"tab_title":"Webinar","tab_content":"<div class=\"responsive-embed widescreen\">\r\n<div class=\"responsive-embed widescreen\">\r\n<div class=\"responsive-embed widescreen\">\r\n<div class=\"responsive-embed widescreen\">\r\n<div class=\"responsive-embed widescreen\">\r\n<div class=\"responsive-embed widescreen\">\r\n<div class=\"responsive-embed widescreen\">\r\n<div class=\"responsive-embed widescreen\">\r\n<div class=\"responsive-embed widescreen\"><iframe title=\"Manuten\u00e7\u00e3o dos transformadores de pot\u00eancia\" src=\"https:\/\/www.youtube.com\/embed\/RblXgV_sUy0?feature=oembed\" width=\"500\" height=\"281\" frameborder=\"0\" allowfullscreen=\"allowfullscreen\"><\/iframe><\/div>\r\n<\/div>\r\n<\/div>\r\n<\/div>\r\n<\/div>\r\n<\/div>\r\n<\/div>\r\n<\/div>\r\n<\/div>"}],"add_video_tab":null,"add_gallery_tab":[{"gallery_tab_title":"Foto","add_img":[318299,318300,318301,318302]}],"add_price_tab":null},"language":"pt-pt","_links":{"self":[{"href":"https:\/\/globecore.com\/pt-pt\/wp-json\/wp\/v2\/pages\/249955","targetHints":{"allow":["GET"]}}],"collection":[{"href":"https:\/\/globecore.com\/pt-pt\/wp-json\/wp\/v2\/pages"}],"about":[{"href":"https:\/\/globecore.com\/pt-pt\/wp-json\/wp\/v2\/types\/page"}],"author":[{"embeddable":true,"href":"https:\/\/globecore.com\/pt-pt\/wp-json\/wp\/v2\/users\/7"}],"replies":[{"embeddable":true,"href":"https:\/\/globecore.com\/pt-pt\/wp-json\/wp\/v2\/comments?post=249955"}],"version-history":[{"count":1,"href":"https:\/\/globecore.com\/pt-pt\/wp-json\/wp\/v2\/pages\/249955\/revisions"}],"predecessor-version":[{"id":336038,"href":"https:\/\/globecore.com\/pt-pt\/wp-json\/wp\/v2\/pages\/249955\/revisions\/336038"}],"up":[{"embeddable":true,"href":"https:\/\/globecore.com\/pt-pt\/wp-json\/wp\/v2\/pages\/17032"}],"wp:featuredmedia":[{"embeddable":true,"href":"https:\/\/globecore.com\/pt-pt\/wp-json\/wp\/v2\/media\/110215"}],"wp:attachment":[{"href":"https:\/\/globecore.com\/pt-pt\/wp-json\/wp\/v2\/media?parent=249955"}],"wp:term":[{"taxonomy":"category","embeddable":true,"href":"https:\/\/globecore.com\/pt-pt\/wp-json\/wp\/v2\/categories?post=249955"}],"curies":[{"name":"wp","href":"https:\/\/api.w.org\/{rel}","templated":true}]}}