{"id":249985,"date":"2024-09-20T06:06:38","date_gmt":"2024-09-20T06:06:38","guid":{"rendered":"https:\/\/globecore.com\/products\/filtracao-de-oleos\/cmm-20cf-unit-for-removal-of-water-from-oil\/"},"modified":"2026-03-06T07:52:06","modified_gmt":"2026-03-06T07:52:06","slug":"cmm-20cf-unit-for-removal-of-water-from-oil","status":"publish","type":"page","link":"https:\/\/globecore.com\/pt-pt\/products\/filtracao-de-oleos\/cmm-20cf-unit-for-removal-of-water-from-oil\/","title":{"rendered":"CMM-2,0CF Unidade para remo\u00e7\u00e3o de \u00e1gua do \u00f3leo"},"content":{"rendered":"","protected":false},"excerpt":{"rendered":"<p>A planta m\u00f3vel de \u00f3leo CMM-2,0CF \u00e9 projetada para purificar \u00f3leos industriais, hidr\u00e1ulicos, de turbina e de transformador, bem como diesel, querosene e gasolina, mesmo com alto teor de \u00e1gua. A unidade possui um design \u00e0 prova de explos\u00e3o para opera\u00e7\u00e3o segura. Sua capacidade \u00e9 de 2,4\u202fm\u00b3\/h tanto nos modos de filtra\u00e7\u00e3o quanto de remo\u00e7\u00e3o de \u00e1gua. A planta remove impurezas mec\u00e2nicas e \u00e1gua pelo m\u00e9todo de coalesc\u00eancia. Consiste em uma plataforma m\u00f3vel com filtros, um conjunto de bombeamento e um acionador de bot\u00e3o. Um filtro de cartucho est\u00e1 inclu\u00eddo para remover impurezas mec\u00e2nicas, com elementos substitu\u00edveis que oferecem finura de filtra\u00e7\u00e3o de 1, 3, 5 ou 25\u202f\u03bcm. A \u00e1gua \u00e9 removida por coalesc\u00eancia: ao passar pelo elemento filtrante especial, as mol\u00e9culas de \u00e1gua formam gotas que descem para um reservat\u00f3rio e podem ser drenadas por uma v\u00e1lvula.<\/p>\n","protected":false},"author":7,"featured_media":120186,"parent":17593,"menu_order":0,"comment_status":"closed","ping_status":"closed","template":"templates\/single-product.php","meta":{"_acf_changed":false,"_bbp_topic_count":0,"_bbp_reply_count":0,"_bbp_total_topic_count":0,"_bbp_total_reply_count":0,"_bbp_voice_count":0,"_bbp_anonymous_reply_count":0,"_bbp_topic_count_hidden":0,"_bbp_reply_count_hidden":0,"_bbp_forum_subforum_count":0,"footnotes":""},"categories":[1341],"class_list":["post-249985","page","type-page","status-publish","has-post-thumbnail","hentry","category-oil-maintenance-pt-pt","oil_type-fluido-dieletrico-fr3","oil_type-fluido-dieletrico-midel-7131","oil_type-fluido-resistente-ao-fogo-fyrquel","oil_type-oleo-de-silicone","oil_type-oleo-de-transmissao","oil_type-oleo-hidraulico","oil_type-oleo-industrial","oil_type-oleo-para-cabos","oil_type-oleo-para-compressores","oil_type-oleo-para-transformadores","oil_type-oleo-para-turbinas","process_type-desidratacao","process_type-filtragem"],"acf":{"add_tab":[{"tab_title":"Descri\u00e7\u00e3o","tab_content":"<p style=\"text-align: justify;\">A planta m\u00f3vel de \u00f3leo CMM-2,0CF foi projetada para purificar \u00f3leos industriais, hidr\u00e1ulicos, de turbina, transformador e outros tipos de \u00f3leo industrial altamente contaminados com \u00e1gua, assim como combust\u00edvel diesel, querosene e gasolina. A unidade \u00e9 fabricada em design \u00e0 prova de explos\u00e3o, o que garante sua opera\u00e7\u00e3o segura.<\/p>\r\n<p style=\"text-align: justify;\">Esta unidade garante a filtra\u00e7\u00e3o de impurezas mec\u00e2nicas e a remo\u00e7\u00e3o de \u00e1gua pelo m\u00e9todo de coalesc\u00eancia. Ela consiste em uma plataforma m\u00f3vel com filtros, um conjunto de bomba e um bot\u00e3o de partida. Para purificar o produto removendo impurezas mec\u00e2nicas, um filtro de cartucho \u00e9 inclu\u00eddo, com a possibilidade de instalar elementos que possuam uma finura de filtra\u00e7\u00e3o de 1, 3, 5, 25 microns.<\/p>\r\n<p style=\"text-align: justify;\">O princ\u00edpio de opera\u00e7\u00e3o da planta \u00e9 remover a \u00e1gua pelo m\u00e9todo de coalesc\u00eancia. Quando o \u00f3leo passa por um elemento filtrante especial, as mol\u00e9culas de \u00e1gua se combinam em gotas e escorrem pela superf\u00edcie do filtro at\u00e9 o reservat\u00f3rio. Depois, a \u00e1gua \u00e9 drenada usando uma v\u00e1lvula de drenagem.<\/p>"}],"add_def_tab":[{"tab_title":"Especifica\u00e7\u00e3o","tab_content":"<table width=\"602\">\r\n<tbody>\r\n<tr>\r\n<td width=\"43\"><strong>N\u00ba<\/strong><\/td>\r\n<td width=\"432\"><strong>Par\u00e2metro<\/strong><\/td>\r\n<td width=\"126\"><strong>Valor<\/strong><\/td>\r\n<\/tr>\r\n<tr>\r\n<td width=\"43\">1<\/td>\r\n<td width=\"432\">Capacidade no modo de filtra\u00e7\u00e3o, m\u00b3\/h<\/td>\r\n<td width=\"126\">2,4<\/td>\r\n<\/tr>\r\n<tr>\r\n<td width=\"43\">2<\/td>\r\n<td width=\"432\">Capacidade no modo de remo\u00e7\u00e3o de \u00e1gua, m\u00b3\/h<\/td>\r\n<td width=\"126\">2,4<\/td>\r\n<\/tr>\r\n<tr>\r\n<td width=\"43\">3<\/td>\r\n<td width=\"432\">Remo\u00e7\u00e3o de \u00e1gua<\/td>\r\n<td width=\"126\">99%<\/td>\r\n<\/tr>\r\n<tr>\r\n<td width=\"43\">4<\/td>\r\n<td width=\"432\">Par\u00e2metros do \u00f3leo processado*<\/td>\r\n<td width=\"126\"><\/td>\r\n<\/tr>\r\n<tr>\r\n<td width=\"43\"><\/td>\r\n<td width=\"432\">\u2013\u00a0\u00a0\u00a0\u00a0\u00a0\u00a0 Classe de pureza do \u00f3leo segundo ISO 4406<\/td>\r\n<td width=\"126\">-\/16\/13<\/td>\r\n<\/tr>\r\n<tr>\r\n<td width=\"43\">5<\/td>\r\n<td width=\"432\">Press\u00e3o de sa\u00edda do \u00f3leo, bar<\/td>\r\n<td width=\"126\">2,5<\/td>\r\n<\/tr>\r\n<tr>\r\n<td width=\"43\">6<\/td>\r\n<td width=\"432\">Requisito de pot\u00eancia especificado, kW, m\u00e1ximo<\/td>\r\n<td width=\"126\">1,5<\/td>\r\n<\/tr>\r\n<tr>\r\n<td width=\"43\">7<\/td>\r\n<td width=\"432\">Par\u00e2metros de fornecimento de energia<\/td>\r\n<td width=\"126\"><\/td>\r\n<\/tr>\r\n<tr>\r\n<td width=\"43\"><\/td>\r\n<td width=\"432\">Tens\u00e3o, V<\/td>\r\n<td width=\"126\">380<\/td>\r\n<\/tr>\r\n<tr>\r\n<td width=\"43\"><\/td>\r\n<td width=\"432\">Frequ\u00eancia da corrente alternada, Hz<\/td>\r\n<td width=\"126\">50<\/td>\r\n<\/tr>\r\n<tr>\r\n<td width=\"43\">8<\/td>\r\n<td width=\"432\">Dimens\u00f5es, mm, m\u00e1ximo\r\n\u2013 comprimento\u2013 largura\u2013 altura<\/td>\r\n<td width=\"126\">1.200\r\n9001.550<\/td>\r\n<\/tr>\r\n<tr>\r\n<td width=\"43\">9<\/td>\r\n<td width=\"432\">Peso, kg, m\u00e1ximo<\/td>\r\n<td width=\"126\">500<\/td>\r\n<\/tr>\r\n<\/tbody>\r\n<\/table>\r\n&nbsp;\r\n\r\n*Nota \u2013 Com par\u00e2metros iniciais do \u00f3leo mineral transformador:\r\n\r\npureza do \u00f3leo segundo ISO 4406 -\/18\/16;\r\n\r\nconte\u00fado de \u00e1gua emulsificada no \u00f3leo de at\u00e9 1%."},{"tab_title":"Vantagens","tab_content":"<ul>\r\n \t<li>A unidade \u00e9 fabricada em design \u00e0 prova de explos\u00e3o;<\/li>\r\n \t<li>baixo consumo de energia;<\/li>\r\n \t<li>dimens\u00f5es compactas;<\/li>\r\n \t<li>mobilidade;<\/li>\r\n \t<li>durante o processamento, o produto n\u00e3o \u00e9 exposto a calor, produtos qu\u00edmicos e outros fatores que possam afetar negativamente seu desempenho.<\/li>\r\n<\/ul>"},{"tab_title":"Aplica\u00e7\u00e3o","tab_content":"[product_oil_types]"},{"tab_title":"Webinar","tab_content":"<div class=\"responsive-embed widescreen\">\r\n<div class=\"responsive-embed widescreen\">\r\n<div class=\"responsive-embed widescreen\">\r\n<div class=\"responsive-embed widescreen\">\r\n<div class=\"responsive-embed widescreen\">\r\n<div class=\"responsive-embed widescreen\">\r\n<div class=\"responsive-embed widescreen\">\r\n<div class=\"responsive-embed widescreen\">\r\n<div class=\"responsive-embed widescreen\"><iframe title=\"Manuten\u00e7\u00e3o dos transformadores de pot\u00eancia\" src=\"https:\/\/www.youtube.com\/embed\/RblXgV_sUy0?feature=oembed\" width=\"500\" height=\"281\" frameborder=\"0\" allowfullscreen=\"allowfullscreen\"><\/iframe><\/div>\r\n<\/div>\r\n<\/div>\r\n<\/div>\r\n<\/div>\r\n<\/div>\r\n<\/div>\r\n<\/div>\r\n<\/div>"}],"add_video_tab":[{"video_tab_title":"Video","add_video_id":[{"video_id":"77f0a17d0gg"},{"video_id":"vUw0tlBs7QE"},{"video_id":"HCRTHazf4Pg"}]}],"add_gallery_tab":null,"add_price_tab":null},"language":"pt-pt","_links":{"self":[{"href":"https:\/\/globecore.com\/pt-pt\/wp-json\/wp\/v2\/pages\/249985","targetHints":{"allow":["GET"]}}],"collection":[{"href":"https:\/\/globecore.com\/pt-pt\/wp-json\/wp\/v2\/pages"}],"about":[{"href":"https:\/\/globecore.com\/pt-pt\/wp-json\/wp\/v2\/types\/page"}],"author":[{"embeddable":true,"href":"https:\/\/globecore.com\/pt-pt\/wp-json\/wp\/v2\/users\/7"}],"replies":[{"embeddable":true,"href":"https:\/\/globecore.com\/pt-pt\/wp-json\/wp\/v2\/comments?post=249985"}],"version-history":[{"count":1,"href":"https:\/\/globecore.com\/pt-pt\/wp-json\/wp\/v2\/pages\/249985\/revisions"}],"predecessor-version":[{"id":336057,"href":"https:\/\/globecore.com\/pt-pt\/wp-json\/wp\/v2\/pages\/249985\/revisions\/336057"}],"up":[{"embeddable":true,"href":"https:\/\/globecore.com\/pt-pt\/wp-json\/wp\/v2\/pages\/17593"}],"wp:featuredmedia":[{"embeddable":true,"href":"https:\/\/globecore.com\/pt-pt\/wp-json\/wp\/v2\/media\/120186"}],"wp:attachment":[{"href":"https:\/\/globecore.com\/pt-pt\/wp-json\/wp\/v2\/media?parent=249985"}],"wp:term":[{"taxonomy":"category","embeddable":true,"href":"https:\/\/globecore.com\/pt-pt\/wp-json\/wp\/v2\/categories?post=249985"}],"curies":[{"name":"wp","href":"https:\/\/api.w.org\/{rel}","templated":true}]}}