{"id":249990,"date":"2023-11-17T07:12:24","date_gmt":"2023-11-17T07:12:24","guid":{"rendered":"https:\/\/globecore.com\/products\/secar-oleos-com-zeolito\/zp-130-sorbent-cartridges\/"},"modified":"2026-03-06T08:23:35","modified_gmt":"2026-03-06T08:23:35","slug":"zp-130-sorbent-cartridges","status":"publish","type":"page","link":"https:\/\/globecore.com\/pt-pt\/products\/secar-oleos-com-zeolito\/zp-130-sorbent-cartridges\/","title":{"rendered":"ZP-130 Cartuchos adsorvente"},"content":{"rendered":"","protected":false},"excerpt":{"rendered":"<p>A esta\u00e7\u00e3o m\u00f3vel de \u00f3leo ZP-130 \u00e9 projetada para purifica\u00e7\u00e3o de \u00f3leos lubrificantes e isolantes el\u00e9tricos, remo\u00e7\u00e3o de impurezas mec\u00e2nicas e secagem de \u00f3leos com viscosidade de at\u00e9 70\u202fcSt a 40\u202f\u00b0C. A unidade utiliza cartuchos de sorvente especialmente projetados para secagem de \u00f3leos com ze\u00f3lita ou outros adsorventes e possui tampas para carregamento e descarregamento r\u00e1pidos. Sua vaz\u00e3o \u00e9 de 2\u202fm\u00b3\/h. Os cartuchos tamb\u00e9m podem ser preenchidos com adsorventes alternativos, como terra de Fuller ou gel de s\u00edlica, tornando a unidade adequada para regenera\u00e7\u00e3o de \u00f3leo e redu\u00e7\u00e3o de acidez. A ZP-130 \u00e9 utilizada durante a montagem, manuten\u00e7\u00e3o e opera\u00e7\u00e3o de equipamentos de alta tens\u00e3o preenchidos com \u00f3leo de at\u00e9 1.150\u202fkV, incluindo transformadores de pot\u00eancia, interruptores de alta tens\u00e3o e dispositivos similares.<\/p>\n","protected":false},"author":7,"featured_media":106437,"parent":20441,"menu_order":0,"comment_status":"closed","ping_status":"closed","template":"templates\/single-product.php","meta":{"_acf_changed":false,"_bbp_topic_count":0,"_bbp_reply_count":0,"_bbp_total_topic_count":0,"_bbp_total_reply_count":0,"_bbp_voice_count":0,"_bbp_anonymous_reply_count":0,"_bbp_topic_count_hidden":0,"_bbp_reply_count_hidden":0,"_bbp_forum_subforum_count":0,"footnotes":""},"categories":[1341],"class_list":["post-249990","page","type-page","status-publish","has-post-thumbnail","hentry","category-oil-maintenance-pt-pt","oil_type-fluido-dieletrico-fr3","oil_type-fluido-dieletrico-midel-7131","oil_type-fluido-resistente-ao-fogo-fyrquel","oil_type-oleo-de-silicone","oil_type-oleo-de-transmissao","oil_type-oleo-hidraulico","oil_type-oleo-industrial","oil_type-oleo-para-cabos","oil_type-oleo-para-compressores","oil_type-oleo-para-transformadores","oil_type-oleo-para-turbinas","process_type-desidratacao","process_type-filtragem"],"acf":{"add_tab":[{"tab_title":"Descri\u00e7\u00e3o","tab_content":"<p style=\"text-align: justify;\"><span style=\"font-weight: 400;\">A esta\u00e7\u00e3o m\u00f3vel de \u00f3leo ZP-130 \u00e9 projetada para a purifica\u00e7\u00e3o de \u00f3leos lubrificantes e de isolamento el\u00e9trico, removendo impurezas mec\u00e2nicas e secando \u00f3leos com viscosidade n\u00e3o superior a 70 cSt a 40\u00b0C. Os cartuchos de sorvente ZP-130 s\u00e3o especificamente desenvolvidos para a secagem de lubrificantes e \u00f3leos de isolamento el\u00e9trico, utilizando ze\u00f3lita ou outros adsorventes. A unidade possui aberturas para carregamento e descarregamento r\u00e1pido do sorvente. Os cartuchos da unidade ZP-130 podem ser preenchidos n\u00e3o apenas com ze\u00f3lita, mas tamb\u00e9m com adsorventes alternativos, como terra de Fuller ou s\u00edlica gel, tornando-a adequada para a regenera\u00e7\u00e3o de \u00f3leo e redu\u00e7\u00e3o de acidez.<\/span><\/p>\r\n<p style=\"text-align: justify;\"><span style=\"font-weight: 400;\">Esta unidade \u00e9 utilizada durante a montagem, manuten\u00e7\u00e3o e opera\u00e7\u00e3o de equipamentos de alta tens\u00e3o preenchidos com \u00f3leo, com uma tens\u00e3o de at\u00e9 1150 kV, incluindo transformadores de pot\u00eancia, interruptores de alta tens\u00e3o e outros dispositivos semelhantes.<\/span><\/p>"}],"add_def_tab":[{"tab_title":"Especifica\u00e7\u00e3o","tab_content":"<table>\r\n<tbody>\r\n<tr>\r\n<td>\r\n<p style=\"text-align: center;\"><strong>\u2116<\/strong><\/p>\r\n<\/td>\r\n<td style=\"text-align: center;\"><strong>Par\u00e2metro<\/strong><\/td>\r\n<td>\r\n<p style=\"text-align: center;\"><strong>Valor<\/strong><\/p>\r\n<\/td>\r\n<\/tr>\r\n<tr>\r\n<td><span style=\"font-weight: 400;\">1<\/span><\/td>\r\n<td><span style=\"font-weight: 400;\">Vaz\u00e3o, m3\/hora<\/span><\/td>\r\n<td>\r\n<p style=\"text-align: center;\"><span style=\"font-weight: 400;\">2<\/span><\/p>\r\n<\/td>\r\n<\/tr>\r\n<tr>\r\n<td><span style=\"font-weight: 400;\">2<\/span><\/td>\r\n<td><span style=\"font-weight: 400;\">Volume geom\u00e9trico total do reservat\u00f3rio, litros<\/span><\/td>\r\n<td>\r\n<p style=\"text-align: center;\"><span style=\"font-weight: 400;\">130<\/span><\/p>\r\n<\/td>\r\n<\/tr>\r\n<tr>\r\n<td><span style=\"font-weight: 400;\">3<\/span><\/td>\r\n<td><span style=\"font-weight: 400;\">Classe de pureza do \u00f3leo ISO 4406<\/span><\/td>\r\n<td>\r\n<p style=\"text-align: center;\"><span style=\"font-weight: 400;\">-\/14\/12<\/span><\/p>\r\n<\/td>\r\n<\/tr>\r\n<tr>\r\n<td><span style=\"font-weight: 400;\">4<\/span><\/td>\r\n<td><span style=\"font-weight: 400;\">Modo de uso do reservat\u00f3rio<\/span><\/td>\r\n<td>\r\n<p style=\"text-align: center;\"><span style=\"font-weight: 400;\">Apenas consecutivo<\/span><\/p>\r\n<\/td>\r\n<\/tr>\r\n<tr>\r\n<td><span style=\"font-weight: 400;\">5<\/span><\/td>\r\n<td><span style=\"font-weight: 400;\">Filtra\u00e7\u00e3o, \u03bcm<\/span><\/td>\r\n<td>\r\n<p style=\"text-align: center;\"><span style=\"font-weight: 400;\">5 (1 opcional)<\/span><\/p>\r\n<\/td>\r\n<\/tr>\r\n<tr>\r\n<td><span style=\"font-weight: 400;\">6<\/span><\/td>\r\n<td><span style=\"font-weight: 400;\">Temperatura m\u00e1xima de entrada do \u00f3leo, \u00b0\u0421<\/span><\/td>\r\n<td>\r\n<p style=\"text-align: center;\"><span style=\"font-weight: 400;\">40<\/span><\/p>\r\n<\/td>\r\n<\/tr>\r\n<tr>\r\n<td><span style=\"font-weight: 400;\">7<\/span><\/td>\r\n<td><span style=\"font-weight: 400;\">Dimens\u00f5es, mm<\/span>\r\n<span style=\"font-weight: 400;\">\u2013 comprimento;<\/span><span style=\"font-weight: 400;\">\u2013 largura;<\/span><span style=\"font-weight: 400;\">\u2013 altura<\/span><\/td>\r\n<td><span style=\"font-weight: 400;\">\u00a0<\/span>\r\n<p style=\"text-align: center;\"><span style=\"font-weight: 400;\">900<\/span><\/p>\r\n<p style=\"text-align: center;\"><span style=\"font-weight: 400;\">760<\/span><\/p>\r\n<p style=\"text-align: center;\"><span style=\"font-weight: 400;\">2100<\/span><\/p>\r\n<\/td>\r\n<\/tr>\r\n<tr>\r\n<td><span style=\"font-weight: 400;\">8<\/span><\/td>\r\n<td>\r\n<p style=\"text-align: left;\"><span style=\"font-weight: 400;\">Peso, kg (sem ze\u00f3lita)<\/span><\/p>\r\n<\/td>\r\n<td>\r\n<p style=\"text-align: center;\"><span style=\"font-weight: 400;\">180<\/span><\/p>\r\n<\/td>\r\n<\/tr>\r\n<\/tbody>\r\n<\/table>"},{"tab_title":"Vantagens","tab_content":"<ul>\r\n \t<li style=\"font-weight: 400;\"><span style=\"font-weight: 400;\">opera\u00e7\u00e3o e manuten\u00e7\u00e3o simples;<\/span><\/li>\r\n \t<li style=\"font-weight: 400;\"><span style=\"font-weight: 400;\">extens\u00e3o da vida \u00fatil do \u00f3leo;<\/span><\/li>\r\n \t<li style=\"font-weight: 400;\"><span style=\"font-weight: 400;\">diversas configura\u00e7\u00f5es (estacion\u00e1ria ou m\u00f3vel);<\/span><\/li>\r\n \t<li style=\"font-weight: 400;\"><span style=\"font-weight: 400;\">regenera\u00e7\u00e3o do adsorvente com uma unidade BRZ-100 e reutiliza\u00e7\u00e3o subsequente do adsorvente no processamento de \u00f3leo.<\/span><\/li>\r\n<\/ul>"},{"tab_title":"Aplica\u00e7\u00e3o","tab_content":"[product_oil_types]"},{"tab_title":"Webinar","tab_content":"<div class=\"responsive-embed widescreen\">\r\n<div class=\"responsive-embed widescreen\">\r\n<div class=\"responsive-embed widescreen\">\r\n<div class=\"responsive-embed widescreen\">\r\n<div class=\"responsive-embed widescreen\">\r\n<div class=\"responsive-embed widescreen\">\r\n<div class=\"responsive-embed widescreen\">\r\n<div class=\"responsive-embed widescreen\">\r\n<div class=\"responsive-embed widescreen\"><iframe title=\"Manuten\u00e7\u00e3o dos transformadores de pot\u00eancia\" src=\"https:\/\/www.youtube.com\/embed\/RblXgV_sUy0?feature=oembed\" width=\"500\" height=\"281\" frameborder=\"0\" allowfullscreen=\"allowfullscreen\"><\/iframe><\/div>\r\n<\/div>\r\n<\/div>\r\n<\/div>\r\n<\/div>\r\n<\/div>\r\n<\/div>\r\n<\/div>\r\n<\/div>"}],"add_video_tab":[{"video_tab_title":"Video","add_video_id":[{"video_id":"7nsl10iLtoA"},{"video_id":"Q0cKhvt2ARw"}]}],"add_gallery_tab":null,"add_price_tab":null},"language":"pt-pt","_links":{"self":[{"href":"https:\/\/globecore.com\/pt-pt\/wp-json\/wp\/v2\/pages\/249990","targetHints":{"allow":["GET"]}}],"collection":[{"href":"https:\/\/globecore.com\/pt-pt\/wp-json\/wp\/v2\/pages"}],"about":[{"href":"https:\/\/globecore.com\/pt-pt\/wp-json\/wp\/v2\/types\/page"}],"author":[{"embeddable":true,"href":"https:\/\/globecore.com\/pt-pt\/wp-json\/wp\/v2\/users\/7"}],"replies":[{"embeddable":true,"href":"https:\/\/globecore.com\/pt-pt\/wp-json\/wp\/v2\/comments?post=249990"}],"version-history":[{"count":1,"href":"https:\/\/globecore.com\/pt-pt\/wp-json\/wp\/v2\/pages\/249990\/revisions"}],"predecessor-version":[{"id":336070,"href":"https:\/\/globecore.com\/pt-pt\/wp-json\/wp\/v2\/pages\/249990\/revisions\/336070"}],"up":[{"embeddable":true,"href":"https:\/\/globecore.com\/pt-pt\/wp-json\/wp\/v2\/pages\/20441"}],"wp:featuredmedia":[{"embeddable":true,"href":"https:\/\/globecore.com\/pt-pt\/wp-json\/wp\/v2\/media\/106437"}],"wp:attachment":[{"href":"https:\/\/globecore.com\/pt-pt\/wp-json\/wp\/v2\/media?parent=249990"}],"wp:term":[{"taxonomy":"category","embeddable":true,"href":"https:\/\/globecore.com\/pt-pt\/wp-json\/wp\/v2\/categories?post=249990"}],"curies":[{"name":"wp","href":"https:\/\/api.w.org\/{rel}","templated":true}]}}