{"id":249999,"date":"2023-04-13T13:14:01","date_gmt":"2023-04-13T13:14:01","guid":{"rendered":"https:\/\/globecore.com\/products\/fuel-purification-and-clarification\/diesel-fuel-moisture-content-tester-tor-1\/"},"modified":"2026-03-06T08:42:35","modified_gmt":"2026-03-06T08:42:35","slug":"diesel-fuel-moisture-content-tester-tor-1","status":"publish","type":"page","link":"https:\/\/globecore.com\/pt-pt\/products\/fuel-purification-and-clarification\/diesel-fuel-moisture-content-tester-tor-1\/","title":{"rendered":"TOR-1 Testador de teor de umidade em diesel"},"content":{"rendered":"","protected":false},"excerpt":{"rendered":"<p>O medidor de teor de \u00e1gua em combust\u00edvel diesel TOR-1 \u00e9 projetado para medir a fra\u00e7\u00e3o m\u00e1ssica de \u00e1gua dissolvida em combust\u00edveis diesel. \u00c9 f\u00e1cil de operar: basta substituir a amostra e pressionar o bot\u00e3o Iniciar para come\u00e7ar a medi\u00e7\u00e3o. O dispositivo funciona de forma independente, sem necessidade de computador, e \u00e9 adequado para uso em campo, com bot\u00f5es met\u00e1licos antivandalismo, prote\u00e7\u00e3o para o elemento sens\u00edvel, prote\u00e7\u00e3o el\u00e9trica integrada e fonte de alimenta\u00e7\u00e3o estabilizada. Os resultados da medi\u00e7\u00e3o podem ser impressos diretamente utilizando a impressora embutida.<\/p>\n","protected":false},"author":7,"featured_media":129696,"parent":249996,"menu_order":0,"comment_status":"closed","ping_status":"closed","template":"templates\/single-product.php","meta":{"_acf_changed":false,"_bbp_topic_count":0,"_bbp_reply_count":0,"_bbp_total_topic_count":0,"_bbp_total_reply_count":0,"_bbp_voice_count":0,"_bbp_anonymous_reply_count":0,"_bbp_topic_count_hidden":0,"_bbp_reply_count_hidden":0,"_bbp_forum_subforum_count":0,"footnotes":""},"categories":[2395],"class_list":["post-249999","page","type-page","status-publish","has-post-thumbnail","hentry","category-polimento-de-combustivel","oil_type-combustivel-diesel","oil_type-oleo-hidraulico","oil_type-oleo-industrial","oil_type-oleo-para-transformadores","process_type-teste-de-humidade"],"acf":{"add_tab":[{"tab_title":"Descri\u00e7\u00e3o","tab_content":"<p style=\"text-align: justify;\">O testador de teor de umidade em diesel TOR-1 foi projetado para detectar a fra\u00e7\u00e3o m\u00e1ssica de \u00e1gua dissolvida em combust\u00edveis diesel.<\/p>\r\n<p style=\"text-align: justify;\">Ao operar este dispositivo, \u00e9 necess\u00e1rio considerar que o testador serve apenas como um ponto de refer\u00eancia para a detec\u00e7\u00e3o r\u00e1pida do teor de umidade; uma an\u00e1lise final requer o contato com um laborat\u00f3rio certificado.<\/p>\r\n<p style=\"text-align: justify;\">No melhor cen\u00e1rio, an\u00e1lises laboratoriais padr\u00e3o levam um dia e exigem um grande esfor\u00e7o de recursos humanos e financeiros. O uso do TOR-1 permite diagnosticar o combust\u00edvel diesel o mais r\u00e1pido poss\u00edvel.<\/p>\r\n\r\n<h2 style=\"text-align: center;\">Componentes do testador de teor de umidade em diesel TOR-1<\/h2>\r\n<p style=\"text-align: justify;\">O dispositivo combina todos os elementos necess\u00e1rios para uma opera\u00e7\u00e3o simples e conveniente:<\/p>\r\n\r\n<ul style=\"text-align: justify;\">\r\n \t<li>Painel LCD para exibir o teor de umidade do diesel testado;<\/li>\r\n \t<li>Recipiente de entrada para o diesel testado;<\/li>\r\n \t<li>Sensor de umidade para detectar a fra\u00e7\u00e3o m\u00e1ssica de umidade em combust\u00edveis diesel;<\/li>\r\n \t<li>Impressora para sa\u00edda em papel dos resultados dos testes.<\/li>\r\n<\/ul>\r\n<h2 style=\"text-align: center;\">Princ\u00edpio de funcionamento<\/h2>\r\n<p style=\"text-align: justify;\">A medi\u00e7\u00e3o da umidade no diesel \u00e9 semelhante \u00e0 medi\u00e7\u00e3o da umidade no ar. O teor de \u00e1gua no diesel pode ser descrito como um valor absoluto em <b>ppm<\/b> ou um valor relativo em <b>aw<\/b>:<\/p>\r\n\r\n<ul>\r\n \t<li style=\"text-align: justify;\">ppm representa a rela\u00e7\u00e3o entre o peso da \u00e1gua e o peso do diesel;<\/li>\r\n \t<li style=\"text-align: justify;\">aw representa o teor de umidade atual como uma porcentagem do diesel completamente saturado com umidade.<\/li>\r\n<\/ul>\r\n<p style=\"text-align: justify;\">O valor aw = 0 indica diesel isento de umidade, enquanto aw = 1 indica diesel totalmente saturado com umidade.<\/p>\r\n<p style=\"text-align: justify;\">O instrumento mede aw usando um sensor de capacit\u00e2ncia que garante estabilidade a longo prazo e excelente resist\u00eancia \u00e0 contamina\u00e7\u00e3o. As grandezas f\u00edsicas medidas incluem \u00e1gua ativa (aw) e temperatura (T). Com base nessas grandezas, o testador calcula o teor de umidade (ppm) no diesel. Os valores medidos e calculados est\u00e3o dispon\u00edveis em duas sa\u00eddas anal\u00f3gicas livremente escalon\u00e1veis e configur\u00e1veis.<\/p>"}],"add_def_tab":[{"tab_title":"Especifica\u00e7\u00e3o","tab_content":"<table>\r\n<tbody>\r\n<tr>\r\n<td width=\"47\"><strong>\u2116<\/strong><\/td>\r\n<td width=\"338\">\r\n<p style=\"text-align: center;\"><strong>Par\u00e2metro<\/strong><\/p>\r\n<\/td>\r\n<td>\r\n<p style=\"text-align: center;\"><strong>Valor<\/strong><\/p>\r\n<\/td>\r\n<\/tr>\r\n<tr>\r\n<td width=\"47\">1<\/td>\r\n<td width=\"338\">Faixa de opera\u00e7\u00e3o, aw (\u00e1gua ativa (aw))<\/td>\r\n<td>\r\n<p style=\"text-align: center;\">0\u20261<\/p>\r\n<\/td>\r\n<\/tr>\r\n<tr>\r\n<td width=\"47\">2<\/td>\r\n<td width=\"338\">Faixa de medi\u00e7\u00e3o do teor de \u00e1gua dissolvida, ppm<\/td>\r\n<td>\r\n<p style=\"text-align: center;\">0\u2026.500<\/p>\r\n<\/td>\r\n<\/tr>\r\n<tr>\r\n<td width=\"47\">3<\/td>\r\n<td width=\"338\">Precis\u00e3o a 20 \u00b0C<\/td>\r\n<td>\r\n<p style=\"text-align: center;\">\u00b10,02 aw (0\u20260,9 aw) \u00b10,03 aw (0,9\u20261 aw)<\/p>\r\n<\/td>\r\n<\/tr>\r\n<tr>\r\n<td width=\"47\">4<\/td>\r\n<td width=\"338\">Medi\u00e7\u00e3o de temperatura<\/td>\r\n<td>\r\n<p style=\"text-align: center;\">sim<\/p>\r\n<\/td>\r\n<\/tr>\r\n<tr>\r\n<td width=\"47\">5<\/td>\r\n<td width=\"338\">Temperatura do meio de opera\u00e7\u00e3o, \u00b0\u0421<\/td>\r\n<td>\r\n<p style=\"text-align: center;\">0\u202655<\/p>\r\n<\/td>\r\n<\/tr>\r\n<tr>\r\n<td width=\"47\">6<\/td>\r\n<td width=\"338\">Pot\u00eancia requerida, W<\/td>\r\n<td>\r\n<p style=\"text-align: center;\">10<\/p>\r\n<\/td>\r\n<\/tr>\r\n<tr>\r\n<td width=\"47\">7<\/td>\r\n<td width=\"338\">Tens\u00e3o de alimenta\u00e7\u00e3o CA monof\u00e1sica 50Hz, V<\/td>\r\n<td>\r\n<p style=\"text-align: center;\">220<\/p>\r\n<\/td>\r\n<\/tr>\r\n<tr>\r\n<td width=\"47\">8<\/td>\r\n<td width=\"338\">Dimens\u00f5es, mm, no m\u00e1ximo\r\ncomprimentolarguraaltura<\/td>\r\n<td>\r\n<p style=\"text-align: center;\">190<\/p>\r\n<p style=\"text-align: center;\">255<\/p>\r\n<p style=\"text-align: center;\">365<\/p>\r\n<\/td>\r\n<\/tr>\r\n<tr>\r\n<td width=\"47\">9<\/td>\r\n<td width=\"338\">Peso, kg, no m\u00e1ximo<\/td>\r\n<td>\r\n<p style=\"text-align: center;\">5,9<\/p>\r\n<\/td>\r\n<\/tr>\r\n<\/tbody>\r\n<\/table>"},{"tab_title":"Vantagens","tab_content":"<ul>\r\n \t<li style=\"text-align: justify;\">compacidade;<\/li>\r\n \t<li style=\"text-align: justify;\">facilidade de opera\u00e7\u00e3o: para trocar a amostra, basta substituir o recipiente remov\u00edvel e pressionar o bot\u00e3o Start para iniciar a medi\u00e7\u00e3o;<\/li>\r\n \t<li style=\"text-align: justify;\">multifuncionalidade;<\/li>\r\n \t<li style=\"text-align: justify;\">opera sem a necessidade de um computador pessoal;<\/li>\r\n \t<li style=\"text-align: justify;\">pode ser utilizado para testes de diesel em campo devido ao grau de prote\u00e7\u00e3o adequado (bot\u00f5es met\u00e1licos \u00e0 prova de vandalismo, prote\u00e7\u00e3o do elemento sens\u00edvel, prote\u00e7\u00e3o integrada dos equipamentos el\u00e9tricos) e \u00e0 fonte de alimenta\u00e7\u00e3o estabilizada;<\/li>\r\n \t<li style=\"text-align: justify;\">os resultados das medi\u00e7\u00f5es podem ser impressos utilizando uma impressora integrada.<\/li>\r\n<\/ul>"},{"tab_title":"Aplica\u00e7\u00e3o","tab_content":"[product_oil_types]"},{"tab_title":"Webinar","tab_content":"<div class=\"responsive-embed widescreen\">\r\n<div class=\"responsive-embed widescreen\">\r\n<div class=\"responsive-embed widescreen\">\r\n<div class=\"responsive-embed widescreen\">\r\n<div class=\"responsive-embed widescreen\">\r\n<div class=\"responsive-embed widescreen\">\r\n<div class=\"responsive-embed widescreen\">\r\n<div class=\"responsive-embed widescreen\">\r\n<div class=\"responsive-embed widescreen\"><iframe title=\"Instrumentos para teste expresso de \u00f3leo diel\u00e9trico dos transformadores de pot\u00eancia\" src=\"https:\/\/www.youtube.com\/embed\/OKxrpDN6hME?feature=oembed\" width=\"500\" height=\"281\" frameborder=\"0\" allowfullscreen=\"allowfullscreen\"><\/iframe><\/div>\r\n<\/div>\r\n<\/div>\r\n<\/div>\r\n<\/div>\r\n<\/div>\r\n<\/div>\r\n<\/div>\r\n<\/div>"}],"add_video_tab":[{"video_tab_title":"Video","add_video_id":[{"video_id":"FHmXqZiF_yo"},{"video_id":"II_bKuoBEto"},{"video_id":"aoVKeCKHjCU"}]}],"add_gallery_tab":[{"gallery_tab_title":"Foto","add_img":[66582,66593]}],"add_price_tab":null},"language":"pt-pt","_links":{"self":[{"href":"https:\/\/globecore.com\/pt-pt\/wp-json\/wp\/v2\/pages\/249999","targetHints":{"allow":["GET"]}}],"collection":[{"href":"https:\/\/globecore.com\/pt-pt\/wp-json\/wp\/v2\/pages"}],"about":[{"href":"https:\/\/globecore.com\/pt-pt\/wp-json\/wp\/v2\/types\/page"}],"author":[{"embeddable":true,"href":"https:\/\/globecore.com\/pt-pt\/wp-json\/wp\/v2\/users\/7"}],"replies":[{"embeddable":true,"href":"https:\/\/globecore.com\/pt-pt\/wp-json\/wp\/v2\/comments?post=249999"}],"version-history":[{"count":2,"href":"https:\/\/globecore.com\/pt-pt\/wp-json\/wp\/v2\/pages\/249999\/revisions"}],"predecessor-version":[{"id":336086,"href":"https:\/\/globecore.com\/pt-pt\/wp-json\/wp\/v2\/pages\/249999\/revisions\/336086"}],"up":[{"embeddable":true,"href":"https:\/\/globecore.com\/pt-pt\/wp-json\/wp\/v2\/pages\/249996"}],"wp:featuredmedia":[{"embeddable":true,"href":"https:\/\/globecore.com\/pt-pt\/wp-json\/wp\/v2\/media\/129696"}],"wp:attachment":[{"href":"https:\/\/globecore.com\/pt-pt\/wp-json\/wp\/v2\/media?parent=249999"}],"wp:term":[{"taxonomy":"category","embeddable":true,"href":"https:\/\/globecore.com\/pt-pt\/wp-json\/wp\/v2\/categories?post=249999"}],"curies":[{"name":"wp","href":"https:\/\/api.w.org\/{rel}","templated":true}]}}