{"id":250003,"date":"2022-06-22T07:20:22","date_gmt":"2022-06-22T07:20:22","guid":{"rendered":"https:\/\/globecore.com\/products\/fuel-purification-and-clarification\/dark-diesel-fuel-purification-and-clarification-machine-cmm-6rl\/"},"modified":"2026-03-06T08:49:41","modified_gmt":"2026-03-06T08:49:41","slug":"dark-diesel-fuel-purification-and-clarification-machine-cmm-6rl","status":"publish","type":"page","link":"https:\/\/globecore.com\/pt-pt\/products\/fuel-purification-and-clarification\/dark-diesel-fuel-purification-and-clarification-machine-cmm-6rl\/","title":{"rendered":"CMM-6RL M\u00e1quina de polimento de combust\u00edvel diesel escuro"},"content":{"rendered":"","protected":false},"excerpt":{"rendered":"<p>A unidade CMM-6RL \u00e9 projetada para o polimento adsorvente de diesel escuro. Utiliza seis colunas preenchidas com adsorventes que removem hidrocarbonetos arom\u00e1ticos, subst\u00e2ncias asf\u00e1ltico-resinosas e compostos contendo enxofre, nitrog\u00eanio e \u00e1cidos, restaurando a clareza e o desempenho do combust\u00edvel. A unidade possui um sistema de reativa\u00e7\u00e3o de adsorvente in loco, permitindo a reutiliza\u00e7\u00e3o sem remover o material das colunas. Os adsorventes tamb\u00e9m podem ser recuperados por queima e reutilizados at\u00e9 300 vezes. A unidade tem uma capacidade de 0,45\u202fm\u00b3\/h, com reativa\u00e7\u00e3o do sorvente durando at\u00e9 19 horas. O polimento t\u00edpico do combust\u00edvel dura 6 horas, consumindo 1,5\u202fkW\/h.<\/p>\n","protected":false},"author":59,"featured_media":58785,"parent":249996,"menu_order":0,"comment_status":"closed","ping_status":"closed","template":"templates\/single-product.php","meta":{"_acf_changed":false,"_bbp_topic_count":0,"_bbp_reply_count":0,"_bbp_total_topic_count":0,"_bbp_total_reply_count":0,"_bbp_voice_count":0,"_bbp_anonymous_reply_count":0,"_bbp_topic_count_hidden":0,"_bbp_reply_count_hidden":0,"_bbp_forum_subforum_count":0,"footnotes":""},"categories":[2395],"class_list":["post-250003","page","type-page","status-publish","has-post-thumbnail","hentry","category-polimento-de-combustivel","oil_type-combustivel-diesel","oil_type-fluido-dieletrico-fr3","oil_type-fluido-dieletrico-midel-7131","oil_type-fluido-resistente-ao-fogo-fyrquel","oil_type-oleo-de-silicone","oil_type-oleo-de-transmissao","oil_type-oleo-hidraulico","oil_type-oleo-industrial","oil_type-oleo-para-cabos","oil_type-oleo-para-compressores","oil_type-oleo-para-transformadores","oil_type-oleo-para-turbinas","process_type-filtragem","process_type-regeneracao"],"acf":{"add_tab":[{"tab_title":"Descri\u00e7\u00e3o","tab_content":"<p style=\"text-align: justify;\">O diesel \u00e9 utilizado em muitas ind\u00fastrias. Seus consumidores incluem navios, tratores, colheitadeiras, caminh\u00f5es, trens a diesel, entre outros. Muitas empresas tentam adquirir grandes lotes de diesel para se proteger contra as flutua\u00e7\u00f5es sazonais de pre\u00e7o e evitar custos adicionais ao utilizar estoques do produto petrol\u00edfero.<\/p>\r\n<p style=\"text-align: justify;\">Durante o armazenamento prolongado, nem todos os tipos de diesel mant\u00eam a estabilidade necess\u00e1ria. O diesel sofre oxida\u00e7\u00e3o, infiltra\u00e7\u00e3o de \u00e1gua e forma\u00e7\u00e3o de subst\u00e2ncias resinosas. Como resultado, o combust\u00edvel escurece e perde suas propriedades operacionais. Esse combust\u00edvel n\u00e3o pode ser utilizado, pois comprometer\u00e1 o funcionamento do motor devido aos dep\u00f3sitos resinosos nos dispositivos de fornecimento de combust\u00edvel, bem como ao ac\u00famulo de fuligem nas paredes das c\u00e2maras de combust\u00e3o, v\u00e1lvulas de escape e bicos injetores. Al\u00e9m disso, a presen\u00e7a de \u00e1gua pode tornar a bomba de alta press\u00e3o inoperante. Portanto, \u00e9 necess\u00e1rio preparar esse combust\u00edvel antes de utiliz\u00e1-lo em motores a diesel e usinas de energia.<\/p>\r\n\r\n<h2 style=\"text-align: center;\">Polimento do diesel<\/h2>\r\n<p style=\"text-align: justify;\">Diversos m\u00e9todos s\u00e3o utilizados para purificar o diesel ap\u00f3s armazenamento prolongado: decanta\u00e7\u00e3o, filtra\u00e7\u00e3o e centrifuga\u00e7\u00e3o. Esses m\u00e9todos s\u00e3o adequados para remover impurezas mec\u00e2nicas e \u00e1gua, mas n\u00e3o conseguem restaurar a cor e o odor originais do combust\u00edvel, nem reduzir seu teor de enxofre. Para isso, \u00e9 necess\u00e1rio um processo adicional de purifica\u00e7\u00e3o utilizando adsorventes especiais de origem natural.<\/p>\r\n\r\n<h2 style=\"text-align: center;\">Unidade CMM-6RL para polimento de diesel escuro<\/h2>\r\n<p style=\"text-align: justify;\">A tecnologia de polimento por adsor\u00e7\u00e3o do diesel escuro \u00e9 implementada na unidade CMM-6RL. A unidade \u00e9 composta por seis colunas, cada uma preenchida com um adsorvente com boas propriedades de absor\u00e7\u00e3o. Ao passar pelas colunas, o adsorvente captura hidrocarbonetos insaturados e arom\u00e1ticos, subst\u00e2ncias resinosas, compostos contendo enxofre, nitrog\u00eanio e \u00e1cidos do combust\u00edvel. O diesel \u00e9 clareado, recupera sua composi\u00e7\u00e3o e suas propriedades operacionais.<\/p>\r\n<p style=\"text-align: justify;\">Ap\u00f3s a satura\u00e7\u00e3o do adsorvente, a unidade CMM-6RL muda para o modo de reativa\u00e7\u00e3o. Nesse modo, as propriedades do adsorvente s\u00e3o restauradas, permitindo sua reutiliza\u00e7\u00e3o para o polimento do diesel.<\/p>\r\n\r\n<h2 style=\"text-align: center;\">Caracter\u00edsticas de opera\u00e7\u00e3o da unidade CMM-6RL para polimento de diesel<\/h2>\r\n<p style=\"text-align: justify;\">A principal caracter\u00edstica da unidade CMM-6RL \u00e9 a possibilidade de reativar o adsorvente sem remov\u00ea-lo das colunas de regenera\u00e7\u00e3o. Enquanto outros equipamentos de finalidade semelhante exigem o descarte do adsorvente usado, a tecnologia da <em><strong>GlobeCore<\/strong><\/em> permite sua regenera\u00e7\u00e3o por meio de queima, possibilitando o uso repetido para o polimento do diesel (pelo menos 300 reativa\u00e7\u00f5es).<\/p>\r\n\r\n<h2 style=\"text-align: center;\">Dura\u00e7\u00e3o dos ciclos de opera\u00e7\u00e3o e consumo de energia<\/h2>\r\n<p style=\"text-align: justify;\">A unidade CMM-6RL para polimento de diesel opera sequencialmente nos seguintes modos:<\/p>\r\n\r\n<ol style=\"text-align: justify;\">\r\n \t<li>Polimento do combust\u00edvel (dura\u00e7\u00e3o \u2014 6 h, consumo de energia \u2014 1,5 kW\/h);<\/li>\r\n \t<li>Reativa\u00e7\u00e3o do adsorvente:<\/li>\r\n<\/ol>\r\n<ul>\r\n \t<li style=\"text-align: justify;\">prepara\u00e7\u00e3o (dura\u00e7\u00e3o \u2014 1 h, consumo de energia \u2014 6,25 kW\/h);<\/li>\r\n \t<li style=\"text-align: justify;\">igni\u00e7\u00e3o do adsorvente (dura\u00e7\u00e3o \u2014 1 h, consumo de energia \u2014 17,5 kW\/h);<\/li>\r\n \t<li style=\"text-align: justify;\">combust\u00e3o do adsorvente (dura\u00e7\u00e3o \u2014 15 h, consumo de energia \u2014 25,5 kW\/h);<\/li>\r\n \t<li style=\"text-align: justify;\">reabastecimento (dura\u00e7\u00e3o \u2014 0,5 h, consumo de energia \u2014 6,5 kW\/h).<\/li>\r\n<\/ul>"}],"add_def_tab":[{"tab_title":"Especifica\u00e7\u00f5es","tab_content":"<table width=\"602\">\r\n<tbody>\r\n<tr>\r\n<td width=\"63\"><strong>N\u00ba<\/strong><\/td>\r\n<td width=\"435\">\r\n<p style=\"text-align: center;\"><strong>Par\u00e2metro<\/strong><\/p>\r\n<\/td>\r\n<td width=\"103\">\r\n<p style=\"text-align: center;\"><strong>Valor<\/strong><\/p>\r\n<\/td>\r\n<\/tr>\r\n<tr>\r\n<td width=\"63\">1<\/td>\r\n<td width=\"435\">Capacidade, m<sup>3<\/sup>\/h<\/td>\r\n<td width=\"103\">\r\n<p style=\"text-align: center;\">0,45*<\/p>\r\n<\/td>\r\n<\/tr>\r\n<tr>\r\n<td width=\"63\">2<\/td>\r\n<td width=\"435\">Tempo de reativa\u00e7\u00e3o do adsorvente, n\u00e3o mais que<\/td>\r\n<td width=\"103\">\r\n<p style=\"text-align: center;\">19 horas<\/p>\r\n<\/td>\r\n<\/tr>\r\n<tr>\r\n<td width=\"63\">3<\/td>\r\n<td width=\"435\">Consumo de energia necess\u00e1rio, kW<\/td>\r\n<td width=\"103\">\r\n<p style=\"text-align: center;\">14,5<\/p>\r\n<\/td>\r\n<\/tr>\r\n<tr>\r\n<td width=\"63\">4<\/td>\r\n<td width=\"435\">Tens\u00e3o de alimenta\u00e7\u00e3o de corrente alternada trif\u00e1sica 50, 60 Hz, V<\/td>\r\n<td width=\"103\">\r\n<p style=\"text-align: center;\">380<\/p>\r\n<\/td>\r\n<\/tr>\r\n<tr>\r\n<td width=\"63\">5<\/td>\r\n<td width=\"435\">Dimens\u00f5es, mm, n\u00e3o mais que\r\n\u2013 comprimento\u2013 largura\u2013 altura<\/td>\r\n<td width=\"103\">&nbsp;\r\n<p style=\"text-align: center;\">2820<\/p>\r\n<p style=\"text-align: center;\">1570<\/p>\r\n<p style=\"text-align: center;\">1520<\/p>\r\n<\/td>\r\n<\/tr>\r\n<tr>\r\n<td width=\"63\">6<\/td>\r\n<td width=\"435\">Peso, kg, n\u00e3o mais que<\/td>\r\n<td width=\"103\">\r\n<p style=\"text-align: center;\">2100<\/p>\r\n<\/td>\r\n<\/tr>\r\n<\/tbody>\r\n<\/table>\r\n<p style=\"text-align: justify;\">* \u2013 para obter o melhor resultado no polimento do diesel escuro, recomenda-se primeiro remover impurezas mec\u00e2nicas utilizando a unidade <a href=\"https:\/\/globecore.com\/products\/oil-filtration-pumping\/cfu-oil-filtration-unit\/\">CMM-4.0F<\/a> e \u00e1gua utilizando a unidade <a href=\"https:\/\/globecore.com\/products\/oil-filtration-pumping\/cmm-1cf\/\">CMM-1.0CF<\/a>.<\/p>"},{"tab_title":"Vantagens","tab_content":"<ul>\r\n \t<li style=\"text-align: justify;\">Comodidade de opera\u00e7\u00e3o. A unidade \u00e9 rapidamente conectada aos tanques de \u00f3leo limpo e sujo atrav\u00e9s de acoplamentos r\u00e1pidos tipo camlock; o processo de purifica\u00e7\u00e3o do \u00f3leo \u00e9 monitorado visualmente por meio de vidros de observa\u00e7\u00e3o; uma abertura de servi\u00e7o \u00e9 fornecida na parte inferior das colunas para manuten\u00e7\u00e3o e limpeza.<\/li>\r\n \t<li style=\"text-align: justify;\">A unidade pode operar em modo autom\u00e1tico. O modo operacional necess\u00e1rio \u00e9 selecionado, e os atuadores s\u00e3o controlados a partir do painel de toque, que exibe um diagrama mnem\u00f4nico da unidade. Para habilitar os bot\u00f5es de controle, o operador precisa apenas toc\u00e1-los.<\/li>\r\n \t<li style=\"text-align: justify;\">O adsorvente \u00e9 recuperado sem ser removido da unidade e pode ser utilizado no pr\u00f3ximo ciclo de regenera\u00e7\u00e3o imediatamente ap\u00f3s resfriamento. Ao final da \u00faltima reativa\u00e7\u00e3o, o adsorvente pode ser usado como agregado para constru\u00e7\u00e3o ou na agricultura para soltar solos compactados.<\/li>\r\n \t<li style=\"text-align: justify;\">N\u00e3o h\u00e1 emiss\u00f5es nocivas para o meio ambiente durante a opera\u00e7\u00e3o da unidade. A unidade \u00e9 equipada com um sistema de duas etapas para neutraliza\u00e7\u00e3o dos produtos da combust\u00e3o, composto por um filtro de carbono e um conversor catal\u00edtico.<\/li>\r\n<\/ul>"},{"tab_title":"Aplica\u00e7\u00e3o","tab_content":"[product_oil_types]"},{"tab_title":"Webinar","tab_content":"<div class=\"responsive-embed widescreen\">\r\n<div class=\"responsive-embed widescreen\">\r\n<div class=\"responsive-embed widescreen\">\r\n<div class=\"responsive-embed widescreen\">\r\n<div class=\"responsive-embed widescreen\">\r\n<div class=\"responsive-embed widescreen\">\r\n<div class=\"responsive-embed widescreen\">\r\n<div class=\"responsive-embed widescreen\">\r\n<div class=\"responsive-embed widescreen\"><iframe title=\"Webinar - Regenera\u00e7\u00e3o de \u00f3leo diel\u00e9trico: um olhar aprofundado (13.10.2021)\" src=\"https:\/\/www.youtube.com\/embed\/vYHxRcDmJqc?feature=oembed\" width=\"500\" height=\"281\" frameborder=\"0\" allowfullscreen=\"allowfullscreen\"><\/iframe><\/div>\r\n<\/div>\r\n<\/div>\r\n<\/div>\r\n<\/div>\r\n<\/div>\r\n<\/div>\r\n<\/div>\r\n<\/div>"}],"add_video_tab":[{"video_tab_title":"Video","add_video_id":[{"video_id":"b8GVr3rY3ik"},{"video_id":"HcT9MjRqDCk"},{"video_id":"OSNpAC_uLMw"},{"video_id":"tGaNIhL_BAY"}]}],"add_gallery_tab":[{"gallery_tab_title":"Foto","add_img":[59088,59079,59070]}],"add_price_tab":[{"price_tab_title":"Get a Quote"}]},"language":"pt-pt","_links":{"self":[{"href":"https:\/\/globecore.com\/pt-pt\/wp-json\/wp\/v2\/pages\/250003","targetHints":{"allow":["GET"]}}],"collection":[{"href":"https:\/\/globecore.com\/pt-pt\/wp-json\/wp\/v2\/pages"}],"about":[{"href":"https:\/\/globecore.com\/pt-pt\/wp-json\/wp\/v2\/types\/page"}],"author":[{"embeddable":true,"href":"https:\/\/globecore.com\/pt-pt\/wp-json\/wp\/v2\/users\/59"}],"replies":[{"embeddable":true,"href":"https:\/\/globecore.com\/pt-pt\/wp-json\/wp\/v2\/comments?post=250003"}],"version-history":[{"count":2,"href":"https:\/\/globecore.com\/pt-pt\/wp-json\/wp\/v2\/pages\/250003\/revisions"}],"predecessor-version":[{"id":336091,"href":"https:\/\/globecore.com\/pt-pt\/wp-json\/wp\/v2\/pages\/250003\/revisions\/336091"}],"up":[{"embeddable":true,"href":"https:\/\/globecore.com\/pt-pt\/wp-json\/wp\/v2\/pages\/249996"}],"wp:featuredmedia":[{"embeddable":true,"href":"https:\/\/globecore.com\/pt-pt\/wp-json\/wp\/v2\/media\/58785"}],"wp:attachment":[{"href":"https:\/\/globecore.com\/pt-pt\/wp-json\/wp\/v2\/media?parent=250003"}],"wp:term":[{"taxonomy":"category","embeddable":true,"href":"https:\/\/globecore.com\/pt-pt\/wp-json\/wp\/v2\/categories?post=250003"}],"curies":[{"name":"wp","href":"https:\/\/api.w.org\/{rel}","templated":true}]}}