{"id":250018,"date":"2022-06-28T09:55:15","date_gmt":"2022-06-28T09:55:15","guid":{"rendered":"https:\/\/globecore.com\/products\/fuel-purification-and-clarification\/low-viscosity-marine-fuel-clarificationand-purification-machine-cmm-6rl\/"},"modified":"2026-03-06T08:59:04","modified_gmt":"2026-03-06T08:59:04","slug":"low-viscosity-marine-fuel-clarificationand-purification-machine-cmm-6rl","status":"publish","type":"page","link":"https:\/\/globecore.com\/pt-pt\/products\/fuel-purification-and-clarification\/low-viscosity-marine-fuel-clarificationand-purification-machine-cmm-6rl\/","title":{"rendered":"CMM-6RL M\u00e1quina de polimento de combust\u00edvel marinho de baixa viscosidade"},"content":{"rendered":"","protected":false},"excerpt":{"rendered":"<p>A unidade CMM-6RL da GlobeCore oferece polimento de combust\u00edveis mar\u00edtimos de baixa viscosidade utilizando adsorventes. Possui seis colunas preenchidas com adsorvente natural, que captura impurezas nocivas e as ret\u00e9m em seus gr\u00e2nulos. O resultado \u00e9 um combust\u00edvel mar\u00edtimo clarificado com teor reduzido de enxofre, pronto para uso em plantas de motores a diesel e em conformidade com as normas ambientais. Ao contr\u00e1rio dos m\u00e9todos adsorventes tradicionais, o sistema da GlobeCore permite a reativa\u00e7\u00e3o in loco do adsorvente por queima, eliminando a necessidade de descarte. Ap\u00f3s a reativa\u00e7\u00e3o e o resfriamento, o adsorvente pode ser reutilizado para purifica\u00e7\u00e3o do combust\u00edvel. A unidade tem capacidade de processamento de 0,45\u202fm\u00b3\/h, com reativa\u00e7\u00e3o do sorvente de at\u00e9 19 horas. O polimento padr\u00e3o do combust\u00edvel dura 6 horas e consome 1,5\u202fkW\/h.<\/p>\n","protected":false},"author":59,"featured_media":58785,"parent":249996,"menu_order":0,"comment_status":"closed","ping_status":"closed","template":"templates\/single-product.php","meta":{"_acf_changed":false,"_bbp_topic_count":0,"_bbp_reply_count":0,"_bbp_total_topic_count":0,"_bbp_total_reply_count":0,"_bbp_voice_count":0,"_bbp_anonymous_reply_count":0,"_bbp_topic_count_hidden":0,"_bbp_reply_count_hidden":0,"_bbp_forum_subforum_count":0,"footnotes":""},"categories":[2395],"class_list":["post-250018","page","type-page","status-publish","has-post-thumbnail","hentry","category-polimento-de-combustivel","oil_type-combustivel-diesel","oil_type-fluido-dieletrico-fr3","oil_type-fluido-dieletrico-midel-7131","oil_type-fluido-resistente-ao-fogo-fyrquel","oil_type-oleo-de-silicone","oil_type-oleo-de-transmissao","oil_type-oleo-hidraulico","oil_type-oleo-industrial","oil_type-oleo-para-cabos","oil_type-oleo-para-compressores","oil_type-oleo-para-transformadores","oil_type-oleo-para-turbinas","process_type-filtragem","process_type-regeneracao"],"acf":{"add_tab":[{"tab_title":"Descri\u00e7\u00e3o","tab_content":"<p style=\"text-align: justify;\">As despesas com combust\u00edvel representam a maior parte dos custos operacionais na navega\u00e7\u00e3o. O combust\u00edvel marinho de baixa viscosidade \u00e9 mais comumente usado em plantas de motores diesel de m\u00e9dio e alto desempenho. Ele se assemelha ao diesel automotivo, mas possui algumas diferen\u00e7as:<\/p>\r\n\r\n<ul style=\"text-align: justify;\">\r\n \t<li>n\u00famero de cetano mais baixo;<\/li>\r\n \t<li>maior teor de enxofre;<\/li>\r\n \t<li>maior viscosidade.<\/li>\r\n<\/ul>\r\n<p style=\"text-align: justify;\">At\u00e9 agora, o uso de combust\u00edvel marinho de baixa viscosidade n\u00e3o enfrentou restri\u00e7\u00f5es; no entanto, leis ambientais mais r\u00edgidas obrigam frotas fluviais e mar\u00edtimas a adotarem combust\u00edveis com baixo teor de enxofre. O pre\u00e7o desses combust\u00edveis \u00e9 muito alto e, para economizar, s\u00e3o utilizados combust\u00edveis marinhos mais baratos, que precisam ser previamente preparados, reduzindo o conte\u00fado de impurezas ambientalmente indesej\u00e1veis, incluindo o enxofre.<\/p>\r\n\r\n<h2 style=\"text-align: center;\">M\u00e9todos de prepara\u00e7\u00e3o do combust\u00edvel marinho de baixa viscosidade<\/h2>\r\n<p style=\"text-align: justify;\">Filtra\u00e7\u00e3o, purifica\u00e7\u00e3o induzida por gravidade e centr\u00edfuga s\u00e3o usados na prepara\u00e7\u00e3o preliminar do combust\u00edvel marinho de baixa viscosidade. Esses m\u00e9todos s\u00e3o mais focados na remo\u00e7\u00e3o de impurezas mec\u00e2nicas e \u00e1gua do combust\u00edvel, mas t\u00eam pouco efeito sobre o conte\u00fado de impurezas mais prejudiciais ao meio ambiente.<\/p>\r\n<p style=\"text-align: justify;\">Para resolver essa quest\u00e3o, \u00e9 aconselh\u00e1vel usar a purifica\u00e7\u00e3o e clarifica\u00e7\u00e3o do combust\u00edvel marinho de baixa viscosidade por meio de adsorventes.<\/p>\r\n\r\n<h2 style=\"text-align: center;\">Polimento de combust\u00edvel marinho de baixa viscosidade na unidade CMM-6RL<\/h2>\r\n<p style=\"text-align: justify;\">A purifica\u00e7\u00e3o do combust\u00edvel marinho de baixa viscosidade baseada em adsorventes \u00e9 realizada na unidade CMM-6RL da <strong><em>GlobeCore<\/em><\/strong>. Esta unidade \u00e9 composta por 6 colunas preenchidas com adsorvente natural.<\/p>\r\n<p style=\"text-align: justify;\">O combust\u00edvel \u00e9 bombeado pelas colunas, e o adsorvente captura as impurezas nocivas e as ret\u00e9m em seus gr\u00e2nulos devido \u00e0s suas habilidades de absor\u00e7\u00e3o bem desenvolvidas. Na sa\u00edda da unidade, obtemos o combust\u00edvel marinho de baixa viscosidade clarificado com um teor reduzido de enxofre, que estar\u00e1 completamente pronto para uso em plantas de motores diesel mar\u00edtimos e em conformidade com as regulamenta\u00e7\u00f5es ambientais.<\/p>\r\n\r\n<h2 style=\"text-align: center;\">Caracter\u00edsticas operacionais da unidade CMM-6RL<\/h2>\r\n<p style=\"text-align: justify;\">As desvantagens do m\u00e9todo adsorvente para purifica\u00e7\u00e3o de \u00f3leos e combust\u00edveis incluem a necessidade de estocar e descartar o adsorvente usado. O equipamento <strong><em>GlobeCore<\/em><\/strong> n\u00e3o possui esse problema, pois as propriedades do adsorvente s\u00e3o recuperadas por meio da queima, sem necessidade de remov\u00ea-lo das colunas. Ap\u00f3s a reativa\u00e7\u00e3o e resfriamento, o adsorvente pode ser reutilizado para purifica\u00e7\u00e3o e clarifica\u00e7\u00e3o do combust\u00edvel marinho de baixa viscosidade.<\/p>\r\n\r\n<h2 style=\"text-align: center;\">Dura\u00e7\u00e3o dos ciclos operacionais e consumo de energia<\/h2>\r\n<p style=\"text-align: justify;\">A unidade CMM-6RL para purifica\u00e7\u00e3o e clarifica\u00e7\u00e3o de combust\u00edveis marinhos de baixa viscosidade opera sequencialmente nos seguintes modos:<\/p>\r\n\r\n<ol style=\"text-align: justify;\">\r\n \t<li>Polimento do combust\u00edvel (dura\u00e7\u00e3o \u2014 6 h, consumo de energia \u2014 1,5 kW\/h);<\/li>\r\n \t<li>Reativa\u00e7\u00e3o do adsorvente:<\/li>\r\n<\/ol>\r\n<ul>\r\n \t<li style=\"text-align: justify;\">prepara\u00e7\u00e3o (dura\u00e7\u00e3o \u2014 1 h, consumo de energia \u2014 6,25 kW\/h);<\/li>\r\n \t<li style=\"text-align: justify;\">igni\u00e7\u00e3o do adsorvente (dura\u00e7\u00e3o \u2014 1 h, consumo de energia \u2014 17,5 kW\/h);<\/li>\r\n \t<li style=\"text-align: justify;\">combust\u00e3o do adsorvente (dura\u00e7\u00e3o \u2014 15 h, consumo de energia \u2014 25,5 kW\/h);<\/li>\r\n \t<li style=\"text-align: justify;\">reabastecimento (dura\u00e7\u00e3o \u2014 0,5 h, consumo de energia \u2014 6,5 kW\/h).<\/li>\r\n<\/ul>"}],"add_def_tab":[{"tab_title":"Especifica\u00e7\u00f5es","tab_content":"<table width=\"602\">\r\n<tbody>\r\n<tr>\r\n<td width=\"63\"><strong>N\u00ba<\/strong><\/td>\r\n<td style=\"text-align: center;\" width=\"435\"><strong>Par\u00e2metro<\/strong><\/td>\r\n<td style=\"text-align: center;\" width=\"103\"><strong>Valor<\/strong><\/td>\r\n<\/tr>\r\n<tr>\r\n<td width=\"63\">1<\/td>\r\n<td width=\"435\">Capacidade, m<sup>3<\/sup>\/h<\/td>\r\n<td style=\"text-align: center;\" width=\"103\">0,45*<\/td>\r\n<\/tr>\r\n<tr>\r\n<td width=\"63\">2<\/td>\r\n<td width=\"435\">Tempo de reativa\u00e7\u00e3o do adsorvente, no m\u00e1ximo<\/td>\r\n<td style=\"text-align: center;\" width=\"103\">19 horas<\/td>\r\n<\/tr>\r\n<tr>\r\n<td width=\"63\">3<\/td>\r\n<td width=\"435\">Consumo de energia requerido, kW<\/td>\r\n<td style=\"text-align: center;\" width=\"103\">14,5<\/td>\r\n<\/tr>\r\n<tr>\r\n<td width=\"63\">4<\/td>\r\n<td width=\"435\">Tens\u00e3o da alimenta\u00e7\u00e3o el\u00e9trica trif\u00e1sica 50, 60 Hz, V<\/td>\r\n<td style=\"text-align: center;\" width=\"103\">380<\/td>\r\n<\/tr>\r\n<tr>\r\n<td width=\"63\">5<\/td>\r\n<td width=\"435\">Dimens\u00f5es, mm, no m\u00e1ximo\r\n\r\n\u2013 comprimento\r\n\r\n\u2013 largura\r\n\r\n\u2013 altura<\/td>\r\n<td width=\"103\">&nbsp;\r\n<p style=\"text-align: center;\">2820<\/p>\r\n<p style=\"text-align: center;\">1570<\/p>\r\n<p style=\"text-align: center;\">1520<\/p>\r\n<\/td>\r\n<\/tr>\r\n<tr>\r\n<td width=\"63\">6<\/td>\r\n<td width=\"435\">Peso, kg, no m\u00e1ximo<\/td>\r\n<td style=\"text-align: center;\" width=\"103\">2100<\/td>\r\n<\/tr>\r\n<\/tbody>\r\n<\/table>\r\n* \u2013 para obter o melhor resultado no polimento de combust\u00edvel marinho de baixa viscosidade, \u00e9 recomendado primeiro remover impurezas mec\u00e2nicas por meio da unidade <a href=\"https:\/\/globecore.com\/pt-pt\/products\/oil-filtration-pumping\/cfu-oil-filtration-unit\/\">CMM-4.0F<\/a> e \u00e1gua \u2013 por meio da unidade <a href=\"https:\/\/globecore.com\/pt-pt\/products\/oil-filtration-pumping\/cmm-1cf\/\">CMM-1.0CF<\/a>."},{"tab_title":"Vantagens ","tab_content":"<ul>\r\n \t<li style=\"text-align: justify;\">Comodidade de opera\u00e7\u00e3o. A unidade \u00e9 rapidamente conectada aos tanques de \u00f3leo limpo e sujo por meio de acoplamentos r\u00e1pidos camlock; o processo de purifica\u00e7\u00e3o do \u00f3leo \u00e9 monitorado visualmente por meio de vidros de vis\u00e3o; uma escotilha de servi\u00e7o \u00e9 fornecida na parte inferior das colunas para manuten\u00e7\u00e3o e limpeza.<\/li>\r\n \t<li style=\"text-align: justify;\">A unidade pode operar no modo autom\u00e1tico. O modo de opera\u00e7\u00e3o necess\u00e1rio \u00e9 selecionado e os atuadores s\u00e3o controlados a partir do painel de toque, que exibe um diagrama mnem\u00f4nico da unidade. Para ativar os bot\u00f5es de controle, o operador precisa apenas toc\u00e1-los.<\/li>\r\n \t<li style=\"text-align: justify;\">O adsorvente \u00e9 regenerado sem ser removido da unidade e pode ser usado para o pr\u00f3ximo ciclo de regenera\u00e7\u00e3o imediatamente ap\u00f3s o resfriamento. Ao final da \u00faltima reativa\u00e7\u00e3o, o adsorvente pode ser usado como agregado para constru\u00e7\u00e3o ou na agricultura para soltar solos compactados.<\/li>\r\n \t<li style=\"text-align: justify;\">N\u00e3o ocorrem emiss\u00f5es prejudiciais ao meio ambiente durante a opera\u00e7\u00e3o da unidade. A unidade \u00e9 equipada com um sistema de neutraliza\u00e7\u00e3o de produtos de combust\u00e3o de dois est\u00e1gios, composto por um filtro de carbono e um conversor catal\u00edtico.<\/li>\r\n<\/ul>"},{"tab_title":"Aplica\u00e7\u00e3o","tab_content":"[product_oil_types]"},{"tab_title":"Webinar","tab_content":"<div class=\"responsive-embed widescreen\">\r\n<div class=\"responsive-embed widescreen\">\r\n<div class=\"responsive-embed widescreen\">\r\n<div class=\"responsive-embed widescreen\">\r\n<div class=\"responsive-embed widescreen\">\r\n<div class=\"responsive-embed widescreen\">\r\n<div class=\"responsive-embed widescreen\">\r\n<div class=\"responsive-embed widescreen\">\r\n<div class=\"responsive-embed widescreen\"><iframe title=\"Webinar - Regenera\u00e7\u00e3o de \u00f3leo diel\u00e9trico: um olhar aprofundado (13.10.2021)\" src=\"https:\/\/www.youtube.com\/embed\/vYHxRcDmJqc?feature=oembed\" width=\"500\" height=\"281\" frameborder=\"0\" allowfullscreen=\"allowfullscreen\"><\/iframe><\/div>\r\n<\/div>\r\n<\/div>\r\n<\/div>\r\n<\/div>\r\n<\/div>\r\n<\/div>\r\n<\/div>\r\n<\/div>"}],"add_video_tab":[{"video_tab_title":"Video","add_video_id":[{"video_id":"HcT9MjRqDCk"},{"video_id":"OSNpAC_uLMw"},{"video_id":"tGaNIhL_BAY"}]}],"add_gallery_tab":[{"gallery_tab_title":"Foto","add_img":[59088,59079,59070]}],"add_price_tab":null},"language":"pt-pt","_links":{"self":[{"href":"https:\/\/globecore.com\/pt-pt\/wp-json\/wp\/v2\/pages\/250018","targetHints":{"allow":["GET"]}}],"collection":[{"href":"https:\/\/globecore.com\/pt-pt\/wp-json\/wp\/v2\/pages"}],"about":[{"href":"https:\/\/globecore.com\/pt-pt\/wp-json\/wp\/v2\/types\/page"}],"author":[{"embeddable":true,"href":"https:\/\/globecore.com\/pt-pt\/wp-json\/wp\/v2\/users\/59"}],"replies":[{"embeddable":true,"href":"https:\/\/globecore.com\/pt-pt\/wp-json\/wp\/v2\/comments?post=250018"}],"version-history":[{"count":1,"href":"https:\/\/globecore.com\/pt-pt\/wp-json\/wp\/v2\/pages\/250018\/revisions"}],"predecessor-version":[{"id":336099,"href":"https:\/\/globecore.com\/pt-pt\/wp-json\/wp\/v2\/pages\/250018\/revisions\/336099"}],"up":[{"embeddable":true,"href":"https:\/\/globecore.com\/pt-pt\/wp-json\/wp\/v2\/pages\/249996"}],"wp:featuredmedia":[{"embeddable":true,"href":"https:\/\/globecore.com\/pt-pt\/wp-json\/wp\/v2\/media\/58785"}],"wp:attachment":[{"href":"https:\/\/globecore.com\/pt-pt\/wp-json\/wp\/v2\/media?parent=250018"}],"wp:term":[{"taxonomy":"category","embeddable":true,"href":"https:\/\/globecore.com\/pt-pt\/wp-json\/wp\/v2\/categories?post=250018"}],"curies":[{"name":"wp","href":"https:\/\/api.w.org\/{rel}","templated":true}]}}