{"id":250023,"date":"2024-01-22T12:05:41","date_gmt":"2024-01-22T12:05:41","guid":{"rendered":"https:\/\/globecore.com\/products\/online-transformer-dry-out-systems\/tor-4-online-transformer-dry-out-system\/"},"modified":"2026-03-06T09:11:26","modified_gmt":"2026-03-06T09:11:26","slug":"tor-4-online-transformer-dry-out-system","status":"publish","type":"page","link":"https:\/\/globecore.com\/pt-pt\/products\/online-transformer-dry-out-systems\/tor-4-online-transformer-dry-out-system\/","title":{"rendered":"TOR-4 Sistema de Secagem Online de Transformadores"},"content":{"rendered":"","protected":false},"excerpt":{"rendered":"<p>A unidade de secagem de \u00f3leo de transformador TOR-4 remove eficientemente a \u00e1gua dos transformadores, mantendo o \u00f3leo seco independentemente da temperatura ou do estado da \u00e1gua. O \u00f3leo circula atrav\u00e9s de filtros e adsorventes antes de retornar ao transformador. Um controlador l\u00f3gico integrado monitora o teor de umidade, a press\u00e3o do filtro, o funcionamento da bomba e o n\u00edvel do \u00f3leo do transformador. Em caso de vazamento, v\u00e1lvulas autom\u00e1ticas interrompem o fluxo de \u00f3leo e desligam a unidade. A TOR-4 tem capacidade de secagem de 30\u202fl\/h, pode ser conectada em menos de uma hora, opera sem aquecimento, n\u00e3o requer supervis\u00e3o constante e pode ser instalada tempor\u00e1ria ou permanentemente.<\/p>\n","protected":false},"author":7,"featured_media":67015,"parent":104903,"menu_order":0,"comment_status":"closed","ping_status":"closed","template":"templates\/single-product.php","meta":{"_acf_changed":false,"_bbp_topic_count":0,"_bbp_reply_count":0,"_bbp_total_topic_count":0,"_bbp_total_reply_count":0,"_bbp_voice_count":0,"_bbp_anonymous_reply_count":0,"_bbp_topic_count_hidden":0,"_bbp_reply_count_hidden":0,"_bbp_forum_subforum_count":0,"footnotes":""},"categories":[2479,1341],"class_list":["post-250023","page","type-page","status-publish","has-post-thumbnail","hentry","category-manutencao-do-transformador","category-oil-maintenance-pt-pt","oil_type-transformadores-de-distribuicao","oil_type-transformadores-elevadores","oil_type-transformadores-para-fins-especiais","oil_type-transformadores-redutores","process_type-desidratacao"],"acf":{"add_tab":[{"tab_title":"Descri\u00e7\u00e3o","tab_content":"A unidade de secagem de \u00f3leo do transformador TOR-4 \u00e9 projetada para remover a \u00e1gua do transformador, mantendo-o seco independentemente da temperatura e do estado da \u00e1gua no \u00f3leo.\r\n\r\nCondi\u00e7\u00f5es ambientais para opera\u00e7\u00e3o:\r\n<ul>\r\n \t<li>Temperatura ambiente de 278 a 313 K (+5 a + 40)\u00b0C;<\/li>\r\n \t<li>Press\u00e3o atmosf\u00e9rica de 84 a 106,7 kPa (630 a 800 mm Hg);<\/li>\r\n \t<li>Altitude acima do n\u00edvel do mar de at\u00e9 2000 m;<\/li>\r\n \t<li>Ao ar livre sob uma cobertura;<\/li>\r\n \t<li>Em ambientes internos com ventila\u00e7\u00e3o.<\/li>\r\n<\/ul>\r\n<h2 style=\"text-align: center;\">Princ\u00edpio de opera\u00e7\u00e3o<\/h2>\r\n<p style=\"text-align: justify;\">O sistema online de secagem de transformador TOR-4 \u00e9 equipado com adsorvedores preenchidos com sorvente de ze\u00f3lita, que absorve as mol\u00e9culas de \u00e1gua \u00e0 medida que o l\u00edquido tratado passa por ele.<\/p>\r\n<p style=\"text-align: justify;\">Se necess\u00e1rio, os adsorvedores podem ser facilmente desmontados e substitu\u00eddos por novos, ou o sorvente pode ser reativado utilizando a unidade de regenera\u00e7\u00e3o de ze\u00f3lita <a href=\"https:\/\/globecore.com\/products\/online-transformer-dry-out-systems\/cmm-ssd-stationary-transformer-drying-unit\/\">BRPS<\/a> (<a href=\"https:\/\/globecore.com\/products\/online-transformer-dry-out-systems\/zeolite-regeneration-units-brz\/\">BRZ<\/a>).<\/p>\r\n<p style=\"text-align: justify;\">O sistema \u00e9 conectado ao transformador por tubula\u00e7\u00e3o r\u00edgida ou flex\u00edvel. Uma bomba bombeia o \u00f3leo do transformador atrav\u00e9s do filtro, depois passa pelos adsorvedores (onde a umidade \u00e9 removida do \u00f3leo) e o filtro de volta para o transformador.<\/p>\r\n<p style=\"text-align: justify;\">O funcionamento do sistema \u00e9 monitorado por um controlador l\u00f3gico. O controlador exibe o conte\u00fado de umidade do \u00f3leo antes e depois da secagem, a press\u00e3o no filtro e o funcionamento da bomba de inje\u00e7\u00e3o.<\/p>\r\n<p style=\"text-align: justify;\">Para proteger o transformador contra vazamentos, o n\u00edvel de \u00f3leo no transformador \u00e9 monitorado. O n\u00edvel necess\u00e1rio \u00e9 configurado e mantido no controlador. Em caso de vazamento de \u00f3leo, v\u00e1lvulas autom\u00e1ticas interrompem o fluxo de \u00f3leo do transformador e o sistema TOR-4 \u00e9 desligado.<\/p>"}],"add_def_tab":[{"tab_title":"Especifica\u00e7\u00f5es","tab_content":"<table width=\"100%\">\r\n<tbody>\r\n<tr>\r\n<td width=\"5%\"><strong>\u2116<\/strong><\/td>\r\n<td width=\"81%\">\r\n<p style=\"text-align: center;\"><strong>Par\u00e2metro<\/strong><\/p>\r\n<\/td>\r\n<td width=\"13%\">\r\n<p style=\"text-align: center;\"><strong>Valor<\/strong><\/p>\r\n<\/td>\r\n<\/tr>\r\n<tr>\r\n<td width=\"5%\">1<\/td>\r\n<td width=\"81%\">Capacidade em modo de secagem, l\/hora<\/td>\r\n<td width=\"13%\">\r\n<p style=\"text-align: center;\">30<\/p>\r\n<\/td>\r\n<\/tr>\r\n<tr>\r\n<td width=\"5%\">2<\/td>\r\n<td width=\"81%\">Quantidade de \u00e1gua adsorvida, l<\/td>\r\n<td width=\"13%\">\r\n<p style=\"text-align: center;\">9<\/p>\r\n<\/td>\r\n<\/tr>\r\n<tr>\r\n<td width=\"5%\">3<\/td>\r\n<td width=\"81%\">Carga de sorvente por coluna, kg<\/td>\r\n<td width=\"13%\">\r\n<p style=\"text-align: center;\">21<\/p>\r\n<\/td>\r\n<\/tr>\r\n<tr>\r\n<td width=\"5%\">4<\/td>\r\n<td width=\"81%\">Press\u00e3o de sa\u00edda, bar<\/td>\r\n<td width=\"13%\">\r\n<p style=\"text-align: center;\">2<\/p>\r\n<\/td>\r\n<\/tr>\r\n<tr>\r\n<td width=\"5%\">5<\/td>\r\n<td width=\"81%\">Cabe\u00e7a de sa\u00edda, m<\/td>\r\n<td width=\"13%\">\r\n<p style=\"text-align: center;\">20<\/p>\r\n<\/td>\r\n<\/tr>\r\n<tr>\r\n<td width=\"5%\">6<\/td>\r\n<td width=\"81%\">Pot\u00eancia m\u00e1xima necess\u00e1ria, kW<\/td>\r\n<td width=\"13%\">\r\n<p style=\"text-align: center;\">0,2<\/p>\r\n<\/td>\r\n<\/tr>\r\n<tr>\r\n<td rowspan=\"4\" width=\"5%\">7<\/td>\r\n<td colspan=\"2\" width=\"94%\">Fonte de alimenta\u00e7\u00e3o<\/td>\r\n<\/tr>\r\n<tr>\r\n<td width=\"81%\">Fases<\/td>\r\n<td width=\"13%\">\r\n<p style=\"text-align: center;\">3p+1N+PE<\/p>\r\n<\/td>\r\n<\/tr>\r\n<tr>\r\n<td width=\"81%\">Tens\u00e3o, V<\/td>\r\n<td width=\"13%\">\r\n<p style=\"text-align: center;\">220<\/p>\r\n<\/td>\r\n<\/tr>\r\n<tr>\r\n<td width=\"81%\">Frequ\u00eancia, Hz<\/td>\r\n<td width=\"13%\">\r\n<p style=\"text-align: center;\">60<\/p>\r\n<\/td>\r\n<\/tr>\r\n<tr>\r\n<td rowspan=\"3\" width=\"5%\">8<\/td>\r\n<td colspan=\"2\" width=\"94%\">Conex\u00f5es<\/td>\r\n<\/tr>\r\n<tr>\r\n<td width=\"81%\">Entrada de \u00f3leo, Dn<\/td>\r\n<td width=\"13%\">\r\n<p style=\"text-align: center;\">20<\/p>\r\n<\/td>\r\n<\/tr>\r\n<tr>\r\n<td width=\"81%\">Sa\u00edda de \u00f3leo, Dn<\/td>\r\n<td width=\"13%\">\r\n<p style=\"text-align: center;\">20<\/p>\r\n<\/td>\r\n<\/tr>\r\n<tr>\r\n<td rowspan=\"4\" width=\"5%\">9<\/td>\r\n<td colspan=\"2\" width=\"94%\">Dimens\u00f5es, mm, m\u00e1ximo<\/td>\r\n<\/tr>\r\n<tr>\r\n<td width=\"81%\">comprimento\/comprimento<\/td>\r\n<td width=\"13%\">\r\n<p style=\"text-align: center;\">1180<\/p>\r\n<\/td>\r\n<\/tr>\r\n<tr>\r\n<td width=\"81%\">largura\/largura (estrutura do quadro)<\/td>\r\n<td width=\"13%\">\r\n<p style=\"text-align: center;\">350\/550<\/p>\r\n<\/td>\r\n<\/tr>\r\n<tr>\r\n<td width=\"81%\">altura\/altura (estrutura do quadro)<\/td>\r\n<td width=\"13%\">\r\n<p style=\"text-align: center;\">2035\/2085<\/p>\r\n<\/td>\r\n<\/tr>\r\n<tr>\r\n<td width=\"5%\">10<\/td>\r\n<td width=\"81%\">Peso, kg, m\u00e1ximo<\/td>\r\n<td width=\"13%\">\r\n<p style=\"text-align: center;\">500<\/p>\r\n<\/td>\r\n<\/tr>\r\n<\/tbody>\r\n<\/table>"},{"tab_title":"Vantagens","tab_content":"<ul>\r\n \t<li>conex\u00e3o com transformadores de qualquer tipo e idade;<\/li>\r\n \t<li>o processo de conex\u00e3o leva menos de uma hora;<\/li>\r\n \t<li>o sorvente captura a \u00e1gua independentemente de sua temperatura e forma;<\/li>\r\n \t<li>a m\u00e1quina seca o \u00f3leo sem aquecer e n\u00e3o requer controle constante do operador;<\/li>\r\n \t<li>a m\u00e1quina pode ser instalada temporariamente ou permanentemente;<\/li>\r\n \t<li>uma carca\u00e7a robusta que protege o sistema de forma confi\u00e1vel;<\/li>\r\n \t<li>uma vez saturado com \u00e1gua, o sorvente pode ser reativado usando a unidade <a href=\"https:\/\/globecore.com\/pt-pt\/products\/online-transformer-dry-out-systems\/brps-zeolite-regeneration-block\/\">BRPS<\/a> (<a href=\"https:\/\/globecore.com\/pt-pt\/products\/online-transformer-dry-out-systems\/zeolite-regeneration-units-brz\/\">BRZ<\/a>) e reutilizado para secagem do \u00f3leo.<\/li>\r\n<\/ul>"},{"tab_title":"Aplica\u00e7\u00e3o","tab_content":"[product_oil_types]"},{"tab_title":"Webinar","tab_content":"<div class=\"responsive-embed widescreen\">\r\n<div class=\"responsive-embed widescreen\">\r\n<div class=\"responsive-embed widescreen\">\r\n<div class=\"responsive-embed widescreen\">\r\n<div class=\"responsive-embed widescreen\">\r\n<div class=\"responsive-embed widescreen\">\r\n<div class=\"responsive-embed widescreen\">\r\n<div class=\"responsive-embed widescreen\">\r\n<div class=\"responsive-embed widescreen\"><iframe title=\"Webinar - Secagem cont\u00ednua do isolamento de transformadores em funcionamento (12.05.22)\" src=\"https:\/\/www.youtube.com\/embed\/uHsl1kEQl-U?feature=oembed\" width=\"500\" height=\"281\" frameborder=\"0\" allowfullscreen=\"allowfullscreen\"><\/iframe><\/div>\r\n<\/div>\r\n<\/div>\r\n<\/div>\r\n<\/div>\r\n<\/div>\r\n<\/div>\r\n<\/div>\r\n<\/div>"}],"add_video_tab":[{"video_tab_title":"Video","add_video_id":[{"video_id":"BgA5G0nWOfE"},{"video_id":"Subfl4NL9gU"},{"video_id":"BgA5G0nWOfE"}]}],"add_gallery_tab":[{"gallery_tab_title":"Foto","add_img":[105061,42562,42570,105073]}],"add_price_tab":null},"language":"pt-pt","_links":{"self":[{"href":"https:\/\/globecore.com\/pt-pt\/wp-json\/wp\/v2\/pages\/250023","targetHints":{"allow":["GET"]}}],"collection":[{"href":"https:\/\/globecore.com\/pt-pt\/wp-json\/wp\/v2\/pages"}],"about":[{"href":"https:\/\/globecore.com\/pt-pt\/wp-json\/wp\/v2\/types\/page"}],"author":[{"embeddable":true,"href":"https:\/\/globecore.com\/pt-pt\/wp-json\/wp\/v2\/users\/7"}],"replies":[{"embeddable":true,"href":"https:\/\/globecore.com\/pt-pt\/wp-json\/wp\/v2\/comments?post=250023"}],"version-history":[{"count":1,"href":"https:\/\/globecore.com\/pt-pt\/wp-json\/wp\/v2\/pages\/250023\/revisions"}],"predecessor-version":[{"id":336108,"href":"https:\/\/globecore.com\/pt-pt\/wp-json\/wp\/v2\/pages\/250023\/revisions\/336108"}],"up":[{"embeddable":true,"href":"https:\/\/globecore.com\/pt-pt\/wp-json\/wp\/v2\/pages\/104903"}],"wp:featuredmedia":[{"embeddable":true,"href":"https:\/\/globecore.com\/pt-pt\/wp-json\/wp\/v2\/media\/67015"}],"wp:attachment":[{"href":"https:\/\/globecore.com\/pt-pt\/wp-json\/wp\/v2\/media?parent=250023"}],"wp:term":[{"taxonomy":"category","embeddable":true,"href":"https:\/\/globecore.com\/pt-pt\/wp-json\/wp\/v2\/categories?post=250023"}],"curies":[{"name":"wp","href":"https:\/\/api.w.org\/{rel}","templated":true}]}}