{"id":259866,"date":"2021-05-13T06:02:29","date_gmt":"2021-05-13T06:02:29","guid":{"rendered":"https:\/\/globecore.com\/products\/transformer-maintenance\/uvv-vacuum-cold-trap\/"},"modified":"2026-03-06T09:28:12","modified_gmt":"2026-03-06T09:28:12","slug":"uvv-vacuum-cold-trap","status":"publish","type":"page","link":"https:\/\/globecore.com\/pt-pt\/products\/transformer-maintenance\/uvv-vacuum-cold-trap\/","title":{"rendered":"UVV Armadilha Fria a V\u00e1cuo"},"content":{"rendered":"","protected":false},"excerpt":{"rendered":"<p>A armadilha fria a v\u00e1cuo UVV \u00e9 projetada para evacua\u00e7\u00e3o e secagem do isolamento s\u00f3lido em transformadores de pot\u00eancia com tens\u00f5es de 110 a 1.150 kV durante a instala\u00e7\u00e3o, manuten\u00e7\u00e3o e reparos. Ela seca o isolamento s\u00f3lido utilizando v\u00e1cuo e uma armadilha de baixa temperatura para capturar misturas vapor-g\u00e1s. A unidade pode ser utilizada com transformadores capazes de suportar uma press\u00e3o de 26 Pa.<\/p>\n","protected":false},"author":59,"featured_media":20436,"parent":112858,"menu_order":0,"comment_status":"closed","ping_status":"closed","template":"templates\/single-product.php","meta":{"_acf_changed":false,"_bbp_topic_count":0,"_bbp_reply_count":0,"_bbp_total_topic_count":0,"_bbp_total_reply_count":0,"_bbp_voice_count":0,"_bbp_anonymous_reply_count":0,"_bbp_topic_count_hidden":0,"_bbp_reply_count_hidden":0,"_bbp_forum_subforum_count":0,"footnotes":""},"categories":[2479],"class_list":["post-259866","page","type-page","status-publish","has-post-thumbnail","hentry","category-manutencao-do-transformador","oil_type-transformadores-de-distribuicao","oil_type-transformadores-elevadores","oil_type-transformadores-para-fins-especiais","oil_type-transformadores-redutores","process_type-desidratacao"],"acf":{"add_tab":[{"tab_title":"Descri\u00e7\u00e3o","tab_content":"O sistema de armadilha fria de refrigera\u00e7\u00e3o a \u00f3leo foi projetado para evacua\u00e7\u00e3o e <strong>secagem do isolamento s\u00f3lido<b><sup class=\"modern-footnotes-footnote \" data-mfn=\"1\"><a>1<\/a><\/sup><\/b><b><\/b><\/strong> de <strong>transformadores de pot\u00eancia<b><sup class=\"modern-footnotes-footnote \" data-mfn=\"2\"><a>2<\/a><\/sup><\/b><b><\/b><\/strong> com tens\u00f5es de 110-1150 kV durante a instala\u00e7\u00e3o, manuten\u00e7\u00e3o e reparos.\r\n\r\nA <strong>armadilha fria a v\u00e1cuo<b><sup class=\"modern-footnotes-footnote \" data-mfn=\"3\"><a>3<\/a><\/sup><\/b><b><\/b><\/strong> pode ser utilizada com transformadores capazes de suportar uma press\u00e3o de 26 Pa. A aplica\u00e7\u00e3o da unidade em transformadores que n\u00e3o suportam essa press\u00e3o \u00e9 poss\u00edvel ap\u00f3s o refor\u00e7o do tanque autorizado pelo fabricante do transformador.\r\n\r\nAo secar o isolamento s\u00f3lido de transformadores de pot\u00eancia com tens\u00f5es de 500 a 1150 kV, a evacua\u00e7\u00e3o da press\u00e3o atmosf\u00e9rica para 400 Pa pode ser acelerada conectando uma se\u00e7\u00e3o de soprador de v\u00e1cuo \u00e0 unidade.\r\n\r\nO sistema de refrigera\u00e7\u00e3o a \u00f3leo pode <strong>desidratar<b><sup class=\"modern-footnotes-footnote \" data-mfn=\"4\"><a>4<\/a><\/sup><\/b><b><\/b><\/strong> o isolamento s\u00f3lido circulando \u00f3leo quente e seco. Primeiro, o \u00f3leo \u00e9 aquecido a 80-85 \u2070C, e ent\u00e3o passa por uma unidade de secagem e filtra\u00e7\u00e3o. A ess\u00eancia desse m\u00e9todo \u00e9 a <strong>difus\u00e3o<b><sup class=\"modern-footnotes-footnote \" data-mfn=\"5\"><a>5<\/a><\/sup><\/b><b><\/b><\/strong> da umidade das camadas externas do isolamento para o \u00f3leo seco, seguida pela remo\u00e7\u00e3o da umidade na unidade de secagem."}],"add_def_tab":[{"tab_title":"Especifica\u00e7\u00e3o","tab_content":"<table style=\"height: 1011px;\" width=\"988\">\r\n<tbody>\r\n<tr>\r\n<td style=\"text-align: center;\" width=\"247\"><strong>Par\u00e2metro<\/strong><\/td>\r\n<td style=\"text-align: center;\" width=\"80\"><strong>Valor<\/strong><\/td>\r\n<\/tr>\r\n<tr>\r\n<td width=\"247\">Taxa de evacua\u00e7\u00e3o da mistura vapor-g\u00e1s do tanque do transformador em press\u00e3o residual de atmosf\u00e9rica a 400 Pa, litros\/segundo, m\u00edn<\/td>\r\n<td width=\"80\">27\u00d73=81<\/td>\r\n<\/tr>\r\n<tr>\r\n<td width=\"247\">Taxa de evacua\u00e7\u00e3o da mistura vapor-g\u00e1s do tanque do transformador em press\u00e3o residual de 400 Pa a 26 Pa, litros\/segundo, m\u00edn<\/td>\r\n<td width=\"80\">500<\/td>\r\n<\/tr>\r\n<tr>\r\n<td width=\"247\">Press\u00e3o residual criada pela bomba de v\u00e1cuo no tanque do transformador, m\u00e1x<\/td>\r\n<td width=\"80\">26<\/td>\r\n<\/tr>\r\n<tr>\r\n<td width=\"247\">Press\u00e3o residual na unidade durante o teste de vazamento de ar, Pa, m\u00e1x<\/td>\r\n<td width=\"80\">4<\/td>\r\n<\/tr>\r\n<tr>\r\n<td width=\"247\">Vazamento de ar em uma hora, Pa, m\u00e1x<\/td>\r\n<td width=\"80\">100<\/td>\r\n<\/tr>\r\n<tr>\r\n<td width=\"247\">Temperatura da superf\u00edcie de condensa\u00e7\u00e3o do vapor de \u00e1gua, \u00b0\u0421\/\u00b0F, m\u00e1x<\/td>\r\n<td width=\"80\">-70\/-94<\/td>\r\n<\/tr>\r\n<tr>\r\n<td width=\"247\">Conte\u00fado de umidade residual no isolamento s\u00f3lido, %, m\u00e1x<\/td>\r\n<td width=\"80\">1.0<\/td>\r\n<\/tr>\r\n<tr>\r\n<td width=\"247\">Capacidade de gera\u00e7\u00e3o de frio (a -70\u00b0\u0421\/-94\u00b0F), W<\/td>\r\n<td width=\"80\">600<\/td>\r\n<\/tr>\r\n<tr>\r\n<td width=\"247\">\u00c1rea da superf\u00edcie de condensa\u00e7\u00e3o, m\u00b2, m\u00edn<\/td>\r\n<td width=\"80\">6.1<\/td>\r\n<\/tr>\r\n<tr>\r\n<td width=\"247\">Consumo de energia do sistema de descongelamento, kW<\/td>\r\n<td width=\"80\">2.1<\/td>\r\n<\/tr>\r\n<tr>\r\n<td width=\"247\">Pot\u00eancia nominal, kW<\/td>\r\n<td width=\"80\">21<\/td>\r\n<\/tr>\r\n<tr>\r\n<td width=\"247\">Tens\u00e3o de alimenta\u00e7\u00e3o a 50Hz\/60Hz, V (totalmente personaliz\u00e1vel mediante solicita\u00e7\u00e3o)<\/td>\r\n<td width=\"80\">380<\/td>\r\n<\/tr>\r\n<tr>\r\n<td colspan=\"2\" width=\"327\">Dimens\u00f5es, mm\/p\u00e9s, m\u00e1x<\/td>\r\n<\/tr>\r\n<tr>\r\n<td width=\"247\">\u2022 comprimento\r\n\u2022 largura\r\n\u2022 altura<\/td>\r\n<td width=\"80\">1700\/5\u201957\u2019\u2019\r\n1600\/5\u201925\u2019\u2019\r\n1950\/6\u20194\u2019\u2019<\/td>\r\n<\/tr>\r\n<tr>\r\n<td width=\"247\">Peso, kg\/lbs, m\u00e1x<\/td>\r\n<td width=\"80\">2100\/4,641<\/td>\r\n<\/tr>\r\n<\/tbody>\r\n<\/table>"},{"tab_title":"Vantagens","tab_content":"<ul>\r\n \t<li>a se\u00e7\u00e3o de v\u00e1cuo est\u00e1 equipada com dispositivos de aquecimento e resfriamento da bomba de v\u00e1cuo para opera\u00e7\u00e3o em uma ampla faixa de temperaturas de forma totalmente aut\u00f4noma;<\/li>\r\n \t<li>equipada com bombas de v\u00e1cuo de palhetas, que n\u00e3o necessitam de aquecimento ou resfriamento separado e s\u00e3o menos barulhentas;<\/li>\r\n \t<li>todos os componentes est\u00e3o instalados dentro de uma \u00fanica estrutura.<\/li>\r\n<\/ul>"},{"tab_title":"Aplica\u00e7\u00e3o","tab_content":"[product_oil_types]"},{"tab_title":"Webinar","tab_content":"<div class=\"responsive-embed widescreen\">\r\n<div class=\"responsive-embed widescreen\">\r\n<div class=\"responsive-embed widescreen\">\r\n<div class=\"responsive-embed widescreen\">\r\n<div class=\"responsive-embed widescreen\">\r\n<div class=\"responsive-embed widescreen\">\r\n<div class=\"responsive-embed widescreen\">\r\n<div class=\"responsive-embed widescreen\"><iframe title=\"Manuten\u00e7\u00e3o dos transformadores de pot\u00eancia\" src=\"https:\/\/www.youtube.com\/embed\/RblXgV_sUy0?feature=oembed\" width=\"500\" height=\"281\" frameborder=\"0\" allowfullscreen=\"allowfullscreen\"><\/iframe><\/div>\r\n<\/div>\r\n<\/div>\r\n<\/div>\r\n<\/div>\r\n<\/div>\r\n<\/div>\r\n<\/div>"}],"add_video_tab":[{"video_tab_title":"Video","add_video_id":[{"video_id":"XiJem-lSOBo"}]}],"add_gallery_tab":null,"add_price_tab":[{"price_tab_title":"Get a Quote"}]},"language":"pt-pt","_links":{"self":[{"href":"https:\/\/globecore.com\/pt-pt\/wp-json\/wp\/v2\/pages\/259866","targetHints":{"allow":["GET"]}}],"collection":[{"href":"https:\/\/globecore.com\/pt-pt\/wp-json\/wp\/v2\/pages"}],"about":[{"href":"https:\/\/globecore.com\/pt-pt\/wp-json\/wp\/v2\/types\/page"}],"author":[{"embeddable":true,"href":"https:\/\/globecore.com\/pt-pt\/wp-json\/wp\/v2\/users\/59"}],"replies":[{"embeddable":true,"href":"https:\/\/globecore.com\/pt-pt\/wp-json\/wp\/v2\/comments?post=259866"}],"version-history":[{"count":2,"href":"https:\/\/globecore.com\/pt-pt\/wp-json\/wp\/v2\/pages\/259866\/revisions"}],"predecessor-version":[{"id":336121,"href":"https:\/\/globecore.com\/pt-pt\/wp-json\/wp\/v2\/pages\/259866\/revisions\/336121"}],"up":[{"embeddable":true,"href":"https:\/\/globecore.com\/pt-pt\/wp-json\/wp\/v2\/pages\/112858"}],"wp:featuredmedia":[{"embeddable":true,"href":"https:\/\/globecore.com\/pt-pt\/wp-json\/wp\/v2\/media\/20436"}],"wp:attachment":[{"href":"https:\/\/globecore.com\/pt-pt\/wp-json\/wp\/v2\/media?parent=259866"}],"wp:term":[{"taxonomy":"category","embeddable":true,"href":"https:\/\/globecore.com\/pt-pt\/wp-json\/wp\/v2\/categories?post=259866"}],"curies":[{"name":"wp","href":"https:\/\/api.w.org\/{rel}","templated":true}]}}