{"id":264557,"date":"2021-05-24T06:35:19","date_gmt":"2021-05-24T06:35:19","guid":{"rendered":"https:\/\/globecore.com\/products\/transformer-maintenance\/transformer-evacuation-systems-bv\/"},"modified":"2026-03-06T11:42:32","modified_gmt":"2026-03-06T11:42:32","slug":"transformer-evacuation-systems-bv","status":"publish","type":"page","link":"https:\/\/globecore.com\/pt-pt\/products\/transformer-maintenance\/transformer-evacuation-systems-bv\/","title":{"rendered":"BV-3000 Sistema de Evacua\u00e7\u00e3o de Transformadores"},"content":{"rendered":"","protected":false},"excerpt":{"rendered":"<p>O sistema de evacua\u00e7\u00e3o de transformadores BV-3000 \u00e9 projetado para criar o v\u00e1cuo necess\u00e1rio para evacuar os tanques de transformadores. \u00c9 utilizado durante a montagem, manuten\u00e7\u00e3o e opera\u00e7\u00e3o de equipamentos preenchidos com \u00f3leo, incluindo transformadores de pot\u00eancia e disjuntores de alta tens\u00e3o, at\u00e9 1.150\u202fkV. A unidade \u00e9 adequada para evacua\u00e7\u00e3o e secagem de transformadores e \u00e9 ideal para empresas de instala\u00e7\u00e3o, reparo e manuten\u00e7\u00e3o que trabalham com tratamento de \u00f3leo de transformadores e servi\u00e7o de transformadores.<\/p>\n","protected":false},"author":59,"featured_media":36865,"parent":112858,"menu_order":0,"comment_status":"closed","ping_status":"closed","template":"templates\/single-product.php","meta":{"_acf_changed":false,"_bbp_topic_count":0,"_bbp_reply_count":0,"_bbp_total_topic_count":0,"_bbp_total_reply_count":0,"_bbp_voice_count":0,"_bbp_anonymous_reply_count":0,"_bbp_topic_count_hidden":0,"_bbp_reply_count_hidden":0,"_bbp_forum_subforum_count":0,"footnotes":""},"categories":[2479],"class_list":["post-264557","page","type-page","status-publish","has-post-thumbnail","hentry","category-manutencao-do-transformador","oil_type-transformadores-de-distribuicao","oil_type-transformadores-elevadores","oil_type-transformadores-para-fins-especiais","oil_type-transformadores-redutores","process_type-desidratacao"],"acf":{"add_tab":[{"tab_title":"Descri\u00e7\u00e3o","tab_content":"<p style=\"text-align: justify;\"><span style=\"font-weight: 400;\">O Sistema de Evacua\u00e7\u00e3o de Transformadores BV \u00e9 projetado para alcan\u00e7ar o v\u00e1cuo necess\u00e1rio para a evacua\u00e7\u00e3o do tanque do transformador. Operar a unidade durante a montagem, manuten\u00e7\u00e3o e opera\u00e7\u00e3o de equipamentos preenchidos com \u00f3leo (transformadores de pot\u00eancia, interruptores de alta tens\u00e3o, etc.) de at\u00e9 1150 kV de tens\u00e3o. A unidade pode ser usada para evacua\u00e7\u00e3o de transformadores e secagem de transformadores. A unidade pode ser utilizada por empresas de instala\u00e7\u00e3o, repara\u00e7\u00e3o e manuten\u00e7\u00e3o que lidam com tratamento de \u00f3leo de transformadores e servi\u00e7os de transformadores.<\/span><\/p>\r\n<p style=\"text-align: justify;\"><span style=\"font-weight: 400;\">A unidade n\u00e3o \u00e9 adequada para opera\u00e7\u00e3o em ambientes explosivos ou t\u00f3xicos, bem como em ambientes reativos a materiais de lubrifica\u00e7\u00e3o.<\/span><\/p>\r\n<p style=\"text-align: justify;\"><span style=\"font-weight: 400;\">Ao operar a unidade em ambientes internos, instale uma linha de exaust\u00e3o de gases para evacuar os gases para a atmosfera.<\/span><\/p>\r\n<p style=\"text-align: center;\"><b>DESCRI\u00c7\u00c3O T\u00c9CNICA DO EQUIPAMENTO<\/b><\/p>\r\n<p style=\"text-align: justify;\"><span style=\"font-weight: 400;\">O modelo do sistema de evacua\u00e7\u00e3o de transformadores BV-3000 \u00e9 projetado para a evacua\u00e7\u00e3o de tanques de transformadores de pot\u00eancia e tamb\u00e9m para a secagem a v\u00e1cuo de aparelhos el\u00e9tricos. Pode tamb\u00e9m ser utilizado em conjunto com plantas de purifica\u00e7\u00e3o de \u00f3leo de transformadores. O sistema de evacua\u00e7\u00e3o de transformadores consiste em um grupo de bombas de v\u00e1cuo de dois est\u00e1gios (tr\u00eas bombas de v\u00e1cuo de apoio e uma bomba de v\u00e1cuo booster).<\/span><\/p>\r\n<p style=\"text-align: justify;\"><span style=\"font-weight: 400;\">Duas bombas de v\u00e1cuo rotativas de palhetas, com capacidade de 3\u00d7100 m3\/h cada, s\u00e3o utilizadas como bombas de apoio; uma bomba de pist\u00e3o rotativo tipo Roots \u00e9 utilizada como bomba booster.<\/span><\/p>\r\n<p style=\"text-align: justify;\"><span style=\"font-weight: 400;\">A bomba de v\u00e1cuo de apoio \u00e9 usada para a cria\u00e7\u00e3o do v\u00e1cuo inicial, e a bomba booster cria o v\u00e1cuo absoluto.<\/span><\/p>\r\n<p style=\"text-align: justify;\"><span style=\"font-weight: 400;\">Esta combina\u00e7\u00e3o de bombas permite garantir alta efici\u00eancia do sistema de evacua\u00e7\u00e3o de transformadores, at\u00e9 3000 m3\/h, com valor m\u00e1ximo de v\u00e1cuo de at\u00e9 0,01 mmHg (Torr).<\/span><\/p>"}],"add_def_tab":[{"tab_title":"Especifica\u00e7\u00e3o","tab_content":"<table style=\"height: 1258px;\" width=\"792\">\r\n<tbody>\r\n<tr>\r\n<td style=\"text-align: center;\"><b>N<\/b><\/td>\r\n<td style=\"text-align: center;\"><b>Par\u00e2metro<\/b><\/td>\r\n<td style=\"text-align: center;\"><b>Valor<\/b><\/td>\r\n<\/tr>\r\n<tr>\r\n<td><span style=\"font-weight: 400;\">1<\/span><\/td>\r\n<td><span style=\"font-weight: 400;\">Capacidade de suc\u00e7\u00e3o, m<\/span><span style=\"font-weight: 400;\">3<\/span><span style=\"font-weight: 400;\">\/h<\/span><\/td>\r\n<td><span style=\"font-weight: 400;\">3000<\/span><\/td>\r\n<\/tr>\r\n<tr>\r\n<td><span style=\"font-weight: 400;\">2<\/span><\/td>\r\n<td><span style=\"font-weight: 400;\">V\u00e1cuo m\u00e1ximo, mm.Hg (T\u043err)<\/span><\/td>\r\n<td><span style=\"font-weight: 400;\">0,01<\/span><\/td>\r\n<\/tr>\r\n<tr>\r\n<td><span style=\"font-weight: 400;\">3<\/span><\/td>\r\n<td><span style=\"font-weight: 400;\">Meio bombeado<\/span><\/td>\r\n<td><span style=\"font-weight: 400;\">Ar<\/span><\/td>\r\n<\/tr>\r\n<tr>\r\n<td><span style=\"font-weight: 400;\">4<\/span><\/td>\r\n<td><span style=\"font-weight: 400;\">Fonte de alimenta\u00e7\u00e3o:<\/span><\/td>\r\n<td><\/td>\r\n<\/tr>\r\n<tr>\r\n<td><\/td>\r\n<td><span style=\"font-weight: 400;\">Fases<\/span><\/td>\r\n<td><span style=\"font-weight: 400;\">3<\/span><\/td>\r\n<\/tr>\r\n<tr>\r\n<td><\/td>\r\n<td><span style=\"font-weight: 400;\">Tens\u00e3o, V<\/span><\/td>\r\n<td><span style=\"font-weight: 400;\">conforme necess\u00e1rio<\/span><\/td>\r\n<\/tr>\r\n<tr>\r\n<td><\/td>\r\n<td><span style=\"font-weight: 400;\">Frequ\u00eancia CA, Hz<\/span><\/td>\r\n<td><span style=\"font-weight: 400;\">conforme necess\u00e1rio<\/span><\/td>\r\n<\/tr>\r\n<tr>\r\n<td><\/td>\r\n<td><span style=\"font-weight: 400;\">Consumo m\u00e1ximo de energia, kW<\/span><\/td>\r\n<td><span style=\"font-weight: 400;\">14<\/span><\/td>\r\n<\/tr>\r\n<tr>\r\n<td><span style=\"font-weight: 400;\">5<\/span><\/td>\r\n<td><span style=\"font-weight: 400;\">Temperatura ambiente, <\/span><span style=\"font-weight: 400;\">o<\/span><span style=\"font-weight: 400;\">\u0421<\/span><\/td>\r\n<td><span style=\"font-weight: 400;\">5\u00a0 \u2013\u00a0 40<\/span><\/td>\r\n<\/tr>\r\n<tr>\r\n<td><span style=\"font-weight: 400;\">6<\/span><\/td>\r\n<td><span style=\"font-weight: 400;\">Tipo de conex\u00e3o<\/span><span style=\"font-weight: 400;\"> entrada\/sa\u00edda<\/span><\/td>\r\n<td><span style=\"font-weight: 400;\">flange\/flange<\/span><\/td>\r\n<\/tr>\r\n<tr>\r\n<td><span style=\"font-weight: 400;\">7<\/span><\/td>\r\n<td><span style=\"font-weight: 400;\">Di\u00e2metro de entrada\/sa\u00edda, Dn,<\/span><span style=\"font-weight: 400;\"> mm<\/span><\/td>\r\n<td><span style=\"font-weight: 400;\">DN100\/DN65<\/span><\/td>\r\n<\/tr>\r\n<tr>\r\n<td><span style=\"font-weight: 400;\">8<\/span><\/td>\r\n<td><span style=\"font-weight: 400;\">Dimens\u00f5es,<\/span><span style=\"font-weight: 400;\"> mm<\/span><\/td>\r\n<td><\/td>\r\n<\/tr>\r\n<tr>\r\n<td><\/td>\r\n<td><span style=\"font-weight: 400;\">Comprimento<\/span><\/td>\r\n<td><span style=\"font-weight: 400;\">1600<\/span><\/td>\r\n<\/tr>\r\n<tr>\r\n<td><\/td>\r\n<td><span style=\"font-weight: 400;\">Largura<\/span><\/td>\r\n<td><span style=\"font-weight: 400;\">1200<\/span><\/td>\r\n<\/tr>\r\n<tr>\r\n<td><\/td>\r\n<td><span style=\"font-weight: 400;\">Altura<\/span><\/td>\r\n<td><span style=\"font-weight: 400;\">1600<\/span><\/td>\r\n<\/tr>\r\n<tr>\r\n<td><span style=\"font-weight: 400;\">9<\/span><\/td>\r\n<td><span style=\"font-weight: 400;\">Peso, kg<\/span><\/td>\r\n<td><span style=\"font-weight: 400;\">900<\/span><\/td>\r\n<\/tr>\r\n<\/tbody>\r\n<\/table>"},{"tab_title":"Vantagens","tab_content":"<ul>\r\n \t<li style=\"font-weight: 400;\" aria-level=\"1\"><span style=\"font-weight: 400;\">Remo\u00e7\u00e3o r\u00e1pida de ar, vapor, gases n\u00e3o agressivos e misturas de g\u00e1s-vapor devido a um impulsor;<\/span><\/li>\r\n \t<li style=\"font-weight: 400;\" aria-level=\"1\"><span style=\"font-weight: 400;\">As unidades podem ser usadas para manuten\u00e7\u00e3o e opera\u00e7\u00e3o de transformadores preenchidos com \u00f3leo e chaves de alta tens\u00e3o de at\u00e9 1150 kV de tens\u00e3o;<\/span><\/li>\r\n \t<li style=\"font-weight: 400;\" aria-level=\"1\"><span style=\"font-weight: 400;\">Evacua\u00e7\u00e3o de alto n\u00edvel.<\/span><\/li>\r\n<\/ul>"},{"tab_title":"Aplica\u00e7\u00e3o","tab_content":"[product_oil_types]"},{"tab_title":"Webinar","tab_content":"<div class=\"responsive-embed widescreen\">\r\n<div class=\"responsive-embed widescreen\">\r\n<div class=\"responsive-embed widescreen\">\r\n<div class=\"responsive-embed widescreen\">\r\n<div class=\"responsive-embed widescreen\">\r\n<div class=\"responsive-embed widescreen\">\r\n<div class=\"responsive-embed widescreen\">\r\n<div class=\"responsive-embed widescreen\">\r\n<div class=\"responsive-embed widescreen\"><iframe title=\"Manuten\u00e7\u00e3o dos transformadores de pot\u00eancia\" src=\"https:\/\/www.youtube.com\/embed\/RblXgV_sUy0?feature=oembed\" width=\"500\" height=\"281\" frameborder=\"0\" allowfullscreen=\"allowfullscreen\"><\/iframe><\/div>\r\n<\/div>\r\n<\/div>\r\n<\/div>\r\n<\/div>\r\n<\/div>\r\n<\/div>\r\n<\/div>\r\n<\/div>"}],"add_video_tab":[{"video_tab_title":"Video","add_video_id":[{"video_id":"kUiGCuVJ8ak"},{"video_id":"t961XTkis_A"}]}],"add_gallery_tab":null,"add_price_tab":[{"price_tab_title":"Get a quote"}]},"language":"pt-pt","_links":{"self":[{"href":"https:\/\/globecore.com\/pt-pt\/wp-json\/wp\/v2\/pages\/264557","targetHints":{"allow":["GET"]}}],"collection":[{"href":"https:\/\/globecore.com\/pt-pt\/wp-json\/wp\/v2\/pages"}],"about":[{"href":"https:\/\/globecore.com\/pt-pt\/wp-json\/wp\/v2\/types\/page"}],"author":[{"embeddable":true,"href":"https:\/\/globecore.com\/pt-pt\/wp-json\/wp\/v2\/users\/59"}],"replies":[{"embeddable":true,"href":"https:\/\/globecore.com\/pt-pt\/wp-json\/wp\/v2\/comments?post=264557"}],"version-history":[{"count":2,"href":"https:\/\/globecore.com\/pt-pt\/wp-json\/wp\/v2\/pages\/264557\/revisions"}],"predecessor-version":[{"id":336138,"href":"https:\/\/globecore.com\/pt-pt\/wp-json\/wp\/v2\/pages\/264557\/revisions\/336138"}],"up":[{"embeddable":true,"href":"https:\/\/globecore.com\/pt-pt\/wp-json\/wp\/v2\/pages\/112858"}],"wp:featuredmedia":[{"embeddable":true,"href":"https:\/\/globecore.com\/pt-pt\/wp-json\/wp\/v2\/media\/36865"}],"wp:attachment":[{"href":"https:\/\/globecore.com\/pt-pt\/wp-json\/wp\/v2\/media?parent=264557"}],"wp:term":[{"taxonomy":"category","embeddable":true,"href":"https:\/\/globecore.com\/pt-pt\/wp-json\/wp\/v2\/categories?post=264557"}],"curies":[{"name":"wp","href":"https:\/\/api.w.org\/{rel}","templated":true}]}}