{"id":271477,"date":"2023-12-06T08:07:32","date_gmt":"2023-12-06T08:07:32","guid":{"rendered":"https:\/\/globecore.com\/products\/transformer-maintenance\/transformer-evacuation-unit-bv-5000\/"},"modified":"2026-03-06T11:53:02","modified_gmt":"2026-03-06T11:53:02","slug":"transformer-evacuation-unit-bv-5000","status":"publish","type":"page","link":"https:\/\/globecore.com\/pt-pt\/products\/transformer-maintenance\/transformer-evacuation-unit-bv-5000\/","title":{"rendered":"BV-5000 Unidade de Evacua\u00e7\u00e3o de Transformadores (Capacidade de 5000 m\u00b3\/hora)"},"content":{"rendered":"","protected":false},"excerpt":{"rendered":"<p>A unidade de evacua\u00e7\u00e3o de transformadores BV-5000 \u00e9 projetada para gerar o v\u00e1cuo necess\u00e1rio para evacuar os tanques de transformadores. \u00c9 utilizada durante a montagem, manuten\u00e7\u00e3o e opera\u00e7\u00e3o de equipamentos preenchidos com \u00f3leo, incluindo transformadores de pot\u00eancia e disjuntores de alta tens\u00e3o, at\u00e9 1.150\u202fkV. A unidade, com uma velocidade geom\u00e9trica de bombeamento de 5.000\u202fm\u00b3\/h, \u00e9 adequada para evacua\u00e7\u00e3o e secagem de transformadores e \u00e9 ideal para empresas de instala\u00e7\u00e3o, reparo e manuten\u00e7\u00e3o que trabalham com tratamento de \u00f3leo de transformadores e servi\u00e7o de transformadores.<\/p>\n","protected":false},"author":7,"featured_media":108809,"parent":112858,"menu_order":0,"comment_status":"closed","ping_status":"closed","template":"templates\/single-product.php","meta":{"_acf_changed":false,"_bbp_topic_count":0,"_bbp_reply_count":0,"_bbp_total_topic_count":0,"_bbp_total_reply_count":0,"_bbp_voice_count":0,"_bbp_anonymous_reply_count":0,"_bbp_topic_count_hidden":0,"_bbp_reply_count_hidden":0,"_bbp_forum_subforum_count":0,"footnotes":""},"categories":[2479],"class_list":["post-271477","page","type-page","status-publish","has-post-thumbnail","hentry","category-manutencao-do-transformador","oil_type-transformadores-de-distribuicao","oil_type-transformadores-elevadores","oil_type-transformadores-para-fins-especiais","oil_type-transformadores-redutores","process_type-desidratacao"],"acf":{"add_tab":[{"tab_title":"Descri\u00e7\u00e3o","tab_content":"<p style=\"text-align: justify;\">A unidade de evacua\u00e7\u00e3o de transformadores BV-5000 foi projetada para obter o volume de v\u00e1cuo necess\u00e1rio para a evacua\u00e7\u00e3o do tanque do transformador. Utilize a unidade durante a montagem, manuten\u00e7\u00e3o e opera\u00e7\u00e3o de equipamentos preenchidos com \u00f3leo (transformadores de pot\u00eancia, interruptores de alta tens\u00e3o, etc.) at\u00e9 1150 kV de tens\u00e3o. A unidade pode ser usada para evacua\u00e7\u00e3o de transformadores e secagem de transformadores. A unidade pode ser utilizada por empresas de instala\u00e7\u00e3o, reparo e manuten\u00e7\u00e3o que lidam com o tratamento de \u00f3leo de transformador e servi\u00e7os de transformador.<\/p>\r\n<p style=\"text-align: justify;\">A unidade n\u00e3o \u00e9 adequada para opera\u00e7\u00e3o em ambientes explosivos ou t\u00f3xicos, assim como em ambientes reativos a materiais lubrificantes.<\/p>\r\n<p style=\"text-align: justify;\">Ao operar a unidade em ambientes fechados, instale uma linha de exaust\u00e3o de gases para evacuar os gases para a atmosfera.<\/p>"}],"add_def_tab":[{"tab_title":"Especifica\u00e7\u00f5es","tab_content":"<table width=\"454\">\r\n<tbody>\r\n<tr>\r\n<td width=\"31\"><strong>\u2116<\/strong><\/td>\r\n<td style=\"text-align: center;\" width=\"302\"><strong>Par\u00e2metro<\/strong><\/td>\r\n<td style=\"text-align: center;\" width=\"114\"><strong>Valor<\/strong><\/td>\r\n<\/tr>\r\n<tr>\r\n<td width=\"31\">1<\/td>\r\n<td width=\"302\">Velocidade geom\u00e9trica de bombeamento, m<sup>3<\/sup>\/hora<\/td>\r\n<td style=\"text-align: center;\" width=\"114\">5000<\/td>\r\n<\/tr>\r\n<tr>\r\n<td width=\"31\">2<\/td>\r\n<td width=\"302\">V\u00e1cuo de opera\u00e7\u00e3o, mbar<\/td>\r\n<td style=\"text-align: center;\" width=\"114\">&lt;1<\/td>\r\n<\/tr>\r\n<tr>\r\n<td width=\"31\">3<\/td>\r\n<td width=\"302\">M\u00e9todo de resfriamento<\/td>\r\n<td style=\"text-align: center;\" width=\"114\">Ar<\/td>\r\n<\/tr>\r\n<tr>\r\n<td width=\"31\">4<\/td>\r\n<td width=\"302\">Consumo m\u00e1ximo de energia, kW<\/td>\r\n<td style=\"text-align: center;\" width=\"114\">32<\/td>\r\n<\/tr>\r\n<tr>\r\n<td width=\"31\">5<\/td>\r\n<td width=\"302\">Conex\u00e3o, entrada\/sa\u00edda<\/td>\r\n<td style=\"text-align: center;\" width=\"114\">Dn200\/Dn65<\/td>\r\n<\/tr>\r\n<tr>\r\n<td width=\"31\">6<\/td>\r\n<td width=\"302\">Dimens\u00f5es mm, n\u00e3o mais:<\/td>\r\n<td width=\"114\"><\/td>\r\n<\/tr>\r\n<tr>\r\n<td width=\"31\">7<\/td>\r\n<td width=\"302\">\u2013 comprimento, mm<\/td>\r\n<td style=\"text-align: center;\" width=\"114\">2350<\/td>\r\n<\/tr>\r\n<tr>\r\n<td width=\"31\">8<\/td>\r\n<td width=\"302\">\u2013 largura, mm<\/td>\r\n<td style=\"text-align: center;\" width=\"114\">1440<\/td>\r\n<\/tr>\r\n<tr>\r\n<td width=\"31\">9<\/td>\r\n<td width=\"302\">\u2013 altura com\/sem olhais, mm<\/td>\r\n<td style=\"text-align: center;\" width=\"114\">1650\/1520<\/td>\r\n<\/tr>\r\n<tr>\r\n<td width=\"31\">10<\/td>\r\n<td width=\"302\">Peso, kg, n\u00e3o mais<\/td>\r\n<td style=\"text-align: center;\" width=\"114\">2200<\/td>\r\n<\/tr>\r\n<\/tbody>\r\n<\/table>"},{"tab_title":"Vantagens","tab_content":"<ul>\r\n \t<li style=\"text-align: justify;\" aria-level=\"1\">Remo\u00e7\u00e3o r\u00e1pida de ar, vapor, gases n\u00e3o agressivos e misturas vapor-g\u00e1s devido a um booster;<\/li>\r\n \t<li style=\"text-align: justify;\" aria-level=\"1\">As unidades podem ser usadas para manuten\u00e7\u00e3o e opera\u00e7\u00e3o de transformadores preenchidos com \u00f3leo e interruptores de alta tens\u00e3o at\u00e9 1150 kV de tens\u00e3o;<\/li>\r\n \t<li style=\"text-align: justify;\" aria-level=\"1\">Evacua\u00e7\u00e3o de alto n\u00edvel.<\/li>\r\n<\/ul>"},{"tab_title":"Aplica\u00e7\u00e3o","tab_content":"[product_oil_types]"},{"tab_title":"Webinar","tab_content":"<div class=\"responsive-embed widescreen\">\r\n<div class=\"responsive-embed widescreen\">\r\n<div class=\"responsive-embed widescreen\">\r\n<div class=\"responsive-embed widescreen\">\r\n<div class=\"responsive-embed widescreen\">\r\n<div class=\"responsive-embed widescreen\">\r\n<div class=\"responsive-embed widescreen\">\r\n<div class=\"responsive-embed widescreen\">\r\n<div class=\"responsive-embed widescreen\"><iframe title=\"Manuten\u00e7\u00e3o dos transformadores de pot\u00eancia\" src=\"https:\/\/www.youtube.com\/embed\/RblXgV_sUy0?feature=oembed\" width=\"500\" height=\"281\" frameborder=\"0\" allowfullscreen=\"allowfullscreen\"><\/iframe><\/div>\r\n<\/div>\r\n<\/div>\r\n<\/div>\r\n<\/div>\r\n<\/div>\r\n<\/div>\r\n<\/div>\r\n<\/div>"}],"add_video_tab":[{"video_tab_title":"Video","add_video_id":[{"video_id":"kUiGCuVJ8ak"},{"video_id":"t961XTkis_A"}]}],"add_gallery_tab":null,"add_price_tab":null},"language":"pt-pt","_links":{"self":[{"href":"https:\/\/globecore.com\/pt-pt\/wp-json\/wp\/v2\/pages\/271477","targetHints":{"allow":["GET"]}}],"collection":[{"href":"https:\/\/globecore.com\/pt-pt\/wp-json\/wp\/v2\/pages"}],"about":[{"href":"https:\/\/globecore.com\/pt-pt\/wp-json\/wp\/v2\/types\/page"}],"author":[{"embeddable":true,"href":"https:\/\/globecore.com\/pt-pt\/wp-json\/wp\/v2\/users\/7"}],"replies":[{"embeddable":true,"href":"https:\/\/globecore.com\/pt-pt\/wp-json\/wp\/v2\/comments?post=271477"}],"version-history":[{"count":2,"href":"https:\/\/globecore.com\/pt-pt\/wp-json\/wp\/v2\/pages\/271477\/revisions"}],"predecessor-version":[{"id":336142,"href":"https:\/\/globecore.com\/pt-pt\/wp-json\/wp\/v2\/pages\/271477\/revisions\/336142"}],"up":[{"embeddable":true,"href":"https:\/\/globecore.com\/pt-pt\/wp-json\/wp\/v2\/pages\/112858"}],"wp:featuredmedia":[{"embeddable":true,"href":"https:\/\/globecore.com\/pt-pt\/wp-json\/wp\/v2\/media\/108809"}],"wp:attachment":[{"href":"https:\/\/globecore.com\/pt-pt\/wp-json\/wp\/v2\/media?parent=271477"}],"wp:term":[{"taxonomy":"category","embeddable":true,"href":"https:\/\/globecore.com\/pt-pt\/wp-json\/wp\/v2\/categories?post=271477"}],"curies":[{"name":"wp","href":"https:\/\/api.w.org\/{rel}","templated":true}]}}