{"id":272740,"date":"2021-05-13T05:27:41","date_gmt":"2021-05-13T05:27:41","guid":{"rendered":"https:\/\/globecore.com\/products\/transformer-maintenance\/uvd-vacuum-filling-unit\/"},"modified":"2026-03-06T12:00:07","modified_gmt":"2026-03-06T12:00:07","slug":"uvd-vacuum-filling-unit","status":"publish","type":"page","link":"https:\/\/globecore.com\/pt-pt\/products\/transformer-maintenance\/uvd-vacuum-filling-unit\/","title":{"rendered":"UVD Unidade de Preenchimento de \u00d3leo a V\u00e1cuo"},"content":{"rendered":"","protected":false},"excerpt":{"rendered":"<p>A unidade de enchimento a v\u00e1cuo UVD \u00e9 projetada para desgasifica\u00e7\u00e3o, armazenamento, transporte e adi\u00e7\u00e3o de \u00f3leo de transformador nas portas de alta tens\u00e3o de transformadores e disjuntores. Destina-se ao uso em usinas, subesta\u00e7\u00f5es e outras instala\u00e7\u00f5es de energia. A unidade pode preparar 30 litros de \u00f3leo, com uma se\u00e7\u00e3o de enchimento de 4 litros, oferecendo versatilidade para armazenar, transportar, desgasificar e adicionar \u00f3leo de transformador.<\/p>\n","protected":false},"author":59,"featured_media":23610,"parent":112858,"menu_order":0,"comment_status":"closed","ping_status":"closed","template":"templates\/single-product.php","meta":{"_acf_changed":false,"_bbp_topic_count":0,"_bbp_reply_count":0,"_bbp_total_topic_count":0,"_bbp_total_reply_count":0,"_bbp_voice_count":0,"_bbp_anonymous_reply_count":0,"_bbp_topic_count_hidden":0,"_bbp_reply_count_hidden":0,"_bbp_forum_subforum_count":0,"footnotes":""},"categories":[2479],"class_list":["post-272740","page","type-page","status-publish","has-post-thumbnail","hentry","category-manutencao-do-transformador","oil_type-transformadores-de-distribuicao","oil_type-transformadores-elevadores","oil_type-transformadores-para-fins-especiais","oil_type-transformadores-redutores","process_type-enchimento"],"acf":{"add_tab":[{"tab_title":"Descri\u00e7\u00e3o","tab_content":"A unidade de <strong>preenchimento a v\u00e1cuo<\/strong> UVD \u00e9 projetada para prepara\u00e7\u00e3o (<strong>desgaseifica\u00e7\u00e3o<\/strong>), armazenamento, transporte e adi\u00e7\u00e3o de \u00f3leo de transformador nas portas de alta tens\u00e3o de <strong>transformadores<\/strong> e <strong>interruptores<\/strong>; a unidade \u00e9 projetada para opera\u00e7\u00e3o em usinas de energia, subesta\u00e7\u00f5es e outras instala\u00e7\u00f5es energ\u00e9ticas."}],"add_def_tab":[{"tab_title":"Especifica\u00e7\u00e3o","tab_content":"<table style=\"height: 705px;\" width=\"988\">\r\n<tbody>\r\n<tr>\r\n<td width=\"228\"><strong>Par\u00e2metro<\/strong><\/td>\r\n<td width=\"98\"><strong>Valor<\/strong><\/td>\r\n<\/tr>\r\n<tr>\r\n<td width=\"228\">Quantidade de \u00f3leo preparado, litros\/gals<\/td>\r\n<td width=\"98\">30\/7.8<\/td>\r\n<\/tr>\r\n<tr>\r\n<td width=\"228\">Quantidade de \u00f3leo na se\u00e7\u00e3o de preenchimento, litros\/gals<\/td>\r\n<td width=\"98\">4\/1.06<\/td>\r\n<\/tr>\r\n<tr>\r\n<td width=\"228\">Press\u00e3o residual na se\u00e7\u00e3o de desgaseifica\u00e7\u00e3o, Pa (mm.hg)<\/td>\r\n<td width=\"98\">6.7 (5\u00d710-2)<\/td>\r\n<\/tr>\r\n<tr>\r\n<td width=\"228\">Press\u00e3o de fornecimento de \u00f3leo, MPa (kg\/cm2)<\/td>\r\n<td width=\"98\">At\u00e9\u20260.4 (at\u00e9\u20264)<\/td>\r\n<\/tr>\r\n<tr>\r\n<td width=\"228\">Pot\u00eancia nominal, kW<\/td>\r\n<td width=\"98\">0.25<\/td>\r\n<\/tr>\r\n<tr>\r\n<td width=\"228\">Tens\u00e3o de alimenta\u00e7\u00e3o 50\/60 Hz, V (60Hz EUA)<\/td>\r\n<td width=\"98\">220<\/td>\r\n<\/tr>\r\n<tr>\r\n<td colspan=\"2\" width=\"326\">Dimens\u00f5es, mm\/ft:<\/td>\r\n<\/tr>\r\n<tr>\r\n<td width=\"228\">\u2022 comprimento\r\n\r\n\u2022 largura\r\n\r\n\u2022 altura<\/td>\r\n<td width=\"98\">900\/2\u201911\u201d\r\n\r\n780\/2\u20197\u201d\r\n\r\n1500\/2\u20194\u201d<\/td>\r\n<\/tr>\r\n<tr>\r\n<td width=\"228\">Peso vazio, kg\/lbs<\/td>\r\n<td width=\"98\">80\/176.8<\/td>\r\n<\/tr>\r\n<\/tbody>\r\n<\/table>"},{"tab_title":"Vantagens","tab_content":"<ul>\r\n \t<li>versatilidade (pode armazenar, transportar, desgaseificar e adicionar \u00f3leo de transformador);<\/li>\r\n \t<li>tamanho compacto e mobilidade;<\/li>\r\n \t<li>opera\u00e7\u00e3o e manuten\u00e7\u00e3o simples.<\/li>\r\n<\/ul>"},{"tab_title":"Aplica\u00e7\u00e3o","tab_content":"[product_oil_types]"},{"tab_title":"Webinar","tab_content":"<div class=\"responsive-embed widescreen\">\r\n<div class=\"responsive-embed widescreen\">\r\n<div class=\"responsive-embed widescreen\">\r\n<div class=\"responsive-embed widescreen\">\r\n<div class=\"responsive-embed widescreen\">\r\n<div class=\"responsive-embed widescreen\">\r\n<div class=\"responsive-embed widescreen\">\r\n<div class=\"responsive-embed widescreen\"><iframe title=\"Manuten\u00e7\u00e3o dos transformadores de pot\u00eancia\" src=\"https:\/\/www.youtube.com\/embed\/RblXgV_sUy0?feature=oembed\" width=\"500\" height=\"281\" frameborder=\"0\" allowfullscreen=\"allowfullscreen\"><\/iframe><\/div>\r\n<\/div>\r\n<\/div>\r\n<\/div>\r\n<\/div>\r\n<\/div>\r\n<\/div>\r\n<\/div>"}],"add_video_tab":[{"video_tab_title":"Video","add_video_id":[{"video_id":"PaYkHemiKes"},{"video_id":"Kk0XpzYiGmM"}]}],"add_gallery_tab":null,"add_price_tab":[{"price_tab_title":"Get a Quote"}]},"language":"pt-pt","_links":{"self":[{"href":"https:\/\/globecore.com\/pt-pt\/wp-json\/wp\/v2\/pages\/272740","targetHints":{"allow":["GET"]}}],"collection":[{"href":"https:\/\/globecore.com\/pt-pt\/wp-json\/wp\/v2\/pages"}],"about":[{"href":"https:\/\/globecore.com\/pt-pt\/wp-json\/wp\/v2\/types\/page"}],"author":[{"embeddable":true,"href":"https:\/\/globecore.com\/pt-pt\/wp-json\/wp\/v2\/users\/59"}],"replies":[{"embeddable":true,"href":"https:\/\/globecore.com\/pt-pt\/wp-json\/wp\/v2\/comments?post=272740"}],"version-history":[{"count":2,"href":"https:\/\/globecore.com\/pt-pt\/wp-json\/wp\/v2\/pages\/272740\/revisions"}],"predecessor-version":[{"id":336149,"href":"https:\/\/globecore.com\/pt-pt\/wp-json\/wp\/v2\/pages\/272740\/revisions\/336149"}],"up":[{"embeddable":true,"href":"https:\/\/globecore.com\/pt-pt\/wp-json\/wp\/v2\/pages\/112858"}],"wp:featuredmedia":[{"embeddable":true,"href":"https:\/\/globecore.com\/pt-pt\/wp-json\/wp\/v2\/media\/23610"}],"wp:attachment":[{"href":"https:\/\/globecore.com\/pt-pt\/wp-json\/wp\/v2\/media?parent=272740"}],"wp:term":[{"taxonomy":"category","embeddable":true,"href":"https:\/\/globecore.com\/pt-pt\/wp-json\/wp\/v2\/categories?post=272740"}],"curies":[{"name":"wp","href":"https:\/\/api.w.org\/{rel}","templated":true}]}}