{"id":275998,"date":"2021-05-13T05:16:33","date_gmt":"2021-05-13T05:16:33","guid":{"rendered":"https:\/\/globecore.com\/products\/transformer-maintenance\/oil-filling-and-transportation-unit-udm\/"},"modified":"2026-03-24T12:37:36","modified_gmt":"2026-03-24T12:37:36","slug":"oil-filling-and-transportation-unit-udm","status":"publish","type":"page","link":"https:\/\/globecore.com\/pt-pt\/products\/transformer-maintenance\/oil-filling-and-transportation-unit-udm\/","title":{"rendered":"UVD-1000 Sistema de Preenchimento e Transporte de \u00d3leo"},"content":{"rendered":"","protected":false},"excerpt":{"rendered":"<p>A unidade UVD-1000 \u00e9 projetada para bombear, armazenar, transportar e encher transformadores com \u00f3leo isolante diel\u00e9trico. Vem equipada com bombas manuais ou el\u00e9tricas. A unidade possui capacidade de 1.000 litros e oferece versatilidade para todas as etapas do manuseio do \u00f3leo de transformador.<\/p>\n","protected":false},"author":59,"featured_media":55402,"parent":112858,"menu_order":0,"comment_status":"closed","ping_status":"closed","template":"templates\/single-product.php","meta":{"_acf_changed":false,"_bbp_topic_count":0,"_bbp_reply_count":0,"_bbp_total_topic_count":0,"_bbp_total_reply_count":0,"_bbp_voice_count":0,"_bbp_anonymous_reply_count":0,"_bbp_topic_count_hidden":0,"_bbp_reply_count_hidden":0,"_bbp_forum_subforum_count":0,"footnotes":""},"categories":[2479],"class_list":["post-275998","page","type-page","status-publish","has-post-thumbnail","hentry","category-manutencao-do-transformador","oil_type-transformadores-de-distribuicao","oil_type-transformadores-elevadores","oil_type-transformadores-para-fins-especiais","oil_type-transformadores-redutores","process_type-enchimento"],"acf":{"add_tab":[{"tab_title":"Descri\u00e7\u00e3o","tab_content":"A unidade UVD-1000 \u00e9 projetada para bombeamento, armazenamento, transporte e <strong>preenchimento de \u00f3leo<b><sup class=\"modern-footnotes-footnote \" data-mfn=\"1\"><a>1<\/a><\/sup><\/b><b> <\/b><\/strong>de <strong>transformadores<b><sup class=\"modern-footnotes-footnote \" data-mfn=\"2\"><a>2<\/a><\/sup><\/b><\/strong> com \u00f3leo <strong>isolante diel\u00e9trico<b><sup class=\"modern-footnotes-footnote \" data-mfn=\"3\"><a>3<\/a><\/sup><\/b><\/strong>. A unidade inclui bombas manuais ou acionadas eletricamente."}],"add_def_tab":[{"tab_title":"Especifica\u00e7\u00e3o","tab_content":"<table>\r\n<tbody>\r\n<tr>\r\n<td width=\"247\"><strong>Par\u00e2metro<\/strong><\/td>\r\n<td width=\"80\"><strong>Valor<\/strong><\/td>\r\n<\/tr>\r\n<tr>\r\n<td width=\"247\">Volume do recipiente, litros\/gal\u00f5es<\/td>\r\n<td width=\"80\">1000\/264.2<\/td>\r\n<\/tr>\r\n<tr>\r\n<td width=\"247\">Capacidade da bomba de entrada, m\u00b3\/gal\u00f5es por hora<\/td>\r\n<td width=\"80\">1.7\/450<\/td>\r\n<\/tr>\r\n<tr>\r\n<td width=\"247\">Capacidade m\u00e1xima da bomba de sa\u00edda manual, l\/gal\u00f5es.min. m\u00e1x<\/td>\r\n<td width=\"80\">30\/7.8<\/td>\r\n<\/tr>\r\n<tr>\r\n<td width=\"247\">Pot\u00eancia nominal, kW<\/td>\r\n<td width=\"80\">2.2<\/td>\r\n<\/tr>\r\n<tr>\r\n<td width=\"247\">Par\u00e2metros da alimenta\u00e7\u00e3o el\u00e9trica<\/td>\r\n<td width=\"80\">totalmente personaliz\u00e1vel<\/td>\r\n<\/tr>\r\n<tr>\r\n<td width=\"327\">Dimens\u00f5es, mm\/ft, m\u00e1x<\/td>\r\n<td width=\"327\"><\/td>\r\n<\/tr>\r\n<tr>\r\n<td width=\"247\">\u2022 comprimento\u2022 largura\u2022 altura<\/td>\r\n<td width=\"80\">3575\/141\u201d\r\n1805\/71.1\u201d\r\n1705\/67.1\u201d<\/td>\r\n<\/tr>\r\n<tr>\r\n<td width=\"247\">Peso, kg\/lbs, m\u00e1x<\/td>\r\n<td width=\"80\">850\/1,878.5<\/td>\r\n<\/tr>\r\n<\/tbody>\r\n<\/table>"},{"tab_title":"Vantagens","tab_content":"<ul>\r\n \t<li>versatilidade (bombear, armazenar, transportar e adicionar \u00f3leo de transformador);<\/li>\r\n \t<li>mobilidade;<\/li>\r\n \t<li>opera\u00e7\u00e3o e manuten\u00e7\u00e3o simples.<\/li>\r\n<\/ul>"},{"tab_title":"Aplica\u00e7\u00e3o","tab_content":"[product_oil_types]"},{"tab_title":"Webinar","tab_content":"<div class=\"responsive-embed widescreen\">\r\n<div class=\"responsive-embed widescreen\">\r\n<div class=\"responsive-embed widescreen\">\r\n<div class=\"responsive-embed widescreen\">\r\n<div class=\"responsive-embed widescreen\">\r\n<div class=\"responsive-embed widescreen\">\r\n<div class=\"responsive-embed widescreen\">\r\n<div class=\"responsive-embed widescreen\">\r\n<div class=\"responsive-embed widescreen\"><iframe title=\"Manuten\u00e7\u00e3o dos transformadores de pot\u00eancia\" src=\"https:\/\/www.youtube.com\/embed\/RblXgV_sUy0?feature=oembed\" width=\"500\" height=\"281\" frameborder=\"0\" allowfullscreen=\"allowfullscreen\"><\/iframe><\/div>\r\n<\/div>\r\n<\/div>\r\n<\/div>\r\n<\/div>\r\n<\/div>\r\n<\/div>\r\n<\/div>\r\n<\/div>"}],"add_video_tab":[{"video_tab_title":"Video","add_video_id":[{"video_id":"RivkvYp1Pc8"}]}],"add_gallery_tab":null,"add_price_tab":[{"price_tab_title":"Get a Quote"}]},"language":"pt-pt","_links":{"self":[{"href":"https:\/\/globecore.com\/pt-pt\/wp-json\/wp\/v2\/pages\/275998","targetHints":{"allow":["GET"]}}],"collection":[{"href":"https:\/\/globecore.com\/pt-pt\/wp-json\/wp\/v2\/pages"}],"about":[{"href":"https:\/\/globecore.com\/pt-pt\/wp-json\/wp\/v2\/types\/page"}],"author":[{"embeddable":true,"href":"https:\/\/globecore.com\/pt-pt\/wp-json\/wp\/v2\/users\/59"}],"replies":[{"embeddable":true,"href":"https:\/\/globecore.com\/pt-pt\/wp-json\/wp\/v2\/comments?post=275998"}],"version-history":[{"count":3,"href":"https:\/\/globecore.com\/pt-pt\/wp-json\/wp\/v2\/pages\/275998\/revisions"}],"predecessor-version":[{"id":342236,"href":"https:\/\/globecore.com\/pt-pt\/wp-json\/wp\/v2\/pages\/275998\/revisions\/342236"}],"up":[{"embeddable":true,"href":"https:\/\/globecore.com\/pt-pt\/wp-json\/wp\/v2\/pages\/112858"}],"wp:featuredmedia":[{"embeddable":true,"href":"https:\/\/globecore.com\/pt-pt\/wp-json\/wp\/v2\/media\/55402"}],"wp:attachment":[{"href":"https:\/\/globecore.com\/pt-pt\/wp-json\/wp\/v2\/media?parent=275998"}],"wp:term":[{"taxonomy":"category","embeddable":true,"href":"https:\/\/globecore.com\/pt-pt\/wp-json\/wp\/v2\/categories?post=275998"}],"curies":[{"name":"wp","href":"https:\/\/api.w.org\/{rel}","templated":true}]}}