{"id":281719,"date":"2021-05-12T13:03:09","date_gmt":"2021-05-12T13:03:09","guid":{"rendered":"https:\/\/globecore.com\/products\/zeolite-regeneration-and-drying\/zeolite-regeneration-units-brz\/"},"modified":"2026-03-06T12:27:57","modified_gmt":"2026-03-06T12:27:57","slug":"zeolite-regeneration-units-brz","status":"publish","type":"page","link":"https:\/\/globecore.com\/pt-pt\/products\/zeolite-regeneration-and-drying\/zeolite-regeneration-units-brz\/","title":{"rendered":"BRZ Bloco de Regenera\u00e7\u00e3o de Ze\u00f3lita BRZ"},"content":{"rendered":"","protected":false},"excerpt":{"rendered":"<p>A unidade de regenera\u00e7\u00e3o BRZ foi projetada para restaurar o desempenho dos cartuchos de sorvente utilizados no sistema de secagem de transformadores CMM-260C para a secagem de \u00f3leo isolante diel\u00e9trico. A unidade regenera os cartuchos de ze\u00f3lita por meio de um fluxo controlado de ar quente que remove o excesso de umidade e restabelece a capacidade de adsor\u00e7\u00e3o. Durante a opera\u00e7\u00e3o, a vaz\u00e3o do soprador \u00e9 de 2,3 m\u00b3\/min e a temperatura do ar quente atinge 250 \u00b0C (483 \u00b0F), garantindo secagem eficiente e prepara\u00e7\u00e3o confi\u00e1vel do sorvente para reutiliza\u00e7\u00e3o.<\/p>\n","protected":false},"author":59,"featured_media":32256,"parent":112906,"menu_order":0,"comment_status":"closed","ping_status":"closed","template":"templates\/single-product.php","meta":{"_acf_changed":false,"_bbp_topic_count":0,"_bbp_reply_count":0,"_bbp_total_topic_count":0,"_bbp_total_reply_count":0,"_bbp_voice_count":0,"_bbp_anonymous_reply_count":0,"_bbp_topic_count_hidden":0,"_bbp_reply_count_hidden":0,"_bbp_forum_subforum_count":0,"footnotes":""},"categories":[1341],"class_list":["post-281719","page","type-page","status-publish","has-post-thumbnail","hentry","category-oil-maintenance-pt-pt","oil_type-sorbente","process_type-regeneracao"],"acf":{"add_tab":[{"tab_title":"Descri\u00e7\u00e3o","tab_content":"A unidade de regenera\u00e7\u00e3o BRZ \u00e9 projetada para restaurar o desempenho dos cartuchos de <strong>sorvente<\/strong><b><sup class=\"modern-footnotes-footnote\" data-mfn=\"1\"><a data-mfn-reset=\"\">1<\/a><\/sup><\/b> do sistema de secagem CMM-260C usados na <strong>secagem<\/strong><b><sup class=\"modern-footnotes-footnote\" data-mfn=\"2\"><a>2<\/a><\/sup><\/b> de \u00f3leo <strong>isolante diel\u00e9trico<\/strong><b><sup class=\"modern-footnotes-footnote\" data-mfn=\"3\"><a>3<\/a><\/sup><\/b>. A unidade BRZ regenera os cartuchos utilizando ar quente para purgar e limpar os cartuchos do excesso de umidade."}],"add_def_tab":[{"tab_title":"Especifica\u00e7\u00e3o","tab_content":"<table>\r\n<tbody>\r\n<tr>\r\n<td style=\"text-align: center;\" width=\"328\"><strong>Par\u00e2metro<\/strong><\/td>\r\n<td style=\"text-align: center;\" width=\"329\"><strong>Valor<\/strong><\/td>\r\n<\/tr>\r\n<tr>\r\n<td width=\"328\">Pot\u00eancia do aquecedor, kW<\/td>\r\n<td style=\"text-align: center;\" width=\"329\">10.8<\/td>\r\n<\/tr>\r\n<tr>\r\n<td width=\"328\">Pot\u00eancia do acionamento do ventilador do resfriador, kW<\/td>\r\n<td style=\"text-align: center;\" width=\"329\">0.75<\/td>\r\n<\/tr>\r\n<tr>\r\n<td width=\"328\">Pot\u00eancia nominal, kW<\/td>\r\n<td style=\"text-align: center;\" width=\"329\">13.2<\/td>\r\n<\/tr>\r\n<tr>\r\n<td colspan=\"2\" width=\"657\">Par\u00e2metros do modo de secagem de ze\u00f3lita<\/td>\r\n<\/tr>\r\n<tr>\r\n<td width=\"328\">\r\n<ul>\r\n \t<li>Vaz\u00e3o do ventilador de ar, m3\/minuto<\/li>\r\n<\/ul>\r\n<\/td>\r\n<td style=\"text-align: center;\" width=\"329\">2.3<\/td>\r\n<\/tr>\r\n<tr>\r\n<td width=\"328\">\r\n<ul>\r\n \t<li>Temperatura do ar quente, \u00b0C\/\u00b0F<\/li>\r\n<\/ul>\r\n<\/td>\r\n<td style=\"text-align: center;\" width=\"329\">250\/483<\/td>\r\n<\/tr>\r\n<tr>\r\n<td colspan=\"2\" width=\"657\">Par\u00e2metros do modo de evacua\u00e7\u00e3o a v\u00e1cuo<\/td>\r\n<\/tr>\r\n<tr>\r\n<td width=\"328\">\r\n<ul>\r\n \t<li>Taxa de evacua\u00e7\u00e3o, l\/segundo<\/li>\r\n<\/ul>\r\n<\/td>\r\n<td style=\"text-align: center;\" width=\"329\">6.6<\/td>\r\n<\/tr>\r\n<tr>\r\n<td width=\"328\">\r\n<ul>\r\n \t<li>Press\u00e3o residual, mbar (mPa)<\/li>\r\n<\/ul>\r\n<\/td>\r\n<td style=\"text-align: center;\" width=\"329\">250<\/td>\r\n<\/tr>\r\n<tr>\r\n<td colspan=\"2\" width=\"657\">Dimens\u00f5es, mm:<\/td>\r\n<\/tr>\r\n<tr>\r\n<td width=\"328\">\r\n<ul>\r\n \t<li>Comprimento<\/li>\r\n<\/ul>\r\n<\/td>\r\n<td style=\"text-align: center;\" width=\"329\">1100\/3\u20193\u2019\u2019<\/td>\r\n<\/tr>\r\n<tr>\r\n<td width=\"328\">\r\n<ul>\r\n \t<li>Largura<\/li>\r\n<\/ul>\r\n<\/td>\r\n<td style=\"text-align: center;\" width=\"329\">650\/2\u20192\u2019\u2019<\/td>\r\n<\/tr>\r\n<tr>\r\n<td width=\"328\">\r\n<ul>\r\n \t<li>Altura<\/li>\r\n<\/ul>\r\n<\/td>\r\n<td style=\"text-align: center;\" width=\"329\">1250\/4\u20191\u2019\u2019<\/td>\r\n<\/tr>\r\n<tr>\r\n<td width=\"328\">Peso, kg<\/td>\r\n<td style=\"text-align: center;\" width=\"329\">220\/486.2<\/td>\r\n<\/tr>\r\n<\/tbody>\r\n<\/table>"},{"tab_title":"Vantagens","tab_content":"<ul>\r\n \t<li>restaura\u00e7\u00e3o dos par\u00e2metros iniciais da ze\u00f3lita;<\/li>\r\n \t<li>outros sorventes podem ser regenerados, como gel de s\u00edlica;<\/li>\r\n \t<li>pode ser usado com a unidade CMM-260C ou de forma independente;<\/li>\r\n \t<li>tamanho compacto e mobilidade;<\/li>\r\n \t<li>opera\u00e7\u00e3o e manuten\u00e7\u00e3o simples.<\/li>\r\n<\/ul>"},{"tab_title":"Aplica\u00e7\u00e3o","tab_content":"[product_oil_types]"},{"tab_title":"Webinar","tab_content":"<div class=\"responsive-embed widescreen\">\r\n<div class=\"responsive-embed widescreen\">\r\n<div class=\"responsive-embed widescreen\">\r\n<div class=\"responsive-embed widescreen\">\r\n<div class=\"responsive-embed widescreen\">\r\n<div class=\"responsive-embed widescreen\">\r\n<div class=\"responsive-embed widescreen\">\r\n<div class=\"responsive-embed widescreen\">\r\n<div class=\"responsive-embed widescreen\"><iframe title=\"Manuten\u00e7\u00e3o dos transformadores de pot\u00eancia\" src=\"https:\/\/www.youtube.com\/embed\/RblXgV_sUy0?feature=oembed\" width=\"500\" height=\"281\" frameborder=\"0\" allowfullscreen=\"allowfullscreen\"><\/iframe><\/div>\r\n<\/div>\r\n<\/div>\r\n<\/div>\r\n<\/div>\r\n<\/div>\r\n<\/div>\r\n<\/div>\r\n<\/div>"}],"add_video_tab":[{"video_tab_title":"Video","add_video_id":[{"video_id":"HjRSRwuy7eU"},{"video_id":"nchiMbOL1tk"},{"video_id":"Q0cKhvt2ARw"}]}],"add_gallery_tab":null,"add_price_tab":[{"price_tab_title":"Get a Quote"}]},"language":"pt-pt","_links":{"self":[{"href":"https:\/\/globecore.com\/pt-pt\/wp-json\/wp\/v2\/pages\/281719","targetHints":{"allow":["GET"]}}],"collection":[{"href":"https:\/\/globecore.com\/pt-pt\/wp-json\/wp\/v2\/pages"}],"about":[{"href":"https:\/\/globecore.com\/pt-pt\/wp-json\/wp\/v2\/types\/page"}],"author":[{"embeddable":true,"href":"https:\/\/globecore.com\/pt-pt\/wp-json\/wp\/v2\/users\/59"}],"replies":[{"embeddable":true,"href":"https:\/\/globecore.com\/pt-pt\/wp-json\/wp\/v2\/comments?post=281719"}],"version-history":[{"count":2,"href":"https:\/\/globecore.com\/pt-pt\/wp-json\/wp\/v2\/pages\/281719\/revisions"}],"predecessor-version":[{"id":336170,"href":"https:\/\/globecore.com\/pt-pt\/wp-json\/wp\/v2\/pages\/281719\/revisions\/336170"}],"up":[{"embeddable":true,"href":"https:\/\/globecore.com\/pt-pt\/wp-json\/wp\/v2\/pages\/112906"}],"wp:featuredmedia":[{"embeddable":true,"href":"https:\/\/globecore.com\/pt-pt\/wp-json\/wp\/v2\/media\/32256"}],"wp:attachment":[{"href":"https:\/\/globecore.com\/pt-pt\/wp-json\/wp\/v2\/media?parent=281719"}],"wp:term":[{"taxonomy":"category","embeddable":true,"href":"https:\/\/globecore.com\/pt-pt\/wp-json\/wp\/v2\/categories?post=281719"}],"curies":[{"name":"wp","href":"https:\/\/api.w.org\/{rel}","templated":true}]}}