{"id":285844,"date":"2021-04-26T10:39:52","date_gmt":"2021-04-26T10:39:52","guid":{"rendered":"https:\/\/globecore.com\/products\/zeolite-regeneration-and-drying\/brps-zeolite-regeneration-block\/"},"modified":"2026-03-06T12:32:36","modified_gmt":"2026-03-06T12:32:36","slug":"brps-zeolite-regeneration-block","status":"publish","type":"page","link":"https:\/\/globecore.com\/pt-pt\/products\/zeolite-regeneration-and-drying\/brps-zeolite-regeneration-block\/","title":{"rendered":"BRPS Bloco de Regenera\u00e7\u00e3o de Ze\u00f3lito"},"content":{"rendered":"","protected":false},"excerpt":{"rendered":"<p>A planta BRPS foi projetada para limpar o sorvente (ze\u00f3lita) de res\u00edduos de \u00f3leo utilizando vapor superaquecido e para remover a umidade absorvida por meio de secagem com ar quente. \u00c9 utilizada em instala\u00e7\u00f5es de energia e industriais onde adsorvedores com ze\u00f3lita realizam a secagem de \u00f3leos lubrificantes e isolantes, como em sistemas de secagem de transformadores. Para restaurar as propriedades de adsor\u00e7\u00e3o, a ze\u00f3lita deve ser aquecida a 250 \u00b0C. Como cont\u00e9m res\u00edduos de \u00f3leo com ponto de fulgor mais baixo, estes s\u00e3o removidos inicialmente com vapor superaquecido e coletados em um tanque auxiliar. Em seguida, a ze\u00f3lita \u00e9 seca com ar quente at\u00e9 250 \u00b0C e submetida a v\u00e1cuo para remover vapor e gases remanescentes. Ap\u00f3s o resfriamento, est\u00e1 pronta para reutiliza\u00e7\u00e3o.<\/p>\n","protected":false},"author":7,"featured_media":37698,"parent":112906,"menu_order":0,"comment_status":"closed","ping_status":"closed","template":"templates\/single-product.php","meta":{"_acf_changed":false,"_bbp_topic_count":0,"_bbp_reply_count":0,"_bbp_total_topic_count":0,"_bbp_total_reply_count":0,"_bbp_voice_count":0,"_bbp_anonymous_reply_count":0,"_bbp_topic_count_hidden":0,"_bbp_reply_count_hidden":0,"_bbp_forum_subforum_count":0,"footnotes":""},"categories":[1341],"class_list":["post-285844","page","type-page","status-publish","has-post-thumbnail","hentry","category-oil-maintenance-pt-pt","oil_type-sorbente","process_type-regeneracao"],"acf":{"add_tab":[{"tab_title":"Descri\u00e7\u00e3o","tab_content":"<p style=\"text-align: justify;\">A planta BRPS \u00e9 projetada para limpar o sorvente (ze\u00f3lito) de res\u00edduos de \u00f3leo utilizando vapor superaquecido e remover a umidade absorvida anteriormente por secagem com ar quente.<\/p>\r\n<p style=\"text-align: justify;\">O bloco \u00e9 utilizado em usinas de gera\u00e7\u00e3o de energia, ind\u00fastrias e outros setores que utilizam adsorvedores preenchidos com ze\u00f3lito para secar \u00f3leos lubrificantes e isolantes el\u00e9tricos, como o sistema de secagem de transformadores CMM-260C.<\/p>\r\n\r\n<h2 style=\"text-align: center;\">Princ\u00edpio de funcionamento<\/h2>\r\n<p style=\"text-align: justify;\">Para recuperar as propriedades de absor\u00e7\u00e3o do ze\u00f3lito, ele deve ser aquecido a 250 <span class=\"ILfuVd\"><span class=\"hgKElc\">\u00b0C<\/span><\/span>. No entanto, o ze\u00f3lito cont\u00e9m res\u00edduos de \u00f3leo, cujo ponto de fulgor geralmente \u00e9 muito mais baixo, por exemplo, 130 <span class=\"ILfuVd\"><span class=\"hgKElc\">\u00b0C<\/span><\/span> para o \u00f3leo de transformador.<\/p>\r\n<p style=\"text-align: justify;\">Portanto, antes de aquecer, a planta remove os res\u00edduos de \u00f3leo limpando a camada de ze\u00f3lito com vapor superaquecido gerado por um gerador de vapor. Os produtos de limpeza s\u00e3o coletados em um tanque auxiliar.<\/p>\r\n<p style=\"text-align: justify;\">Ap\u00f3s a remo\u00e7\u00e3o dos res\u00edduos de \u00f3leo, o ze\u00f3lito \u00e9 seco com ar quente fornecido por um soprador para o aquecedor, com a temperatura de 250 <span class=\"ILfuVd\"><span class=\"hgKElc\">\u00b0C<\/span><\/span> na sa\u00edda do aquecedor.<\/p>\r\n<p style=\"text-align: justify;\">Na etapa final, o equipamento preenchido com ze\u00f3lito \u00e9 vacuado devido \u00e0 opera\u00e7\u00e3o de uma bomba de v\u00e1cuo, que bombeia o restante do vapor e misturas de vapor-g\u00e1s.<\/p>\r\n<p style=\"text-align: justify;\">Ap\u00f3s o ze\u00f3lito esfriar, ele estar\u00e1 pronto para ser reutilizado na secagem de \u00f3leos industriais.<\/p>"}],"add_def_tab":[{"tab_title":"Especifica\u00e7\u00e3o","tab_content":"<table>\r\n<tbody>\r\n<tr>\r\n<td width=\"54\"><strong>\u2116<\/strong><\/td>\r\n<td width=\"356\">\r\n<p style=\"text-align: center;\"><strong>Par\u00e2metro<\/strong><\/p>\r\n<\/td>\r\n<td width=\"205\">\r\n<p style=\"text-align: center;\"><strong>Valor<\/strong><\/p>\r\n<\/td>\r\n<\/tr>\r\n<tr>\r\n<td width=\"54\">1<\/td>\r\n<td width=\"356\">Par\u00e2metros para o modo de limpeza com vapor<\/td>\r\n<td width=\"205\"><\/td>\r\n<\/tr>\r\n<tr>\r\n<td width=\"54\"><\/td>\r\n<td width=\"356\">\r\n<p style=\"text-align: left;\">\u2013 Temperatura do vapor, 0 \u00b0C<\/p>\r\n<\/td>\r\n<td width=\"205\">\r\n<p style=\"text-align: center;\">150<\/p>\r\n<\/td>\r\n<\/tr>\r\n<tr>\r\n<td width=\"54\"><\/td>\r\n<td width=\"356\">\r\n<p style=\"text-align: left;\">\u2013 Press\u00e3o, MPa<\/p>\r\n<\/td>\r\n<td width=\"205\">\r\n<p style=\"text-align: center;\">0,5<\/p>\r\n<\/td>\r\n<\/tr>\r\n<tr>\r\n<td width=\"54\"><\/td>\r\n<td width=\"356\">\r\n<p style=\"text-align: left;\">\u2013 Pot\u00eancia dos aquecedores, kW<\/p>\r\n<\/td>\r\n<td width=\"205\">\r\n<p style=\"text-align: center;\">12<\/p>\r\n<\/td>\r\n<\/tr>\r\n<tr>\r\n<td width=\"54\">2<\/td>\r\n<td width=\"356\">\r\n<p style=\"text-align: left;\">Par\u00e2metros para o modo de secagem<\/p>\r\n<\/td>\r\n<td width=\"205\"><\/td>\r\n<\/tr>\r\n<tr>\r\n<td width=\"54\"><\/td>\r\n<td width=\"356\">\r\n<p style=\"text-align: left;\">\u2013 Capacidade do soprador de ar, m<sup>3<\/sup>\/min, n\u00e3o menos que<\/p>\r\n<\/td>\r\n<td width=\"205\">\r\n<p style=\"text-align: center;\">2,3<\/p>\r\n<\/td>\r\n<\/tr>\r\n<tr>\r\n<td width=\"54\"><\/td>\r\n<td width=\"356\">\r\n<p style=\"text-align: left;\">\u2013 Temperatura do ar aquecido, \u00baC<\/p>\r\n<\/td>\r\n<td width=\"205\">\r\n<p style=\"text-align: center;\">150-250<\/p>\r\n<\/td>\r\n<\/tr>\r\n<tr>\r\n<td width=\"54\">3<\/td>\r\n<td width=\"356\">\r\n<p style=\"text-align: left;\">Par\u00e2metros para o modo de v\u00e1cuo<\/p>\r\n<\/td>\r\n<td width=\"205\"><\/td>\r\n<\/tr>\r\n<tr>\r\n<td width=\"54\"><\/td>\r\n<td width=\"356\">\r\n<p style=\"text-align: left;\">\u2013 Taxa de evacua\u00e7\u00e3o, L\/s, n\u00e3o menos que<\/p>\r\n<\/td>\r\n<td width=\"205\">\r\n<p style=\"text-align: center;\">6,6<\/p>\r\n<\/td>\r\n<\/tr>\r\n<tr>\r\n<td width=\"54\"><\/td>\r\n<td width=\"356\">\u2013 Press\u00e3o residual, mbar (mPa),\r\n<p style=\"text-align: left;\">n\u00e3o mais que<\/p>\r\n<\/td>\r\n<td width=\"205\">\r\n<p style=\"text-align: center;\">2,5 (250)<\/p>\r\n<\/td>\r\n<\/tr>\r\n<tr>\r\n<td width=\"54\">4<\/td>\r\n<td width=\"356\">\r\n<p style=\"text-align: left;\">Pot\u00eancia do soprador de ar, kW, n\u00e3o mais que<\/p>\r\n<\/td>\r\n<td width=\"205\">\r\n<p style=\"text-align: center;\">10,8<\/p>\r\n<\/td>\r\n<\/tr>\r\n<tr>\r\n<td width=\"54\">5<\/td>\r\n<td width=\"356\">\r\n<p style=\"text-align: left;\">Pot\u00eancia do motor do impulsor do dispositivo de resfriamento, kW, n\u00e3o mais que<\/p>\r\n<\/td>\r\n<td width=\"205\">\r\n<p style=\"text-align: center;\">0,75<\/p>\r\n<\/td>\r\n<\/tr>\r\n<tr>\r\n<td width=\"54\">6<\/td>\r\n<td width=\"356\">\r\n<p style=\"text-align: left;\">Pot\u00eancia necess\u00e1ria, kW, n\u00e3o mais que<\/p>\r\n<\/td>\r\n<td width=\"205\">\r\n<p style=\"text-align: center;\">13,2<\/p>\r\n<\/td>\r\n<\/tr>\r\n<tr>\r\n<td width=\"54\">7<\/td>\r\n<td width=\"356\">\r\n<p style=\"text-align: left;\">Dimens\u00f5es, mm, n\u00e3o mais que:<\/p>\r\n<\/td>\r\n<td width=\"205\"><\/td>\r\n<\/tr>\r\n<tr>\r\n<td width=\"54\"><\/td>\r\n<td width=\"356\">\r\n<p style=\"text-align: left;\">\u2013 Comprimento<\/p>\r\n<\/td>\r\n<td width=\"205\">\r\n<p style=\"text-align: center;\">1100<\/p>\r\n<\/td>\r\n<\/tr>\r\n<tr>\r\n<td width=\"54\"><\/td>\r\n<td width=\"356\">\r\n<p style=\"text-align: left;\">\u2013 Largura<\/p>\r\n<\/td>\r\n<td width=\"205\">\r\n<p style=\"text-align: center;\">650<\/p>\r\n<\/td>\r\n<\/tr>\r\n<tr>\r\n<td width=\"54\"><\/td>\r\n<td width=\"356\">\r\n<p style=\"text-align: left;\">\u2013 Altura<\/p>\r\n<\/td>\r\n<td width=\"205\">\r\n<p style=\"text-align: center;\">1350<\/p>\r\n<\/td>\r\n<\/tr>\r\n<tr>\r\n<td width=\"54\">8<\/td>\r\n<td width=\"356\">\r\n<p style=\"text-align: left;\">Peso, kg, n\u00e3o mais que<\/p>\r\n<\/td>\r\n<td width=\"205\">\r\n<p style=\"text-align: center;\">210<\/p>\r\n<\/td>\r\n<\/tr>\r\n<\/tbody>\r\n<\/table>"},{"tab_title":"Vantagens","tab_content":"<ul>\r\n \t<li style=\"text-align: justify;\">tamanho compacto;<\/li>\r\n \t<li style=\"text-align: justify;\">mobilidade devido ao design montado em rodas;<\/li>\r\n \t<li style=\"text-align: justify;\">a pot\u00eancia do aquecedor \u00e9 suficiente para aquecer o ar at\u00e9 400 <span class=\"ILfuVd\"><span class=\"hgKElc\">\u00b0C<\/span><\/span>, assim, o BRPS pode ser usado para resolver outros problemas que exigem uma temperatura de aquecimento mais alta;<\/li>\r\n \t<li style=\"text-align: justify;\">economia de ze\u00f3lito devido ao seu reaproveitamento para secar os \u00f3leos.<\/li>\r\n<\/ul>"},{"tab_title":"Aplica\u00e7\u00e3o","tab_content":"[product_oil_types]"},{"tab_title":"Webinar","tab_content":"<div class=\"responsive-embed widescreen\">\r\n<div class=\"responsive-embed widescreen\">\r\n<div class=\"responsive-embed widescreen\">\r\n<div class=\"responsive-embed widescreen\">\r\n<div class=\"responsive-embed widescreen\">\r\n<div class=\"responsive-embed widescreen\">\r\n<div class=\"responsive-embed widescreen\">\r\n<div class=\"responsive-embed widescreen\">\r\n<div class=\"responsive-embed widescreen\"><iframe title=\"Manuten\u00e7\u00e3o dos transformadores de pot\u00eancia\" src=\"https:\/\/www.youtube.com\/embed\/RblXgV_sUy0?feature=oembed\" width=\"500\" height=\"281\" frameborder=\"0\" allowfullscreen=\"allowfullscreen\"><\/iframe><\/div>\r\n<\/div>\r\n<\/div>\r\n<\/div>\r\n<\/div>\r\n<\/div>\r\n<\/div>\r\n<\/div>\r\n<\/div>"}],"add_video_tab":[{"video_tab_title":"Video","add_video_id":[{"video_id":"Q0cKhvt2ARw"},{"video_id":"nchiMbOL1tk"}]}],"add_gallery_tab":null,"add_price_tab":[{"price_tab_title":"Get a quote"}]},"language":"pt-pt","_links":{"self":[{"href":"https:\/\/globecore.com\/pt-pt\/wp-json\/wp\/v2\/pages\/285844","targetHints":{"allow":["GET"]}}],"collection":[{"href":"https:\/\/globecore.com\/pt-pt\/wp-json\/wp\/v2\/pages"}],"about":[{"href":"https:\/\/globecore.com\/pt-pt\/wp-json\/wp\/v2\/types\/page"}],"author":[{"embeddable":true,"href":"https:\/\/globecore.com\/pt-pt\/wp-json\/wp\/v2\/users\/7"}],"replies":[{"embeddable":true,"href":"https:\/\/globecore.com\/pt-pt\/wp-json\/wp\/v2\/comments?post=285844"}],"version-history":[{"count":2,"href":"https:\/\/globecore.com\/pt-pt\/wp-json\/wp\/v2\/pages\/285844\/revisions"}],"predecessor-version":[{"id":336175,"href":"https:\/\/globecore.com\/pt-pt\/wp-json\/wp\/v2\/pages\/285844\/revisions\/336175"}],"up":[{"embeddable":true,"href":"https:\/\/globecore.com\/pt-pt\/wp-json\/wp\/v2\/pages\/112906"}],"wp:featuredmedia":[{"embeddable":true,"href":"https:\/\/globecore.com\/pt-pt\/wp-json\/wp\/v2\/media\/37698"}],"wp:attachment":[{"href":"https:\/\/globecore.com\/pt-pt\/wp-json\/wp\/v2\/media?parent=285844"}],"wp:term":[{"taxonomy":"category","embeddable":true,"href":"https:\/\/globecore.com\/pt-pt\/wp-json\/wp\/v2\/categories?post=285844"}],"curies":[{"name":"wp","href":"https:\/\/api.w.org\/{rel}","templated":true}]}}