{"id":29158,"date":"2019-10-30T08:26:38","date_gmt":"2019-10-30T08:26:38","guid":{"rendered":"https:\/\/globecore.com\/products\/clm-100-colloid-mill\/"},"modified":"2026-03-09T10:31:49","modified_gmt":"2026-03-09T10:31:49","slug":"clm-100-colloid-mill","status":"publish","type":"page","link":"https:\/\/globecore.com\/pt-pt\/products\/laboratorio-para-amostras-de-emulsao\/clm-100-colloid-mill\/","title":{"rendered":"CLM-100.1 Moinho coloidal  Modelo"},"content":{"rendered":"","protected":false},"excerpt":{"rendered":"","protected":false},"author":7,"featured_media":24802,"parent":17007,"menu_order":0,"comment_status":"closed","ping_status":"closed","template":"templates\/single-product.php","meta":{"_acf_changed":false,"_bbp_topic_count":0,"_bbp_reply_count":0,"_bbp_total_topic_count":0,"_bbp_total_reply_count":0,"_bbp_voice_count":0,"_bbp_anonymous_reply_count":0,"_bbp_topic_count_hidden":0,"_bbp_reply_count_hidden":0,"_bbp_forum_subforum_count":0,"footnotes":""},"categories":[1344],"class_list":["post-29158","page","type-page","status-publish","has-post-thumbnail","hentry","category-producao-de-betume","oil_type-industria-da-construcao","process_type-fresagem","process_type-mistura"],"acf":{"add_tab":[{"tab_title":"Descri\u00e7\u00e3o","tab_content":"<p style=\"text-align: justify;\">O moinho coloidal CLM-100.1 foi projetado para homogeneiza\u00e7\u00e3o e emulsifica\u00e7\u00e3o de produtos l\u00edquidos (suspens\u00e3o espessa com altas tens\u00f5es de cisalhamento) em condi\u00e7\u00f5es de laborat\u00f3rio, por exemplo, para obter emuls\u00f5es betuminosas.<\/p>\r\n<p style=\"text-align: justify;\">A unidade pode ser usada para a prepara\u00e7\u00e3o, dissolu\u00e7\u00e3o e processamento de muitos produtos em v\u00e1rias ind\u00fastrias.<\/p>"}],"add_def_tab":[{"tab_title":"Par\u00e2metros","tab_content":"<table>\r\n<tbody>\r\n<tr>\r\n<td><b><i>\u2116<\/i><\/b><\/td>\r\n<td>\r\n<p style=\"text-align: center;\"><b><i> Par\u00e2metro<\/i><\/b><\/p>\r\n<\/td>\r\n<td>\r\n<p style=\"text-align: center;\"><b><i>Valor\u00a0<\/i><\/b><\/p>\r\n<\/td>\r\n<\/tr>\r\n<tr>\r\n<td>1<\/td>\r\n<td>\r\n<p style=\"text-align: left;\">Produtividade unit\u00e1ria, l \/ por\u00e7\u00e3o (gal\u00e3o \/ por\u00e7\u00e3o)<\/p>\r\n<\/td>\r\n<td>\r\n<p style=\"text-align: center;\"><b><i>2\u20264 (0.5\u2026 1)*<\/i><\/b><\/p>\r\n<\/td>\r\n<\/tr>\r\n<tr>\r\n<td>2<\/td>\r\n<td>\r\n<p style=\"text-align: left;\">Volume de entrada, litros (gal\u00f5es)<\/p>\r\n<\/td>\r\n<td>\r\n<p style=\"text-align: center;\"><b><i>5 (1.3)<\/i><\/b><\/p>\r\n<\/td>\r\n<\/tr>\r\n<tr>\r\n<td>3<\/td>\r\n<td>\r\n<p style=\"text-align: left;\">Viscosidade cinem\u00e1tica do produto, mm2 \/ s, max<\/p>\r\n<\/td>\r\n<td>\r\n<p style=\"text-align: center;\"><b><i>150<\/i><\/b><\/p>\r\n<\/td>\r\n<\/tr>\r\n<tr>\r\n<td>4<\/td>\r\n<td>\r\n<p style=\"text-align: left;\">Temperatura de trabalho , \u00b0\u0421 (\u00b0F),n\u00e3o superior a<\/p>\r\n<\/td>\r\n<td>\r\n<p style=\"text-align: center;\"><b><i>180 (356)<\/i><\/b><\/p>\r\n<\/td>\r\n<\/tr>\r\n<tr>\r\n<td>5<\/td>\r\n<td>\r\n<p style=\"text-align: left;\">Tipo de veda\u00e7\u00e3o do eixo<\/p>\r\n<\/td>\r\n<td>\r\n<p style=\"text-align: center;\"><strong><span class=\"tlid-translation translation\" lang=\"pt\"><span class=\"\" title=\"\">\u00e0 beira<\/span><\/span><\/strong><\/p>\r\n<\/td>\r\n<\/tr>\r\n<tr>\r\n<td>6<\/td>\r\n<td>\r\n<p style=\"text-align: left;\">Tipo de ferramenta do sistema rotor \/ estator<\/p>\r\n<\/td>\r\n<td>\r\n<p style=\"text-align: center;\"><b><i>Bicos<\/i><\/b><\/p>\r\n<\/td>\r\n<\/tr>\r\n<tr>\r\n<td>7<\/td>\r\n<td>\r\n<p style=\"text-align: left;\">Um conjunto de l\u00e2minas intercambi\u00e1veis<\/p>\r\n<\/td>\r\n<td>\r\n<p style=\"text-align: center;\"><b><i>opcional**<\/i><\/b><\/p>\r\n<\/td>\r\n<\/tr>\r\n<tr>\r\n<td>8<\/td>\r\n<td>\r\n<p style=\"text-align: left;\">Folga axial das\u00a0 l\u00e2minas (predefinida), mm (pol)<\/p>\r\n<\/td>\r\n<td>\r\n<p style=\"text-align: center;\"><b><i>0,2\u20262 (7.8\u00b710<\/i><\/b><b><i>-3<\/i><\/b><b><i>\u2026 7.8\u00b710<\/i><\/b><b><i>-2<\/i><\/b><b><i>)<\/i><\/b><\/p>\r\n<\/td>\r\n<\/tr>\r\n<tr>\r\n<td>9<\/td>\r\n<td>\r\n<p style=\"text-align: left;\">Folga radial das l\u00e2minas, mm (pol)<\/p>\r\n<\/td>\r\n<td>\r\n<p style=\"text-align: center;\"><b><i>0,25 (9.8\u00b710<\/i><\/b><b><i>-3<\/i><\/b><b><i>)<\/i><\/b><\/p>\r\n<\/td>\r\n<\/tr>\r\n<tr>\r\n<td>10<\/td>\r\n<td>\r\n<p style=\"text-align: left;\">Velocidade circular de rota\u00e7\u00e3o das\u00a0 l\u00e2minas, m \/ s (in \/ s), n\u00e3o mais<\/p>\r\n<\/td>\r\n<td>\r\n<p style=\"text-align: center;\"><b><i>45 (1770)<\/i><\/b><\/p>\r\n<\/td>\r\n<\/tr>\r\n<tr>\r\n<td>11<\/td>\r\n<td>\r\n<p style=\"text-align: left;\">A velocidade de rota\u00e7\u00e3o do eixo e rolamentos do moinho, rpm<\/p>\r\n<\/td>\r\n<td>\r\n<p style=\"text-align: center;\"><b><i>6650<\/i><\/b><\/p>\r\n<\/td>\r\n<\/tr>\r\n<tr>\r\n<td>12<\/td>\r\n<td>\r\n<p style=\"text-align: left;\">Velocidade de rota\u00e7\u00e3o do eixo do motor, rpm<\/p>\r\n<\/td>\r\n<td>\r\n<p style=\"text-align: center;\"><b><i>2770<\/i><\/b><\/p>\r\n<\/td>\r\n<\/tr>\r\n<tr>\r\n<td>13<\/td>\r\n<td>\r\n<p style=\"text-align: left;\">Pot\u00eancia de acionamento, kW<\/p>\r\n<\/td>\r\n<td>\r\n<p style=\"text-align: center;\"><b><i>2,2<\/i><\/b><\/p>\r\n<\/td>\r\n<\/tr>\r\n<tr>\r\n<td>14<\/td>\r\n<td>\r\n<p style=\"text-align: left;\">Tens\u00e3o do circuito de pot\u00eancia, V<\/p>\r\n<\/td>\r\n<td>\r\n<p style=\"text-align: center;\"><b><i>A pedido do requerente\u00a0<\/i><\/b><\/p>\r\n<\/td>\r\n<\/tr>\r\n<tr>\r\n<td rowspan=\"4\">15<\/td>\r\n<td>\r\n<p style=\"text-align: left;\">Dimens\u00f5es totais, mm (pol), n\u00e3o mais que:<\/p>\r\n<\/td>\r\n<td><b><i>\u00a0<\/i><\/b><\/td>\r\n<\/tr>\r\n<tr>\r\n<td>\r\n<p style=\"text-align: left;\">-comprimento<\/p>\r\n<\/td>\r\n<td>\r\n<p style=\"text-align: center;\"><b><i>550 (22)<\/i><\/b><\/p>\r\n<\/td>\r\n<\/tr>\r\n<tr>\r\n<td>\r\n<p style=\"text-align: left;\">-Largura<\/p>\r\n<\/td>\r\n<td>\r\n<p style=\"text-align: center;\"><b><i>600 (24)<\/i><\/b><\/p>\r\n<\/td>\r\n<\/tr>\r\n<tr>\r\n<td>\r\n<p style=\"text-align: left;\">-Altura<\/p>\r\n<\/td>\r\n<td>\r\n<p style=\"text-align: center;\"><b><i>750 (30)<\/i><\/b><\/p>\r\n<\/td>\r\n<\/tr>\r\n<tr>\r\n<td>16<\/td>\r\n<td>\r\n<p style=\"text-align: left;\">Massa , n\u00e3o\u00a0 superior que , kg (lbs)<\/p>\r\n<\/td>\r\n<td>\r\n<p style=\"text-align: center;\"><b><i>70 (154)<\/i><\/b><\/p>\r\n<\/td>\r\n<\/tr>\r\n<\/tbody>\r\n<\/table>\r\nDependendo do produto e formula\u00e7\u00e3o.\r\n\r\nEntregue por contrato com o cliente."},{"tab_title":"Benef\u00edcios","tab_content":"<ul>\r\n \t<li style=\"text-align: justify;\">trabalhar com diferentes tipos de produtos;<\/li>\r\n \t<li style=\"text-align: justify;\">o moinho coloidal pode ser equipado com v\u00e1rios tipos de ferramentas do sistema rotor \/ estator, dependendo do tipo de material que est\u00e1 sendo processado e do impacto necess\u00e1rio<\/li>\r\n \t<li style=\"text-align: justify;\">o tipo de ferramenta do sistema rotor \/ estator \u00e9 selecionado, bem como o n\u00famero de etapas de trabalho para a intensidade ideal do processamento mec\u00e2nico e t\u00e9rmico do produto;<\/li>\r\n \t<li style=\"text-align: justify;\">as ferramentas podem ser dobr\u00e1veis ou fabricadas com uma \u00fanica pe\u00e7a e tamb\u00e9m s\u00e3o fabricadas com diferentes tipos de a\u00e7o, dependendo da finalidade do moinho.<\/li>\r\n<\/ul>"},{"tab_title":"Aplica\u00e7\u00e3o","tab_content":"[product_oil_types]"},{"tab_title":"Webinar","tab_content":"<div class=\"responsive-embed widescreen\">\r\n<div class=\"responsive-embed widescreen\">\r\n<div class=\"responsive-embed widescreen\">\r\n<div class=\"responsive-embed widescreen\"><iframe title=\"Webinar - Moagem Ultrafina na Ind\u00fastria de Alimentos (17.11.2021)\" src=\"https:\/\/www.youtube.com\/embed\/f9boL_C1-Vc?feature=oembed\" width=\"500\" height=\"281\" frameborder=\"0\" allowfullscreen=\"allowfullscreen\"><\/iframe><\/div>\r\n<\/div>\r\n<\/div>\r\n<\/div>"}],"add_video_tab":[{"video_tab_title":"Video","add_video_id":[{"video_id":"8T3417nstRQ"},{"video_id":"r1JwcsHfA6k"}]}],"add_gallery_tab":null,"add_price_tab":[{"price_tab_title":"Obter pre\u00e7o"}]},"language":"pt-pt","_links":{"self":[{"href":"https:\/\/globecore.com\/pt-pt\/wp-json\/wp\/v2\/pages\/29158","targetHints":{"allow":["GET"]}}],"collection":[{"href":"https:\/\/globecore.com\/pt-pt\/wp-json\/wp\/v2\/pages"}],"about":[{"href":"https:\/\/globecore.com\/pt-pt\/wp-json\/wp\/v2\/types\/page"}],"author":[{"embeddable":true,"href":"https:\/\/globecore.com\/pt-pt\/wp-json\/wp\/v2\/users\/7"}],"replies":[{"embeddable":true,"href":"https:\/\/globecore.com\/pt-pt\/wp-json\/wp\/v2\/comments?post=29158"}],"version-history":[{"count":1,"href":"https:\/\/globecore.com\/pt-pt\/wp-json\/wp\/v2\/pages\/29158\/revisions"}],"predecessor-version":[{"id":341855,"href":"https:\/\/globecore.com\/pt-pt\/wp-json\/wp\/v2\/pages\/29158\/revisions\/341855"}],"up":[{"embeddable":true,"href":"https:\/\/globecore.com\/pt-pt\/wp-json\/wp\/v2\/pages\/17007"}],"wp:featuredmedia":[{"embeddable":true,"href":"https:\/\/globecore.com\/pt-pt\/wp-json\/wp\/v2\/media\/24802"}],"wp:attachment":[{"href":"https:\/\/globecore.com\/pt-pt\/wp-json\/wp\/v2\/media?parent=29158"}],"wp:term":[{"taxonomy":"category","embeddable":true,"href":"https:\/\/globecore.com\/pt-pt\/wp-json\/wp\/v2\/categories?post=29158"}],"curies":[{"name":"wp","href":"https:\/\/api.w.org\/{rel}","templated":true}]}}