{"id":295264,"date":"2023-12-29T12:43:30","date_gmt":"2023-12-29T12:43:30","guid":{"rendered":"https:\/\/globecore.com\/products\/instrumentospt\/universal-transformer-oil-tester-tor-7-moisture-gases-solid-particles\/"},"modified":"2026-03-06T13:38:34","modified_gmt":"2026-03-06T13:38:34","slug":"universal-transformer-oil-tester-tor-7-moisture-gases-solid-particles","status":"publish","type":"page","link":"https:\/\/globecore.com\/pt-pt\/products\/instrumentospt\/universal-transformer-oil-tester-tor-7-moisture-gases-solid-particles\/","title":{"rendered":"TOR-7 Testador Universal de \u00d3leo de Transformador (umidade, gases, part\u00edculas s\u00f3lidas)"},"content":{"rendered":"","protected":false},"excerpt":{"rendered":"<p>O TOR-7 \u00e9 um testador de \u00f3leo para transformadores que mede umidade, hidrog\u00eanio, teor de gases e contamina\u00e7\u00e3o por part\u00edculas s\u00f3lidas em um \u00fanico dispositivo. A atividade da \u00e1gua (aw) \u00e9 medida de 0 a 1 com alta precis\u00e3o e a temperatura tamb\u00e9m \u00e9 registrada. O hidrog\u00eanio e a contamina\u00e7\u00e3o s\u00e3o medidos de 25 a 5.000\u202fppm com boa precis\u00e3o e baixa sensibilidade cruzada a outros gases. A pureza do \u00f3leo \u00e9 avaliada de acordo com os padr\u00f5es ISO 4406 e SAE, abrangendo uma faixa de viscosidade de 1 a 1.000\u202fmm\u00b2\/s e classes de contamina\u00e7\u00e3o ISO de 9\/8\/7 a 25\/24\/23.<\/p>\n","protected":false},"author":7,"featured_media":109878,"parent":32199,"menu_order":0,"comment_status":"closed","ping_status":"closed","template":"templates\/single-product.php","meta":{"_acf_changed":false,"_bbp_topic_count":0,"_bbp_reply_count":0,"_bbp_total_topic_count":0,"_bbp_total_reply_count":0,"_bbp_voice_count":0,"_bbp_anonymous_reply_count":0,"_bbp_topic_count_hidden":0,"_bbp_reply_count_hidden":0,"_bbp_forum_subforum_count":0,"footnotes":""},"categories":[1684],"class_list":["post-295264","page","type-page","status-publish","has-post-thumbnail","hentry","category-instruments-pt-pt","oil_type-fluido-dieletrico-fr3","oil_type-fluido-dieletrico-midel-7131","oil_type-oleo-de-silicone","oil_type-oleo-para-transformadores","process_type-teste-de-classe-de-limpeza-de-particulas","process_type-teste-de-gas-residual","process_type-teste-de-hidrogenio","process_type-teste-de-humidade"],"acf":{"add_tab":[{"tab_title":"Descri\u00e7\u00e3o","tab_content":"<p style=\"text-align: justify;\"><span style=\"font-weight: 400;\">O testador de \u00f3leo de transformador TOR-7 foi projetado para determinar o conte\u00fado volum\u00e9trico de g\u00e1s, umidade, contamina\u00e7\u00e3o por part\u00edculas s\u00f3lidas e conte\u00fado de hidrog\u00eanio no \u00f3leo. O dispositivo pode analisar \u00f3leos minerais de transformador com as seguintes caracter\u00edsticas:<\/span><\/p>\r\n\r\n<ul>\r\n \t<li><span style=\"font-weight: 400;\">viscosidade cinem\u00e1tica a 50 \u00b0C - 2...12 mm<sup>2<\/sup>\/s;<\/span><\/li>\r\n \t<li><span style=\"font-weight: 400;\">densidade a 20\u00b0C - 800...950 kg\/m<sup>3<\/sup>;<\/span><\/li>\r\n \t<li><span style=\"font-weight: 400;\">teor de umidade em massa no \u00f3leo - n\u00e3o mais que 10 ppm;<\/span><\/li>\r\n \t<li><span style=\"font-weight: 400;\">classe de pureza industrial de acordo com ISO 4406 - n\u00e3o pior que 21\/19\/16.<\/span><\/li>\r\n<\/ul>\r\n<h2 style=\"text-align: center;\"><span style=\"font-weight: 400;\">Princ\u00edpio de Funcionamento<\/span><\/h2>\r\n<p style=\"text-align: justify;\"><span style=\"font-weight: 400;\">As medi\u00e7\u00f5es s\u00e3o baseadas no acompanhamento da mudan\u00e7a de press\u00e3o do g\u00e1s dentro de um cilindro v\u00e1cuo durante o despejo de uma por\u00e7\u00e3o de \u00f3leo. Considerando os volumes do cilindro e do \u00f3leo despejado, bem como a press\u00e3o dentro do cilindro antes e depois do despejo, \u00e9 poss\u00edvel determinar o conte\u00fado volum\u00e9trico de g\u00e1s. Com a ajuda de sensores e uma placa de controle, o conte\u00fado de umidade, temperatura do \u00f3leo, conte\u00fado de hidrog\u00eanio e o n\u00famero de part\u00edculas s\u00f3lidas no \u00f3leo s\u00e3o calculados e exibidos na tela.<\/span><\/p>"}],"add_def_tab":[{"tab_title":"Especifica\u00e7\u00e3o","tab_content":"<h2 style=\"text-align: center;\">Especifica\u00e7\u00f5es t\u00e9cnicas gerais<\/h2>\r\n<table>\r\n<tbody>\r\n<tr>\r\n<td><strong>\u2116<\/strong><\/td>\r\n<td>\r\n<p style=\"text-align: center;\"><strong>Item<\/strong><\/p>\r\n<\/td>\r\n<td>\r\n<p style=\"text-align: center;\"><strong>Valor<\/strong><\/p>\r\n<\/td>\r\n<\/tr>\r\n<tr>\r\n<td><em><span style=\"font-weight: 400;\">1<\/span><\/em><\/td>\r\n<td><span style=\"font-weight: 400;\">Volume da c\u00e9lula de medi\u00e7\u00e3o, l<\/span><\/td>\r\n<td>\r\n<p style=\"text-align: center;\">1,2<\/p>\r\n<\/td>\r\n<\/tr>\r\n<tr>\r\n<td><em><span style=\"font-weight: 400;\">2<\/span><\/em><\/td>\r\n<td><span style=\"font-weight: 400;\">Volume da amostra de \u00f3leo, l<\/span><\/td>\r\n<td style=\"text-align: center;\">0,5 \u2013 0,7<\/td>\r\n<\/tr>\r\n<tr>\r\n<td><em><span style=\"font-weight: 400;\">3<\/span><\/em><\/td>\r\n<td><span style=\"font-weight: 400;\">Press\u00e3o m\u00e1xima no dispositivo, Pa<\/span><\/td>\r\n<td>\r\n<p style=\"text-align: center;\">0,3<\/p>\r\n<\/td>\r\n<\/tr>\r\n<tr>\r\n<td><em><span style=\"font-weight: 400;\">4<\/span><\/em><\/td>\r\n<td><span style=\"font-weight: 400;\">M\u00e1xima fuga no dispositivo, Pa<\/span><\/td>\r\n<td>\r\n<p style=\"text-align: center;\">26<\/p>\r\n<\/td>\r\n<\/tr>\r\n<tr>\r\n<td><em><span style=\"font-weight: 400;\">5<\/span><\/em><\/td>\r\n<td><span style=\"font-weight: 400;\">Press\u00e3o de entrada do \u00f3leo, bar<\/span><\/td>\r\n<td>\r\n<p style=\"text-align: center;\">0,3 \u2013 3<\/p>\r\n<\/td>\r\n<\/tr>\r\n<tr>\r\n<td><em><span style=\"font-weight: 400;\">6<\/span><\/em><\/td>\r\n<td><span style=\"font-weight: 400;\">Temperatura do \u00f3leo medido, \u00baC<\/span><\/td>\r\n<td>\r\n<p style=\"text-align: center;\">20 \u2013 90<\/p>\r\n<\/td>\r\n<\/tr>\r\n<tr>\r\n<td><em><span style=\"font-weight: 400;\">7<\/span><\/em><\/td>\r\n<td><span style=\"font-weight: 400;\">Consumo m\u00e1ximo de energia, kW, n\u00e3o mais<\/span><\/td>\r\n<td>\r\n<p style=\"text-align: center;\">1<\/p>\r\n<\/td>\r\n<\/tr>\r\n<tr>\r\n<td><em><span style=\"font-weight: 400;\">8<\/span><\/em><\/td>\r\n<td><span style=\"font-weight: 400;\">Par\u00e2metros de corrente el\u00e9trica:<\/span> <span style=\"font-weight: 400;\">\u2013 Tens\u00e3o, V<\/span> <span style=\"font-weight: 400;\">\u2013 Frequ\u00eancia vari\u00e1vel, Hz<\/span><\/td>\r\n<td>&nbsp;\r\n<p style=\"text-align: center;\">Solicita\u00e7\u00e3o do cliente<\/p>\r\n<\/td>\r\n<\/tr>\r\n<tr>\r\n<td><em><span style=\"font-weight: 400;\">9<\/span><\/em><\/td>\r\n<td><span style=\"font-weight: 400;\">Dimens\u00f5es gerais, mm, n\u00e3o mais<\/span> <span style=\"font-weight: 400;\">\u2013 comprimento<\/span> <span style=\"font-weight: 400;\">\u2013 altura<\/span> <span style=\"font-weight: 400;\">\u2013 largura<\/span><\/td>\r\n<td>&nbsp;\r\n<p style=\"text-align: center;\">465<\/p>\r\n<p style=\"text-align: center;\">530<\/p>\r\n<p style=\"text-align: center;\">375<\/p>\r\n<\/td>\r\n<\/tr>\r\n<tr>\r\n<td><span style=\"font-weight: 400;\">10<\/span><\/td>\r\n<td><span style=\"font-weight: 400;\">Peso, kg, n\u00e3o mais<\/span><\/td>\r\n<td>\r\n<p style=\"text-align: center;\">40<\/p>\r\n<\/td>\r\n<\/tr>\r\n<\/tbody>\r\n<\/table>\r\n<h2 style=\"text-align: center;\">Caracter\u00edsticas da medi\u00e7\u00e3o do \u00f3leo<\/h2>\r\n<table>\r\n<tbody>\r\n<tr>\r\n<td><strong>\u2116<\/strong><\/td>\r\n<td style=\"text-align: center;\"><strong>Item<\/strong><\/td>\r\n<td style=\"text-align: center;\"><strong>Valor<\/strong><\/td>\r\n<td><\/td>\r\n<\/tr>\r\n<tr>\r\n<td style=\"text-align: center;\" colspan=\"4\"><strong>Caracter\u00edsticas da medi\u00e7\u00e3o da umidade<\/strong><\/td>\r\n<\/tr>\r\n<tr>\r\n<td><span style=\"font-weight: 400;\">1<\/span><\/td>\r\n<td><span style=\"font-weight: 400;\">Faixa de opera\u00e7\u00e3o, aw (atividade da \u00e1gua (aw))<\/span><\/td>\r\n<td style=\"text-align: center;\"><span style=\"font-weight: 400;\">0\u20261<\/span><\/td>\r\n<td><\/td>\r\n<\/tr>\r\n<tr>\r\n<td><span style=\"font-weight: 400;\">2<\/span><\/td>\r\n<td><span style=\"font-weight: 400;\">Precis\u00e3o a 20 \u00b0C<\/span><\/td>\r\n<td style=\"text-align: center;\"><span style=\"font-weight: 400;\">\u00b10,02 aw (0\u20260,9 aw) \u00b10,03 aw (0,9\u20261 aw)<\/span><\/td>\r\n<td><\/td>\r\n<\/tr>\r\n<tr>\r\n<td><span style=\"font-weight: 400;\">3<\/span><\/td>\r\n<td><span style=\"font-weight: 400;\">Medi\u00e7\u00e3o de temperatura<\/span><\/td>\r\n<td style=\"text-align: center;\"><span style=\"font-weight: 400;\">sim<\/span><\/td>\r\n<td><\/td>\r\n<\/tr>\r\n<tr>\r\n<td><span style=\"font-weight: 400;\">4<\/span><\/td>\r\n<td><span style=\"font-weight: 400;\">Temperatura do ambiente de trabalho, \u00b0C<\/span><\/td>\r\n<td style=\"text-align: center;\"><span style=\"font-weight: 400;\">0\u202655<\/span><\/td>\r\n<td><\/td>\r\n<\/tr>\r\n<tr>\r\n<td style=\"text-align: center;\" colspan=\"4\"><strong>Caracter\u00edsticas da medi\u00e7\u00e3o de hidrog\u00eanio<\/strong><\/td>\r\n<\/tr>\r\n<tr>\r\n<td><span style=\"font-weight: 400;\">6<\/span><\/td>\r\n<td><span style=\"font-weight: 400;\">Faixa de medi\u00e7\u00e3o, ppm<\/span><\/td>\r\n<td style=\"text-align: center;\"><span style=\"font-weight: 400;\">25-5000<\/span><\/td>\r\n<td><\/td>\r\n<\/tr>\r\n<tr>\r\n<td><span style=\"font-weight: 400;\">7<\/span><\/td>\r\n<td><span style=\"font-weight: 400;\">Precis\u00e3o<\/span><\/td>\r\n<td style=\"text-align: center;\"><span style=\"font-weight: 400;\">20% da medi\u00e7\u00e3o ou 25 ppm<\/span><\/td>\r\n<td><\/td>\r\n<\/tr>\r\n<tr>\r\n<td><span style=\"font-weight: 400;\">8<\/span><\/td>\r\n<td><span style=\"font-weight: 400;\">Repetibilidade<\/span><\/td>\r\n<td style=\"text-align: center;\"><span style=\"font-weight: 400;\">10% da medi\u00e7\u00e3o ou 15 ppm<\/span><\/td>\r\n<td><\/td>\r\n<\/tr>\r\n<tr>\r\n<td><span style=\"font-weight: 400;\">9<\/span><\/td>\r\n<td><span style=\"font-weight: 400;\">Tempo de resposta<\/span><\/td>\r\n<td style=\"text-align: center;\"><span style=\"font-weight: 400;\">&lt;60 min (mudan\u00e7a de 90%)<\/span><\/td>\r\n<td><\/td>\r\n<\/tr>\r\n<tr>\r\n<td><span style=\"font-weight: 400;\">10<\/span><\/td>\r\n<td><span style=\"font-weight: 400;\">Sensibilidade cruzada<\/span><\/td>\r\n<td style=\"text-align: center;\"><span style=\"font-weight: 400;\">Menos de 2% de sensibilidade cruzada a outros gases (CO, CO2, hidrocarbonetos)<\/span><\/td>\r\n<td><\/td>\r\n<\/tr>\r\n<tr>\r\n<td><span style=\"font-weight: 400;\">11<\/span><\/td>\r\n<td><span style=\"font-weight: 400;\">Temperatura do ambiente de trabalho, \u00b0C<\/span><\/td>\r\n<td style=\"text-align: center;\"><span style=\"font-weight: 400;\">0\u202655<\/span><\/td>\r\n<td><\/td>\r\n<\/tr>\r\n<tr>\r\n<td style=\"text-align: center;\" colspan=\"4\"><strong>Caracter\u00edsticas da medi\u00e7\u00e3o de contamina\u00e7\u00e3o<\/strong><\/td>\r\n<\/tr>\r\n<tr>\r\n<td><span style=\"font-weight: 400;\">6<\/span><\/td>\r\n<td><span style=\"font-weight: 400;\">Faixa de medi\u00e7\u00e3o, ppm<\/span><\/td>\r\n<td style=\"text-align: center;\"><span style=\"font-weight: 400;\">25-5000<\/span><\/td>\r\n<td><\/td>\r\n<\/tr>\r\n<tr>\r\n<td><span style=\"font-weight: 400;\">7<\/span><\/td>\r\n<td><span style=\"font-weight: 400;\">Precis\u00e3o<\/span><\/td>\r\n<td style=\"text-align: center;\"><span style=\"font-weight: 400;\">20% da medi\u00e7\u00e3o ou 25 ppm<\/span><\/td>\r\n<td><\/td>\r\n<\/tr>\r\n<tr>\r\n<td><span style=\"font-weight: 400;\">8<\/span><\/td>\r\n<td><span style=\"font-weight: 400;\">Repetibilidade<\/span><\/td>\r\n<td style=\"text-align: center;\"><span style=\"font-weight: 400;\">10% da medi\u00e7\u00e3o ou 15 ppm<\/span><\/td>\r\n<td><\/td>\r\n<\/tr>\r\n<\/tbody>\r\n<\/table>"},{"tab_title":"Vantagens","tab_content":"<ul>\r\n \t<li style=\"font-weight: 400; text-align: justify;\" aria-level=\"1\"><span style=\"font-weight: 400;\">Medi\u00e7\u00e3o de quatro par\u00e2metros cruciais do \u00f3leo transformador (umidade, hidrog\u00eanio, contamina\u00e7\u00e3o por part\u00edculas s\u00f3lidas, conte\u00fado de g\u00e1s) em um \u00fanico dispositivo;<\/span><\/li>\r\n \t<li style=\"font-weight: 400; text-align: justify;\" aria-level=\"1\"><span style=\"font-weight: 400;\">Impressora integrada dispon\u00edvel, os resultados da medi\u00e7\u00e3o podem ser impressos;<\/span><\/li>\r\n \t<li style=\"font-weight: 400; text-align: justify;\" aria-level=\"1\"><span style=\"font-weight: 400;\">Desempenho confi\u00e1vel;<\/span><\/li>\r\n \t<li style=\"font-weight: 400; text-align: justify;\" aria-level=\"1\"><span style=\"font-weight: 400;\">Carca\u00e7a conveniente e dur\u00e1vel.<\/span><\/li>\r\n<\/ul>"},{"tab_title":"Aplica\u00e7\u00e3o","tab_content":"[product_oil_types]"},{"tab_title":"Webinar","tab_content":"<div class=\"responsive-embed widescreen\">\r\n<div class=\"responsive-embed widescreen\">\r\n<div class=\"responsive-embed widescreen\">\r\n<div class=\"responsive-embed widescreen\">\r\n<div class=\"responsive-embed widescreen\">\r\n<div class=\"responsive-embed widescreen\">\r\n<div class=\"responsive-embed widescreen\">\r\n<div class=\"responsive-embed widescreen\">\r\n<div class=\"responsive-embed widescreen\"><iframe title=\"Instrumentos para teste expresso de \u00f3leo diel\u00e9trico dos transformadores de pot\u00eancia\" src=\"https:\/\/www.youtube.com\/embed\/OKxrpDN6hME?feature=oembed\" width=\"500\" height=\"281\" frameborder=\"0\" allowfullscreen=\"allowfullscreen\"><\/iframe><\/div>\r\n<\/div>\r\n<\/div>\r\n<\/div>\r\n<\/div>\r\n<\/div>\r\n<\/div>\r\n<\/div>\r\n<\/div>"}],"add_video_tab":null,"add_gallery_tab":null,"add_price_tab":null},"language":"pt-pt","_links":{"self":[{"href":"https:\/\/globecore.com\/pt-pt\/wp-json\/wp\/v2\/pages\/295264","targetHints":{"allow":["GET"]}}],"collection":[{"href":"https:\/\/globecore.com\/pt-pt\/wp-json\/wp\/v2\/pages"}],"about":[{"href":"https:\/\/globecore.com\/pt-pt\/wp-json\/wp\/v2\/types\/page"}],"author":[{"embeddable":true,"href":"https:\/\/globecore.com\/pt-pt\/wp-json\/wp\/v2\/users\/7"}],"replies":[{"embeddable":true,"href":"https:\/\/globecore.com\/pt-pt\/wp-json\/wp\/v2\/comments?post=295264"}],"version-history":[{"count":2,"href":"https:\/\/globecore.com\/pt-pt\/wp-json\/wp\/v2\/pages\/295264\/revisions"}],"predecessor-version":[{"id":336201,"href":"https:\/\/globecore.com\/pt-pt\/wp-json\/wp\/v2\/pages\/295264\/revisions\/336201"}],"up":[{"embeddable":true,"href":"https:\/\/globecore.com\/pt-pt\/wp-json\/wp\/v2\/pages\/32199"}],"wp:featuredmedia":[{"embeddable":true,"href":"https:\/\/globecore.com\/pt-pt\/wp-json\/wp\/v2\/media\/109878"}],"wp:attachment":[{"href":"https:\/\/globecore.com\/pt-pt\/wp-json\/wp\/v2\/media?parent=295264"}],"wp:term":[{"taxonomy":"category","embeddable":true,"href":"https:\/\/globecore.com\/pt-pt\/wp-json\/wp\/v2\/categories?post=295264"}],"curies":[{"name":"wp","href":"https:\/\/api.w.org\/{rel}","templated":true}]}}