{"id":295286,"date":"2024-01-25T12:31:37","date_gmt":"2024-01-25T12:31:37","guid":{"rendered":"https:\/\/globecore.com\/products\/instrumentospt\/tor-8-tester-for-residual-gas-content-of-insulating-oil\/"},"modified":"2026-03-06T13:46:43","modified_gmt":"2026-03-06T13:46:43","slug":"tor-8-tester-for-residual-gas-content-of-insulating-oil","status":"publish","type":"page","link":"https:\/\/globecore.com\/pt-pt\/products\/instrumentospt\/tor-8-tester-for-residual-gas-content-of-insulating-oil\/","title":{"rendered":"TOR-8 Teste para conte\u00fado de g\u00e1s residual em \u00f3leo isolante"},"content":{"rendered":"","protected":false},"excerpt":{"rendered":"<p>O TOR-8 \u00e9 usado para medir gases dissolvidos em \u00f3leos isolantes durante o processo de desgasifica\u00e7\u00e3o em m\u00e1quinas de desgasifica\u00e7\u00e3o. Seu principal objetivo \u00e9 avaliar com precis\u00e3o a efici\u00eancia da remo\u00e7\u00e3o de gases do \u00f3leo de transformador, permitindo que os profissionais monitorem a taxa de desgasifica\u00e7\u00e3o e garantam o tratamento adequado do \u00f3leo. O processo de medi\u00e7\u00e3o leva at\u00e9 10 minutos, e o dispositivo inclui uma impressora t\u00e9rmica integrada para impress\u00e3o dos resultados. O TOR-8 \u00e9 amplamente utilizado por empresas envolvidas na instala\u00e7\u00e3o, reparo e opera\u00e7\u00e3o de sistemas de \u00f3leo para transformadores, tornando-se uma ferramenta essencial para a manuten\u00e7\u00e3o e servi\u00e7o de equipamentos de transformadores.<\/p>\n","protected":false},"author":7,"featured_media":109845,"parent":32199,"menu_order":0,"comment_status":"closed","ping_status":"closed","template":"templates\/single-product.php","meta":{"_acf_changed":false,"_bbp_topic_count":0,"_bbp_reply_count":0,"_bbp_total_topic_count":0,"_bbp_total_reply_count":0,"_bbp_voice_count":0,"_bbp_anonymous_reply_count":0,"_bbp_topic_count_hidden":0,"_bbp_reply_count_hidden":0,"_bbp_forum_subforum_count":0,"footnotes":""},"categories":[1684],"class_list":["post-295286","page","type-page","status-publish","has-post-thumbnail","hentry","category-instruments-pt-pt","oil_type-fluido-dieletrico-fr3","oil_type-fluido-dieletrico-midel-7131","oil_type-oleo-de-silicone","oil_type-oleo-para-transformadores","process_type-teste-de-gas-residual"],"acf":{"add_tab":[{"tab_title":"Descri\u00e7\u00e3o","tab_content":"<p style=\"text-align: justify;\">A desgasifica\u00e7\u00e3o do \u00f3leo de transformador \u00e9 necess\u00e1ria para a remo\u00e7\u00e3o de gases dissolvidos, o que melhora as propriedades isolantes do \u00f3leo, al\u00e9m de prevenir a corros\u00e3o e o desgaste dos equipamentos geradores de energia. O instrumento TOR-8 \u00e9 utilizado nos processos de remo\u00e7\u00e3o de gases dissolvidos de \u00f3leos isolantes (desgasifica\u00e7\u00e3o do \u00f3leo) em m\u00e1quinas de desgasifica\u00e7\u00e3o. Seu principal objetivo \u00e9 facilitar a medi\u00e7\u00e3o da efici\u00eancia dos procedimentos de desgasifica\u00e7\u00e3o realizados por essas m\u00e1quinas. O uso deste instrumento permite avaliar com precis\u00e3o a taxa de remo\u00e7\u00e3o de gases do \u00f3leo.<\/p>\r\n<p style=\"text-align: justify;\">O instrumento \u00e9 amplamente utilizado em entidades de instala\u00e7\u00e3o, reparo e opera\u00e7\u00e3o que lidam com o processamento de \u00f3leo de transformador. Gra\u00e7as a este instrumento, os profissionais podem monitorar de forma f\u00e1cil e eficiente o processo de desgasifica\u00e7\u00e3o, que constitui uma parte importante da manuten\u00e7\u00e3o e opera\u00e7\u00e3o dos equipamentos de transformadores.<\/p>\r\n\r\n<h2 style=\"text-align: center;\">Princ\u00edpio de opera\u00e7\u00e3o<\/h2>\r\n<p style=\"text-align: justify;\">O princ\u00edpio de opera\u00e7\u00e3o do instrumento baseia-se no registro da mudan\u00e7a na press\u00e3o do g\u00e1s dentro de um cilindro sob v\u00e1cuo quando ele \u00e9 preenchido com uma por\u00e7\u00e3o de \u00f3leo. Sabendo-se os volumes do cilindro e do \u00f3leo preenchido, os valores de press\u00e3o dentro do cilindro antes e depois do preenchimento, \u00e9 poss\u00edvel determinar o conte\u00fado volum\u00e9trico de g\u00e1s.<\/p>\r\n<p style=\"text-align: justify;\">O conte\u00fado de g\u00e1s residual \u00e9 medido durante a opera\u00e7\u00e3o da m\u00e1quina de desgasifica\u00e7\u00e3o.<\/p>"}],"add_def_tab":[{"tab_title":"Especifica\u00e7\u00f5es","tab_content":"<table width=\"611\">\r\n<tbody>\r\n<tr>\r\n<td style=\"text-align: center;\" width=\"44\"><strong>No.<\/strong><\/td>\r\n<td style=\"text-align: center;\" width=\"427\"><strong>Par\u00e2metro <\/strong><\/td>\r\n<td width=\"140\">\r\n<p style=\"text-align: center;\"><strong>Valor<\/strong><\/p>\r\n<\/td>\r\n<\/tr>\r\n<tr>\r\n<td width=\"44\">1<\/td>\r\n<td width=\"427\">Volume da c\u00e9lula de medi\u00e7\u00e3o, L<\/td>\r\n<td width=\"140\">\r\n<p style=\"text-align: center;\">1.2<\/p>\r\n<\/td>\r\n<\/tr>\r\n<tr>\r\n<td width=\"44\">2<\/td>\r\n<td width=\"427\">Volume da amostra de \u00f3leo, L<\/td>\r\n<td width=\"140\">\r\n<p style=\"text-align: center;\">0.5 \u2013 0.7<\/p>\r\n<\/td>\r\n<\/tr>\r\n<tr>\r\n<td width=\"44\">3<\/td>\r\n<td width=\"427\">Press\u00e3o m\u00e1xima dentro do instrumento, Pa<\/td>\r\n<td width=\"140\">\r\n<p style=\"text-align: center;\">0.3<\/p>\r\n<\/td>\r\n<\/tr>\r\n<tr>\r\n<td width=\"44\">4<\/td>\r\n<td width=\"427\">M\u00e1xima fuga dentro do instrumento, Pa<\/td>\r\n<td width=\"140\">\r\n<p style=\"text-align: center;\">26<\/p>\r\n<\/td>\r\n<\/tr>\r\n<tr>\r\n<td width=\"44\">5<\/td>\r\n<td width=\"427\">Press\u00e3o de entrada do \u00f3leo, bar<\/td>\r\n<td width=\"140\">\r\n<p style=\"text-align: center;\">0.3 \u2013 10<\/p>\r\n<\/td>\r\n<\/tr>\r\n<tr>\r\n<td width=\"44\">6<\/td>\r\n<td width=\"427\">Temperatura do \u00f3leo testado, \u00ba\u0421<\/td>\r\n<td width=\"140\">\r\n<p style=\"text-align: center;\">20 \u2013 90<\/p>\r\n<\/td>\r\n<\/tr>\r\n<tr>\r\n<td width=\"44\">7<\/td>\r\n<td width=\"427\">Requisito m\u00e1ximo de pot\u00eancia, kW, n\u00e3o superior a<\/td>\r\n<td width=\"140\">\r\n<p style=\"text-align: center;\">1<\/p>\r\n<\/td>\r\n<\/tr>\r\n<tr>\r\n<td width=\"44\">&nbsp;\r\n\r\n&nbsp;\r\n\r\n&nbsp;\r\n\r\n8<\/td>\r\n<td width=\"427\">Par\u00e2metros de fornecimento de energia\r\n\r\n(formato padr\u00e3o; caso contr\u00e1rio \u2014 sob solicita\u00e7\u00e3o):\r\n\r\n&nbsp;\r\n\r\n\u25cf\u00a0\u00a0\u00a0\u00a0\u00a0\u00a0 tens\u00e3o, V\r\n\r\n\u25cf\u00a0\u00a0\u00a0\u00a0\u00a0\u00a0 frequ\u00eancia da CA, Hz<\/td>\r\n<td width=\"140\">&nbsp;\r\n\r\n&nbsp;\r\n<p style=\"text-align: center;\">230<\/p>\r\n<p style=\"text-align: center;\">50<\/p>\r\n<\/td>\r\n<\/tr>\r\n<tr>\r\n<td width=\"44\">9<\/td>\r\n<td width=\"427\">Dimens\u00f5es totais, mm, n\u00e3o superiores a\r\n\r\n\u2013 comprimento\r\n\r\n\u2013 altura\r\n\r\n\u2013 largura<\/td>\r\n<td width=\"140\">&nbsp;\r\n<p style=\"text-align: center;\">330<\/p>\r\n<p style=\"text-align: center;\">300<\/p>\r\n<p style=\"text-align: center;\">275<\/p>\r\n<\/td>\r\n<\/tr>\r\n<tr>\r\n<td width=\"44\">10<\/td>\r\n<td width=\"427\">\r\n<p style=\"text-align: left;\">Peso, kg, n\u00e3o superior a<\/p>\r\n<\/td>\r\n<td width=\"140\">\r\n<p style=\"text-align: center;\">25<\/p>\r\n<\/td>\r\n<\/tr>\r\n<\/tbody>\r\n<\/table>"},{"tab_title":"Vantagens ","tab_content":"<ul>\r\n \t<li style=\"text-align: justify;\">medi\u00e7\u00e3o precisa do conte\u00fado de g\u00e1s residual do \u00f3leo de transformador;<\/li>\r\n \t<li style=\"text-align: justify;\">opera\u00e7\u00e3o confi\u00e1vel;<\/li>\r\n \t<li style=\"text-align: justify;\">carca\u00e7a conveniente e robusta;<\/li>\r\n \t<li style=\"text-align: justify;\">o processo de medi\u00e7\u00e3o leva at\u00e9 10 minutos;<\/li>\r\n \t<li style=\"text-align: justify;\">possibilidade de imprimir os resultados utilizando uma impressora t\u00e9rmica integrada.<\/li>\r\n<\/ul>"},{"tab_title":"Aplica\u00e7\u00e3o","tab_content":"[product_oil_types]"},{"tab_title":"Webinar","tab_content":"<div class=\"responsive-embed widescreen\">\r\n<div class=\"responsive-embed widescreen\">\r\n<div class=\"responsive-embed widescreen\">\r\n<div class=\"responsive-embed widescreen\">\r\n<div class=\"responsive-embed widescreen\">\r\n<div class=\"responsive-embed widescreen\">\r\n<div class=\"responsive-embed widescreen\">\r\n<div class=\"responsive-embed widescreen\">\r\n<div class=\"responsive-embed widescreen\"><iframe title=\"Instrumentos para teste expresso de \u00f3leo diel\u00e9trico dos transformadores de pot\u00eancia\" src=\"https:\/\/www.youtube.com\/embed\/OKxrpDN6hME?feature=oembed\" width=\"500\" height=\"281\" frameborder=\"0\" allowfullscreen=\"allowfullscreen\"><\/iframe><\/div>\r\n<\/div>\r\n<\/div>\r\n<\/div>\r\n<\/div>\r\n<\/div>\r\n<\/div>\r\n<\/div>\r\n<\/div>"}],"add_video_tab":null,"add_gallery_tab":null,"add_price_tab":null},"language":"pt-pt","_links":{"self":[{"href":"https:\/\/globecore.com\/pt-pt\/wp-json\/wp\/v2\/pages\/295286","targetHints":{"allow":["GET"]}}],"collection":[{"href":"https:\/\/globecore.com\/pt-pt\/wp-json\/wp\/v2\/pages"}],"about":[{"href":"https:\/\/globecore.com\/pt-pt\/wp-json\/wp\/v2\/types\/page"}],"author":[{"embeddable":true,"href":"https:\/\/globecore.com\/pt-pt\/wp-json\/wp\/v2\/users\/7"}],"replies":[{"embeddable":true,"href":"https:\/\/globecore.com\/pt-pt\/wp-json\/wp\/v2\/comments?post=295286"}],"version-history":[{"count":2,"href":"https:\/\/globecore.com\/pt-pt\/wp-json\/wp\/v2\/pages\/295286\/revisions"}],"predecessor-version":[{"id":336205,"href":"https:\/\/globecore.com\/pt-pt\/wp-json\/wp\/v2\/pages\/295286\/revisions\/336205"}],"up":[{"embeddable":true,"href":"https:\/\/globecore.com\/pt-pt\/wp-json\/wp\/v2\/pages\/32199"}],"wp:featuredmedia":[{"embeddable":true,"href":"https:\/\/globecore.com\/pt-pt\/wp-json\/wp\/v2\/media\/109845"}],"wp:attachment":[{"href":"https:\/\/globecore.com\/pt-pt\/wp-json\/wp\/v2\/media?parent=295286"}],"wp:term":[{"taxonomy":"category","embeddable":true,"href":"https:\/\/globecore.com\/pt-pt\/wp-json\/wp\/v2\/categories?post=295286"}],"curies":[{"name":"wp","href":"https:\/\/api.w.org\/{rel}","templated":true}]}}