{"id":295290,"date":"2022-12-19T12:11:05","date_gmt":"2022-12-19T12:11:05","guid":{"rendered":"https:\/\/globecore.com\/products\/manutencao-de-turbinas\/cmm-g-wind-turbine-gearbox-oil-changer-with-dimensions-adapted-to-the-customers-trailer-ones\/"},"modified":"2026-03-06T14:17:53","modified_gmt":"2026-03-06T14:17:53","slug":"cmm-g-wind-turbine-gearbox-oil-changer-with-dimensions-adapted-to-the-customers-trailer-ones","status":"publish","type":"page","link":"https:\/\/globecore.com\/pt-pt\/products\/manutencao-de-turbinas\/cmm-g-wind-turbine-gearbox-oil-changer-with-dimensions-adapted-to-the-customers-trailer-ones\/","title":{"rendered":"CMM-G trocador de \u00f3leo de caixa de engrenagens de turbina e\u00f3lica (com dimens\u00f5es adaptadas para o reboque do cliente)"},"content":{"rendered":"","protected":false},"excerpt":{"rendered":"<p>A unidade CMM-G foi projetada para realizar todas as opera\u00e7\u00f5es relacionadas \u00e0 troca de \u00f3leo em caixas de engrenagens de turbinas e\u00f3licas e pode aquecer o \u00f3leo limpo antes do reabastecimento, se necess\u00e1rio. A unidade \u00e9 montada em uma estrutura, com dimens\u00f5es adaptadas para caber no reboque do cliente, e inclui um gerador embutido para opera\u00e7\u00e3o sem conex\u00e3o \u00e0 rede.<br \/>\nEla suporta seis modos de opera\u00e7\u00e3o: preencher a caixa de engrenagens com \u00f3leo limpo, bombear \u00f3leo usado para fora, aquecer o \u00f3leo antes do enchimento, drenar o \u00f3leo usado da unidade, enxaguar a caixa de engrenagens com \u00f3leo de limpeza e transferir \u00f3leo entre tanques.<\/p>\n","protected":false},"author":7,"featured_media":68380,"parent":17242,"menu_order":0,"comment_status":"closed","ping_status":"closed","template":"templates\/single-product.php","meta":{"_acf_changed":false,"_bbp_topic_count":0,"_bbp_reply_count":0,"_bbp_total_topic_count":0,"_bbp_total_reply_count":0,"_bbp_voice_count":0,"_bbp_anonymous_reply_count":0,"_bbp_topic_count_hidden":0,"_bbp_reply_count_hidden":0,"_bbp_forum_subforum_count":0,"footnotes":""},"categories":[2566],"class_list":["post-295290","page","type-page","status-publish","has-post-thumbnail","hentry","category-renovaveis-biocombustiveis","oil_type-oleo-de-transmissao","oil_type-oleo-para-transformadores","process_type-mudanca"],"acf":{"add_tab":[{"tab_title":"Descri\u00e7\u00e3o","tab_content":"<p style=\"text-align: justify;\">A unidade CMM-G foi projetada para trocar o \u00f3leo nas caixas de engrenagens de turbinas e\u00f3licas, incluindo drenagem, lavagem e reabastecimento. O CMM-G tamb\u00e9m pode aquecer o \u00f3leo limpo antes de reabastecer a caixa de engrenagens, se necess\u00e1rio. A adapta\u00e7\u00e3o das dimens\u00f5es totais da unidade para as dimens\u00f5es do reboque do cliente \u00e9 uma caracter\u00edstica deste modelo.<\/p>\r\n<p style=\"text-align: justify;\">O equipamento pode funcionar com \u00f3leos minerais e sint\u00e9ticos com as seguintes propriedades:<\/p>\r\n\r\n<ul>\r\n \t<li style=\"text-align: justify;\">viscosidade cinem\u00e1tica a 40\u00b0C, mm2\/s - 8-320;<\/li>\r\n \t<li style=\"text-align: justify;\">densidade a 20\u00b0C, kg\/m3 - 800-900;<\/li>\r\n \t<li style=\"text-align: justify;\">classe de pureza ISO6 4406 - 14 no m\u00ednimo.<\/li>\r\n<\/ul>\r\n<h2 style=\"text-align: center;\">Princ\u00edpio de opera\u00e7\u00e3o<\/h2>\r\n<p style=\"text-align: justify;\">\u00c9 poss\u00edvel utilizar a unidade CMM-G em seis modos de opera\u00e7\u00e3o:<\/p>\r\n\r\n<ul>\r\n \t<li style=\"text-align: justify;\">preenchimento da caixa de engrenagens com \u00f3leo limpo;<\/li>\r\n \t<li style=\"text-align: justify;\">bombear o \u00f3leo usado para fora da caixa de engrenagens;<\/li>\r\n \t<li style=\"text-align: justify;\">aquecimento do \u00f3leo antes de preencher a caixa de engrenagens;<\/li>\r\n \t<li style=\"text-align: justify;\">drenagem do \u00f3leo usado da unidade CMM-G;<\/li>\r\n \t<li style=\"text-align: justify;\">lavagem interna da caixa de engrenagens com \u00f3leo de lavagem;<\/li>\r\n \t<li style=\"text-align: justify;\">bombear \u00f3leo de um tanque para outro.<\/li>\r\n<\/ul>\r\n<p style=\"text-align: justify;\">Para fornecer energia \u00e0 unidade, voc\u00ea pode usar o gerador embutido ou uma rede externa de corrente alternada trif\u00e1sica. Se o gerador estiver ligado, a possibilidade de funcionamento da unidade em m\u00faltiplos modos simultaneamente \u00e9 bloqueada.<\/p>"}],"add_def_tab":[{"tab_title":"Especifica\u00e7\u00f5es","tab_content":"<table width=\"622\">\r\n<tbody>\r\n<tr>\r\n<td width=\"47\">\u2116<\/td>\r\n<td width=\"478\">\r\n<p style=\"text-align: center;\"><strong>Par\u00e2metro<\/strong><\/p>\r\n<\/td>\r\n<td width=\"98\">\r\n<p style=\"text-align: center;\"><strong>Valor<\/strong><\/p>\r\n<\/td>\r\n<\/tr>\r\n<tr>\r\n<td width=\"47\">1<\/td>\r\n<td width=\"478\">\r\n<p style=\"text-align: left;\">Taxa de sa\u00edda de \u00f3leo, m\u00b3\/h, m\u00ednima (a 50\u00b0C)<\/p>\r\n<\/td>\r\n<td width=\"98\">\r\n<p style=\"text-align: center;\">0,5<\/p>\r\n<\/td>\r\n<\/tr>\r\n<tr>\r\n<td width=\"47\">2<\/td>\r\n<td width=\"478\">\r\n<p style=\"text-align: left;\">Taxa de drenagem de \u00f3leo, m\u00b3\/h, m\u00ednima (a 50\u00b0C m\u00edn.)<\/p>\r\n<\/td>\r\n<td width=\"98\">\r\n<p style=\"text-align: center;\">0,25<\/p>\r\n<\/td>\r\n<\/tr>\r\n<tr>\r\n<td width=\"47\">3<\/td>\r\n<td width=\"478\">\r\n<p style=\"text-align: left;\">Tamanho do tanque de \u00f3leo limpo, l, m\u00e1ximo<\/p>\r\n<\/td>\r\n<td width=\"98\">\r\n<p style=\"text-align: center;\">1250<\/p>\r\n<\/td>\r\n<\/tr>\r\n<tr>\r\n<td width=\"47\">4<\/td>\r\n<td width=\"478\">\r\n<p style=\"text-align: left;\">Tamanho do tanque de \u00f3leo de lavagem, l, m\u00e1ximo<\/p>\r\n<\/td>\r\n<td width=\"98\">\r\n<p style=\"text-align: center;\">630<\/p>\r\n<\/td>\r\n<\/tr>\r\n<tr>\r\n<td width=\"47\">5<\/td>\r\n<td width=\"478\">\r\n<p style=\"text-align: left;\">Temperatura do \u00f3leo bombeado no modo de aquecimento, \u00b0C, m\u00e1ximo<\/p>\r\n<\/td>\r\n<td width=\"98\">\r\n<p style=\"text-align: center;\">65<\/p>\r\n<\/td>\r\n<\/tr>\r\n<tr>\r\n<td width=\"47\">6<\/td>\r\n<td width=\"478\">\r\n<p style=\"text-align: left;\">Press\u00e3o de sa\u00edda do \u00f3leo, MPa, m\u00ednima<\/p>\r\n<\/td>\r\n<td width=\"98\">\r\n<p style=\"text-align: center;\">10<\/p>\r\n<\/td>\r\n<\/tr>\r\n<tr>\r\n<td width=\"47\">7<\/td>\r\n<td width=\"478\">\r\n<p style=\"text-align: left;\">Consumo de energia do aquecedor de \u00f3leo #1, kW, m\u00e1ximo<\/p>\r\n<\/td>\r\n<td width=\"98\">\r\n<p style=\"text-align: center;\">6,0<\/p>\r\n<\/td>\r\n<\/tr>\r\n<tr>\r\n<td width=\"47\">8<\/td>\r\n<td width=\"478\">\r\n<p style=\"text-align: left;\">Consumo de energia do aquecedor de \u00f3leo #2, kW, m\u00e1ximo<\/p>\r\n<\/td>\r\n<td width=\"98\">\r\n<p style=\"text-align: center;\">6,0<\/p>\r\n<\/td>\r\n<\/tr>\r\n<tr>\r\n<td width=\"47\">9<\/td>\r\n<td width=\"478\">\r\n<p style=\"text-align: left;\">Consumo de energia do CMM-G, kW, m\u00e1ximo<\/p>\r\n<\/td>\r\n<td width=\"98\">\r\n<p style=\"text-align: center;\">11<\/p>\r\n<\/td>\r\n<\/tr>\r\n<tr>\r\n<td width=\"47\">10<\/td>\r\n<td width=\"478\">\r\n<p style=\"text-align: left;\">Fonte de alimenta\u00e7\u00e3o:<\/p>\r\n<p style=\"text-align: left;\">\u00b7\u00a0\u00a0\u00a0\u00a0\u00a0 voltagem, V<\/p>\r\n<p style=\"text-align: left;\">\u00b7\u00a0\u00a0\u00a0\u00a0\u00a0 Frequ\u00eancia AC, Hz<\/p>\r\n<\/td>\r\n<td width=\"98\">&nbsp;\r\n<p style=\"text-align: center;\">O cliente determina os par\u00e2metros<\/p>\r\n<\/td>\r\n<\/tr>\r\n<tr>\r\n<td width=\"47\">11<\/td>\r\n<td width=\"478\">\r\n<p style=\"text-align: left;\">Dimens\u00f5es totais, mm, m\u00e1ximo<\/p>\r\n<p style=\"text-align: left;\">\u00b7\u00a0\u00a0\u00a0\u00a0\u00a0 comprimento<\/p>\r\n<p style=\"text-align: left;\">\u00b7\u00a0\u00a0\u00a0\u00a0\u00a0 largura<\/p>\r\n<p style=\"text-align: left;\">\u00b7\u00a0\u00a0\u00a0\u00a0\u00a0 altura<\/p>\r\n<\/td>\r\n<td width=\"98\">\r\n<p style=\"text-align: center;\">4960<\/p>\r\n<p style=\"text-align: center;\">2260<\/p>\r\n<p style=\"text-align: center;\">1560<\/p>\r\n<\/td>\r\n<\/tr>\r\n<tr>\r\n<td width=\"47\">12<\/td>\r\n<td width=\"478\">\r\n<p style=\"text-align: left;\">Peso, kg, m\u00e1ximo<\/p>\r\n<\/td>\r\n<td width=\"98\">\r\n<p style=\"text-align: center;\">2800<\/p>\r\n<\/td>\r\n<\/tr>\r\n<\/tbody>\r\n<\/table>"},{"tab_title":"Vantagens","tab_content":"<ul>\r\n \t<li style=\"text-align: justify;\">A unidade realiza todas as opera\u00e7\u00f5es tecnol\u00f3gicas relacionadas \u00e0 troca de \u00f3leo nas caixas de engrenagens de turbinas e\u00f3licas;<\/li>\r\n \t<li style=\"text-align: justify;\">A unidade \u00e9 baseada em um quadro, e as dimens\u00f5es da unidade s\u00e3o adaptadas \u00e0s dimens\u00f5es do reboque do cliente;<\/li>\r\n \t<li style=\"text-align: justify;\">A capacidade do tanque de \u00f3leo limpo foi aumentada para 1250 litros;<\/li>\r\n \t<li style=\"text-align: justify;\">H\u00e1 um gerador embutido para alimentar a unidade caso a conex\u00e3o \u00e0 rede el\u00e9trica n\u00e3o esteja dispon\u00edvel.<\/li>\r\n<\/ul>"},{"tab_title":"Aplica\u00e7\u00e3o","tab_content":"[product_oil_types]"},{"tab_title":"Webinar","tab_content":"<div class=\"responsive-embed widescreen\">\r\n<div class=\"responsive-embed widescreen\">\r\n<div class=\"responsive-embed widescreen\">\r\n<div class=\"responsive-embed widescreen\">\r\n<div class=\"responsive-embed widescreen\">\r\n<div class=\"responsive-embed widescreen\">\r\n<div class=\"responsive-embed widescreen\">\r\n<div class=\"responsive-embed widescreen\">\r\n<div class=\"responsive-embed widescreen\"><iframe title=\"Manuten\u00e7\u00e3o da turbina e\u00f3lica\" src=\"https:\/\/www.youtube.com\/embed\/nRO_v2hG3EU?feature=oembed\" width=\"500\" height=\"281\" frameborder=\"0\" allowfullscreen=\"allowfullscreen\"><\/iframe><\/div>\r\n<\/div>\r\n<\/div>\r\n<\/div>\r\n<\/div>\r\n<\/div>\r\n<\/div>\r\n<\/div>\r\n<\/div>"}],"add_video_tab":[{"video_tab_title":"Video","add_video_id":[{"video_id":"myKPfVKF2yk"},{"video_id":"DstIYpMNbMY"},{"video_id":"Jo56V_ATNAs"}]}],"add_gallery_tab":null,"add_price_tab":null},"language":"pt-pt","_links":{"self":[{"href":"https:\/\/globecore.com\/pt-pt\/wp-json\/wp\/v2\/pages\/295290","targetHints":{"allow":["GET"]}}],"collection":[{"href":"https:\/\/globecore.com\/pt-pt\/wp-json\/wp\/v2\/pages"}],"about":[{"href":"https:\/\/globecore.com\/pt-pt\/wp-json\/wp\/v2\/types\/page"}],"author":[{"embeddable":true,"href":"https:\/\/globecore.com\/pt-pt\/wp-json\/wp\/v2\/users\/7"}],"replies":[{"embeddable":true,"href":"https:\/\/globecore.com\/pt-pt\/wp-json\/wp\/v2\/comments?post=295290"}],"version-history":[{"count":1,"href":"https:\/\/globecore.com\/pt-pt\/wp-json\/wp\/v2\/pages\/295290\/revisions"}],"predecessor-version":[{"id":336228,"href":"https:\/\/globecore.com\/pt-pt\/wp-json\/wp\/v2\/pages\/295290\/revisions\/336228"}],"up":[{"embeddable":true,"href":"https:\/\/globecore.com\/pt-pt\/wp-json\/wp\/v2\/pages\/17242"}],"wp:featuredmedia":[{"embeddable":true,"href":"https:\/\/globecore.com\/pt-pt\/wp-json\/wp\/v2\/media\/68380"}],"wp:attachment":[{"href":"https:\/\/globecore.com\/pt-pt\/wp-json\/wp\/v2\/media?parent=295290"}],"wp:term":[{"taxonomy":"category","embeddable":true,"href":"https:\/\/globecore.com\/pt-pt\/wp-json\/wp\/v2\/categories?post=295290"}],"curies":[{"name":"wp","href":"https:\/\/api.w.org\/{rel}","templated":true}]}}