{"id":295294,"date":"2024-02-15T07:48:48","date_gmt":"2024-02-15T07:48:48","guid":{"rendered":"https:\/\/globecore.com\/products\/sistemas-de-mistura\/laboratory-blending-unit-usb-l\/"},"modified":"2026-03-06T14:31:51","modified_gmt":"2026-03-06T14:31:51","slug":"laboratory-blending-unit-usb-l","status":"publish","type":"page","link":"https:\/\/globecore.com\/pt-pt\/products\/sistemas-de-mistura\/laboratory-blending-unit-usb-l\/","title":{"rendered":"USBL-1 Sistema de Mistura Laboratorial"},"content":{"rendered":"","protected":false},"excerpt":{"rendered":"<p>A unidade de mistura de laborat\u00f3rio de alta velocidade USBL-1 \u00e9 projetada para a mistura precisa de produtos de \u00f3leo de dois componentes, mesmo em pequenos volumes, garantindo resultados consistentes e de alta qualidade. Destina-se ao uso em laborat\u00f3rios de refinarias, permitindo que os especialistas determinem rapidamente as propor\u00e7\u00f5es ideais dos componentes. A amostra misturada pode ent\u00e3o ser usada diretamente para an\u00e1lise laboratorial detalhada, a fim de verificar a conformidade com os padr\u00f5es de qualidade.<\/p>\n","protected":false},"author":7,"featured_media":110266,"parent":36151,"menu_order":0,"comment_status":"closed","ping_status":"closed","template":"templates\/single-product.php","meta":{"_acf_changed":false,"_bbp_topic_count":0,"_bbp_reply_count":0,"_bbp_total_topic_count":0,"_bbp_total_reply_count":0,"_bbp_voice_count":0,"_bbp_anonymous_reply_count":0,"_bbp_topic_count_hidden":0,"_bbp_reply_count_hidden":0,"_bbp_forum_subforum_count":0,"footnotes":""},"categories":[1346],"class_list":["post-295294","page","type-page","status-publish","has-post-thumbnail","hentry","category-mistura-combinacao","oil_type-industria-petrolifera","oil_type-industria-quimica","process_type-blending-pt-pt"],"acf":{"add_tab":[{"tab_title":"Descri\u00e7\u00e3o","tab_content":"<p style=\"text-align: justify;\">A unidade de mistura laboratorial de alta velocidade USBL-1 \u00e9 projetada para mistura precisa e de alta qualidade de l\u00edquidos de dois componentes de produtos derivados de petr\u00f3leo, mesmo em volumes pequenos. Isso garante alta qualidade e consist\u00eancia do produto final.<\/p>\r\n<p style=\"text-align: justify;\">Esta unidade pode ser usada em laborat\u00f3rios em refinarias de petr\u00f3leo. Seu principal objetivo \u00e9 misturar rapidamente e com precis\u00e3o 2 componentes, permitindo que os especialistas determinem com precis\u00e3o a propor\u00e7\u00e3o correta de componentes para alcan\u00e7ar o resultado ideal.<\/p>\r\n<p style=\"text-align: justify;\">A amostra resultante pode ser usada diretamente para an\u00e1lise laboratorial detalhada, a fim de garantir a conformidade com todos os padr\u00f5es de qualidade.<\/p>"}],"add_def_tab":[{"tab_title":"Especifica\u00e7\u00e3o","tab_content":"<table>\r\n<thead>\r\n<tr>\r\n<th><b>\u2116<\/b><\/th>\r\n<th>Par\u00e2metro<\/th>\r\n<th><b>Valor<\/b><\/th>\r\n<\/tr>\r\n<\/thead>\r\n<tbody>\r\n<tr>\r\n<td>1<\/td>\r\n<td>N\u00famero de l\u00edquidos a serem misturados (n\u00e3o mais)<\/td>\r\n<td>\r\n<p style=\"text-align: center;\">2<\/p>\r\n<\/td>\r\n<\/tr>\r\n<tr>\r\n<td>2<\/td>\r\n<td>Capacidade nominal da unidade ao misturar todos os componentes, l\/h:\r\n<ul>\r\n \t<li>em 50 Hz<\/li>\r\n \t<li>em 100 Hz<\/li>\r\n<\/ul>\r\n<\/td>\r\n<td>\r\n<p style=\"text-align: center;\">70<\/p>\r\n<p style=\"text-align: center;\">112<\/p>\r\n<\/td>\r\n<\/tr>\r\n<tr>\r\n<td>4<\/td>\r\n<td>Press\u00e3o m\u00e1xima de projeto da descarga do fluido principal, MPa<\/td>\r\n<td>\r\n<p style=\"text-align: center;\">1,0<\/p>\r\n<\/td>\r\n<\/tr>\r\n<tr>\r\n<td>5<\/td>\r\n<td>Pot\u00eancia da unidade, kW (n\u00e3o mais)\r\n<ul>\r\n \t<li>em 50 Hz<\/li>\r\n \t<li>em 60 Hz<\/li>\r\n<\/ul>\r\n<\/td>\r\n<td>\r\n<p style=\"text-align: center;\">0,76<\/p>\r\n<p style=\"text-align: center;\">0,92<\/p>\r\n<\/td>\r\n<\/tr>\r\n<tr>\r\n<td>6<\/td>\r\n<td>Dimens\u00f5es gerais, mm (n\u00e3o mais)\r\n<ul>\r\n \t<li>comprimento<\/li>\r\n \t<li>largura<\/li>\r\n \t<li>altura<\/li>\r\n<\/ul>\r\n<\/td>\r\n<td>\r\n<p style=\"text-align: center;\">410<\/p>\r\n<p style=\"text-align: center;\">360<\/p>\r\n<p style=\"text-align: center;\">400<\/p>\r\n<\/td>\r\n<\/tr>\r\n<tr>\r\n<td>7<\/td>\r\n<td>Peso, kg (n\u00e3o mais)<\/td>\r\n<td>\r\n<p style=\"text-align: center;\">25<\/p>\r\n<\/td>\r\n<\/tr>\r\n<\/tbody>\r\n<\/table>"},{"tab_title":"Vantagens","tab_content":"<ul>\r\n \t<li>pode ser usado por institui\u00e7\u00f5es de pesquisa e laborat\u00f3rios;<\/li>\r\n \t<li>produz amostras de l\u00edquidos misturados para testes laboratoriais;<\/li>\r\n \t<li>ajuda a testar a efic\u00e1cia de diversos aditivos e otimizar f\u00f3rmulas de mistura.<\/li>\r\n<\/ul>"},{"tab_title":"Aplica\u00e7\u00e3o","tab_content":"[product_oil_types]"}],"add_video_tab":[{"video_tab_title":"Video","add_video_id":[{"video_id":"IQ3DTqCNBOw"},{"video_id":"hRmrp8ZK3sk"},{"video_id":"FJAMj0fuX04"}]}],"add_gallery_tab":null,"add_price_tab":null},"language":"pt-pt","_links":{"self":[{"href":"https:\/\/globecore.com\/pt-pt\/wp-json\/wp\/v2\/pages\/295294","targetHints":{"allow":["GET"]}}],"collection":[{"href":"https:\/\/globecore.com\/pt-pt\/wp-json\/wp\/v2\/pages"}],"about":[{"href":"https:\/\/globecore.com\/pt-pt\/wp-json\/wp\/v2\/types\/page"}],"author":[{"embeddable":true,"href":"https:\/\/globecore.com\/pt-pt\/wp-json\/wp\/v2\/users\/7"}],"replies":[{"embeddable":true,"href":"https:\/\/globecore.com\/pt-pt\/wp-json\/wp\/v2\/comments?post=295294"}],"version-history":[{"count":1,"href":"https:\/\/globecore.com\/pt-pt\/wp-json\/wp\/v2\/pages\/295294\/revisions"}],"predecessor-version":[{"id":336243,"href":"https:\/\/globecore.com\/pt-pt\/wp-json\/wp\/v2\/pages\/295294\/revisions\/336243"}],"up":[{"embeddable":true,"href":"https:\/\/globecore.com\/pt-pt\/wp-json\/wp\/v2\/pages\/36151"}],"wp:featuredmedia":[{"embeddable":true,"href":"https:\/\/globecore.com\/pt-pt\/wp-json\/wp\/v2\/media\/110266"}],"wp:attachment":[{"href":"https:\/\/globecore.com\/pt-pt\/wp-json\/wp\/v2\/media?parent=295294"}],"wp:term":[{"taxonomy":"category","embeddable":true,"href":"https:\/\/globecore.com\/pt-pt\/wp-json\/wp\/v2\/categories?post=295294"}],"curies":[{"name":"wp","href":"https:\/\/api.w.org\/{rel}","templated":true}]}}