{"id":295297,"date":"2021-11-03T08:01:30","date_gmt":"2021-11-03T08:01:30","guid":{"rendered":"https:\/\/globecore.com\/products\/sistemas-de-mistura\/usb-5-high-speed-mixing-unit-for-production-of-sanitizers-0-15-0-3-m3-h\/"},"modified":"2026-03-06T14:40:08","modified_gmt":"2026-03-06T14:40:08","slug":"usb-5-high-speed-mixing-unit-for-production-of-sanitizers-0-15-0-3-m3-h","status":"publish","type":"page","link":"https:\/\/globecore.com\/pt-pt\/products\/sistemas-de-mistura\/usb-5-high-speed-mixing-unit-for-production-of-sanitizers-0-15-0-3-m3-h\/","title":{"rendered":"USB-5 Unidade de mistura de alta velocidade para produ\u00e7\u00e3o de desinfetantes (0,15 \u2013 0,3 m\u00b3\/h)"},"content":{"rendered":"","protected":false},"excerpt":{"rendered":"<p>A unidade de mistura de alta velocidade USB-5 \u00e9 projetada para misturar de dois a quatro componentes l\u00edquidos separados, conforme determinado pela formula\u00e7\u00e3o. Os ingredientes s\u00e3o alimentados em lotes por meio de uma bomba de transfer\u00eancia para um tanque equipado com um misturador. A quantidade de ingredientes misturados pode ser aumentada, se necess\u00e1rio. Ingredientes de fluxo livre, sol\u00faveis no l\u00edquido e dentro dos limites de tamanho de part\u00edcula da bomba de transfer\u00eancia, podem ser adicionados atrav\u00e9s de uma abertura de alimenta\u00e7\u00e3o.<\/p>\n","protected":false},"author":7,"featured_media":43465,"parent":36151,"menu_order":0,"comment_status":"closed","ping_status":"closed","template":"templates\/single-product.php","meta":{"_acf_changed":false,"_bbp_topic_count":0,"_bbp_reply_count":0,"_bbp_total_topic_count":0,"_bbp_total_reply_count":0,"_bbp_voice_count":0,"_bbp_anonymous_reply_count":0,"_bbp_topic_count_hidden":0,"_bbp_reply_count_hidden":0,"_bbp_forum_subforum_count":0,"footnotes":""},"categories":[1346],"class_list":["post-295297","page","type-page","status-publish","has-post-thumbnail","hentry","category-mistura-combinacao","oil_type-industria-alimentar","oil_type-industria-cosmetica-pt-pt","oil_type-industria-farmaceutica","oil_type-industria-petrolifera","oil_type-industria-quimica","process_type-mistura"],"acf":{"add_tab":[{"tab_title":"Descri\u00e7\u00e3o","tab_content":"Unidade de mistura de alta velocidade USB-5 \u00e9 destinada \u00e0 produ\u00e7\u00e3o de desinfetantes \u00e0 base de \u00e1lcoois e solu\u00e7\u00f5es aquosas. O design prev\u00ea a mistura de dois a quatro l\u00edquidos separados (ingrediente principal, ingredientes adicionais) determinados pela formula\u00e7\u00e3o e alimentados em lotes por uma bomba de transfer\u00eancia em um tanque equipado com um misturador. Se necess\u00e1rio, \u00e9 poss\u00edvel aumentar a quantidade de ingredientes misturados. Os ingredientes de fluxo livre que s\u00e3o sol\u00faveis em l\u00edquido e t\u00eam os tamanhos de part\u00edculas permitidos para a bomba de transfer\u00eancia utilizada podem ser adicionados atrav\u00e9s de uma tampa de alimenta\u00e7\u00e3o."}],"add_def_tab":[{"tab_title":"Especifica\u00e7\u00f5es","tab_content":"<table>\r\n<tbody>\r\n<tr>\r\n<td><b>Seq.No.<\/b><\/td>\r\n<td>\r\n<p style=\"text-align: center;\"><b>Indicadores<\/b><\/p>\r\n<\/td>\r\n<td><b>Valores<\/b><\/td>\r\n<\/tr>\r\n<tr>\r\n<td><b>1.\u00a0\u00a0<\/b><\/td>\r\n<td>Quantidade de ingredientes misturados<\/td>\r\n<td>\r\n<p style=\"text-align: center;\"><b>2\u20134*<\/b><\/p>\r\n<\/td>\r\n<\/tr>\r\n<tr>\r\n<td><b>2.\u00a0\u00a0<\/b><\/td>\r\n<td>Capacidade, L\/ciclo, n\u00e3o menos que<\/td>\r\n<td>\r\n<p style=\"text-align: center;\"><b>150*<\/b><\/p>\r\n<\/td>\r\n<\/tr>\r\n<tr>\r\n<td><b>3.\u00a0\u00a0<\/b><\/td>\r\n<td>N\u00famero de ciclos operacionais recomendados, ciclos\/hora<\/td>\r\n<td>\r\n<p style=\"text-align: center;\"><b>2<\/b><\/p>\r\n<\/td>\r\n<\/tr>\r\n<tr>\r\n<td><b>4.\u00a0\u00a0<\/b><\/td>\r\n<td>Volume total do tanque, L<\/td>\r\n<td>\r\n<p style=\"text-align: center;\"><b>250<\/b><\/p>\r\n<\/td>\r\n<\/tr>\r\n<tr>\r\n<td><b>5.\u00a0\u00a0<\/b><\/td>\r\n<td>Pot\u00eancia necess\u00e1ria, kW<\/td>\r\n<td>\r\n<p style=\"text-align: center;\"><b>1,1<\/b><\/p>\r\n<\/td>\r\n<\/tr>\r\n<tr>\r\n<td><b>6.\u00a0\u00a0<\/b><\/td>\r\n<td>Tens\u00e3o de alimenta\u00e7\u00e3o (50 Hz, 3 fases), V<\/td>\r\n<td>\r\n<p style=\"text-align: center;\"><b>380\r\n<\/b><\/p>\r\n<\/td>\r\n<\/tr>\r\n<tr>\r\n<td><b>7.\u00a0\u00a0<\/b><\/td>\r\n<td>Dimens\u00f5es em posi\u00e7\u00e3o de trabalho, mm\r\n\r\n\u2013 comprimento\r\n\r\n\u2013 largura\r\n\r\n\u2013 altura<\/td>\r\n<td><b>\u00a0<\/b>\r\n<p style=\"text-align: center;\"><b>810<\/b><\/p>\r\n<p style=\"text-align: center;\"><b>770<\/b><\/p>\r\n<p style=\"text-align: center;\"><b>1.600<\/b><\/p>\r\n<\/td>\r\n<\/tr>\r\n<tr>\r\n<td><b>8.\u00a0\u00a0<\/b><\/td>\r\n<td>Peso, kg (lb), n\u00e3o mais que<\/td>\r\n<td>\r\n<p style=\"text-align: center;\"><b>150<\/b><\/p>\r\n<\/td>\r\n<\/tr>\r\n<\/tbody>\r\n<\/table>\r\n* A quantidade de ingredientes misturados e a capacidade dependem da formula\u00e7\u00e3o"},{"tab_title":"Vantagens","tab_content":"<ul>\r\n \t<li style=\"text-align: justify;\">pre\u00e7o razo\u00e1vel;<\/li>\r\n \t<li style=\"text-align: justify;\">tamanhos compactos e peso leve;<\/li>\r\n \t<li style=\"text-align: justify;\">simplicidade no design;<\/li>\r\n \t<li style=\"text-align: justify;\">mistura de dois a quatro ingredientes;<\/li>\r\n \t<li style=\"text-align: justify;\">o design da unidade permite opera\u00e7\u00e3o tanto em empresas rec\u00e9m-constru\u00eddas quanto nas j\u00e1 existentes.<\/li>\r\n<\/ul>"},{"tab_title":"Aplica\u00e7\u00e3o","tab_content":"[product_oil_types]"}],"add_video_tab":[{"video_tab_title":"Video","add_video_id":[{"video_id":"nvuQ58hJ6C4"},{"video_id":"gg_MULwwDTE"},{"video_id":"5jX7APGBVd0"}]}],"add_gallery_tab":null,"add_price_tab":null},"language":"pt-pt","_links":{"self":[{"href":"https:\/\/globecore.com\/pt-pt\/wp-json\/wp\/v2\/pages\/295297","targetHints":{"allow":["GET"]}}],"collection":[{"href":"https:\/\/globecore.com\/pt-pt\/wp-json\/wp\/v2\/pages"}],"about":[{"href":"https:\/\/globecore.com\/pt-pt\/wp-json\/wp\/v2\/types\/page"}],"author":[{"embeddable":true,"href":"https:\/\/globecore.com\/pt-pt\/wp-json\/wp\/v2\/users\/7"}],"replies":[{"embeddable":true,"href":"https:\/\/globecore.com\/pt-pt\/wp-json\/wp\/v2\/comments?post=295297"}],"version-history":[{"count":1,"href":"https:\/\/globecore.com\/pt-pt\/wp-json\/wp\/v2\/pages\/295297\/revisions"}],"predecessor-version":[{"id":336251,"href":"https:\/\/globecore.com\/pt-pt\/wp-json\/wp\/v2\/pages\/295297\/revisions\/336251"}],"up":[{"embeddable":true,"href":"https:\/\/globecore.com\/pt-pt\/wp-json\/wp\/v2\/pages\/36151"}],"wp:featuredmedia":[{"embeddable":true,"href":"https:\/\/globecore.com\/pt-pt\/wp-json\/wp\/v2\/media\/43465"}],"wp:attachment":[{"href":"https:\/\/globecore.com\/pt-pt\/wp-json\/wp\/v2\/media?parent=295297"}],"wp:term":[{"taxonomy":"category","embeddable":true,"href":"https:\/\/globecore.com\/pt-pt\/wp-json\/wp\/v2\/categories?post=295297"}],"curies":[{"name":"wp","href":"https:\/\/api.w.org\/{rel}","templated":true}]}}