{"id":295300,"date":"2021-11-03T07:50:33","date_gmt":"2021-11-03T07:50:33","guid":{"rendered":"https:\/\/globecore.com\/products\/sistemas-de-mistura\/usb-5-high-speed-mixing-unit-for-production-of-sanitizers-1-1-m3-cycle\/"},"modified":"2026-03-06T14:44:17","modified_gmt":"2026-03-06T14:44:17","slug":"usb-5-high-speed-mixing-unit-for-production-of-sanitizers-1-1-m3-cycle","status":"publish","type":"page","link":"https:\/\/globecore.com\/pt-pt\/products\/sistemas-de-mistura\/usb-5-high-speed-mixing-unit-for-production-of-sanitizers-1-1-m3-cycle\/","title":{"rendered":"USB-5 Unidade de Mistura de Alta Velocidade para Produ\u00e7\u00e3o de Desinfetantes (1.1 m\u00b3\/ciclo)"},"content":{"rendered":"","protected":false},"excerpt":{"rendered":"<p>A unidade de mistura por lotes USB-5 foi projetada para combinar de dois a quatro componentes l\u00edquidos separados. Os ingredientes s\u00e3o alimentados em lotes por meio de uma bomba de transfer\u00eancia para um tanque equipado com um misturador. A quantidade de ingredientes misturados pode ser aumentada, se necess\u00e1rio. Componentes de fluxo livre, sol\u00faveis no l\u00edquido e dentro do tamanho de part\u00edcula permitido para a bomba de transfer\u00eancia, podem ser adicionados atrav\u00e9s de uma abertura de alimenta\u00e7\u00e3o.<\/p>\n","protected":false},"author":7,"featured_media":43451,"parent":36151,"menu_order":0,"comment_status":"closed","ping_status":"closed","template":"templates\/single-product.php","meta":{"_acf_changed":false,"_bbp_topic_count":0,"_bbp_reply_count":0,"_bbp_total_topic_count":0,"_bbp_total_reply_count":0,"_bbp_voice_count":0,"_bbp_anonymous_reply_count":0,"_bbp_topic_count_hidden":0,"_bbp_reply_count_hidden":0,"_bbp_forum_subforum_count":0,"footnotes":""},"categories":[1346],"class_list":["post-295300","page","type-page","status-publish","has-post-thumbnail","hentry","category-mistura-combinacao","oil_type-industria-alimentar","oil_type-industria-cosmetica-pt-pt","oil_type-industria-farmaceutica","oil_type-industria-petrolifera","oil_type-industria-quimica","process_type-mistura"],"acf":{"add_tab":[{"tab_title":"Descri\u00e7\u00e3o","tab_content":"<p style=\"text-align: justify;\">A unidade do tipo batelada USB-5 destina-se \u00e0 produ\u00e7\u00e3o de desinfetantes \u00e0 base de solu\u00e7\u00f5es alco\u00f3licas e aquosas. O design permite a mistura de dois a quatro l\u00edquidos separados (ingrediente principal, ingredientes adicionais) alimentados de forma intermitente por uma bomba de transfer\u00eancia em um tanque equipado com um misturador. Se necess\u00e1rio, \u00e9 poss\u00edvel aumentar a quantidade de ingredientes misturados. Os ingredientes flu\u00eddos que s\u00e3o sol\u00faveis em l\u00edquido e t\u00eam tamanhos de part\u00edcula permiss\u00edveis para a bomba de transfer\u00eancia utilizada podem ser adicionados atrav\u00e9s de uma abertura de alimenta\u00e7\u00e3o.<\/p>"}],"add_def_tab":[{"tab_title":"Especifica\u00e7\u00f5es","tab_content":"<table>\r\n<tbody>\r\n<tr>\r\n<td><strong>Seq.<\/strong>\r\n<strong>No.<\/strong><\/td>\r\n<td>\r\n<p style=\"text-align: center;\"><strong>Indicadores<\/strong><\/p>\r\n<\/td>\r\n<td>\r\n<p style=\"text-align: center;\"><strong>Valores<\/strong><\/p>\r\n<\/td>\r\n<\/tr>\r\n<tr>\r\n<td>1.<\/td>\r\n<td>Quantidade de ingredientes misturados<\/td>\r\n<td>\r\n<p style=\"text-align: center;\">2\u20134*<\/p>\r\n<\/td>\r\n<\/tr>\r\n<tr>\r\n<td>2.<\/td>\r\n<td>Capacidade, gal.\/ciclo, n\u00e3o menos que<\/td>\r\n<td>\r\n<p style=\"text-align: center;\">300*<\/p>\r\n<\/td>\r\n<\/tr>\r\n<tr>\r\n<td>3.<\/td>\r\n<td>N\u00famero de ciclos operacionais recomendados, ciclos\/hora<\/td>\r\n<td>\r\n<p style=\"text-align: center;\">2<\/p>\r\n<\/td>\r\n<\/tr>\r\n<tr>\r\n<td>4.<\/td>\r\n<td>Volume total do tanque, gal.<\/td>\r\n<td>\r\n<p style=\"text-align: center;\">450<\/p>\r\n<\/td>\r\n<\/tr>\r\n<tr>\r\n<td>5.<\/td>\r\n<td>Volume m\u00ednimo operacional, gal.<\/td>\r\n<td>\r\n<p style=\"text-align: center;\">200<\/p>\r\n<\/td>\r\n<\/tr>\r\n<tr>\r\n<td>6.<\/td>\r\n<td>Volume m\u00e1ximo operacional, gal.<\/td>\r\n<td>\r\n<p style=\"text-align: center;\">375<\/p>\r\n<\/td>\r\n<\/tr>\r\n<tr>\r\n<td>7.<\/td>\r\n<td>Velocidade de rota\u00e7\u00e3o do misturador, rpm<\/td>\r\n<td>\r\n<p style=\"text-align: center;\">1.141<\/p>\r\n<\/td>\r\n<\/tr>\r\n<tr>\r\n<td>8.<\/td>\r\n<td>Pot\u00eancia necess\u00e1ria, kW<\/td>\r\n<td>\r\n<p style=\"text-align: center;\">5.3<\/p>\r\n<\/td>\r\n<\/tr>\r\n<tr>\r\n<td>9.<\/td>\r\n<td>Voltagem de pot\u00eancia (60 Hz, 3 fases), V<\/td>\r\n<td>\r\n<p style=\"text-align: center;\">480<\/p>\r\n<\/td>\r\n<\/tr>\r\n<tr>\r\n<td>10.<\/td>\r\n<td>Dimens\u00f5es em posi\u00e7\u00e3o de trabalho, mm (polegada)<\/td>\r\n<td>&nbsp;\r\n<p style=\"text-align: center;\">2.200 (86.6)<\/p>\r\n<p style=\"text-align: center;\">1.550 (61)<\/p>\r\n<p style=\"text-align: center;\">2.300 (90.6)<\/p>\r\n<\/td>\r\n<\/tr>\r\n<tr>\r\n<td>11.<\/td>\r\n<td>Peso, kg (lb), n\u00e3o mais que<\/td>\r\n<td>\r\n<p style=\"text-align: center;\">450 (204)<\/p>\r\n<\/td>\r\n<\/tr>\r\n<tr>\r\n<td>12.<\/td>\r\n<td>Dimens\u00f5es em embalagem, mm (polegada)<\/td>\r\n<td>&nbsp;\r\n<p style=\"text-align: center;\">2.500 (98.4)<\/p>\r\n<p style=\"text-align: center;\">1.650 (65)<\/p>\r\n<p style=\"text-align: center;\">1.500 (59)<\/p>\r\n<\/td>\r\n<\/tr>\r\n<tr>\r\n<td>13.<\/td>\r\n<td>Peso em embalagem, kg (lb), n\u00e3o mais que<\/td>\r\n<td>\r\n<p style=\"text-align: center;\">600 (272)<\/p>\r\n<\/td>\r\n<\/tr>\r\n<\/tbody>\r\n<\/table>\r\n* A quantidade de ingredientes misturados e a capacidade dependem da formula\u00e7\u00e3o."},{"tab_title":"Vantagens","tab_content":"<ul>\r\n \t<li style=\"text-align: justify;\">pre\u00e7o razo\u00e1vel;<\/li>\r\n \t<li style=\"text-align: justify;\">tamanhos compactos e peso leve;<\/li>\r\n \t<li style=\"text-align: justify;\">simplicidade de design;<\/li>\r\n \t<li style=\"text-align: justify;\">mistura de dois a quatro ingredientes;<\/li>\r\n \t<li style=\"text-align: justify;\">o design da unidade permite opera\u00e7\u00e3o tanto em empresas rec\u00e9m-constru\u00eddas quanto em existentes.<\/li>\r\n<\/ul>"},{"tab_title":"Aplica\u00e7\u00e3o","tab_content":"[product_oil_types]"}],"add_video_tab":[{"video_tab_title":"V\u00eddeo","add_video_id":[{"video_id":"nvuQ58hJ6C4"},{"video_id":"gg_MULwwDTE"},{"video_id":"5jX7APGBVd0"}]}],"add_gallery_tab":null,"add_price_tab":null},"language":"pt-pt","_links":{"self":[{"href":"https:\/\/globecore.com\/pt-pt\/wp-json\/wp\/v2\/pages\/295300","targetHints":{"allow":["GET"]}}],"collection":[{"href":"https:\/\/globecore.com\/pt-pt\/wp-json\/wp\/v2\/pages"}],"about":[{"href":"https:\/\/globecore.com\/pt-pt\/wp-json\/wp\/v2\/types\/page"}],"author":[{"embeddable":true,"href":"https:\/\/globecore.com\/pt-pt\/wp-json\/wp\/v2\/users\/7"}],"replies":[{"embeddable":true,"href":"https:\/\/globecore.com\/pt-pt\/wp-json\/wp\/v2\/comments?post=295300"}],"version-history":[{"count":2,"href":"https:\/\/globecore.com\/pt-pt\/wp-json\/wp\/v2\/pages\/295300\/revisions"}],"predecessor-version":[{"id":336256,"href":"https:\/\/globecore.com\/pt-pt\/wp-json\/wp\/v2\/pages\/295300\/revisions\/336256"}],"up":[{"embeddable":true,"href":"https:\/\/globecore.com\/pt-pt\/wp-json\/wp\/v2\/pages\/36151"}],"wp:featuredmedia":[{"embeddable":true,"href":"https:\/\/globecore.com\/pt-pt\/wp-json\/wp\/v2\/media\/43451"}],"wp:attachment":[{"href":"https:\/\/globecore.com\/pt-pt\/wp-json\/wp\/v2\/media?parent=295300"}],"wp:term":[{"taxonomy":"category","embeddable":true,"href":"https:\/\/globecore.com\/pt-pt\/wp-json\/wp\/v2\/categories?post=295300"}],"curies":[{"name":"wp","href":"https:\/\/api.w.org\/{rel}","templated":true}]}}