{"id":295303,"date":"2021-02-15T06:56:53","date_gmt":"2021-02-15T06:56:53","guid":{"rendered":"https:\/\/globecore.com\/products\/sistemas-de-mistura\/impeller-stirrer-usb-4\/"},"modified":"2026-03-06T14:48:17","modified_gmt":"2026-03-06T14:48:17","slug":"impeller-stirrer-usb-4","status":"publish","type":"page","link":"https:\/\/globecore.com\/pt-pt\/products\/sistemas-de-mistura\/impeller-stirrer-usb-4\/","title":{"rendered":"USB-6 Agitador de H\u00e9lice"},"content":{"rendered":"","protected":false},"excerpt":{"rendered":"<p>O agitador de h\u00e9lice USB-6 \u00e9 projetado para misturar l\u00edquidos em recipientes ou tanques. \u00c9 altamente vers\u00e1til e pode ser usado para produzir emuls\u00f5es e suspens\u00f5es, dissolver s\u00f3lidos (at\u00e9 50\u202f% de conte\u00fado de part\u00edculas), melhorar a transfer\u00eancia de calor, equalizar a temperatura e misturar materiais fibrosos. Os agitadores podem ser instalados em diversos recipientes para atender a diferentes necessidades de produ\u00e7\u00e3o.<\/p>\n","protected":false},"author":7,"featured_media":33654,"parent":36151,"menu_order":0,"comment_status":"closed","ping_status":"closed","template":"templates\/single-product.php","meta":{"_acf_changed":false,"_bbp_topic_count":0,"_bbp_reply_count":0,"_bbp_total_topic_count":0,"_bbp_total_reply_count":0,"_bbp_voice_count":0,"_bbp_anonymous_reply_count":0,"_bbp_topic_count_hidden":0,"_bbp_reply_count_hidden":0,"_bbp_forum_subforum_count":0,"footnotes":""},"categories":[1346],"class_list":["post-295303","page","type-page","status-publish","has-post-thumbnail","hentry","category-mistura-combinacao","oil_type-industria-alimentar","oil_type-industria-cosmetica-pt-pt","oil_type-industria-da-construcao","oil_type-industria-farmaceutica","oil_type-industria-petrolifera","oil_type-industria-quimica","process_type-mistura"],"acf":{"add_tab":[{"tab_title":"Descri\u00e7\u00e3o","tab_content":"<p style=\"text-align: justify;\">O agitador de h\u00e9lice USB-6 \u00e9 projetado para misturar camadas l\u00edquidas em um recipiente ou tanque. Ele \u00e9 utilizado para produzir diferentes emuls\u00f5es e suspens\u00f5es, incluindo antiss\u00e9pticos e desinfetantes.<\/p>\r\n\r\n<h2 style=\"text-align: center;\">Princ\u00edpio de opera\u00e7\u00e3o<\/h2>\r\n<p style=\"text-align: justify;\">O dispositivo de agita\u00e7\u00e3o consiste em um eixo rotativo, no qual as h\u00e9lices s\u00e3o instaladas em v\u00e1rios n\u00edveis, empurrando o l\u00edquido ao longo do tubo guia. O tubo guia possui orif\u00edcios nas janelas, atrav\u00e9s dos quais o l\u00edquido \u00e9 puxado para dentro - assim, uma mistura uniforme \u00e9 alcan\u00e7ada, independentemente do n\u00edvel do l\u00edquido dentro do recipiente.<\/p>\r\n<p style=\"text-align: justify;\">Os dispositivos s\u00e3o projetados para montagem vertical em tanques horizontais. Um buraco \u00e9 feito no recipiente no qual o misturador \u00e9 inserido. O flange do agitador \u00e9 soldado ao vaso.<\/p>"}],"add_def_tab":[{"tab_title":"Especifica\u00e7\u00e3o","tab_content":"<table>\r\n<tbody>\r\n<tr>\r\n<td><b>\u2116<\/b><\/td>\r\n<td>\r\n<p style=\"text-align: center;\"><b>Nome do par\u00e2metro<\/b><\/p>\r\n<\/td>\r\n<td>\r\n<p style=\"text-align: center;\"><b>Valor<\/b><\/p>\r\n<\/td>\r\n<\/tr>\r\n<tr>\r\n<td>1<\/td>\r\n<td>\r\n<p style=\"text-align: left;\">Frequ\u00eancia de rota\u00e7\u00e3o, rpm<\/p>\r\n<\/td>\r\n<td>\r\n<p style=\"text-align: center;\">750<\/p>\r\n<\/td>\r\n<\/tr>\r\n<tr>\r\n<td>2<\/td>\r\n<td>\r\n<p style=\"text-align: left;\">Comprimento da parte imersa do misturador, m<\/p>\r\n<\/td>\r\n<td>\r\n<p style=\"text-align: center;\">1,5-2<\/p>\r\n<\/td>\r\n<\/tr>\r\n<tr>\r\n<td>3<\/td>\r\n<td>\r\n<p style=\"text-align: left;\">Pot\u00eancia instalada, kW (m\u00e1ximo)<\/p>\r\n<\/td>\r\n<td>\r\n<p style=\"text-align: center;\">5,5<\/p>\r\n<\/td>\r\n<\/tr>\r\n<tr>\r\n<td>4<\/td>\r\n<td>\r\n<p style=\"text-align: left;\">Dimens\u00f5es totais, mm*<\/p>\r\n<\/td>\r\n<td><\/td>\r\n<\/tr>\r\n<tr>\r\n<td><\/td>\r\n<td>\r\n<p style=\"text-align: left;\">\u2013 comprimento<\/p>\r\n<\/td>\r\n<td>\r\n<p style=\"text-align: center;\">1180<\/p>\r\n<\/td>\r\n<\/tr>\r\n<tr>\r\n<td><\/td>\r\n<td>\r\n<p style=\"text-align: left;\">\u2013 largura<\/p>\r\n<\/td>\r\n<td>\r\n<p style=\"text-align: center;\">1000<\/p>\r\n<\/td>\r\n<\/tr>\r\n<tr>\r\n<td><\/td>\r\n<td>\r\n<p style=\"text-align: left;\">\u2013 altura<\/p>\r\n<\/td>\r\n<td>\r\n<p style=\"text-align: center;\">1800<\/p>\r\n<\/td>\r\n<\/tr>\r\n<tr>\r\n<td>5<\/td>\r\n<td>\r\n<p style=\"text-align: left;\">Peso, kg (m\u00e1ximo)<\/p>\r\n<\/td>\r\n<td>\r\n<p style=\"text-align: center;\">105<\/p>\r\n<\/td>\r\n<\/tr>\r\n<\/tbody>\r\n<\/table>\r\n* \u2013 as dimens\u00f5es totais s\u00e3o fornecidas considerando as dimens\u00f5es do recipiente, que n\u00e3o est\u00e1 inclu\u00eddo no conjunto de entrega padr\u00e3o."},{"tab_title":"Vantagens","tab_content":"<ul>\r\n \t<li style=\"text-align: justify;\">universalidade. Os agitadores s\u00e3o instalados em diferentes recipientes e s\u00e3o usados para obter diversos produtos;<\/li>\r\n \t<li style=\"text-align: justify;\">multifuncionalidade. Os agitadores s\u00e3o usados para dissolu\u00e7\u00e3o, emulsifica\u00e7\u00e3o, pesagem de s\u00f3lidos (conte\u00fado de part\u00edculas at\u00e9 50%), intensifica\u00e7\u00e3o da transfer\u00eancia de calor, equaliza\u00e7\u00e3o de temperatura, mistura de materiais fibrosos.<\/li>\r\n<\/ul>"},{"tab_title":"Aplica\u00e7\u00e3o","tab_content":"[product_oil_types]"}],"add_video_tab":[{"video_tab_title":"Video","add_video_id":[{"video_id":"nvuQ58hJ6C4"},{"video_id":"gg_MULwwDTE"}]}],"add_gallery_tab":null,"add_price_tab":[{"price_tab_title":"1"}]},"language":"pt-pt","_links":{"self":[{"href":"https:\/\/globecore.com\/pt-pt\/wp-json\/wp\/v2\/pages\/295303","targetHints":{"allow":["GET"]}}],"collection":[{"href":"https:\/\/globecore.com\/pt-pt\/wp-json\/wp\/v2\/pages"}],"about":[{"href":"https:\/\/globecore.com\/pt-pt\/wp-json\/wp\/v2\/types\/page"}],"author":[{"embeddable":true,"href":"https:\/\/globecore.com\/pt-pt\/wp-json\/wp\/v2\/users\/7"}],"replies":[{"embeddable":true,"href":"https:\/\/globecore.com\/pt-pt\/wp-json\/wp\/v2\/comments?post=295303"}],"version-history":[{"count":2,"href":"https:\/\/globecore.com\/pt-pt\/wp-json\/wp\/v2\/pages\/295303\/revisions"}],"predecessor-version":[{"id":336261,"href":"https:\/\/globecore.com\/pt-pt\/wp-json\/wp\/v2\/pages\/295303\/revisions\/336261"}],"up":[{"embeddable":true,"href":"https:\/\/globecore.com\/pt-pt\/wp-json\/wp\/v2\/pages\/36151"}],"wp:featuredmedia":[{"embeddable":true,"href":"https:\/\/globecore.com\/pt-pt\/wp-json\/wp\/v2\/media\/33654"}],"wp:attachment":[{"href":"https:\/\/globecore.com\/pt-pt\/wp-json\/wp\/v2\/media?parent=295303"}],"wp:term":[{"taxonomy":"category","embeddable":true,"href":"https:\/\/globecore.com\/pt-pt\/wp-json\/wp\/v2\/categories?post=295303"}],"curies":[{"name":"wp","href":"https:\/\/api.w.org\/{rel}","templated":true}]}}