{"id":295308,"date":"2020-03-11T09:14:26","date_gmt":"2020-03-11T09:14:26","guid":{"rendered":"https:\/\/globecore.com\/products\/moinho-coloidal\/colloid-mills-for-different-applications\/colloid-mill-clm-100-2\/"},"modified":"2026-03-09T08:43:28","modified_gmt":"2026-03-09T08:43:28","slug":"colloid-mill-clm-100-2","status":"publish","type":"page","link":"https:\/\/globecore.com\/pt-pt\/products\/moinho-coloidal\/colloid-mills-for-different-applications\/colloid-mill-clm-100-2\/","title":{"rendered":"CLM-100.2 Moinho Coloidal"},"content":{"rendered":"","protected":false},"excerpt":{"rendered":"<p>O moinho coloidal CLM-100.2 \u00e9 projetado para homogeneiza\u00e7\u00e3o e emulsifica\u00e7\u00e3o de produtos l\u00edquidos em escala laboratorial. Pode preparar, dissolver e processar uma variedade de materiais em diferentes ind\u00fastrias, produzindo suspens\u00f5es espessas com altos esfor\u00e7os de cisalhamento. A unidade tem capacidade de 0,1\u20131\u202fm\u00b3\/h.<\/p>\n","protected":false},"author":7,"featured_media":29207,"parent":68089,"menu_order":0,"comment_status":"closed","ping_status":"closed","template":"templates\/single-product.php","meta":{"_acf_changed":false,"_bbp_topic_count":0,"_bbp_reply_count":0,"_bbp_total_topic_count":0,"_bbp_total_reply_count":0,"_bbp_voice_count":0,"_bbp_anonymous_reply_count":0,"_bbp_topic_count_hidden":0,"_bbp_reply_count_hidden":0,"_bbp_forum_subforum_count":0,"footnotes":""},"categories":[1345],"class_list":["post-295308","page","type-page","status-publish","has-post-thumbnail","hentry","category-fresagem","oil_type-industria-alimentar","oil_type-industria-cosmetica-pt-pt","oil_type-industria-da-construcao","oil_type-industria-farmaceutica","oil_type-industria-petrolifera","oil_type-industria-quimica","process_type-fresagem","process_type-mistura"],"acf":{"add_tab":[{"tab_title":"Descri\u00e7\u00e3o","tab_content":"<p style=\"text-align: justify;\">O moinho coloidal CLM-100.2 foi projetado para a homogeneiza\u00e7\u00e3o e emulsifica\u00e7\u00e3o de produtos l\u00edquidos em um ambiente de laborat\u00f3rio.<\/p>\r\n<p style=\"text-align: justify;\">O moinho pode ser utilizado para preparar, dissolver e processar diversos produtos em v\u00e1rias ind\u00fastrias, bem como para obter lamas espessas com altas tens\u00f5es de cisalhamento.<\/p>\r\n\r\n<h2 style=\"text-align: center;\">Princ\u00edpio de opera\u00e7\u00e3o<\/h2>\r\n<p style=\"text-align: justify;\">O princ\u00edpio de funcionamento do moinho coloidal CLM-100.2 baseia-se no diagrama do sistema rotor\/estator. O rotor e o estator consistem em an\u00e9is conc\u00eantricos de ferramentas (cortadores, facas) com configura\u00e7\u00f5es especiais de sulcos e\/ou furos que garantem o modo \u00f3timo de impacto mec\u00e2nico no produto processado.<\/p>\r\n<p style=\"text-align: justify;\">Na posi\u00e7\u00e3o de trabalho, os an\u00e9is de ferramentas do rotor (ferramenta m\u00f3vel) e do estator (ferramenta estacion\u00e1ria) entram em contato coaxialmente um com o outro e giram de maneira sem contato, com uma alta velocidade relativa (at\u00e9 50 m\/s). A rota\u00e7\u00e3o sem contato \u00e9 garantida pelas folgas axiais e radiais tecnol\u00f3gicas.<\/p>\r\n<p style=\"text-align: justify;\">O produto processado entra na c\u00e2mara de opera\u00e7\u00e3o da carca\u00e7a do moinho atrav\u00e9s do furo axial do estator, \u00e9 conduzido pelo sistema rotor\/estator e descarregado na dire\u00e7\u00e3o radial (sa\u00edda do produto).<\/p>\r\n<p style=\"text-align: justify;\">Ao passar pelo sistema rotor\/estator, o produto \u00e9 influenciado por processos hidrodin\u00e2micos complexos associados a mudan\u00e7as nas tens\u00f5es de cisalhamento, for\u00e7as de cisalhamento e velocidade de fluxo. As rea\u00e7\u00f5es qu\u00edmicas ocorrem mais rapidamente devido ao aumento das superf\u00edcies de contato dos agentes qu\u00edmicos. Como resultado, s\u00e3o alcan\u00e7ados a dispers\u00e3o intensiva, emulsifica\u00e7\u00e3o, homogeneiza\u00e7\u00e3o, moagem e pulveriza\u00e7\u00e3o do produto processado.<\/p>"}],"add_def_tab":[{"tab_title":"Especifica\u00e7\u00e3o","tab_content":"<table>\r\n<tbody>\r\n<tr>\r\n<td>\r\n<p style=\"text-align: center;\"><b>N\u00ba Seq.<\/b><\/p>\r\n<\/td>\r\n<td>\r\n<p style=\"text-align: center;\"><b>Par\u00e2metro<\/b><\/p>\r\n<\/td>\r\n<td>\r\n<p style=\"text-align: center;\"><b>Valor<\/b><\/p>\r\n<\/td>\r\n<\/tr>\r\n<tr>\r\n<td>1<\/td>\r\n<td>Capacidade da unidade, m3\/h (gpm)<\/td>\r\n<td>\r\n<p style=\"text-align: center;\">0.1\u20261 (0.44\u2026 4.4)*<\/p>\r\n<\/td>\r\n<\/tr>\r\n<tr>\r\n<td>2<\/td>\r\n<td>Viscosidade cinem\u00e1tica do produto, mm2\/s (St), n\u00e3o mais que<\/td>\r\n<td>\r\n<p style=\"text-align: center;\">150 (1.5)<\/p>\r\n<\/td>\r\n<\/tr>\r\n<tr>\r\n<td>3<\/td>\r\n<td>Temperatura de opera\u00e7\u00e3o, \u00b0\u0421 (\u00b0F), n\u00e3o mais que<\/td>\r\n<td>\r\n<p style=\"text-align: center;\">180 (356)<\/p>\r\n<\/td>\r\n<\/tr>\r\n<tr>\r\n<td>4<\/td>\r\n<td>Press\u00e3o m\u00e1xima, bar (psi), n\u00e3o mais que<\/td>\r\n<td>\r\n<p style=\"text-align: center;\">6 (87)<\/p>\r\n<\/td>\r\n<\/tr>\r\n<tr>\r\n<td>5<\/td>\r\n<td>Volume de opera\u00e7\u00e3o do produto, L (gal)<\/td>\r\n<td>\r\n<p style=\"text-align: center;\">5 (1.3)<\/p>\r\n<\/td>\r\n<\/tr>\r\n<tr>\r\n<td>6<\/td>\r\n<td>Tipo de veda\u00e7\u00e3o do eixo<\/td>\r\n<td>\r\n<p style=\"text-align: center;\">mec\u00e2nica<\/p>\r\n<\/td>\r\n<\/tr>\r\n<tr>\r\n<td>7<\/td>\r\n<td>Tipo de ferramenta do rotor\/estator<\/td>\r\n<td>\r\n<p style=\"text-align: center;\">bico<\/p>\r\n<\/td>\r\n<\/tr>\r\n<tr>\r\n<td>8<\/td>\r\n<td>Kit de faca substitu\u00edvel<\/td>\r\n<td>\r\n<p style=\"text-align: center;\">opcional**<\/p>\r\n<\/td>\r\n<\/tr>\r\n<tr>\r\n<td>9<\/td>\r\n<td>Espa\u00e7o axial da faca (pr\u00e9-ajustado), mm (in)<\/td>\r\n<td>\r\n<p style=\"text-align: center;\">0.2\u20262 (8\u00b710<sup>-3<\/sup>\u2026 8\u00b710<sup>-2<\/sup>)<\/p>\r\n<\/td>\r\n<\/tr>\r\n<tr>\r\n<td>10<\/td>\r\n<td>Espa\u00e7o radial da faca, mm (in)<\/td>\r\n<td>\r\n<p style=\"text-align: center;\">0.25 (10<sup>-3<\/sup>)<\/p>\r\n<\/td>\r\n<\/tr>\r\n<tr>\r\n<td>11<\/td>\r\n<td>Velocidade da ponta da faca, m\/s (mph), n\u00e3o mais que<\/td>\r\n<td>\r\n<p style=\"text-align: center;\">50 (112)<\/p>\r\n<\/td>\r\n<\/tr>\r\n<tr>\r\n<td>12<\/td>\r\n<td>Velocidade de rota\u00e7\u00e3o do eixo do moinho e rolamento, rpm<\/td>\r\n<td>\r\n<p style=\"text-align: center;\">6,800<\/p>\r\n<\/td>\r\n<\/tr>\r\n<tr>\r\n<td>13<\/td>\r\n<td>Velocidade de rota\u00e7\u00e3o do eixo do motor el\u00e9trico, rpm<\/td>\r\n<td>\r\n<p style=\"text-align: center;\">3,400<\/p>\r\n<\/td>\r\n<\/tr>\r\n<tr>\r\n<td>14<\/td>\r\n<td>Pot\u00eancia do motor, kW<\/td>\r\n<td>\r\n<p style=\"text-align: center;\">3.3<\/p>\r\n<\/td>\r\n<\/tr>\r\n<tr>\r\n<td>15<\/td>\r\n<td>Voltagem de alimenta\u00e7\u00e3o, V<\/td>\r\n<td>\r\n<p style=\"text-align: center;\">personalizado<\/p>\r\n<\/td>\r\n<\/tr>\r\n<tr>\r\n<td rowspan=\"4\">16<\/td>\r\n<td>Dimens\u00f5es, mm (in), n\u00e3o mais que:<\/td>\r\n<td><\/td>\r\n<\/tr>\r\n<tr>\r\n<td>\u2013 comprimento<\/td>\r\n<td>\r\n<p style=\"text-align: center;\">550 (22)<\/p>\r\n<\/td>\r\n<\/tr>\r\n<tr>\r\n<td>\u2013 largura<\/td>\r\n<td>\r\n<p style=\"text-align: center;\">600 (24)<\/p>\r\n<\/td>\r\n<\/tr>\r\n<tr>\r\n<td>\u2013 altura<\/td>\r\n<td>\r\n<p style=\"text-align: center;\">850 (34)<\/p>\r\n<\/td>\r\n<\/tr>\r\n<tr>\r\n<td>17<\/td>\r\n<td>Peso, n\u00e3o mais que, kg (lb)<\/td>\r\n<td>\r\n<p style=\"text-align: center;\">75 (165)<\/p>\r\n<\/td>\r\n<\/tr>\r\n<\/tbody>\r\n<\/table>\r\n<p style=\"text-align: justify;\"><b>\u00a0<\/b>* \u2013 a capacidade da unidade pode mudar e depende do tipo de produto fabricado.<\/p>"},{"tab_title":"Vantagens","tab_content":"<ul>\r\n \t<li style=\"text-align: justify;\">o moinho pode ser usado para desenvolver novas formula\u00e7\u00f5es de produtos;<\/li>\r\n \t<li style=\"text-align: justify;\">o moinho lida com diversos tipos de produtos;<\/li>\r\n \t<li style=\"text-align: justify;\">tamanho compacto;<\/li>\r\n \t<li style=\"text-align: justify;\">os componentes do design da parte \u00famida do moinho s\u00e3o feitos de a\u00e7o inoxid\u00e1vel, resistente a produtos qu\u00edmicos;<\/li>\r\n \t<li style=\"text-align: justify;\">o moinho pode ter ferramentas rotor\/estator de diversos tipos e n\u00famero de est\u00e1gios operacionais (an\u00e9is) dependendo do tipo de subst\u00e2ncia processada e do impacto necess\u00e1rio (bico, c\u00e2mara, cone para moagem, cone para produtos viscosos);<\/li>\r\n \t<li style=\"text-align: justify;\">as ferramentas podem ser desmont\u00e1veis ou feitas de um bloco s\u00f3lido e de diversos tipos de a\u00e7o, dependendo do objetivo pretendido para o moinho;<\/li>\r\n \t<li style=\"text-align: justify;\">o moinho pode ser operado tanto em ambientes internos quanto em espa\u00e7os externos cobertos.<\/li>\r\n<\/ul>"},{"tab_title":"Webinar","tab_content":"<div class=\"responsive-embed widescreen\">\r\n<div class=\"responsive-embed widescreen\">\r\n<div class=\"responsive-embed widescreen\">\r\n<div class=\"responsive-embed widescreen\"><iframe title=\"Webinar - Moagem Ultrafina na Ind\u00fastria de Alimentos (17.11.2021)\" src=\"https:\/\/www.youtube.com\/embed\/f9boL_C1-Vc?feature=oembed\" width=\"500\" height=\"281\" frameborder=\"0\" allowfullscreen=\"allowfullscreen\"><\/iframe><\/div>\r\n<\/div>\r\n<\/div>\r\n<\/div>"}],"add_video_tab":[{"video_tab_title":"Video","add_video_id":[{"video_id":"r1JwcsHfA6k"},{"video_id":"O-e8bg0a934"},{"video_id":"LpzuqgCLFeE"}]}],"add_gallery_tab":null,"add_price_tab":[{"price_tab_title":"Get a quote"}]},"language":"pt-pt","_links":{"self":[{"href":"https:\/\/globecore.com\/pt-pt\/wp-json\/wp\/v2\/pages\/295308","targetHints":{"allow":["GET"]}}],"collection":[{"href":"https:\/\/globecore.com\/pt-pt\/wp-json\/wp\/v2\/pages"}],"about":[{"href":"https:\/\/globecore.com\/pt-pt\/wp-json\/wp\/v2\/types\/page"}],"author":[{"embeddable":true,"href":"https:\/\/globecore.com\/pt-pt\/wp-json\/wp\/v2\/users\/7"}],"replies":[{"embeddable":true,"href":"https:\/\/globecore.com\/pt-pt\/wp-json\/wp\/v2\/comments?post=295308"}],"version-history":[{"count":3,"href":"https:\/\/globecore.com\/pt-pt\/wp-json\/wp\/v2\/pages\/295308\/revisions"}],"predecessor-version":[{"id":341794,"href":"https:\/\/globecore.com\/pt-pt\/wp-json\/wp\/v2\/pages\/295308\/revisions\/341794"}],"up":[{"embeddable":true,"href":"https:\/\/globecore.com\/pt-pt\/wp-json\/wp\/v2\/pages\/68089"}],"wp:featuredmedia":[{"embeddable":true,"href":"https:\/\/globecore.com\/pt-pt\/wp-json\/wp\/v2\/media\/29207"}],"wp:attachment":[{"href":"https:\/\/globecore.com\/pt-pt\/wp-json\/wp\/v2\/media?parent=295308"}],"wp:term":[{"taxonomy":"category","embeddable":true,"href":"https:\/\/globecore.com\/pt-pt\/wp-json\/wp\/v2\/categories?post=295308"}],"curies":[{"name":"wp","href":"https:\/\/api.w.org\/{rel}","templated":true}]}}