{"id":295312,"date":"2020-03-11T09:34:29","date_gmt":"2020-03-11T09:34:29","guid":{"rendered":"https:\/\/globecore.com\/products\/moinho-coloidal\/colloid-mills-for-different-applications\/colloid-mill-clm-200-2\/"},"modified":"2026-03-09T08:50:43","modified_gmt":"2026-03-09T08:50:43","slug":"colloid-mill-clm-200-2","status":"publish","type":"page","link":"https:\/\/globecore.com\/pt-pt\/products\/moinho-coloidal\/colloid-mills-for-different-applications\/colloid-mill-clm-200-2\/","title":{"rendered":"CLM-200.2 Moinho coloidal"},"content":{"rendered":"","protected":false},"excerpt":{"rendered":"<p>O moinho coloidal CLM-200.2 \u00e9 projetado para homogeneiza\u00e7\u00e3o e emulsifica\u00e7\u00e3o de produtos l\u00edquidos em escala laboratorial, bem como para a produ\u00e7\u00e3o de suspens\u00f5es espessas com altos esfor\u00e7os de cisalhamento. Pode ser utilizado na prepara\u00e7\u00e3o, dissolu\u00e7\u00e3o e processamento de uma ampla gama de produtos em diferentes ind\u00fastrias. A capacidade da unidade \u00e9 de 0,2 m\u00b3\/h.<\/p>\n","protected":false},"author":7,"featured_media":19111,"parent":68089,"menu_order":0,"comment_status":"closed","ping_status":"closed","template":"templates\/single-product.php","meta":{"_acf_changed":false,"_bbp_topic_count":0,"_bbp_reply_count":0,"_bbp_total_topic_count":0,"_bbp_total_reply_count":0,"_bbp_voice_count":0,"_bbp_anonymous_reply_count":0,"_bbp_topic_count_hidden":0,"_bbp_reply_count_hidden":0,"_bbp_forum_subforum_count":0,"footnotes":""},"categories":[1345],"class_list":["post-295312","page","type-page","status-publish","has-post-thumbnail","hentry","category-fresagem","oil_type-industria-alimentar","oil_type-industria-cosmetica-pt-pt","oil_type-industria-da-construcao","oil_type-industria-farmaceutica","oil_type-industria-petrolifera","oil_type-industria-quimica","process_type-fresagem","process_type-mistura"],"acf":{"add_tab":[{"tab_title":"Descri\u00e7\u00e3o","tab_content":"<p style=\"text-align: justify;\">O moinho coloidal CLM-200.2 \u00e9 projetado para homogeneiza\u00e7\u00e3o e emulsifica\u00e7\u00e3o de produtos l\u00edquidos em ambiente de laborat\u00f3rio, bem como para obten\u00e7\u00e3o de pastas espessas com altas tens\u00f5es de cisalhamento.<\/p>\r\n<p style=\"text-align: justify;\">O moinho pode ser utilizado para prepara\u00e7\u00e3o, dissolu\u00e7\u00e3o e processamento de diversos produtos em v\u00e1rias ind\u00fastrias.<\/p>\r\n\r\n<h2 style=\"text-align: center;\">Princ\u00edpio de opera\u00e7\u00e3o<\/h2>\r\n<p style=\"text-align: justify;\">O princ\u00edpio de opera\u00e7\u00e3o do moinho coloidal \u00e9 baseado em um sistema rotor\/estator. O rotor e o estator consistem em an\u00e9is conc\u00eantricos de ferramentas (cortadores, facas) com configura\u00e7\u00f5es especiais de ranhuras e (ou) furos que garantem o modo ideal de impacto mec\u00e2nico no produto processado.<\/p>\r\n<p style=\"text-align: justify;\">Na posi\u00e7\u00e3o de trabalho, os an\u00e9is de ferramenta do rotor (ferramenta em movimento) e do estator (ferramenta estacion\u00e1ria) entram em contato coaxialmente e giram de forma livre de contato a uma alta velocidade relativa (15\u202630 m\/s). A rota\u00e7\u00e3o sem contato \u00e9 garantida por folgas tecnol\u00f3gicas axiais e radiais.<\/p>\r\n<p style=\"text-align: justify;\">O produto processado entra na c\u00e2mara de opera\u00e7\u00e3o da carca\u00e7a do moinho atrav\u00e9s do furo axial do estator (entrada do produto), passa pelo sistema rotor\/estator e \u00e9 descarregado na dire\u00e7\u00e3o radial (sa\u00edda do produto).<\/p>\r\n<p style=\"text-align: justify;\">Ao passar pelo sistema rotor\/estator, o produto sofre processos hidrodin\u00e2micos complexos associados a mudan\u00e7as nas tens\u00f5es de cisalhamento, for\u00e7as de cisalhamento e velocidade de fluxo. Rea\u00e7\u00f5es qu\u00edmicas ocorrem mais rapidamente devido ao aumento da superf\u00edcie de contato dos agentes qu\u00edmicos. Como resultado, \u00e9 alcan\u00e7ada uma dispers\u00e3o, emulsifica\u00e7\u00e3o, homogeneiza\u00e7\u00e3o, moagem e pulveriza\u00e7\u00e3o intensas do produto processado.<\/p>"}],"add_def_tab":[{"tab_title":"Especifica\u00e7\u00e3o","tab_content":"<table>\r\n<tbody>\r\n<tr>\r\n<td><b>No. Seq.<\/b><\/td>\r\n<td>\r\n<p style=\"text-align: center;\"><b>Par\u00e2metro<\/b><\/p>\r\n<\/td>\r\n<td>\r\n<p style=\"text-align: center;\"><b>Valor<\/b><\/p>\r\n<\/td>\r\n<\/tr>\r\n<tr>\r\n<td>1<\/td>\r\n<td>\r\n<p style=\"text-align: left;\">Capacidade da unidade, m<sup>3<\/sup>\/h (gpm)<\/p>\r\n<\/td>\r\n<td>\r\n<p style=\"text-align: center;\">0,2 (0,88)*<\/p>\r\n<\/td>\r\n<\/tr>\r\n<tr>\r\n<td>2<\/td>\r\n<td>Viscosidade cinem\u00e1tica do produto, mm 2\/s (St),\r\n<p style=\"text-align: left;\">n\u00e3o mais que<\/p>\r\n<\/td>\r\n<td>\r\n<p style=\"text-align: center;\">150 (1,5)<\/p>\r\n<\/td>\r\n<\/tr>\r\n<tr>\r\n<td>3<\/td>\r\n<td>\r\n<p style=\"text-align: left;\">Temperatura de opera\u00e7\u00e3o, \u00b0C (\u00b0F), n\u00e3o mais que<\/p>\r\n<\/td>\r\n<td>\r\n<p style=\"text-align: center;\">150 (302)<\/p>\r\n<\/td>\r\n<\/tr>\r\n<tr>\r\n<td>4<\/td>\r\n<td>\r\n<p style=\"text-align: left;\">Press\u00e3o m\u00e1xima, bar (psi), n\u00e3o mais que<\/p>\r\n<\/td>\r\n<td>\r\n<p style=\"text-align: center;\">6 (87)<\/p>\r\n<\/td>\r\n<\/tr>\r\n<tr>\r\n<td>5<\/td>\r\n<td>\r\n<p style=\"text-align: left;\">Volume de opera\u00e7\u00e3o do produto, L (gal)<\/p>\r\n<\/td>\r\n<td>\r\n<p style=\"text-align: center;\">5\u202610 (1,3\u2026 2,6)<\/p>\r\n<\/td>\r\n<\/tr>\r\n<tr>\r\n<td>6<\/td>\r\n<td>\r\n<p style=\"text-align: left;\">Tipo de veda\u00e7\u00e3o do eixo<\/p>\r\n<\/td>\r\n<td>\r\n<p style=\"text-align: center;\">embalagem<\/p>\r\n<\/td>\r\n<\/tr>\r\n<tr>\r\n<td>7<\/td>\r\n<td>\r\n<p style=\"text-align: left;\">Tipo de ferramenta rotor\/estator<\/p>\r\n<\/td>\r\n<td>\r\n<p style=\"text-align: center;\">c\u00e2mara<\/p>\r\n<\/td>\r\n<\/tr>\r\n<tr>\r\n<td>8<\/td>\r\n<td>\r\n<p style=\"text-align: left;\">Kit de l\u00e2minas substitu\u00edveis<\/p>\r\n<\/td>\r\n<td>\r\n<p style=\"text-align: center;\">opcional<\/p>\r\n<\/td>\r\n<\/tr>\r\n<tr>\r\n<td>9<\/td>\r\n<td>\r\n<p style=\"text-align: left;\">Ajuste axial da l\u00e2mina (pr\u00e9-ajustado), mm (in)<\/p>\r\n<\/td>\r\n<td>\r\n<p style=\"text-align: center;\">0,5\u20261 (2\u00b710<sup>-2<\/sup>\u2026 4\u00b710<sup>-2<\/sup>)<\/p>\r\n<\/td>\r\n<\/tr>\r\n<tr>\r\n<td>10<\/td>\r\n<td>\r\n<p style=\"text-align: left;\">Ajuste radial da l\u00e2mina, mm (in)<\/p>\r\n<\/td>\r\n<td>\r\n<p style=\"text-align: center;\">0,2 (8\u00b710<sup>-3<\/sup>)<\/p>\r\n<\/td>\r\n<\/tr>\r\n<tr>\r\n<td>11<\/td>\r\n<td>\r\n<p style=\"text-align: left;\">Velocidade da ponta da l\u00e2mina, m\/s (mph), n\u00e3o menos que<\/p>\r\n<\/td>\r\n<td>\r\n<p style=\"text-align: center;\">15\u202630 (34\u2026 67)<\/p>\r\n<\/td>\r\n<\/tr>\r\n<tr>\r\n<td>12<\/td>\r\n<td>\r\n<p style=\"text-align: left;\">Velocidade de rota\u00e7\u00e3o do eixo, rpm<\/p>\r\n<\/td>\r\n<td>\r\n<p style=\"text-align: center;\">2.840\u20265.680<\/p>\r\n<\/td>\r\n<\/tr>\r\n<tr>\r\n<td>13<\/td>\r\n<td>\r\n<p style=\"text-align: left;\">Ajuste de frequ\u00eancia, Hz<\/p>\r\n<\/td>\r\n<td>\r\n<p style=\"text-align: center;\">50\u2026100<\/p>\r\n<\/td>\r\n<\/tr>\r\n<tr>\r\n<td>14<\/td>\r\n<td>\r\n<p style=\"text-align: left;\">Tempo de opera\u00e7\u00e3o (por configura\u00e7\u00e3o do temporizador), s<\/p>\r\n<\/td>\r\n<td>\r\n<p style=\"text-align: center;\">0\u202660<\/p>\r\n<\/td>\r\n<\/tr>\r\n<tr>\r\n<td>15<\/td>\r\n<td>\r\n<p style=\"text-align: left;\">Pot\u00eancia do acionamento, kW<\/p>\r\n<\/td>\r\n<td>\r\n<p style=\"text-align: center;\">2,2<\/p>\r\n<\/td>\r\n<\/tr>\r\n<tr>\r\n<td>16<\/td>\r\n<td>\r\n<p style=\"text-align: left;\">Tens\u00e3o de alimenta\u00e7\u00e3o, V<\/p>\r\n<\/td>\r\n<td>\r\n<p style=\"text-align: center;\">sob consulta<\/p>\r\n<\/td>\r\n<\/tr>\r\n<tr>\r\n<td rowspan=\"4\">17<\/td>\r\n<td>\r\n<p style=\"text-align: left;\">Dimens\u00f5es, mm (in), n\u00e3o mais que:<\/p>\r\n<\/td>\r\n<td><\/td>\r\n<\/tr>\r\n<tr>\r\n<td>\r\n<p style=\"text-align: left;\">-largura<\/p>\r\n<\/td>\r\n<td>\r\n<p style=\"text-align: center;\">800 (31)<\/p>\r\n<\/td>\r\n<\/tr>\r\n<tr>\r\n<td>\r\n<p style=\"text-align: left;\">-profundidade<\/p>\r\n<\/td>\r\n<td>\r\n<p style=\"text-align: center;\">750 (30)<\/p>\r\n<\/td>\r\n<\/tr>\r\n<tr>\r\n<td>\r\n<p style=\"text-align: left;\">-altura<\/p>\r\n<\/td>\r\n<td>\r\n<p style=\"text-align: center;\">1450 (57)<\/p>\r\n<\/td>\r\n<\/tr>\r\n<tr>\r\n<td>18<\/td>\r\n<td>\r\n<p style=\"text-align: left;\">Peso, n\u00e3o mais que, kg (lb)<\/p>\r\n<\/td>\r\n<td>\r\n<p style=\"text-align: center;\">90 (198)<\/p>\r\n<\/td>\r\n<\/tr>\r\n<\/tbody>\r\n<\/table>\r\n* \u2013 dependendo do produto (l\u00edquido)."},{"tab_title":"Vantagens","tab_content":"<ul>\r\n \t<li style=\"text-align: justify;\">Tamanhos compactos;<\/li>\r\n \t<li style=\"text-align: justify;\">O moinho processa diversos tipos de produtos;<\/li>\r\n \t<li style=\"text-align: justify;\">Os componentes de design da parte molhada do moinho s\u00e3o feitos de a\u00e7o inoxid\u00e1vel e resistente a produtos qu\u00edmicos;<\/li>\r\n \t<li style=\"text-align: justify;\">O espa\u00e7o axial da l\u00e2mina entre o rotor e o estator \u00e9 de 0,5 mm, mas pode ser ajustado alterando o n\u00famero de cal\u00e7os ajust\u00e1veis;<\/li>\r\n \t<li style=\"text-align: justify;\">A velocidade de rota\u00e7\u00e3o do eixo do motor de acionamento \u00e9 ajustada por meio de um inversor de frequ\u00eancia, e o tempo de opera\u00e7\u00e3o \u00e9 configurado utilizando um temporizador;<\/li>\r\n \t<li style=\"text-align: justify;\">O moinho pode ser operado tanto em ambientes internos quanto em espa\u00e7os externos protegidos.<\/li>\r\n<\/ul>"},{"tab_title":"Webinar","tab_content":"<div class=\"responsive-embed widescreen\">\r\n<div class=\"responsive-embed widescreen\">\r\n<div class=\"responsive-embed widescreen\">\r\n<div class=\"responsive-embed widescreen\"><iframe title=\"Webinar - Moagem Ultrafina na Ind\u00fastria de Alimentos (17.11.2021)\" src=\"https:\/\/www.youtube.com\/embed\/f9boL_C1-Vc?feature=oembed\" width=\"500\" height=\"281\" frameborder=\"0\" allowfullscreen=\"allowfullscreen\"><\/iframe><\/div>\r\n<\/div>\r\n<\/div>\r\n<\/div>"}],"add_video_tab":[{"video_tab_title":"Video","add_video_id":[{"video_id":"r1JwcsHfA6k"},{"video_id":"O-e8bg0a934"},{"video_id":"LpzuqgCLFeE"}]}],"add_gallery_tab":null,"add_price_tab":[{"price_tab_title":"Get a quote"}]},"language":"pt-pt","_links":{"self":[{"href":"https:\/\/globecore.com\/pt-pt\/wp-json\/wp\/v2\/pages\/295312","targetHints":{"allow":["GET"]}}],"collection":[{"href":"https:\/\/globecore.com\/pt-pt\/wp-json\/wp\/v2\/pages"}],"about":[{"href":"https:\/\/globecore.com\/pt-pt\/wp-json\/wp\/v2\/types\/page"}],"author":[{"embeddable":true,"href":"https:\/\/globecore.com\/pt-pt\/wp-json\/wp\/v2\/users\/7"}],"replies":[{"embeddable":true,"href":"https:\/\/globecore.com\/pt-pt\/wp-json\/wp\/v2\/comments?post=295312"}],"version-history":[{"count":2,"href":"https:\/\/globecore.com\/pt-pt\/wp-json\/wp\/v2\/pages\/295312\/revisions"}],"predecessor-version":[{"id":341798,"href":"https:\/\/globecore.com\/pt-pt\/wp-json\/wp\/v2\/pages\/295312\/revisions\/341798"}],"up":[{"embeddable":true,"href":"https:\/\/globecore.com\/pt-pt\/wp-json\/wp\/v2\/pages\/68089"}],"wp:featuredmedia":[{"embeddable":true,"href":"https:\/\/globecore.com\/pt-pt\/wp-json\/wp\/v2\/media\/19111"}],"wp:attachment":[{"href":"https:\/\/globecore.com\/pt-pt\/wp-json\/wp\/v2\/media?parent=295312"}],"wp:term":[{"taxonomy":"category","embeddable":true,"href":"https:\/\/globecore.com\/pt-pt\/wp-json\/wp\/v2\/categories?post=295312"}],"curies":[{"name":"wp","href":"https:\/\/api.w.org\/{rel}","templated":true}]}}